{"id":9997,"date":"2025-07-09T07:44:19","date_gmt":"2025-07-09T07:44:19","guid":{"rendered":"https:\/\/www.adiestradorcanino.com\/webdelperro\/asturias\/gijon\/adiestramiento-canino-perroteca-xixon-en-gijon-asturias\/"},"modified":"2025-07-09T07:44:19","modified_gmt":"2025-07-09T07:44:19","slug":"adiestramiento-canino-perroteca-xixon-en-gijon-asturias","status":"publish","type":"page","link":"https:\/\/www.adiestradorcanino.com\/webdelperro\/asturias\/gijon\/adiestramiento-canino-perroteca-xixon-en-gijon-asturias\/","title":{"rendered":"Adiestramiento canino Perroteca Xix\u00f3n en Gij\u00f3n, Asturias"},"content":{"rendered":"\n<p>En caso de que buscas en la b\u00fasqueda de un lugar confiable para entrenamiento canino en el \u00e1rea de Gij\u00f3n, este centro es una alternativa destacada. Nuestra instalaci\u00f3n se dedica en el entrenamiento de mascotas sin importar la raza o edad, siempre utilizando m\u00e9todos amigables y tambi\u00e9n \u00fatiles.<\/p>\n\n\n\n<h2 class=\"wp-block-heading has-text-align-left nombreclinica\">Perroteca Xix\u00f3n<\/h2>\n\n\n\n<div class=\"wp-block-group is-layout-constrained wp-block-group-is-layout-constrained\">\n<div class=\"wp-block-columns nc-clase-ficha is-layout-flex wp-container-core-columns-is-layout-9d6595d7 wp-block-columns-is-layout-flex\">\n<div class=\"wp-block-column is-vertically-aligned-center is-layout-flow wp-block-column-is-layout-flow\">\n<figure class=\"wp-block-image size-full\"><img decoding=\"async\" src=\"https:\/\/www.adiestradorcanino.com\/webdelperro\/wp-content\/uploads\/2025\/07\/Perroteca-Xixon.jpg\" alt=\"Perroteca Xix\u00f3n\" class=\"wp-image-19766\"\/><\/figure>\n\n\n\n<p>Dentro de nuestros servicios m\u00e1s demandados est\u00e1n la entrenamiento de obediencia, la modificaci\u00f3n de comportamientos no deseados, la interacci\u00f3n con otros animales y las clases espec\u00edficas para cachorros. Asimismo, en nuestro centro se adaptan a las necesidades concretas de cada familia y animal.<\/p>\n<\/div>\n\n\n\n<div class=\"wp-block-column is-vertically-aligned-center is-layout-flow wp-block-column-is-layout-flow\">\n<div class=\"su-service\"><div class=\"su-service-title\" style=\"padding-left:46px;min-height:32px;line-height:32px\"><i class=\"sui sui-user\" style=\"font-size:32px;color:#2471a3\"><\/i> <strong>Nombre<\/strong><\/div><div class=\"su-service-content su-u-clearfix su-u-trim\" style=\"padding-left:46px\">Perroteca Xix\u00f3n<\/div><\/div>\n\n\n\n<div class=\"su-service\"><div class=\"su-service-title\" style=\"padding-left:46px;min-height:32px;line-height:32px\"><i class=\"sui sui-map-marker\" style=\"font-size:32px;color:#2471a3\"><\/i> <strong>Direcci\u00f3n<\/strong><\/div><div class=\"su-service-content su-u-clearfix su-u-trim\" style=\"padding-left:46px\">C. Decano Prendes Pando, 23, Centro, 33208 Gij\u00f3n, Asturias<\/div><\/div>\n\n\n\n<div class=\"su-service\"><div class=\"su-service-title\" style=\"padding-left:46px;min-height:32px;line-height:32px\"><i class=\"sui sui-volume-control-phone\" style=\"font-size:32px;color:#2471a3\"><\/i> <strong>Tel\u00e9fono<\/strong><\/div><div class=\"su-service-content su-u-clearfix su-u-trim\" style=\"padding-left:46px\">624 08 28 81<\/div><\/div>\n\n\n\n<div class=\"su-service\"><div class=\"su-service-title\" style=\"padding-left:46px;min-height:32px;line-height:32px\"><i class=\"sui sui-globe\" style=\"font-size:32px;color:#2471a3\"><\/i> <strong>Sitio web<\/strong><\/div><div class=\"su-service-content su-u-clearfix su-u-trim\" style=\"padding-left:46px\"><\/div><\/div>\n\n\n\n<div class=\"su-service\"><div class=\"su-service-title\" style=\"padding-left:46px;min-height:32px;line-height:32px\"><i class=\"sui sui-star\" style=\"font-size:32px;color:#2471a3\"><\/i> Valoraci\u00f3n de los clientes<\/div><div class=\"su-service-content su-u-clearfix su-u-trim\" style=\"padding-left:46px\">4.9 \/ 5 (66)<\/div><\/div>\n<\/div>\n<\/div>\n<\/div>\n\n\n\n<div class=\"wp-block-columns is-layout-flex wp-container-core-columns-is-layout-9d6595d7 wp-block-columns-is-layout-flex\">\n<div class=\"wp-block-column mapa2 is-layout-flow wp-block-column-is-layout-flow\">\n<h2 class=\"wp-block-heading\">Ubicaci\u00f3n de Perroteca Xix\u00f3n<\/h2>\n\n\n\n<div class=\"su-gmap su-u-responsive-media-yes mapa\"><iframe loading=\"lazy\" width=\"600\" height=\"280\" src=\"\/\/maps.google.com\/maps?q=Perroteca%20Xix%C3%B3n%2C%20C.%20Decano%20Prendes%20Pando%2C%2023%2C%20Centro%2C%2033208%20Gij%C3%B3n%2C%20Asturias&amp;output=embed&amp;z=20\" title=\"\"><\/iframe><\/div>\n\n\n\n<h2 class=\"wp-block-heading\">Horarios de Perroteca Xix\u00f3n<\/h2>\n\n\n\n<figure class=\"wp-block-table\"><table><tbody><tr><td><strong>Lunes<\/strong><\/td><td>lunes: 8:00\u201320:00<\/td><\/tr><tr><td><strong>Martes<\/strong><\/td><td>martes: 8:00\u201320:00<\/td><\/tr><tr><td><strong>Mi\u00e9rcoles<\/strong><\/td><td>mi\u00e9rcoles: 8:00\u201320:00<\/td><\/tr><tr><td><strong>Jueves<\/strong><\/td><td>jueves: 8:00\u201320:00<\/td><\/tr><tr><td><strong>Viernes<\/strong><\/td><td>viernes: 8:00\u201320:00<\/td><\/tr><tr><td><strong>S\u00e1bado<\/strong><\/td><td>s\u00e1bado: Cerrado<\/td><\/tr><tr><td><strong>Domingo<\/strong><\/td><td>domingo: Cerrado<\/td><\/tr><\/tbody><\/table><\/figure>\n\n\n\n<h2 class=\"wp-block-heading\">Tel\u00e9fono de Perroteca Xix\u00f3n<\/h2>\n\n\n\n<p>Si quieres comunicarte con <strong>Perroteca Xix\u00f3n<\/strong>, puedes hacerlo directamente llamando al siguiente n\u00famero:<\/p>\n\n\n\n<div class=\"wp-block-buttons is-content-justification-center is-layout-flex wp-container-core-buttons-is-layout-16018d1d wp-block-buttons-is-layout-flex\">\n<div class=\"wp-block-button is-style-fill\"><a class=\"wp-block-button__link has-background has-medium-font-size has-custom-font-size wp-element-button\" href=\"tel:624 08 28 81\" style=\"border-radius:6px;background-color:#2471a3\">Llamar ahora<\/a><\/div>\n<\/div>\n\n\n\n<h2 class=\"wp-block-heading\">M\u00e1s informaci\u00f3n<\/h2>\n\n\n\n<p>En el coraz\u00f3n de Gij\u00f3n, en C. Decano Prendes Pando, 23, se encuentra Perroteca Xix\u00f3n, un centro de adiestramiento canino que ofrece un enfoque integral y personalizado para adiestrar perros. Nuestro equipo de adiestradores de perros en Asturias se especializa en t\u00e9cnicas de obediencia, socializaci\u00f3n y modificaci\u00f3n de conducta, garantizando as\u00ed un aprendizaje efectivo y armonioso para tu mascota. En Perroteca Xix\u00f3n, entendemos que cada perro es \u00fanico, por lo que adaptamos nuestros programas a las necesidades espec\u00edficas de cada can y su propietario, lo que nos diferencia de otros centros de adiestramiento canino en Gij\u00f3n. Nuestro compromiso es no solo educar a tu perro, sino tambi\u00e9n fortalecer el v\u00ednculo entre ambos, asegurando que cada sesi\u00f3n sea una experiencia enriquecedora y divertida. Si buscas un servicio de calidad para adiestrar perros en un ambiente profesional y cercano, Perroteca Xix\u00f3n es tu mejor opci\u00f3n en Asturias.<\/p>\n\n\n\n<p>Ubicado en C. Decano Prendes Pando, 23, Centro, 33208 Gij\u00f3n, Asturias, el centro de adiestramiento canino en Gij\u00f3n se considera reconocido por su atenci\u00f3n personal, seriedad y logros notables. Revisa las opiniones de otros usuarios para descubrir su experiencia.<\/p>\n<\/div>\n<\/div>\n\n\n\n<p><\/p>\n\n\n\n<p>Si necesitas conocer otros (PONER NEGOCIO, ej: asesor\u00eda legal, decoraci\u00f3n de eventos, instalaciones el\u00e9ctricas) puedes <strong><a href=\"\/\">visitar nuestra p\u00e1gina principal<\/a><\/strong>.<\/p>\n","protected":false},"excerpt":{"rendered":"<p>En caso de que buscas en la b\u00fasqueda de un lugar confiable para entrenamiento canino en el \u00e1rea de Gij\u00f3n, este centro es una alternativa destacada. Nuestra instalaci\u00f3n se dedica en el entrenamiento de mascotas sin importar la raza o edad, siempre utilizando m\u00e9todos amigables y tambi\u00e9n \u00fatiles. Perroteca Xix\u00f3n Dentro de nuestros servicios m\u00e1s [&hellip;]<\/p>\n","protected":false},"author":2,"featured_media":0,"parent":7739,"menu_order":0,"comment_status":"closed","ping_status":"closed","template":"","meta":{"_et_pb_use_builder":"","_et_pb_old_content":"","_et_gb_content_width":"","footnotes":""},"tags":[1037],"class_list":["post-9997","page","type-page","status-publish","hentry","tag-gijon"],"_links":{"self":[{"href":"https:\/\/www.adiestradorcanino.com\/webdelperro\/wp-json\/wp\/v2\/pages\/9997","targetHints":{"allow":["GET"]}}],"collection":[{"href":"https:\/\/www.adiestradorcanino.com\/webdelperro\/wp-json\/wp\/v2\/pages"}],"about":[{"href":"https:\/\/www.adiestradorcanino.com\/webdelperro\/wp-json\/wp\/v2\/types\/page"}],"author":[{"embeddable":true,"href":"https:\/\/www.adiestradorcanino.com\/webdelperro\/wp-json\/wp\/v2\/users\/2"}],"replies":[{"embeddable":true,"href":"https:\/\/www.adiestradorcanino.com\/webdelperro\/wp-json\/wp\/v2\/comments?post=9997"}],"version-history":[{"count":0,"href":"https:\/\/www.adiestradorcanino.com\/webdelperro\/wp-json\/wp\/v2\/pages\/9997\/revisions"}],"up":[{"embeddable":true,"href":"https:\/\/www.adiestradorcanino.com\/webdelperro\/wp-json\/wp\/v2\/pages\/7739"}],"wp:attachment":[{"href":"https:\/\/www.adiestradorcanino.com\/webdelperro\/wp-json\/wp\/v2\/media?parent=9997"}],"wp:term":[{"taxonomy":"post_tag","embeddable":true,"href":"https:\/\/www.adiestradorcanino.com\/webdelperro\/wp-json\/wp\/v2\/tags?post=9997"}],"curies":[{"name":"wp","href":"https:\/\/api.w.org\/{rel}","templated":true}]}}