{"id":9995,"date":"2025-07-09T07:44:01","date_gmt":"2025-07-09T07:44:01","guid":{"rendered":"https:\/\/www.adiestradorcanino.com\/webdelperro\/asturias\/luanco\/adiestramiento-canino-educador-canino-lucia-fdez-rosa-luanco-gijon-en-luanco-asturias\/"},"modified":"2025-07-09T07:44:01","modified_gmt":"2025-07-09T07:44:01","slug":"adiestramiento-canino-educador-canino-lucia-fdez-rosa-luanco-gijon-en-luanco-asturias","status":"publish","type":"page","link":"https:\/\/www.adiestradorcanino.com\/webdelperro\/asturias\/luanco\/adiestramiento-canino-educador-canino-lucia-fdez-rosa-luanco-gijon-en-luanco-asturias\/","title":{"rendered":"Adiestramiento canino Educador Canino Luc\u00eda Fdez.rosa Luanco-gijon en Luanco, Asturias"},"content":{"rendered":"\n<p>Si acaso te encuentras en la b\u00fasqueda un lugar confiable para el adiestramiento de perros en el \u00e1rea de Luanco,  Educador Canino Luc\u00eda Fdez.rosa Luanco-gijon es una alternativa destacada. Este lugar se dedica en el entrenamiento de perros de cualquier edad y raza, usando con amigables y eficaces.<\/p>\n\n\n\n<h2 class=\"wp-block-heading has-text-align-left nombreclinica\">Educador Canino Luc\u00eda Fdez.rosa Luanco-gijon<\/h2>\n\n\n\n<div class=\"wp-block-group is-layout-constrained wp-block-group-is-layout-constrained\">\n<div class=\"wp-block-columns nc-clase-ficha is-layout-flex wp-container-core-columns-is-layout-9d6595d7 wp-block-columns-is-layout-flex\">\n<div class=\"wp-block-column is-vertically-aligned-center is-layout-flow wp-block-column-is-layout-flow\">\n<figure class=\"wp-block-image size-full\"><img decoding=\"async\" src=\"https:\/\/www.adiestradorcanino.com\/webdelperro\/wp-content\/uploads\/2025\/07\/Educador-Canino-Lucia-Fdez.rosa-Luanco-gijon.jpg\" alt=\"Educador Canino Luc\u00eda Fdez.rosa Luanco-gijon\" class=\"wp-image-19766\"\/><\/figure>\n\n\n\n<p>Entre nuestros tratamientos m\u00e1s solicitados est\u00e1n los entrenamiento de obediencia, la modificaci\u00f3n de comportamientos no deseados, la socializaci\u00f3n con otros animales y las clases espec\u00edficas para cachorros. Asimismo, en el centro nos adaptamos a las necesidades espec\u00edficas de cada familia y animal.<\/p>\n<\/div>\n\n\n\n<div class=\"wp-block-column is-vertically-aligned-center is-layout-flow wp-block-column-is-layout-flow\">\n<div class=\"su-service\"><div class=\"su-service-title\" style=\"padding-left:46px;min-height:32px;line-height:32px\"><i class=\"sui sui-user\" style=\"font-size:32px;color:#2471a3\"><\/i> <strong>Nombre<\/strong><\/div><div class=\"su-service-content su-u-clearfix su-u-trim\" style=\"padding-left:46px\">Educador Canino Luc\u00eda Fdez.rosa Luanco-gijon<\/div><\/div>\n\n\n\n<div class=\"su-service\"><div class=\"su-service-title\" style=\"padding-left:46px;min-height:32px;line-height:32px\"><i class=\"sui sui-map-marker\" style=\"font-size:32px;color:#2471a3\"><\/i> <strong>Direcci\u00f3n<\/strong><\/div><div class=\"su-service-content su-u-clearfix su-u-trim\" style=\"padding-left:46px\">Av. del Gayo, 33440 Luanco, Asturias<\/div><\/div>\n\n\n\n<div class=\"su-service\"><div class=\"su-service-title\" style=\"padding-left:46px;min-height:32px;line-height:32px\"><i class=\"sui sui-volume-control-phone\" style=\"font-size:32px;color:#2471a3\"><\/i> <strong>Tel\u00e9fono<\/strong><\/div><div class=\"su-service-content su-u-clearfix su-u-trim\" style=\"padding-left:46px\">696 33 22 73<\/div><\/div>\n\n\n\n<div class=\"su-service\"><div class=\"su-service-title\" style=\"padding-left:46px;min-height:32px;line-height:32px\"><i class=\"sui sui-globe\" style=\"font-size:32px;color:#2471a3\"><\/i> <strong>Sitio web<\/strong><\/div><div class=\"su-service-content su-u-clearfix su-u-trim\" style=\"padding-left:46px\"><\/div><\/div>\n\n\n\n<div class=\"su-service\"><div class=\"su-service-title\" style=\"padding-left:46px;min-height:32px;line-height:32px\"><i class=\"sui sui-star\" style=\"font-size:32px;color:#2471a3\"><\/i> Valoraci\u00f3n de los clientes<\/div><div class=\"su-service-content su-u-clearfix su-u-trim\" style=\"padding-left:46px\"> \/ 5 (0)<\/div><\/div>\n<\/div>\n<\/div>\n<\/div>\n\n\n\n<div class=\"wp-block-columns is-layout-flex wp-container-core-columns-is-layout-9d6595d7 wp-block-columns-is-layout-flex\">\n<div class=\"wp-block-column mapa2 is-layout-flow wp-block-column-is-layout-flow\">\n<h2 class=\"wp-block-heading\">Ubicaci\u00f3n de Educador Canino Luc\u00eda Fdez.rosa Luanco-gijon<\/h2>\n\n\n\n<div class=\"su-gmap su-u-responsive-media-yes mapa\"><iframe loading=\"lazy\" width=\"600\" height=\"280\" src=\"\/\/maps.google.com\/maps?q=Educador%20Canino%20Luc%C3%ADa%20Fdez.rosa%20Luanco-gijon%2C%20Av.%20del%20Gayo%2C%2033440%20Luanco%2C%20Asturias&amp;output=embed&amp;z=20\" title=\"\"><\/iframe><\/div>\n\n\n\n<h2 class=\"wp-block-heading\">Horarios de Educador Canino Luc\u00eda Fdez.rosa Luanco-gijon<\/h2>\n\n\n\n<figure class=\"wp-block-table\"><table><tbody><tr><td><strong>Lunes<\/strong><\/td><td>lunes: 10:00\u201318:00<\/td><\/tr><tr><td><strong>Martes<\/strong><\/td><td>martes: 10:00\u201318:00<\/td><\/tr><tr><td><strong>Mi\u00e9rcoles<\/strong><\/td><td>mi\u00e9rcoles: 10:00\u201318:00<\/td><\/tr><tr><td><strong>Jueves<\/strong><\/td><td>jueves: 10:00\u201318:00<\/td><\/tr><tr><td><strong>Viernes<\/strong><\/td><td>viernes: 10:00\u201318:00<\/td><\/tr><tr><td><strong>S\u00e1bado<\/strong><\/td><td>s\u00e1bado: Cerrado<\/td><\/tr><tr><td><strong>Domingo<\/strong><\/td><td>domingo: Cerrado<\/td><\/tr><\/tbody><\/table><\/figure>\n\n\n\n<h2 class=\"wp-block-heading\">Tel\u00e9fono de Educador Canino Luc\u00eda Fdez.rosa Luanco-gijon<\/h2>\n\n\n\n<p>Si quieres comunicarte con <strong>Educador Canino Luc\u00eda Fdez.rosa Luanco-gijon<\/strong>, puedes hacerlo directamente llamando al siguiente n\u00famero:<\/p>\n\n\n\n<div class=\"wp-block-buttons is-content-justification-center is-layout-flex wp-container-core-buttons-is-layout-16018d1d wp-block-buttons-is-layout-flex\">\n<div class=\"wp-block-button is-style-fill\"><a class=\"wp-block-button__link has-background has-medium-font-size has-custom-font-size wp-element-button\" href=\"tel:696 33 22 73\" style=\"border-radius:6px;background-color:#2471a3\">Llamar ahora<\/a><\/div>\n<\/div>\n\n\n\n<h2 class=\"wp-block-heading\">M\u00e1s informaci\u00f3n<\/h2>\n\n\n\n<p>En el centro de adiestramiento canino Educador Canino Luc\u00eda Fern\u00e1ndez, ubicado en Av. del Gayo, 33440 Luanco, Asturias, ofrecemos un enfoque integral y personalizado para adiestrar perros, que abarca desde la obediencia b\u00e1sica hasta la socializaci\u00f3n y la modificaci\u00f3n de conducta. Nuestros experimentados adiestradores de perros en Asturias utilizan m\u00e9todos positivos y efectivos, adaptando cada sesi\u00f3n a las necesidades individuales de cada mascota y su propietario. Destacamos por nuestro compromiso con la educaci\u00f3n canina responsable y por crear un ambiente cercano y profesional donde tanto perros como due\u00f1os se sientan c\u00f3modos y motivados. Si buscas un servicio de adiestramiento canino en Luanco que garantice resultados duraderos y una relaci\u00f3n armoniosa con tu mascota, nuestro centro es la opci\u00f3n ideal para ti.<\/p>\n\n\n\n<p>Situado en Av. del Gayo, 33440 Luanco, Asturias, este centro de adiestramiento canino en Luanco ha sido destacado por su atenci\u00f3n afectuoso, expertise y resultados evidentes. Mira las opiniones de otros due\u00f1os de mascotas para entender su experiencia.<\/p>\n<\/div>\n<\/div>\n\n\n\n<p><\/p>\n\n\n\n<p>Si necesitas conocer otros (PONER NEGOCIO, ej: asesor\u00eda legal, decoraci\u00f3n de eventos, instalaciones el\u00e9ctricas) puedes <strong><a href=\"\/\">visitar nuestra p\u00e1gina principal<\/a><\/strong>.<\/p>\n","protected":false},"excerpt":{"rendered":"<p>Si acaso te encuentras en la b\u00fasqueda un lugar confiable para el adiestramiento de perros en el \u00e1rea de Luanco, Educador Canino Luc\u00eda Fdez.rosa Luanco-gijon es una alternativa destacada. Este lugar se dedica en el entrenamiento de perros de cualquier edad y raza, usando con amigables y eficaces. Educador Canino Luc\u00eda Fdez.rosa Luanco-gijon Entre nuestros [&hellip;]<\/p>\n","protected":false},"author":2,"featured_media":0,"parent":7799,"menu_order":0,"comment_status":"closed","ping_status":"closed","template":"","meta":{"_et_pb_use_builder":"","_et_pb_old_content":"","_et_gb_content_width":"","footnotes":""},"tags":[1056],"class_list":["post-9995","page","type-page","status-publish","hentry","tag-luanco"],"_links":{"self":[{"href":"https:\/\/www.adiestradorcanino.com\/webdelperro\/wp-json\/wp\/v2\/pages\/9995","targetHints":{"allow":["GET"]}}],"collection":[{"href":"https:\/\/www.adiestradorcanino.com\/webdelperro\/wp-json\/wp\/v2\/pages"}],"about":[{"href":"https:\/\/www.adiestradorcanino.com\/webdelperro\/wp-json\/wp\/v2\/types\/page"}],"author":[{"embeddable":true,"href":"https:\/\/www.adiestradorcanino.com\/webdelperro\/wp-json\/wp\/v2\/users\/2"}],"replies":[{"embeddable":true,"href":"https:\/\/www.adiestradorcanino.com\/webdelperro\/wp-json\/wp\/v2\/comments?post=9995"}],"version-history":[{"count":0,"href":"https:\/\/www.adiestradorcanino.com\/webdelperro\/wp-json\/wp\/v2\/pages\/9995\/revisions"}],"up":[{"embeddable":true,"href":"https:\/\/www.adiestradorcanino.com\/webdelperro\/wp-json\/wp\/v2\/pages\/7799"}],"wp:attachment":[{"href":"https:\/\/www.adiestradorcanino.com\/webdelperro\/wp-json\/wp\/v2\/media?parent=9995"}],"wp:term":[{"taxonomy":"post_tag","embeddable":true,"href":"https:\/\/www.adiestradorcanino.com\/webdelperro\/wp-json\/wp\/v2\/tags?post=9995"}],"curies":[{"name":"wp","href":"https:\/\/api.w.org\/{rel}","templated":true}]}}