{"id":9992,"date":"2025-07-09T07:43:44","date_gmt":"2025-07-09T07:43:44","guid":{"rendered":"https:\/\/www.adiestradorcanino.com\/webdelperro\/asturias\/villa\/adiestramiento-canino-mi-fiel-escudero-en-villa-asturias\/"},"modified":"2025-07-09T07:43:44","modified_gmt":"2025-07-09T07:43:44","slug":"adiestramiento-canino-mi-fiel-escudero-en-villa-asturias","status":"publish","type":"page","link":"https:\/\/www.adiestradorcanino.com\/webdelperro\/asturias\/villa\/adiestramiento-canino-mi-fiel-escudero-en-villa-asturias\/","title":{"rendered":"Adiestramiento canino Mi Fiel Escudero en Villa, Asturias"},"content":{"rendered":"\n<p>Si acaso est\u00e1s en la b\u00fasqueda un lugar confiable para entrenamiento canino dentro de Villa,  Mi Fiel Escudero representa una alternativa destacada. Este centro se especializa en el entrenamiento de canes de todas las edades y razas, siempre con respetuosos adem\u00e1s de efectivos.<\/p>\n\n\n\n<h2 class=\"wp-block-heading has-text-align-left nombreclinica\">Mi Fiel Escudero<\/h2>\n\n\n\n<div class=\"wp-block-group is-layout-constrained wp-block-group-is-layout-constrained\">\n<div class=\"wp-block-columns nc-clase-ficha is-layout-flex wp-container-core-columns-is-layout-9d6595d7 wp-block-columns-is-layout-flex\">\n<div class=\"wp-block-column is-vertically-aligned-center is-layout-flow wp-block-column-is-layout-flow\">\n<figure class=\"wp-block-image size-full\"><img decoding=\"async\" src=\"https:\/\/www.adiestradorcanino.com\/webdelperro\/wp-content\/uploads\/2025\/07\/Mi-Fiel-Escudero.png\" alt=\"Mi Fiel Escudero\" class=\"wp-image-19766\"\/><\/figure>\n\n\n\n<p>Dentro de los tratamientos m\u00e1s demandados est\u00e1n los cursos de obediencia b\u00e1sica, la modificaci\u00f3n de comportamientos no deseados, la interacci\u00f3n con otros animales y las clases dirigidas a cachorros. Adem\u00e1s, en nombre se adaptan a las necesidades concretas de cada hogar y su animal.<\/p>\n<\/div>\n\n\n\n<div class=\"wp-block-column is-vertically-aligned-center is-layout-flow wp-block-column-is-layout-flow\">\n<div class=\"su-service\"><div class=\"su-service-title\" style=\"padding-left:46px;min-height:32px;line-height:32px\"><i class=\"sui sui-user\" style=\"font-size:32px;color:#2471a3\"><\/i> <strong>Nombre<\/strong><\/div><div class=\"su-service-content su-u-clearfix su-u-trim\" style=\"padding-left:46px\">Mi Fiel Escudero<\/div><\/div>\n\n\n\n<div class=\"su-service\"><div class=\"su-service-title\" style=\"padding-left:46px;min-height:32px;line-height:32px\"><i class=\"sui sui-map-marker\" style=\"font-size:32px;color:#2471a3\"><\/i> <strong>Direcci\u00f3n<\/strong><\/div><div class=\"su-service-content su-u-clearfix su-u-trim\" style=\"padding-left:46px\">33412 Villa, Asturias<\/div><\/div>\n\n\n\n<div class=\"su-service\"><div class=\"su-service-title\" style=\"padding-left:46px;min-height:32px;line-height:32px\"><i class=\"sui sui-volume-control-phone\" style=\"font-size:32px;color:#2471a3\"><\/i> <strong>Tel\u00e9fono<\/strong><\/div><div class=\"su-service-content su-u-clearfix su-u-trim\" style=\"padding-left:46px\">649 79 65 64<\/div><\/div>\n\n\n\n<div class=\"su-service\"><div class=\"su-service-title\" style=\"padding-left:46px;min-height:32px;line-height:32px\"><i class=\"sui sui-globe\" style=\"font-size:32px;color:#2471a3\"><\/i> <strong>Sitio web<\/strong><\/div><div class=\"su-service-content su-u-clearfix su-u-trim\" style=\"padding-left:46px\">http:\/\/mifielescudero.com\/<\/div><\/div>\n\n\n\n<div class=\"su-service\"><div class=\"su-service-title\" style=\"padding-left:46px;min-height:32px;line-height:32px\"><i class=\"sui sui-star\" style=\"font-size:32px;color:#2471a3\"><\/i> Valoraci\u00f3n de los clientes<\/div><div class=\"su-service-content su-u-clearfix su-u-trim\" style=\"padding-left:46px\">4.7 \/ 5 (57)<\/div><\/div>\n<\/div>\n<\/div>\n<\/div>\n\n\n\n<div class=\"wp-block-columns is-layout-flex wp-container-core-columns-is-layout-9d6595d7 wp-block-columns-is-layout-flex\">\n<div class=\"wp-block-column mapa2 is-layout-flow wp-block-column-is-layout-flow\">\n<h2 class=\"wp-block-heading\">Ubicaci\u00f3n de Mi Fiel Escudero<\/h2>\n\n\n\n<div class=\"su-gmap su-u-responsive-media-yes mapa\"><iframe loading=\"lazy\" width=\"600\" height=\"280\" src=\"\/\/maps.google.com\/maps?q=Mi%20Fiel%20Escudero%2C%2033412%20Villa%2C%20Asturias&amp;output=embed&amp;z=20\" title=\"\"><\/iframe><\/div>\n\n\n\n<h2 class=\"wp-block-heading\">Horarios de Mi Fiel Escudero<\/h2>\n\n\n\n<figure class=\"wp-block-table\"><table><tbody><tr><td><strong>Lunes<\/strong><\/td><td><\/td><\/tr><tr><td><strong>Martes<\/strong><\/td><td><\/td><\/tr><tr><td><strong>Mi\u00e9rcoles<\/strong><\/td><td><\/td><\/tr><tr><td><strong>Jueves<\/strong><\/td><td><\/td><\/tr><tr><td><strong>Viernes<\/strong><\/td><td><\/td><\/tr><tr><td><strong>S\u00e1bado<\/strong><\/td><td><\/td><\/tr><tr><td><strong>Domingo<\/strong><\/td><td><\/td><\/tr><\/tbody><\/table><\/figure>\n\n\n\n<h2 class=\"wp-block-heading\">Tel\u00e9fono de Mi Fiel Escudero<\/h2>\n\n\n\n<p>Si quieres comunicarte con <strong>Mi Fiel Escudero<\/strong>, puedes hacerlo directamente llamando al siguiente n\u00famero:<\/p>\n\n\n\n<div class=\"wp-block-buttons is-content-justification-center is-layout-flex wp-container-core-buttons-is-layout-16018d1d wp-block-buttons-is-layout-flex\">\n<div class=\"wp-block-button is-style-fill\"><a class=\"wp-block-button__link has-background has-medium-font-size has-custom-font-size wp-element-button\" href=\"tel:649 79 65 64\" style=\"border-radius:6px;background-color:#2471a3\">Llamar ahora<\/a><\/div>\n<\/div>\n\n\n\n<h2 class=\"wp-block-heading\">M\u00e1s informaci\u00f3n<\/h2>\n\n\n\n<p>En el coraz\u00f3n de Villa, Asturias, se encuentra el centro de adiestramiento canino Mi Fiel Escudero, un lugar donde la educaci\u00f3n y el bienestar de tu mascota son la prioridad. Ofrecemos una amplia gama de servicios, incluyendo adiestramiento en obediencia, socializaci\u00f3n y modificaci\u00f3n de conducta, dise\u00f1ados para adaptarse a las necesidades espec\u00edficas de cada perro y su due\u00f1o. Nuestro equipo de adiestradores de perros en Asturias se destaca por su enfoque personalizado y su compromiso con el desarrollo de una relaci\u00f3n armoniosa entre el perro y su familia. En Mi Fiel Escudero entendemos que cada can es \u00fanico, por lo que utilizamos t\u00e9cnicas basadas en el refuerzo positivo, garantizando as\u00ed una experiencia enriquecedora y positiva. Si buscas un servicio de calidad para adiestrar perros en Villa, no dudes en visitarnos y descubrir c\u00f3mo podemos ayudarte a construir un v\u00ednculo s\u00f3lido y duradero con tu fiel compa\u00f1ero.<\/p>\n\n\n\n<p>Localizado en 33412 Villa, Asturias, este centro de adiestramiento canino en Villa se considera destacado por su trato personal, seriedad y resultados notables. Revisa las opiniones de otros due\u00f1os de mascotas para entender su experiencia.<\/p>\n<\/div>\n<\/div>\n\n\n\n<p><\/p>\n\n\n\n<p>Si necesitas conocer otros (PONER NEGOCIO, ej: asesor\u00eda legal, decoraci\u00f3n de eventos, instalaciones el\u00e9ctricas) puedes <strong><a href=\"\/\">visitar nuestra p\u00e1gina principal<\/a><\/strong>.<\/p>\n","protected":false},"excerpt":{"rendered":"<p>Si acaso est\u00e1s en la b\u00fasqueda un lugar confiable para entrenamiento canino dentro de Villa, Mi Fiel Escudero representa una alternativa destacada. Este centro se especializa en el entrenamiento de canes de todas las edades y razas, siempre con respetuosos adem\u00e1s de efectivos. Mi Fiel Escudero Dentro de los tratamientos m\u00e1s demandados est\u00e1n los cursos [&hellip;]<\/p>\n","protected":false},"author":2,"featured_media":0,"parent":7793,"menu_order":0,"comment_status":"closed","ping_status":"closed","template":"","meta":{"_et_pb_use_builder":"","_et_pb_old_content":"","_et_gb_content_width":"","footnotes":""},"tags":[1054],"class_list":["post-9992","page","type-page","status-publish","hentry","tag-villa"],"_links":{"self":[{"href":"https:\/\/www.adiestradorcanino.com\/webdelperro\/wp-json\/wp\/v2\/pages\/9992","targetHints":{"allow":["GET"]}}],"collection":[{"href":"https:\/\/www.adiestradorcanino.com\/webdelperro\/wp-json\/wp\/v2\/pages"}],"about":[{"href":"https:\/\/www.adiestradorcanino.com\/webdelperro\/wp-json\/wp\/v2\/types\/page"}],"author":[{"embeddable":true,"href":"https:\/\/www.adiestradorcanino.com\/webdelperro\/wp-json\/wp\/v2\/users\/2"}],"replies":[{"embeddable":true,"href":"https:\/\/www.adiestradorcanino.com\/webdelperro\/wp-json\/wp\/v2\/comments?post=9992"}],"version-history":[{"count":0,"href":"https:\/\/www.adiestradorcanino.com\/webdelperro\/wp-json\/wp\/v2\/pages\/9992\/revisions"}],"up":[{"embeddable":true,"href":"https:\/\/www.adiestradorcanino.com\/webdelperro\/wp-json\/wp\/v2\/pages\/7793"}],"wp:attachment":[{"href":"https:\/\/www.adiestradorcanino.com\/webdelperro\/wp-json\/wp\/v2\/media?parent=9992"}],"wp:term":[{"taxonomy":"post_tag","embeddable":true,"href":"https:\/\/www.adiestradorcanino.com\/webdelperro\/wp-json\/wp\/v2\/tags?post=9992"}],"curies":[{"name":"wp","href":"https:\/\/api.w.org\/{rel}","templated":true}]}}