{"id":9990,"date":"2025-07-09T07:43:25","date_gmt":"2025-07-09T07:43:25","guid":{"rendered":"https:\/\/www.adiestradorcanino.com\/webdelperro\/asturias\/san-claudio\/adiestramiento-canino-triscan-adiestramiento-en-san-claudio-asturias\/"},"modified":"2025-07-09T07:43:25","modified_gmt":"2025-07-09T07:43:25","slug":"adiestramiento-canino-triscan-adiestramiento-en-san-claudio-asturias","status":"publish","type":"page","link":"https:\/\/www.adiestradorcanino.com\/webdelperro\/asturias\/san-claudio\/adiestramiento-canino-triscan-adiestramiento-en-san-claudio-asturias\/","title":{"rendered":"Adiestramiento canino Triscan Adiestramiento en San Claudio, Asturias"},"content":{"rendered":"\n<p>En caso de que te encuentras buscando un espacio confiable id\u00f3neo para el adiestramiento canino en el \u00e1rea de San Claudio,  Triscan Adiestramiento representa una alternativa destacada. Este lugar trabaja en el entrenamiento de canes de todas las edades y razas, usando con \u00e9ticos y \u00fatiles.<\/p>\n\n\n\n<h2 class=\"wp-block-heading has-text-align-left nombreclinica\">Triscan Adiestramiento<\/h2>\n\n\n\n<div class=\"wp-block-group is-layout-constrained wp-block-group-is-layout-constrained\">\n<div class=\"wp-block-columns nc-clase-ficha is-layout-flex wp-container-core-columns-is-layout-9d6595d7 wp-block-columns-is-layout-flex\">\n<div class=\"wp-block-column is-vertically-aligned-center is-layout-flow wp-block-column-is-layout-flow\">\n<figure class=\"wp-block-image size-full\"><img decoding=\"async\" src=\"https:\/\/www.adiestradorcanino.com\/webdelperro\/wp-content\/uploads\/2025\/07\/Triscan-Adiestramiento.png\" alt=\"Triscan Adiestramiento\" class=\"wp-image-19766\"\/><\/figure>\n\n\n\n<p>Dentro de nuestros servicios m\u00e1s demandados se encuentran la entrenamiento de obediencia, la correcci\u00f3n de conductas no deseadas, la socializaci\u00f3n con otros perros y las clases espec\u00edficas para cachorros. Asimismo, en nombre se adaptan a las necesidades concretas de cada familia y su mascota.<\/p>\n<\/div>\n\n\n\n<div class=\"wp-block-column is-vertically-aligned-center is-layout-flow wp-block-column-is-layout-flow\">\n<div class=\"su-service\"><div class=\"su-service-title\" style=\"padding-left:46px;min-height:32px;line-height:32px\"><i class=\"sui sui-user\" style=\"font-size:32px;color:#2471a3\"><\/i> <strong>Nombre<\/strong><\/div><div class=\"su-service-content su-u-clearfix su-u-trim\" style=\"padding-left:46px\">Triscan Adiestramiento<\/div><\/div>\n\n\n\n<div class=\"su-service\"><div class=\"su-service-title\" style=\"padding-left:46px;min-height:32px;line-height:32px\"><i class=\"sui sui-map-marker\" style=\"font-size:32px;color:#2471a3\"><\/i> <strong>Direcci\u00f3n<\/strong><\/div><div class=\"su-service-content su-u-clearfix su-u-trim\" style=\"padding-left:46px\">San Roque, 6, 33191 San Claudio, Asturias<\/div><\/div>\n\n\n\n<div class=\"su-service\"><div class=\"su-service-title\" style=\"padding-left:46px;min-height:32px;line-height:32px\"><i class=\"sui sui-volume-control-phone\" style=\"font-size:32px;color:#2471a3\"><\/i> <strong>Tel\u00e9fono<\/strong><\/div><div class=\"su-service-content su-u-clearfix su-u-trim\" style=\"padding-left:46px\">984 18 91 69<\/div><\/div>\n\n\n\n<div class=\"su-service\"><div class=\"su-service-title\" style=\"padding-left:46px;min-height:32px;line-height:32px\"><i class=\"sui sui-globe\" style=\"font-size:32px;color:#2471a3\"><\/i> <strong>Sitio web<\/strong><\/div><div class=\"su-service-content su-u-clearfix su-u-trim\" style=\"padding-left:46px\">http:\/\/www.triscanvet.es\/<\/div><\/div>\n\n\n\n<div class=\"su-service\"><div class=\"su-service-title\" style=\"padding-left:46px;min-height:32px;line-height:32px\"><i class=\"sui sui-star\" style=\"font-size:32px;color:#2471a3\"><\/i> Valoraci\u00f3n de los clientes<\/div><div class=\"su-service-content su-u-clearfix su-u-trim\" style=\"padding-left:46px\">4.4 \/ 5 (19)<\/div><\/div>\n<\/div>\n<\/div>\n<\/div>\n\n\n\n<div class=\"wp-block-columns is-layout-flex wp-container-core-columns-is-layout-9d6595d7 wp-block-columns-is-layout-flex\">\n<div class=\"wp-block-column mapa2 is-layout-flow wp-block-column-is-layout-flow\">\n<h2 class=\"wp-block-heading\">Ubicaci\u00f3n de Triscan Adiestramiento<\/h2>\n\n\n\n<div class=\"su-gmap su-u-responsive-media-yes mapa\"><iframe loading=\"lazy\" width=\"600\" height=\"280\" src=\"\/\/maps.google.com\/maps?q=Triscan%20Adiestramiento%2C%20San%20Roque%2C%206%2C%2033191%20San%20Claudio%2C%20Asturias&amp;output=embed&amp;z=20\" title=\"\"><\/iframe><\/div>\n\n\n\n<h2 class=\"wp-block-heading\">Horarios de Triscan Adiestramiento<\/h2>\n\n\n\n<figure class=\"wp-block-table\"><table><tbody><tr><td><strong>Lunes<\/strong><\/td><td>lunes: 10:30\u201313:30, 16:30\u201319:30<\/td><\/tr><tr><td><strong>Martes<\/strong><\/td><td>martes: 10:30\u201313:30, 16:30\u201319:30<\/td><\/tr><tr><td><strong>Mi\u00e9rcoles<\/strong><\/td><td>mi\u00e9rcoles: 10:30\u201313:30, 16:30\u201319:30<\/td><\/tr><tr><td><strong>Jueves<\/strong><\/td><td>jueves: 10:30\u201313:30, 16:30\u201319:30<\/td><\/tr><tr><td><strong>Viernes<\/strong><\/td><td>viernes: 10:30\u201313:30, 16:30\u201319:30<\/td><\/tr><tr><td><strong>S\u00e1bado<\/strong><\/td><td>s\u00e1bado: Cerrado<\/td><\/tr><tr><td><strong>Domingo<\/strong><\/td><td>domingo: Cerrado<\/td><\/tr><\/tbody><\/table><\/figure>\n\n\n\n<h2 class=\"wp-block-heading\">Tel\u00e9fono de Triscan Adiestramiento<\/h2>\n\n\n\n<p>Si quieres comunicarte con <strong>Triscan Adiestramiento<\/strong>, puedes hacerlo directamente llamando al siguiente n\u00famero:<\/p>\n\n\n\n<div class=\"wp-block-buttons is-content-justification-center is-layout-flex wp-container-core-buttons-is-layout-16018d1d wp-block-buttons-is-layout-flex\">\n<div class=\"wp-block-button is-style-fill\"><a class=\"wp-block-button__link has-background has-medium-font-size has-custom-font-size wp-element-button\" href=\"tel:984 18 91 69\" style=\"border-radius:6px;background-color:#2471a3\">Llamar ahora<\/a><\/div>\n<\/div>\n\n\n\n<h2 class=\"wp-block-heading\">M\u00e1s informaci\u00f3n<\/h2>\n\n\n\n<p>En el centro de adiestramiento canino Triscan Adiestramiento, ubicado en San Roque, 6, 33191 San Claudio, Asturias, ofrecemos una amplia gama de servicios dise\u00f1ados para mejorar la relaci\u00f3n entre t\u00fa y tu perro. Nuestro enfoque se centra en la obediencia, la socializaci\u00f3n y la modificaci\u00f3n de conducta, asegurando que cada perro reciba un adiestramiento personalizado y adaptado a sus necesidades. Contamos con un equipo de adiestradores de perros en Asturias altamente capacitados, que utilizan t\u00e9cnicas positivas y positivas para lograr resultados duraderos. Lo que nos diferencia de otros centros de adiestramiento canino en San Claudio es nuestra filosof\u00eda de trabajo basada en el respeto y la comprensi\u00f3n del comportamiento canino, lo que fomenta un ambiente seguro y agradable tanto para los perros como para sus due\u00f1os. Si buscas adiestrar perros de manera positiva y amorosa, en Triscan Adiestramiento encontrar\u00e1s la soluci\u00f3n ideal para formar un v\u00ednculo s\u00f3lido y armonioso con tu mascota.<\/p>\n\n\n\n<p>Situado en San Roque, 6, 33191 San Claudio, Asturias, este centro de adiestramiento canino en San Claudio se considera reconocido por su trato personal, expertise y resultados notables. Revisa las opiniones de otros usuarios para entender su experiencia.<\/p>\n<\/div>\n<\/div>\n\n\n\n<p><\/p>\n\n\n\n<p>Si necesitas conocer otros (PONER NEGOCIO, ej: asesor\u00eda legal, decoraci\u00f3n de eventos, instalaciones el\u00e9ctricas) puedes <strong><a href=\"\/\">visitar nuestra p\u00e1gina principal<\/a><\/strong>.<\/p>\n","protected":false},"excerpt":{"rendered":"<p>En caso de que te encuentras buscando un espacio confiable id\u00f3neo para el adiestramiento canino en el \u00e1rea de San Claudio, Triscan Adiestramiento representa una alternativa destacada. Este lugar trabaja en el entrenamiento de canes de todas las edades y razas, usando con \u00e9ticos y \u00fatiles. Triscan Adiestramiento Dentro de nuestros servicios m\u00e1s demandados se [&hellip;]<\/p>\n","protected":false},"author":2,"featured_media":0,"parent":7790,"menu_order":0,"comment_status":"closed","ping_status":"closed","template":"","meta":{"_et_pb_use_builder":"","_et_pb_old_content":"","_et_gb_content_width":"","footnotes":""},"tags":[1053],"class_list":["post-9990","page","type-page","status-publish","hentry","tag-san-claudio"],"_links":{"self":[{"href":"https:\/\/www.adiestradorcanino.com\/webdelperro\/wp-json\/wp\/v2\/pages\/9990","targetHints":{"allow":["GET"]}}],"collection":[{"href":"https:\/\/www.adiestradorcanino.com\/webdelperro\/wp-json\/wp\/v2\/pages"}],"about":[{"href":"https:\/\/www.adiestradorcanino.com\/webdelperro\/wp-json\/wp\/v2\/types\/page"}],"author":[{"embeddable":true,"href":"https:\/\/www.adiestradorcanino.com\/webdelperro\/wp-json\/wp\/v2\/users\/2"}],"replies":[{"embeddable":true,"href":"https:\/\/www.adiestradorcanino.com\/webdelperro\/wp-json\/wp\/v2\/comments?post=9990"}],"version-history":[{"count":0,"href":"https:\/\/www.adiestradorcanino.com\/webdelperro\/wp-json\/wp\/v2\/pages\/9990\/revisions"}],"up":[{"embeddable":true,"href":"https:\/\/www.adiestradorcanino.com\/webdelperro\/wp-json\/wp\/v2\/pages\/7790"}],"wp:attachment":[{"href":"https:\/\/www.adiestradorcanino.com\/webdelperro\/wp-json\/wp\/v2\/media?parent=9990"}],"wp:term":[{"taxonomy":"post_tag","embeddable":true,"href":"https:\/\/www.adiestradorcanino.com\/webdelperro\/wp-json\/wp\/v2\/tags?post=9990"}],"curies":[{"name":"wp","href":"https:\/\/api.w.org\/{rel}","templated":true}]}}