{"id":9988,"date":"2025-07-09T07:43:14","date_gmt":"2025-07-09T07:43:14","guid":{"rendered":"https:\/\/www.adiestradorcanino.com\/webdelperro\/asturias\/lugo-de-llanera\/adiestramiento-canino-asturcanino-en-lugo-de-llanera-asturias\/"},"modified":"2025-07-09T07:43:14","modified_gmt":"2025-07-09T07:43:14","slug":"adiestramiento-canino-asturcanino-en-lugo-de-llanera-asturias","status":"publish","type":"page","link":"https:\/\/www.adiestradorcanino.com\/webdelperro\/asturias\/lugo-de-llanera\/adiestramiento-canino-asturcanino-en-lugo-de-llanera-asturias\/","title":{"rendered":"Adiestramiento canino Asturcanino en Lugo De Llanera, Asturias"},"content":{"rendered":"\n<p>En caso de que buscas en la b\u00fasqueda de un lugar confiable id\u00f3neo para el adiestramiento canino en el \u00e1rea de Lugo De Llanera, nuestra instituci\u00f3n es una opci\u00f3n destacada. Este centro se especializa con canes sin importar la raza o edad, usando t\u00e9cnicas \u00e9ticos y tambi\u00e9n \u00fatiles.<\/p>\n\n\n\n<h2 class=\"wp-block-heading has-text-align-left nombreclinica\">Asturcanino<\/h2>\n\n\n\n<div class=\"wp-block-group is-layout-constrained wp-block-group-is-layout-constrained\">\n<div class=\"wp-block-columns nc-clase-ficha is-layout-flex wp-container-core-columns-is-layout-9d6595d7 wp-block-columns-is-layout-flex\">\n<div class=\"wp-block-column is-vertically-aligned-center is-layout-flow wp-block-column-is-layout-flow\">\n<figure class=\"wp-block-image size-full\"><img decoding=\"async\" src=\"https:\/\/www.adiestradorcanino.com\/webdelperro\/wp-content\/uploads\/2025\/07\/Asturcanino.png\" alt=\"Asturcanino\" class=\"wp-image-19766\"\/><\/figure>\n\n\n\n<p>Entre los servicios m\u00e1s solicitados est\u00e1n los cursos de obediencia b\u00e1sica, la modificaci\u00f3n de comportamientos no deseados, la socializaci\u00f3n con otros animales y las sesiones especiales para cachorros. Asimismo, en nuestro centro se adaptan a las necesidades concretas de cada familia y animal.<\/p>\n<\/div>\n\n\n\n<div class=\"wp-block-column is-vertically-aligned-center is-layout-flow wp-block-column-is-layout-flow\">\n<div class=\"su-service\"><div class=\"su-service-title\" style=\"padding-left:46px;min-height:32px;line-height:32px\"><i class=\"sui sui-user\" style=\"font-size:32px;color:#2471a3\"><\/i> <strong>Nombre<\/strong><\/div><div class=\"su-service-content su-u-clearfix su-u-trim\" style=\"padding-left:46px\">Asturcanino<\/div><\/div>\n\n\n\n<div class=\"su-service\"><div class=\"su-service-title\" style=\"padding-left:46px;min-height:32px;line-height:32px\"><i class=\"sui sui-map-marker\" style=\"font-size:32px;color:#2471a3\"><\/i> <strong>Direcci\u00f3n<\/strong><\/div><div class=\"su-service-content su-u-clearfix su-u-trim\" style=\"padding-left:46px\">Calle Severo Ochoa, 10, 33690 Lugo de Llanera, Asturias<\/div><\/div>\n\n\n\n<div class=\"su-service\"><div class=\"su-service-title\" style=\"padding-left:46px;min-height:32px;line-height:32px\"><i class=\"sui sui-volume-control-phone\" style=\"font-size:32px;color:#2471a3\"><\/i> <strong>Tel\u00e9fono<\/strong><\/div><div class=\"su-service-content su-u-clearfix su-u-trim\" style=\"padding-left:46px\"><\/div><\/div>\n\n\n\n<div class=\"su-service\"><div class=\"su-service-title\" style=\"padding-left:46px;min-height:32px;line-height:32px\"><i class=\"sui sui-globe\" style=\"font-size:32px;color:#2471a3\"><\/i> <strong>Sitio web<\/strong><\/div><div class=\"su-service-content su-u-clearfix su-u-trim\" style=\"padding-left:46px\">https:\/\/www.asturcanino.com\/<\/div><\/div>\n\n\n\n<div class=\"su-service\"><div class=\"su-service-title\" style=\"padding-left:46px;min-height:32px;line-height:32px\"><i class=\"sui sui-star\" style=\"font-size:32px;color:#2471a3\"><\/i> Valoraci\u00f3n de los clientes<\/div><div class=\"su-service-content su-u-clearfix su-u-trim\" style=\"padding-left:46px\">5 \/ 5 (4)<\/div><\/div>\n<\/div>\n<\/div>\n<\/div>\n\n\n\n<div class=\"wp-block-columns is-layout-flex wp-container-core-columns-is-layout-9d6595d7 wp-block-columns-is-layout-flex\">\n<div class=\"wp-block-column mapa2 is-layout-flow wp-block-column-is-layout-flow\">\n<h2 class=\"wp-block-heading\">Ubicaci\u00f3n de Asturcanino<\/h2>\n\n\n\n<div class=\"su-gmap su-u-responsive-media-yes mapa\"><iframe loading=\"lazy\" width=\"600\" height=\"280\" src=\"\/\/maps.google.com\/maps?q=Asturcanino%2C%20Calle%20Severo%20Ochoa%2C%2010%2C%2033690%20Lugo%20de%20Llanera%2C%20Asturias&amp;output=embed&amp;z=20\" title=\"\"><\/iframe><\/div>\n\n\n\n<h2 class=\"wp-block-heading\">Horarios de Asturcanino<\/h2>\n\n\n\n<figure class=\"wp-block-table\"><table><tbody><tr><td><strong>Lunes<\/strong><\/td><td>lunes: 10:00\u201319:00<\/td><\/tr><tr><td><strong>Martes<\/strong><\/td><td>martes: 10:00\u201319:00<\/td><\/tr><tr><td><strong>Mi\u00e9rcoles<\/strong><\/td><td>mi\u00e9rcoles: 10:00\u201319:00<\/td><\/tr><tr><td><strong>Jueves<\/strong><\/td><td>jueves: 10:00\u201319:00<\/td><\/tr><tr><td><strong>Viernes<\/strong><\/td><td>viernes: 10:00\u201319:00<\/td><\/tr><tr><td><strong>S\u00e1bado<\/strong><\/td><td>s\u00e1bado: 10:00\u201314:00<\/td><\/tr><tr><td><strong>Domingo<\/strong><\/td><td>domingo: Cerrado<\/td><\/tr><\/tbody><\/table><\/figure>\n\n\n\n<h2 class=\"wp-block-heading\">Tel\u00e9fono de Asturcanino<\/h2>\n\n\n\n<p>Si quieres comunicarte con <strong>Asturcanino<\/strong>, puedes hacerlo directamente llamando al siguiente n\u00famero:<\/p>\n\n\n\n<div class=\"wp-block-buttons is-content-justification-center is-layout-flex wp-container-core-buttons-is-layout-16018d1d wp-block-buttons-is-layout-flex\">\n<div class=\"wp-block-button is-style-fill\"><a class=\"wp-block-button__link has-background has-medium-font-size has-custom-font-size wp-element-button\" href=\"tel:\" style=\"border-radius:6px;background-color:#2471a3\">Llamar ahora<\/a><\/div>\n<\/div>\n\n\n\n<h2 class=\"wp-block-heading\">M\u00e1s informaci\u00f3n<\/h2>\n\n\n\n<p>Asturcanino, situado en Calle Severo Ochoa, 10, 33690 Lugo de Llanera, Asturias, es el centro de adiestramiento canino ideal para quienes buscan educar a sus perros con un enfoque profesional y personalizado. Nuestro equipo de adiestradores de perros en Asturias se especializa en t\u00e9cnicas de obediencia, socializaci\u00f3n y modificaci\u00f3n de conducta, garantizando un aprendizaje efectivo y adaptado a las necesidades de cada mascota. En Asturcanino, creemos que cada perro es \u00fanico, por lo que ofrecemos programas de adiestramiento canino en Lugo De Llanera que destacan por su cercan\u00eda y compromiso con el bienestar animal. Nuestro valor diferencial radica en la atenci\u00f3n individualizada y el uso de m\u00e9todos positivos, creando un ambiente de confianza que favorece el v\u00ednculo entre el perro y su due\u00f1o. Si buscas adiestrar perros de manera positiva y cari\u00f1osa, Asturcanino es tu mejor opci\u00f3n en Asturias.<\/p>\n\n\n\n<p>Situado en Calle Severo Ochoa, 10, 33690 Lugo de Llanera, Asturias, este centro de adiestramiento canino en Lugo De Llanera es famoso por su atenci\u00f3n personal, seriedad y logros notables. Revisa las valoraciones de otros due\u00f1os de mascotas para conocer su opini\u00f3n.<\/p>\n<\/div>\n<\/div>\n\n\n\n<p><\/p>\n\n\n\n<p>Si necesitas conocer otros (PONER NEGOCIO, ej: asesor\u00eda legal, decoraci\u00f3n de eventos, instalaciones el\u00e9ctricas) puedes <strong><a href=\"\/\">visitar nuestra p\u00e1gina principal<\/a><\/strong>.<\/p>\n","protected":false},"excerpt":{"rendered":"<p>En caso de que buscas en la b\u00fasqueda de un lugar confiable id\u00f3neo para el adiestramiento canino en el \u00e1rea de Lugo De Llanera, nuestra instituci\u00f3n es una opci\u00f3n destacada. Este centro se especializa con canes sin importar la raza o edad, usando t\u00e9cnicas \u00e9ticos y tambi\u00e9n \u00fatiles. Asturcanino Entre los servicios m\u00e1s solicitados est\u00e1n [&hellip;]<\/p>\n","protected":false},"author":2,"featured_media":0,"parent":7784,"menu_order":0,"comment_status":"closed","ping_status":"closed","template":"","meta":{"_et_pb_use_builder":"","_et_pb_old_content":"","_et_gb_content_width":"","footnotes":""},"tags":[1051],"class_list":["post-9988","page","type-page","status-publish","hentry","tag-lugo-de-llanera"],"_links":{"self":[{"href":"https:\/\/www.adiestradorcanino.com\/webdelperro\/wp-json\/wp\/v2\/pages\/9988","targetHints":{"allow":["GET"]}}],"collection":[{"href":"https:\/\/www.adiestradorcanino.com\/webdelperro\/wp-json\/wp\/v2\/pages"}],"about":[{"href":"https:\/\/www.adiestradorcanino.com\/webdelperro\/wp-json\/wp\/v2\/types\/page"}],"author":[{"embeddable":true,"href":"https:\/\/www.adiestradorcanino.com\/webdelperro\/wp-json\/wp\/v2\/users\/2"}],"replies":[{"embeddable":true,"href":"https:\/\/www.adiestradorcanino.com\/webdelperro\/wp-json\/wp\/v2\/comments?post=9988"}],"version-history":[{"count":0,"href":"https:\/\/www.adiestradorcanino.com\/webdelperro\/wp-json\/wp\/v2\/pages\/9988\/revisions"}],"up":[{"embeddable":true,"href":"https:\/\/www.adiestradorcanino.com\/webdelperro\/wp-json\/wp\/v2\/pages\/7784"}],"wp:attachment":[{"href":"https:\/\/www.adiestradorcanino.com\/webdelperro\/wp-json\/wp\/v2\/media?parent=9988"}],"wp:term":[{"taxonomy":"post_tag","embeddable":true,"href":"https:\/\/www.adiestradorcanino.com\/webdelperro\/wp-json\/wp\/v2\/tags?post=9988"}],"curies":[{"name":"wp","href":"https:\/\/api.w.org\/{rel}","templated":true}]}}