{"id":9986,"date":"2025-07-09T07:43:03","date_gmt":"2025-07-09T07:43:03","guid":{"rendered":"https:\/\/www.adiestradorcanino.com\/webdelperro\/asturias\/la-pedrera\/adiestramiento-canino-centro-canino-lujan-en-la-pedrera-asturias\/"},"modified":"2025-07-09T07:43:03","modified_gmt":"2025-07-09T07:43:03","slug":"adiestramiento-canino-centro-canino-lujan-en-la-pedrera-asturias","status":"publish","type":"page","link":"https:\/\/www.adiestradorcanino.com\/webdelperro\/asturias\/la-pedrera\/adiestramiento-canino-centro-canino-lujan-en-la-pedrera-asturias\/","title":{"rendered":"Adiestramiento canino Centro Canino Luj\u00e1n en La Pedrera, Asturias"},"content":{"rendered":"\n<p>Si buscas en la b\u00fasqueda un sitio seguro id\u00f3neo para adiestramiento de perros en el \u00e1rea de La Pedrera,  Centro Canino Luj\u00e1n es una opci\u00f3n destacada. Este centro trabaja en el manejo de mascotas sin importar la raza o edad, usando t\u00e9cnicas respetuosos adem\u00e1s de eficaces.<\/p>\n\n\n\n<h2 class=\"wp-block-heading has-text-align-left nombreclinica\">Centro Canino Luj\u00e1n<\/h2>\n\n\n\n<div class=\"wp-block-group is-layout-constrained wp-block-group-is-layout-constrained\">\n<div class=\"wp-block-columns nc-clase-ficha is-layout-flex wp-container-core-columns-is-layout-9d6595d7 wp-block-columns-is-layout-flex\">\n<div class=\"wp-block-column is-vertically-aligned-center is-layout-flow wp-block-column-is-layout-flow\">\n<figure class=\"wp-block-image size-full\"><img decoding=\"async\" src=\"https:\/\/www.adiestradorcanino.com\/webdelperro\/wp-content\/uploads\/2025\/07\/Centro-Canino-Lujan.jpg\" alt=\"Centro Canino Luj\u00e1n\" class=\"wp-image-19766\"\/><\/figure>\n\n\n\n<p>Dentro de los servicios m\u00e1s demandados se encuentran la obediencia b\u00e1sica, la correcci\u00f3n de conductas no deseadas, la socializaci\u00f3n con otros animales y las sesiones especiales para cachorros. Asimismo, en el centro se adaptan a las necesidades espec\u00edficas de cada hogar y su animal.<\/p>\n<\/div>\n\n\n\n<div class=\"wp-block-column is-vertically-aligned-center is-layout-flow wp-block-column-is-layout-flow\">\n<div class=\"su-service\"><div class=\"su-service-title\" style=\"padding-left:46px;min-height:32px;line-height:32px\"><i class=\"sui sui-user\" style=\"font-size:32px;color:#2471a3\"><\/i> <strong>Nombre<\/strong><\/div><div class=\"su-service-content su-u-clearfix su-u-trim\" style=\"padding-left:46px\">Centro Canino Luj\u00e1n<\/div><\/div>\n\n\n\n<div class=\"su-service\"><div class=\"su-service-title\" style=\"padding-left:46px;min-height:32px;line-height:32px\"><i class=\"sui sui-map-marker\" style=\"font-size:32px;color:#2471a3\"><\/i> <strong>Direcci\u00f3n<\/strong><\/div><div class=\"su-service-content su-u-clearfix su-u-trim\" style=\"padding-left:46px\">Fonteciera Asturias ES, Cam. del Recebonio, 370, Periurbano &#8211; Rural, 33390 La Pedrera, Asturias<\/div><\/div>\n\n\n\n<div class=\"su-service\"><div class=\"su-service-title\" style=\"padding-left:46px;min-height:32px;line-height:32px\"><i class=\"sui sui-volume-control-phone\" style=\"font-size:32px;color:#2471a3\"><\/i> <strong>Tel\u00e9fono<\/strong><\/div><div class=\"su-service-content su-u-clearfix su-u-trim\" style=\"padding-left:46px\">636 78 36 83<\/div><\/div>\n\n\n\n<div class=\"su-service\"><div class=\"su-service-title\" style=\"padding-left:46px;min-height:32px;line-height:32px\"><i class=\"sui sui-globe\" style=\"font-size:32px;color:#2471a3\"><\/i> <strong>Sitio web<\/strong><\/div><div class=\"su-service-content su-u-clearfix su-u-trim\" style=\"padding-left:46px\">http:\/\/www.centrocaninolujan.es\/<\/div><\/div>\n\n\n\n<div class=\"su-service\"><div class=\"su-service-title\" style=\"padding-left:46px;min-height:32px;line-height:32px\"><i class=\"sui sui-star\" style=\"font-size:32px;color:#2471a3\"><\/i> Valoraci\u00f3n de los clientes<\/div><div class=\"su-service-content su-u-clearfix su-u-trim\" style=\"padding-left:46px\">4.4 \/ 5 (39)<\/div><\/div>\n<\/div>\n<\/div>\n<\/div>\n\n\n\n<div class=\"wp-block-columns is-layout-flex wp-container-core-columns-is-layout-9d6595d7 wp-block-columns-is-layout-flex\">\n<div class=\"wp-block-column mapa2 is-layout-flow wp-block-column-is-layout-flow\">\n<h2 class=\"wp-block-heading\">Ubicaci\u00f3n de Centro Canino Luj\u00e1n<\/h2>\n\n\n\n<div class=\"su-gmap su-u-responsive-media-yes mapa\"><iframe loading=\"lazy\" width=\"600\" height=\"280\" src=\"\/\/maps.google.com\/maps?q=Centro%20Canino%20Luj%C3%A1n%2C%20Fonteciera%20Asturias%20ES%2C%20Cam.%20del%20Recebonio%2C%20370%2C%20Periurbano%20-%20Rural%2C%2033390%20La%20Pedrera%2C%20Asturias&amp;output=embed&amp;z=20\" title=\"\"><\/iframe><\/div>\n\n\n\n<h2 class=\"wp-block-heading\">Horarios de Centro Canino Luj\u00e1n<\/h2>\n\n\n\n<figure class=\"wp-block-table\"><table><tbody><tr><td><strong>Lunes<\/strong><\/td><td>lunes: Abierto 24 horas<\/td><\/tr><tr><td><strong>Martes<\/strong><\/td><td>martes: Abierto 24 horas<\/td><\/tr><tr><td><strong>Mi\u00e9rcoles<\/strong><\/td><td>mi\u00e9rcoles: Abierto 24 horas<\/td><\/tr><tr><td><strong>Jueves<\/strong><\/td><td>jueves: Abierto 24 horas<\/td><\/tr><tr><td><strong>Viernes<\/strong><\/td><td>viernes: Abierto 24 horas<\/td><\/tr><tr><td><strong>S\u00e1bado<\/strong><\/td><td>s\u00e1bado: Abierto 24 horas<\/td><\/tr><tr><td><strong>Domingo<\/strong><\/td><td>domingo: Abierto 24 horas<\/td><\/tr><\/tbody><\/table><\/figure>\n\n\n\n<h2 class=\"wp-block-heading\">Tel\u00e9fono de Centro Canino Luj\u00e1n<\/h2>\n\n\n\n<p>Si quieres comunicarte con <strong>Centro Canino Luj\u00e1n<\/strong>, puedes hacerlo directamente llamando al siguiente n\u00famero:<\/p>\n\n\n\n<div class=\"wp-block-buttons is-content-justification-center is-layout-flex wp-container-core-buttons-is-layout-16018d1d wp-block-buttons-is-layout-flex\">\n<div class=\"wp-block-button is-style-fill\"><a class=\"wp-block-button__link has-background has-medium-font-size has-custom-font-size wp-element-button\" href=\"tel:636 78 36 83\" style=\"border-radius:6px;background-color:#2471a3\">Llamar ahora<\/a><\/div>\n<\/div>\n\n\n\n<h2 class=\"wp-block-heading\">M\u00e1s informaci\u00f3n<\/h2>\n\n\n\n<p>En el Centro Canino Luj\u00e1n, ubicado en La Pedrera, Asturias, ofrecemos un servicio integral de adiestramiento canino que se adapta a las necesidades de cada perro y su due\u00f1o. Nuestro equipo de adiestradores de perros en Asturias se especializa en t\u00e9cnicas de obediencia, socializaci\u00f3n y modificaci\u00f3n de conducta, garantizando un enfoque personalizado y efectivo. Creemos en la importancia de crear un v\u00ednculo s\u00f3lido entre el perro y su propietario, lo que nos convierte en la opci\u00f3n preferida para quienes buscan adiestramiento canino en La Pedrera. A trav\u00e9s de m\u00e9todos basados en el respeto y la motivaci\u00f3n, aseguramos resultados duraderos que transforman la convivencia y mejoran la calidad de vida de tu mascota. Si deseas adiestrar perros con un equipo profesional y cercano, el Centro Canino Luj\u00e1n es tu mejor elecci\u00f3n en Asturias.<\/p>\n\n\n\n<p>Situado en Fonteciera Asturias ES, Cam. del Recebonio, 370, Periurbano &#8211; Rural, 33390 La Pedrera, Asturias, este centro de adiestramiento canino en La Pedrera ha sido famoso por su atenci\u00f3n afectuoso, profesionalidad y resultados evidentes. Mira las rese\u00f1as de otros due\u00f1os de mascotas para conocer su experiencia.<\/p>\n<\/div>\n<\/div>\n\n\n\n<p><\/p>\n\n\n\n<p>Si necesitas conocer otros (PONER NEGOCIO, ej: asesor\u00eda legal, decoraci\u00f3n de eventos, instalaciones el\u00e9ctricas) puedes <strong><a href=\"\/\">visitar nuestra p\u00e1gina principal<\/a><\/strong>.<\/p>\n","protected":false},"excerpt":{"rendered":"<p>Si buscas en la b\u00fasqueda un sitio seguro id\u00f3neo para adiestramiento de perros en el \u00e1rea de La Pedrera, Centro Canino Luj\u00e1n es una opci\u00f3n destacada. Este centro trabaja en el manejo de mascotas sin importar la raza o edad, usando t\u00e9cnicas respetuosos adem\u00e1s de eficaces. Centro Canino Luj\u00e1n Dentro de los servicios m\u00e1s demandados [&hellip;]<\/p>\n","protected":false},"author":2,"featured_media":0,"parent":7781,"menu_order":0,"comment_status":"closed","ping_status":"closed","template":"","meta":{"_et_pb_use_builder":"","_et_pb_old_content":"","_et_gb_content_width":"","footnotes":""},"tags":[1050],"class_list":["post-9986","page","type-page","status-publish","hentry","tag-la-pedrera"],"_links":{"self":[{"href":"https:\/\/www.adiestradorcanino.com\/webdelperro\/wp-json\/wp\/v2\/pages\/9986","targetHints":{"allow":["GET"]}}],"collection":[{"href":"https:\/\/www.adiestradorcanino.com\/webdelperro\/wp-json\/wp\/v2\/pages"}],"about":[{"href":"https:\/\/www.adiestradorcanino.com\/webdelperro\/wp-json\/wp\/v2\/types\/page"}],"author":[{"embeddable":true,"href":"https:\/\/www.adiestradorcanino.com\/webdelperro\/wp-json\/wp\/v2\/users\/2"}],"replies":[{"embeddable":true,"href":"https:\/\/www.adiestradorcanino.com\/webdelperro\/wp-json\/wp\/v2\/comments?post=9986"}],"version-history":[{"count":0,"href":"https:\/\/www.adiestradorcanino.com\/webdelperro\/wp-json\/wp\/v2\/pages\/9986\/revisions"}],"up":[{"embeddable":true,"href":"https:\/\/www.adiestradorcanino.com\/webdelperro\/wp-json\/wp\/v2\/pages\/7781"}],"wp:attachment":[{"href":"https:\/\/www.adiestradorcanino.com\/webdelperro\/wp-json\/wp\/v2\/media?parent=9986"}],"wp:term":[{"taxonomy":"post_tag","embeddable":true,"href":"https:\/\/www.adiestradorcanino.com\/webdelperro\/wp-json\/wp\/v2\/tags?post=9986"}],"curies":[{"name":"wp","href":"https:\/\/api.w.org\/{rel}","templated":true}]}}