{"id":9982,"date":"2025-07-09T07:42:40","date_gmt":"2025-07-09T07:42:40","guid":{"rendered":"https:\/\/www.adiestradorcanino.com\/webdelperro\/asturias\/valdesoto\/adiestramiento-canino-aderastur-en-valdesoto-asturias\/"},"modified":"2025-07-09T07:42:40","modified_gmt":"2025-07-09T07:42:40","slug":"adiestramiento-canino-aderastur-en-valdesoto-asturias","status":"publish","type":"page","link":"https:\/\/www.adiestradorcanino.com\/webdelperro\/asturias\/valdesoto\/adiestramiento-canino-aderastur-en-valdesoto-asturias\/","title":{"rendered":"Adiestramiento canino Aderastur en Valdesoto, Asturias"},"content":{"rendered":"\n<p>En caso de que te encuentras buscando un espacio confiable id\u00f3neo para adiestramiento de perros en Valdesoto,  Aderastur se presenta como una alternativa destacada. Nuestra instalaci\u00f3n se dedica en el entrenamiento de mascotas sin importar la raza o edad, siempre utilizando t\u00e9cnicas amigables y tambi\u00e9n eficaces.<\/p>\n\n\n\n<h2 class=\"wp-block-heading has-text-align-left nombreclinica\">Aderastur<\/h2>\n\n\n\n<div class=\"wp-block-group is-layout-constrained wp-block-group-is-layout-constrained\">\n<div class=\"wp-block-columns nc-clase-ficha is-layout-flex wp-container-core-columns-is-layout-9d6595d7 wp-block-columns-is-layout-flex\">\n<div class=\"wp-block-column is-vertically-aligned-center is-layout-flow wp-block-column-is-layout-flow\">\n<figure class=\"wp-block-image size-full\"><img decoding=\"async\" src=\"https:\/\/www.adiestradorcanino.com\/webdelperro\/wp-content\/uploads\/2025\/07\/Aderastur.jpg\" alt=\"Aderastur\" class=\"wp-image-19766\"\/><\/figure>\n\n\n\n<p>Dentro de nuestros tratamientos m\u00e1s demandados est\u00e1n la obediencia b\u00e1sica, la correcci\u00f3n de conductas inapropiadas, la socializaci\u00f3n con otros animales y las clases dirigidas a cachorros. Adem\u00e1s, en nuestro centro nos adaptamos a las particularidades de cada familia y su mascota.<\/p>\n<\/div>\n\n\n\n<div class=\"wp-block-column is-vertically-aligned-center is-layout-flow wp-block-column-is-layout-flow\">\n<div class=\"su-service\"><div class=\"su-service-title\" style=\"padding-left:46px;min-height:32px;line-height:32px\"><i class=\"sui sui-user\" style=\"font-size:32px;color:#2471a3\"><\/i> <strong>Nombre<\/strong><\/div><div class=\"su-service-content su-u-clearfix su-u-trim\" style=\"padding-left:46px\">Aderastur<\/div><\/div>\n\n\n\n<div class=\"su-service\"><div class=\"su-service-title\" style=\"padding-left:46px;min-height:32px;line-height:32px\"><i class=\"sui sui-map-marker\" style=\"font-size:32px;color:#2471a3\"><\/i> <strong>Direcci\u00f3n<\/strong><\/div><div class=\"su-service-content su-u-clearfix su-u-trim\" style=\"padding-left:46px\">Balb\u00eds, 7, 33938 Valdesoto, Asturias<\/div><\/div>\n\n\n\n<div class=\"su-service\"><div class=\"su-service-title\" style=\"padding-left:46px;min-height:32px;line-height:32px\"><i class=\"sui sui-volume-control-phone\" style=\"font-size:32px;color:#2471a3\"><\/i> <strong>Tel\u00e9fono<\/strong><\/div><div class=\"su-service-content su-u-clearfix su-u-trim\" style=\"padding-left:46px\">699 04 86 78<\/div><\/div>\n\n\n\n<div class=\"su-service\"><div class=\"su-service-title\" style=\"padding-left:46px;min-height:32px;line-height:32px\"><i class=\"sui sui-globe\" style=\"font-size:32px;color:#2471a3\"><\/i> <strong>Sitio web<\/strong><\/div><div class=\"su-service-content su-u-clearfix su-u-trim\" style=\"padding-left:46px\">http:\/\/www.aderastur.es\/<\/div><\/div>\n\n\n\n<div class=\"su-service\"><div class=\"su-service-title\" style=\"padding-left:46px;min-height:32px;line-height:32px\"><i class=\"sui sui-star\" style=\"font-size:32px;color:#2471a3\"><\/i> Valoraci\u00f3n de los clientes<\/div><div class=\"su-service-content su-u-clearfix su-u-trim\" style=\"padding-left:46px\">4.7 \/ 5 (32)<\/div><\/div>\n<\/div>\n<\/div>\n<\/div>\n\n\n\n<div class=\"wp-block-columns is-layout-flex wp-container-core-columns-is-layout-9d6595d7 wp-block-columns-is-layout-flex\">\n<div class=\"wp-block-column mapa2 is-layout-flow wp-block-column-is-layout-flow\">\n<h2 class=\"wp-block-heading\">Ubicaci\u00f3n de Aderastur<\/h2>\n\n\n\n<div class=\"su-gmap su-u-responsive-media-yes mapa\"><iframe loading=\"lazy\" width=\"600\" height=\"280\" src=\"\/\/maps.google.com\/maps?q=Aderastur%2C%20Balb%C3%ADs%2C%207%2C%2033938%20Valdesoto%2C%20Asturias&amp;output=embed&amp;z=20\" title=\"\"><\/iframe><\/div>\n\n\n\n<h2 class=\"wp-block-heading\">Horarios de Aderastur<\/h2>\n\n\n\n<figure class=\"wp-block-table\"><table><tbody><tr><td><strong>Lunes<\/strong><\/td><td>lunes: 10:30\u201320:30<\/td><\/tr><tr><td><strong>Martes<\/strong><\/td><td>martes: 10:30\u201320:30<\/td><\/tr><tr><td><strong>Mi\u00e9rcoles<\/strong><\/td><td>mi\u00e9rcoles: 10:30\u201320:30<\/td><\/tr><tr><td><strong>Jueves<\/strong><\/td><td>jueves: 10:30\u201320:30<\/td><\/tr><tr><td><strong>Viernes<\/strong><\/td><td>viernes: 10:30\u201320:30<\/td><\/tr><tr><td><strong>S\u00e1bado<\/strong><\/td><td>s\u00e1bado: Cerrado<\/td><\/tr><tr><td><strong>Domingo<\/strong><\/td><td>domingo: Cerrado<\/td><\/tr><\/tbody><\/table><\/figure>\n\n\n\n<h2 class=\"wp-block-heading\">Tel\u00e9fono de Aderastur<\/h2>\n\n\n\n<p>Si quieres comunicarte con <strong>Aderastur<\/strong>, puedes hacerlo directamente llamando al siguiente n\u00famero:<\/p>\n\n\n\n<div class=\"wp-block-buttons is-content-justification-center is-layout-flex wp-container-core-buttons-is-layout-16018d1d wp-block-buttons-is-layout-flex\">\n<div class=\"wp-block-button is-style-fill\"><a class=\"wp-block-button__link has-background has-medium-font-size has-custom-font-size wp-element-button\" href=\"tel:699 04 86 78\" style=\"border-radius:6px;background-color:#2471a3\">Llamar ahora<\/a><\/div>\n<\/div>\n\n\n\n<h2 class=\"wp-block-heading\">M\u00e1s informaci\u00f3n<\/h2>\n\n\n\n<p>El centro de adiestramiento canino Aderastur, ubicado en Balb\u00eds, 7, 33938 Valdesoto, Asturias, se destaca como la opci\u00f3n ideal para quienes buscan adiestrar perros de manera positiva y profesional. Ofrecemos una amplia gama de servicios que incluyen adiestramiento en obediencia, socializaci\u00f3n, y modificaci\u00f3n de conducta, todo dise\u00f1ado para afrontar las necesidades espec\u00edficas de cada perro y su due\u00f1o. Nuestro enfoque personalizado y la experiencia de nuestros adiestradores de perros en Asturias garantizan un aprendizaje divertido y enriquecedor, fortaleciendo el v\u00ednculo entre el animal y su familia. En Aderastur, entendemos que cada perro es \u00fanico, por lo que adaptamos nuestras t\u00e9cnicas y m\u00e9todos a su temperamento y comportamiento, lo que nos diferencia de otros centros de adiestramiento canino en Valdesoto. Si buscas un servicio de calidad y un entorno positivo para educar a tu mascota, Aderastur es tu mejor opci\u00f3n.<\/p>\n\n\n\n<p>Ubicado en Balb\u00eds, 7, 33938 Valdesoto, Asturias, este centro de adiestramiento canino en Valdesoto ha sido reconocido por su atenci\u00f3n personal, seriedad y logros notables. Mira las rese\u00f1as de otros due\u00f1os de mascotas para entender su experiencia.<\/p>\n<\/div>\n<\/div>\n\n\n\n<p><\/p>\n\n\n\n<p>Si necesitas conocer otros (PONER NEGOCIO, ej: asesor\u00eda legal, decoraci\u00f3n de eventos, instalaciones el\u00e9ctricas) puedes <strong><a href=\"\/\">visitar nuestra p\u00e1gina principal<\/a><\/strong>.<\/p>\n","protected":false},"excerpt":{"rendered":"<p>En caso de que te encuentras buscando un espacio confiable id\u00f3neo para adiestramiento de perros en Valdesoto, Aderastur se presenta como una alternativa destacada. Nuestra instalaci\u00f3n se dedica en el entrenamiento de mascotas sin importar la raza o edad, siempre utilizando t\u00e9cnicas amigables y tambi\u00e9n eficaces. Aderastur Dentro de nuestros tratamientos m\u00e1s demandados est\u00e1n la [&hellip;]<\/p>\n","protected":false},"author":2,"featured_media":0,"parent":7772,"menu_order":0,"comment_status":"closed","ping_status":"closed","template":"","meta":{"_et_pb_use_builder":"","_et_pb_old_content":"","_et_gb_content_width":"","footnotes":""},"tags":[1047],"class_list":["post-9982","page","type-page","status-publish","hentry","tag-valdesoto"],"_links":{"self":[{"href":"https:\/\/www.adiestradorcanino.com\/webdelperro\/wp-json\/wp\/v2\/pages\/9982","targetHints":{"allow":["GET"]}}],"collection":[{"href":"https:\/\/www.adiestradorcanino.com\/webdelperro\/wp-json\/wp\/v2\/pages"}],"about":[{"href":"https:\/\/www.adiestradorcanino.com\/webdelperro\/wp-json\/wp\/v2\/types\/page"}],"author":[{"embeddable":true,"href":"https:\/\/www.adiestradorcanino.com\/webdelperro\/wp-json\/wp\/v2\/users\/2"}],"replies":[{"embeddable":true,"href":"https:\/\/www.adiestradorcanino.com\/webdelperro\/wp-json\/wp\/v2\/comments?post=9982"}],"version-history":[{"count":0,"href":"https:\/\/www.adiestradorcanino.com\/webdelperro\/wp-json\/wp\/v2\/pages\/9982\/revisions"}],"up":[{"embeddable":true,"href":"https:\/\/www.adiestradorcanino.com\/webdelperro\/wp-json\/wp\/v2\/pages\/7772"}],"wp:attachment":[{"href":"https:\/\/www.adiestradorcanino.com\/webdelperro\/wp-json\/wp\/v2\/media?parent=9982"}],"wp:term":[{"taxonomy":"post_tag","embeddable":true,"href":"https:\/\/www.adiestradorcanino.com\/webdelperro\/wp-json\/wp\/v2\/tags?post=9982"}],"curies":[{"name":"wp","href":"https:\/\/api.w.org\/{rel}","templated":true}]}}