{"id":9977,"date":"2025-07-09T07:42:07","date_gmt":"2025-07-09T07:42:07","guid":{"rendered":"https:\/\/www.adiestradorcanino.com\/webdelperro\/asturias\/hueges\/adiestramiento-canino-leticia-sanchez-moral-preparadogs-educadores-caninos-en-hueges-asturias\/"},"modified":"2025-07-09T07:42:07","modified_gmt":"2025-07-09T07:42:07","slug":"adiestramiento-canino-leticia-sanchez-moral-preparadogs-educadores-caninos-en-hueges-asturias","status":"publish","type":"page","link":"https:\/\/www.adiestradorcanino.com\/webdelperro\/asturias\/hueges\/adiestramiento-canino-leticia-sanchez-moral-preparadogs-educadores-caninos-en-hueges-asturias\/","title":{"rendered":"Adiestramiento canino Leticia S\u00e1nchez Moral Preparadogs Educadores Caninos en Hueges, Asturias"},"content":{"rendered":"\n<p>Si acaso te encuentras en la b\u00fasqueda un lugar seguro para el entrenamiento canino dentro de Hueges,  Leticia S\u00e1nchez Moral Preparadogs Educadores Caninos representa una alternativa destacada. Este lugar trabaja en el entrenamiento de canes de cualquier edad y raza, siempre utilizando t\u00e9cnicas \u00e9ticos adem\u00e1s de \u00fatiles.<\/p>\n\n\n\n<h2 class=\"wp-block-heading has-text-align-left nombreclinica\">Leticia S\u00e1nchez Moral Preparadogs Educadores Caninos<\/h2>\n\n\n\n<div class=\"wp-block-group is-layout-constrained wp-block-group-is-layout-constrained\">\n<div class=\"wp-block-columns nc-clase-ficha is-layout-flex wp-container-core-columns-is-layout-9d6595d7 wp-block-columns-is-layout-flex\">\n<div class=\"wp-block-column is-vertically-aligned-center is-layout-flow wp-block-column-is-layout-flow\">\n<figure class=\"wp-block-image size-full\"><img decoding=\"async\" src=\"https:\/\/www.adiestradorcanino.com\/webdelperro\/wp-content\/uploads\/2025\/07\/Leticia-Sanchez-Moral-Preparadogs-Educadores-Caninos.png\" alt=\"Leticia S\u00e1nchez Moral Preparadogs Educadores Caninos\" class=\"wp-image-19766\"\/><\/figure>\n\n\n\n<p>Entre nuestros servicios m\u00e1s demandados se encuentran la entrenamiento de obediencia, la correcci\u00f3n de conductas inapropiadas, la socializaci\u00f3n con otros animales y las sesiones especiales para cachorros. Adem\u00e1s, en nombre se adaptan a las necesidades espec\u00edficas de cada familia y su mascota.<\/p>\n<\/div>\n\n\n\n<div class=\"wp-block-column is-vertically-aligned-center is-layout-flow wp-block-column-is-layout-flow\">\n<div class=\"su-service\"><div class=\"su-service-title\" style=\"padding-left:46px;min-height:32px;line-height:32px\"><i class=\"sui sui-user\" style=\"font-size:32px;color:#2471a3\"><\/i> <strong>Nombre<\/strong><\/div><div class=\"su-service-content su-u-clearfix su-u-trim\" style=\"padding-left:46px\">Leticia S\u00e1nchez Moral Preparadogs Educadores Caninos<\/div><\/div>\n\n\n\n<div class=\"su-service\"><div class=\"su-service-title\" style=\"padding-left:46px;min-height:32px;line-height:32px\"><i class=\"sui sui-map-marker\" style=\"font-size:32px;color:#2471a3\"><\/i> <strong>Direcci\u00f3n<\/strong><\/div><div class=\"su-service-content su-u-clearfix su-u-trim\" style=\"padding-left:46px\">Lugar Hueges, 25, 33548 Hueges, Asturias<\/div><\/div>\n\n\n\n<div class=\"su-service\"><div class=\"su-service-title\" style=\"padding-left:46px;min-height:32px;line-height:32px\"><i class=\"sui sui-volume-control-phone\" style=\"font-size:32px;color:#2471a3\"><\/i> <strong>Tel\u00e9fono<\/strong><\/div><div class=\"su-service-content su-u-clearfix su-u-trim\" style=\"padding-left:46px\">622 91 42 82<\/div><\/div>\n\n\n\n<div class=\"su-service\"><div class=\"su-service-title\" style=\"padding-left:46px;min-height:32px;line-height:32px\"><i class=\"sui sui-globe\" style=\"font-size:32px;color:#2471a3\"><\/i> <strong>Sitio web<\/strong><\/div><div class=\"su-service-content su-u-clearfix su-u-trim\" style=\"padding-left:46px\">http:\/\/www.preparadogs.com\/<\/div><\/div>\n\n\n\n<div class=\"su-service\"><div class=\"su-service-title\" style=\"padding-left:46px;min-height:32px;line-height:32px\"><i class=\"sui sui-star\" style=\"font-size:32px;color:#2471a3\"><\/i> Valoraci\u00f3n de los clientes<\/div><div class=\"su-service-content su-u-clearfix su-u-trim\" style=\"padding-left:46px\">4.8 \/ 5 (20)<\/div><\/div>\n<\/div>\n<\/div>\n<\/div>\n\n\n\n<div class=\"wp-block-columns is-layout-flex wp-container-core-columns-is-layout-9d6595d7 wp-block-columns-is-layout-flex\">\n<div class=\"wp-block-column mapa2 is-layout-flow wp-block-column-is-layout-flow\">\n<h2 class=\"wp-block-heading\">Ubicaci\u00f3n de Leticia S\u00e1nchez Moral Preparadogs Educadores Caninos<\/h2>\n\n\n\n<div class=\"su-gmap su-u-responsive-media-yes mapa\"><iframe loading=\"lazy\" width=\"600\" height=\"280\" src=\"\/\/maps.google.com\/maps?q=Leticia%20S%C3%A1nchez%20Moral%20Preparadogs%20Educadores%20Caninos%2C%20Lugar%20Hueges%2C%2025%2C%2033548%20Hueges%2C%20Asturias&amp;output=embed&amp;z=20\" title=\"\"><\/iframe><\/div>\n\n\n\n<h2 class=\"wp-block-heading\">Horarios de Leticia S\u00e1nchez Moral Preparadogs Educadores Caninos<\/h2>\n\n\n\n<figure class=\"wp-block-table\"><table><tbody><tr><td><strong>Lunes<\/strong><\/td><td>lunes: 8:00\u201321:00<\/td><\/tr><tr><td><strong>Martes<\/strong><\/td><td>martes: 8:00\u201321:00<\/td><\/tr><tr><td><strong>Mi\u00e9rcoles<\/strong><\/td><td>mi\u00e9rcoles: 8:00\u201321:00<\/td><\/tr><tr><td><strong>Jueves<\/strong><\/td><td>jueves: 8:00\u201321:00<\/td><\/tr><tr><td><strong>Viernes<\/strong><\/td><td>viernes: 8:00\u201321:00<\/td><\/tr><tr><td><strong>S\u00e1bado<\/strong><\/td><td>s\u00e1bado: 8:00\u201321:00<\/td><\/tr><tr><td><strong>Domingo<\/strong><\/td><td>domingo: 10:00\u201317:15<\/td><\/tr><\/tbody><\/table><\/figure>\n\n\n\n<h2 class=\"wp-block-heading\">Tel\u00e9fono de Leticia S\u00e1nchez Moral Preparadogs Educadores Caninos<\/h2>\n\n\n\n<p>Si quieres comunicarte con <strong>Leticia S\u00e1nchez Moral Preparadogs Educadores Caninos<\/strong>, puedes hacerlo directamente llamando al siguiente n\u00famero:<\/p>\n\n\n\n<div class=\"wp-block-buttons is-content-justification-center is-layout-flex wp-container-core-buttons-is-layout-16018d1d wp-block-buttons-is-layout-flex\">\n<div class=\"wp-block-button is-style-fill\"><a class=\"wp-block-button__link has-background has-medium-font-size has-custom-font-size wp-element-button\" href=\"tel:622 91 42 82\" style=\"border-radius:6px;background-color:#2471a3\">Llamar ahora<\/a><\/div>\n<\/div>\n\n\n\n<h2 class=\"wp-block-heading\">M\u00e1s informaci\u00f3n<\/h2>\n\n\n\n<p>En el coraz\u00f3n de Hueges, Asturias, se encuentra el centro de adiestramiento canino Leticia S\u00e1nchez Moral Preparadogs Educadores Caninos, un referente en la educaci\u00f3n de perros que ofrece un enfoque integral y personalizado. Nuestro equipo de adiestradores de perros en Asturias se especializa en la obediencia, socializaci\u00f3n y modificaci\u00f3n de conducta, adaptando cada programa a las necesidades espec\u00edficas de cada mascota y su propietario. En Preparadogs, entendemos que cada perro es \u00fanico, por lo que utilizamos t\u00e9cnicas basadas en el refuerzo positivo para garantizar un aprendizaje efectivo y armonioso. Nuestro valor diferencial radica en la atenci\u00f3n personalizada y el compromiso con el bienestar animal, lo que nos convierte en la opci\u00f3n ideal para quienes buscan un servicio de calidad en adiestramiento canino en Hueges. Si deseas adiestrar perros de manera positiva y con amor, no dudes en visitarnos en Lugar Hueges, 25, 33548 Hueges, donde transformaremos la relaci\u00f3n con tu mejor amigo.<\/p>\n\n\n\n<p>Ubicado en Lugar Hueges, 25, 33548 Hueges, Asturias, este centro de adiestramiento canino en Hueges es destacado por su atenci\u00f3n cercano, profesionalidad y logros visibles. Consulta las rese\u00f1as de otros usuarios para entender su opini\u00f3n.<\/p>\n<\/div>\n<\/div>\n\n\n\n<p><\/p>\n\n\n\n<p>Si necesitas conocer otros (PONER NEGOCIO, ej: asesor\u00eda legal, decoraci\u00f3n de eventos, instalaciones el\u00e9ctricas) puedes <strong><a href=\"\/\">visitar nuestra p\u00e1gina principal<\/a><\/strong>.<\/p>\n","protected":false},"excerpt":{"rendered":"<p>Si acaso te encuentras en la b\u00fasqueda un lugar seguro para el entrenamiento canino dentro de Hueges, Leticia S\u00e1nchez Moral Preparadogs Educadores Caninos representa una alternativa destacada. Este lugar trabaja en el entrenamiento de canes de cualquier edad y raza, siempre utilizando t\u00e9cnicas \u00e9ticos adem\u00e1s de \u00fatiles. Leticia S\u00e1nchez Moral Preparadogs Educadores Caninos Entre nuestros [&hellip;]<\/p>\n","protected":false},"author":2,"featured_media":0,"parent":7760,"menu_order":0,"comment_status":"closed","ping_status":"closed","template":"","meta":{"_et_pb_use_builder":"","_et_pb_old_content":"","_et_gb_content_width":"","footnotes":""},"tags":[1043],"class_list":["post-9977","page","type-page","status-publish","hentry","tag-hueges"],"_links":{"self":[{"href":"https:\/\/www.adiestradorcanino.com\/webdelperro\/wp-json\/wp\/v2\/pages\/9977","targetHints":{"allow":["GET"]}}],"collection":[{"href":"https:\/\/www.adiestradorcanino.com\/webdelperro\/wp-json\/wp\/v2\/pages"}],"about":[{"href":"https:\/\/www.adiestradorcanino.com\/webdelperro\/wp-json\/wp\/v2\/types\/page"}],"author":[{"embeddable":true,"href":"https:\/\/www.adiestradorcanino.com\/webdelperro\/wp-json\/wp\/v2\/users\/2"}],"replies":[{"embeddable":true,"href":"https:\/\/www.adiestradorcanino.com\/webdelperro\/wp-json\/wp\/v2\/comments?post=9977"}],"version-history":[{"count":0,"href":"https:\/\/www.adiestradorcanino.com\/webdelperro\/wp-json\/wp\/v2\/pages\/9977\/revisions"}],"up":[{"embeddable":true,"href":"https:\/\/www.adiestradorcanino.com\/webdelperro\/wp-json\/wp\/v2\/pages\/7760"}],"wp:attachment":[{"href":"https:\/\/www.adiestradorcanino.com\/webdelperro\/wp-json\/wp\/v2\/media?parent=9977"}],"wp:term":[{"taxonomy":"post_tag","embeddable":true,"href":"https:\/\/www.adiestradorcanino.com\/webdelperro\/wp-json\/wp\/v2\/tags?post=9977"}],"curies":[{"name":"wp","href":"https:\/\/api.w.org\/{rel}","templated":true}]}}