{"id":9968,"date":"2025-07-09T07:40:47","date_gmt":"2025-07-09T07:40:47","guid":{"rendered":"https:\/\/www.adiestradorcanino.com\/webdelperro\/asturias\/el-atrollo\/adiestramiento-canino-el-clan-del-lobo-educacion-y-peluqueria-canina-en-el-atrollo-asturias\/"},"modified":"2025-07-09T07:40:47","modified_gmt":"2025-07-09T07:40:47","slug":"adiestramiento-canino-el-clan-del-lobo-educacion-y-peluqueria-canina-en-el-atrollo-asturias","status":"publish","type":"page","link":"https:\/\/www.adiestradorcanino.com\/webdelperro\/asturias\/el-atrollo\/adiestramiento-canino-el-clan-del-lobo-educacion-y-peluqueria-canina-en-el-atrollo-asturias\/","title":{"rendered":"Adiestramiento canino El Clan Del Lobo &#8211; Educaci\u00f3n Y Peluquer\u00eda Canina en El Atrollo, Asturias"},"content":{"rendered":"\n<p>En caso de que buscas en la b\u00fasqueda de un espacio seguro id\u00f3neo para adiestramiento de perros en El Atrollo,  El Clan Del Lobo &#8211; Educaci\u00f3n Y Peluquer\u00eda Canina es una excelente opci\u00f3n. Este centro se dedica en el entrenamiento de canes de cualquier edad y raza, usando m\u00e9todos respetuosos adem\u00e1s de \u00fatiles.<\/p>\n\n\n\n<h2 class=\"wp-block-heading has-text-align-left nombreclinica\">El Clan Del Lobo &#8211; Educaci\u00f3n Y Peluquer\u00eda Canina<\/h2>\n\n\n\n<div class=\"wp-block-group is-layout-constrained wp-block-group-is-layout-constrained\">\n<div class=\"wp-block-columns nc-clase-ficha is-layout-flex wp-container-core-columns-is-layout-9d6595d7 wp-block-columns-is-layout-flex\">\n<div class=\"wp-block-column is-vertically-aligned-center is-layout-flow wp-block-column-is-layout-flow\">\n<figure class=\"wp-block-image size-full\"><img decoding=\"async\" src=\"https:\/\/www.adiestradorcanino.com\/webdelperro\/wp-content\/uploads\/2025\/07\/El-Clan-Del-Lobo-Educacion-Y-Peluqueria-Canina.png\" alt=\"El Clan Del Lobo - Educaci\u00f3n Y Peluquer\u00eda Canina\" class=\"wp-image-19766\"\/><\/figure>\n\n\n\n<p>Dentro de los tratamientos m\u00e1s solicitados se encuentran la cursos de obediencia b\u00e1sica, la correcci\u00f3n de conductas inapropiadas, la socializaci\u00f3n con otros perros y las clases espec\u00edficas para cachorros. Asimismo, en el centro nos adaptamos a las necesidades espec\u00edficas de cada familia y animal.<\/p>\n<\/div>\n\n\n\n<div class=\"wp-block-column is-vertically-aligned-center is-layout-flow wp-block-column-is-layout-flow\">\n<div class=\"su-service\"><div class=\"su-service-title\" style=\"padding-left:46px;min-height:32px;line-height:32px\"><i class=\"sui sui-user\" style=\"font-size:32px;color:#2471a3\"><\/i> <strong>Nombre<\/strong><\/div><div class=\"su-service-content su-u-clearfix su-u-trim\" style=\"padding-left:46px\">El Clan Del Lobo &#8211; Educaci\u00f3n Y Peluquer\u00eda Canina<\/div><\/div>\n\n\n\n<div class=\"su-service\"><div class=\"su-service-title\" style=\"padding-left:46px;min-height:32px;line-height:32px\"><i class=\"sui sui-map-marker\" style=\"font-size:32px;color:#2471a3\"><\/i> <strong>Direcci\u00f3n<\/strong><\/div><div class=\"su-service-content su-u-clearfix su-u-trim\" style=\"padding-left:46px\">Aldea Pereda, 12, 33170 El Atrollo, Asturias<\/div><\/div>\n\n\n\n<div class=\"su-service\"><div class=\"su-service-title\" style=\"padding-left:46px;min-height:32px;line-height:32px\"><i class=\"sui sui-volume-control-phone\" style=\"font-size:32px;color:#2471a3\"><\/i> <strong>Tel\u00e9fono<\/strong><\/div><div class=\"su-service-content su-u-clearfix su-u-trim\" style=\"padding-left:46px\">675 94 96 83<\/div><\/div>\n\n\n\n<div class=\"su-service\"><div class=\"su-service-title\" style=\"padding-left:46px;min-height:32px;line-height:32px\"><i class=\"sui sui-globe\" style=\"font-size:32px;color:#2471a3\"><\/i> <strong>Sitio web<\/strong><\/div><div class=\"su-service-content su-u-clearfix su-u-trim\" style=\"padding-left:46px\">http:\/\/www.elclandellobo.com\/<\/div><\/div>\n\n\n\n<div class=\"su-service\"><div class=\"su-service-title\" style=\"padding-left:46px;min-height:32px;line-height:32px\"><i class=\"sui sui-star\" style=\"font-size:32px;color:#2471a3\"><\/i> Valoraci\u00f3n de los clientes<\/div><div class=\"su-service-content su-u-clearfix su-u-trim\" style=\"padding-left:46px\">4.9 \/ 5 (147)<\/div><\/div>\n<\/div>\n<\/div>\n<\/div>\n\n\n\n<div class=\"wp-block-columns is-layout-flex wp-container-core-columns-is-layout-9d6595d7 wp-block-columns-is-layout-flex\">\n<div class=\"wp-block-column mapa2 is-layout-flow wp-block-column-is-layout-flow\">\n<h2 class=\"wp-block-heading\">Ubicaci\u00f3n de El Clan Del Lobo &#8211; Educaci\u00f3n Y Peluquer\u00eda Canina<\/h2>\n\n\n\n<div class=\"su-gmap su-u-responsive-media-yes mapa\"><iframe loading=\"lazy\" width=\"600\" height=\"280\" src=\"\/\/maps.google.com\/maps?q=El%20Clan%20Del%20Lobo%20-%20Educaci%C3%B3n%20Y%20Peluquer%C3%ADa%20Canina%2C%20Aldea%20Pereda%2C%2012%2C%2033170%20El%20Atrollo%2C%20Asturias&amp;output=embed&amp;z=20\" title=\"\"><\/iframe><\/div>\n\n\n\n<h2 class=\"wp-block-heading\">Horarios de El Clan Del Lobo &#8211; Educaci\u00f3n Y Peluquer\u00eda Canina<\/h2>\n\n\n\n<figure class=\"wp-block-table\"><table><tbody><tr><td><strong>Lunes<\/strong><\/td><td><\/td><\/tr><tr><td><strong>Martes<\/strong><\/td><td><\/td><\/tr><tr><td><strong>Mi\u00e9rcoles<\/strong><\/td><td><\/td><\/tr><tr><td><strong>Jueves<\/strong><\/td><td><\/td><\/tr><tr><td><strong>Viernes<\/strong><\/td><td><\/td><\/tr><tr><td><strong>S\u00e1bado<\/strong><\/td><td><\/td><\/tr><tr><td><strong>Domingo<\/strong><\/td><td><\/td><\/tr><\/tbody><\/table><\/figure>\n\n\n\n<h2 class=\"wp-block-heading\">Tel\u00e9fono de El Clan Del Lobo &#8211; Educaci\u00f3n Y Peluquer\u00eda Canina<\/h2>\n\n\n\n<p>Si quieres comunicarte con <strong>El Clan Del Lobo &#8211; Educaci\u00f3n Y Peluquer\u00eda Canina<\/strong>, puedes hacerlo directamente llamando al siguiente n\u00famero:<\/p>\n\n\n\n<div class=\"wp-block-buttons is-content-justification-center is-layout-flex wp-container-core-buttons-is-layout-16018d1d wp-block-buttons-is-layout-flex\">\n<div class=\"wp-block-button is-style-fill\"><a class=\"wp-block-button__link has-background has-medium-font-size has-custom-font-size wp-element-button\" href=\"tel:675 94 96 83\" style=\"border-radius:6px;background-color:#2471a3\">Llamar ahora<\/a><\/div>\n<\/div>\n\n\n\n<h2 class=\"wp-block-heading\">M\u00e1s informaci\u00f3n<\/h2>\n\n\n\n<p>El centro de adiestramiento canino El Clan Del Lobo, ubicado en Aldea Pereda, 12, 33170 El Atrollo, Asturias, ofrece una experiencia \u00fanica para quienes buscan adiestrar perros con un enfoque integral y personalizado. Nuestros servicios incluyen adiestramiento en obediencia, socializaci\u00f3n, y modificaci\u00f3n de conducta, adaptados a las necesidades espec\u00edficas de cada mascota y su propietario. Nuestros adiestradores de perros en Asturias cuentan con amplia experiencia y formaci\u00f3n, lo que nos permite garantizar resultados efectivos y duraderos. Lo que nos diferencia de otros centros es nuestro compromiso con la educaci\u00f3n positiva y el bienestar animal, creando un ambiente familiar y de confianza que fomenta un v\u00ednculo fuerte entre los perros y sus due\u00f1os. Si buscas un servicio de calidad para el adiestramiento canino en El Atrollo, El Clan Del Lobo es la opci\u00f3n ideal para transformar el comportamiento de tu mascota y disfrutar de una convivencia armoniosa.<\/p>\n\n\n\n<p>Localizado en Aldea Pereda, 12, 33170 El Atrollo, Asturias, este centro de adiestramiento canino en El Atrollo ha sido famoso por su trato afectuoso, profesionalidad y logros notables. Mira las opiniones de otros due\u00f1os de mascotas para conocer su experiencia.<\/p>\n<\/div>\n<\/div>\n\n\n\n<p><\/p>\n\n\n\n<p>Si necesitas conocer otros (PONER NEGOCIO, ej: asesor\u00eda legal, decoraci\u00f3n de eventos, instalaciones el\u00e9ctricas) puedes <strong><a href=\"\/\">visitar nuestra p\u00e1gina principal<\/a><\/strong>.<\/p>\n","protected":false},"excerpt":{"rendered":"<p>En caso de que buscas en la b\u00fasqueda de un espacio seguro id\u00f3neo para adiestramiento de perros en El Atrollo, El Clan Del Lobo &#8211; Educaci\u00f3n Y Peluquer\u00eda Canina es una excelente opci\u00f3n. Este centro se dedica en el entrenamiento de canes de cualquier edad y raza, usando m\u00e9todos respetuosos adem\u00e1s de \u00fatiles. El Clan [&hellip;]<\/p>\n","protected":false},"author":2,"featured_media":0,"parent":7742,"menu_order":0,"comment_status":"closed","ping_status":"closed","template":"","meta":{"_et_pb_use_builder":"","_et_pb_old_content":"","_et_gb_content_width":"","footnotes":""},"tags":[1038],"class_list":["post-9968","page","type-page","status-publish","hentry","tag-el-atrollo"],"_links":{"self":[{"href":"https:\/\/www.adiestradorcanino.com\/webdelperro\/wp-json\/wp\/v2\/pages\/9968","targetHints":{"allow":["GET"]}}],"collection":[{"href":"https:\/\/www.adiestradorcanino.com\/webdelperro\/wp-json\/wp\/v2\/pages"}],"about":[{"href":"https:\/\/www.adiestradorcanino.com\/webdelperro\/wp-json\/wp\/v2\/types\/page"}],"author":[{"embeddable":true,"href":"https:\/\/www.adiestradorcanino.com\/webdelperro\/wp-json\/wp\/v2\/users\/2"}],"replies":[{"embeddable":true,"href":"https:\/\/www.adiestradorcanino.com\/webdelperro\/wp-json\/wp\/v2\/comments?post=9968"}],"version-history":[{"count":0,"href":"https:\/\/www.adiestradorcanino.com\/webdelperro\/wp-json\/wp\/v2\/pages\/9968\/revisions"}],"up":[{"embeddable":true,"href":"https:\/\/www.adiestradorcanino.com\/webdelperro\/wp-json\/wp\/v2\/pages\/7742"}],"wp:attachment":[{"href":"https:\/\/www.adiestradorcanino.com\/webdelperro\/wp-json\/wp\/v2\/media?parent=9968"}],"wp:term":[{"taxonomy":"post_tag","embeddable":true,"href":"https:\/\/www.adiestradorcanino.com\/webdelperro\/wp-json\/wp\/v2\/tags?post=9968"}],"curies":[{"name":"wp","href":"https:\/\/api.w.org\/{rel}","templated":true}]}}