{"id":9949,"date":"2025-07-09T07:38:16","date_gmt":"2025-07-09T07:38:16","guid":{"rendered":"https:\/\/www.adiestradorcanino.com\/webdelperro\/vizcaya\/bilbao\/adiestramiento-canino-jos-can-en-bilbao-vizcaya\/"},"modified":"2025-07-09T07:38:16","modified_gmt":"2025-07-09T07:38:16","slug":"adiestramiento-canino-jos-can-en-bilbao-vizcaya","status":"publish","type":"page","link":"https:\/\/www.adiestradorcanino.com\/webdelperro\/vizcaya\/bilbao\/adiestramiento-canino-jos-can-en-bilbao-vizcaya\/","title":{"rendered":"Adiestramiento canino Jos-can en Bilbao, Vizcaya"},"content":{"rendered":"\n<p>Si te encuentras en la b\u00fasqueda un lugar seguro id\u00f3neo para adiestramiento de perros dentro de Bilbao,  Jos-can representa una excelente opci\u00f3n. Este centro se dedica en el entrenamiento de canes sin importar la raza o edad, siempre utilizando m\u00e9todos respetuosos y efectivos.<\/p>\n\n\n\n<h2 class=\"wp-block-heading has-text-align-left nombreclinica\">Jos-can<\/h2>\n\n\n\n<div class=\"wp-block-group is-layout-constrained wp-block-group-is-layout-constrained\">\n<div class=\"wp-block-columns nc-clase-ficha is-layout-flex wp-container-core-columns-is-layout-9d6595d7 wp-block-columns-is-layout-flex\">\n<div class=\"wp-block-column is-vertically-aligned-center is-layout-flow wp-block-column-is-layout-flow\">\n<figure class=\"wp-block-image size-full\"><img decoding=\"async\" src=\"https:\/\/www.adiestradorcanino.com\/webdelperro\/wp-content\/uploads\/2025\/07\/Jos-can.png\" alt=\"Jos-can\" class=\"wp-image-19766\"\/><\/figure>\n\n\n\n<p>Entre nuestros servicios m\u00e1s demandados est\u00e1n los obediencia b\u00e1sica, la correcci\u00f3n de conductas inapropiadas, la socializaci\u00f3n con otros perros y las sesiones especiales para cachorros. Asimismo, en el centro se adaptan a las necesidades espec\u00edficas de cada familia y su mascota.<\/p>\n<\/div>\n\n\n\n<div class=\"wp-block-column is-vertically-aligned-center is-layout-flow wp-block-column-is-layout-flow\">\n<div class=\"su-service\"><div class=\"su-service-title\" style=\"padding-left:46px;min-height:32px;line-height:32px\"><i class=\"sui sui-user\" style=\"font-size:32px;color:#2471a3\"><\/i> <strong>Nombre<\/strong><\/div><div class=\"su-service-content su-u-clearfix su-u-trim\" style=\"padding-left:46px\">Jos-can<\/div><\/div>\n\n\n\n<div class=\"su-service\"><div class=\"su-service-title\" style=\"padding-left:46px;min-height:32px;line-height:32px\"><i class=\"sui sui-map-marker\" style=\"font-size:32px;color:#2471a3\"><\/i> <strong>Direcci\u00f3n<\/strong><\/div><div class=\"su-service-content su-u-clearfix su-u-trim\" style=\"padding-left:46px\">Kalea, Remar etxaldea, 8 &#8211; 3B, 48007 Bilbao, Vizcaya<\/div><\/div>\n\n\n\n<div class=\"su-service\"><div class=\"su-service-title\" style=\"padding-left:46px;min-height:32px;line-height:32px\"><i class=\"sui sui-volume-control-phone\" style=\"font-size:32px;color:#2471a3\"><\/i> <strong>Tel\u00e9fono<\/strong><\/div><div class=\"su-service-content su-u-clearfix su-u-trim\" style=\"padding-left:46px\">667 74 80 45<\/div><\/div>\n\n\n\n<div class=\"su-service\"><div class=\"su-service-title\" style=\"padding-left:46px;min-height:32px;line-height:32px\"><i class=\"sui sui-globe\" style=\"font-size:32px;color:#2471a3\"><\/i> <strong>Sitio web<\/strong><\/div><div class=\"su-service-content su-u-clearfix su-u-trim\" style=\"padding-left:46px\">http:\/\/www.jos-can.com\/<\/div><\/div>\n\n\n\n<div class=\"su-service\"><div class=\"su-service-title\" style=\"padding-left:46px;min-height:32px;line-height:32px\"><i class=\"sui sui-star\" style=\"font-size:32px;color:#2471a3\"><\/i> Valoraci\u00f3n de los clientes<\/div><div class=\"su-service-content su-u-clearfix su-u-trim\" style=\"padding-left:46px\">4.3 \/ 5 (32)<\/div><\/div>\n<\/div>\n<\/div>\n<\/div>\n\n\n\n<div class=\"wp-block-columns is-layout-flex wp-container-core-columns-is-layout-9d6595d7 wp-block-columns-is-layout-flex\">\n<div class=\"wp-block-column mapa2 is-layout-flow wp-block-column-is-layout-flow\">\n<h2 class=\"wp-block-heading\">Ubicaci\u00f3n de Jos-can<\/h2>\n\n\n\n<div class=\"su-gmap su-u-responsive-media-yes mapa\"><iframe loading=\"lazy\" width=\"600\" height=\"280\" src=\"\/\/maps.google.com\/maps?q=Jos-can%2C%20Kalea%2C%20Remar%20etxaldea%2C%208%20-%203B%2C%2048007%20Bilbao%2C%20Vizcaya&amp;output=embed&amp;z=20\" title=\"\"><\/iframe><\/div>\n\n\n\n<h2 class=\"wp-block-heading\">Horarios de Jos-can<\/h2>\n\n\n\n<figure class=\"wp-block-table\"><table><tbody><tr><td><strong>Lunes<\/strong><\/td><td>lunes: 8:00\u201321:00<\/td><\/tr><tr><td><strong>Martes<\/strong><\/td><td>martes: 8:00\u201321:00<\/td><\/tr><tr><td><strong>Mi\u00e9rcoles<\/strong><\/td><td>mi\u00e9rcoles: 8:00\u201321:00<\/td><\/tr><tr><td><strong>Jueves<\/strong><\/td><td>jueves: 8:00\u201321:00<\/td><\/tr><tr><td><strong>Viernes<\/strong><\/td><td>viernes: 8:00\u201321:00<\/td><\/tr><tr><td><strong>S\u00e1bado<\/strong><\/td><td>s\u00e1bado: Cerrado<\/td><\/tr><tr><td><strong>Domingo<\/strong><\/td><td>domingo: Cerrado<\/td><\/tr><\/tbody><\/table><\/figure>\n\n\n\n<h2 class=\"wp-block-heading\">Tel\u00e9fono de Jos-can<\/h2>\n\n\n\n<p>Si quieres comunicarte con <strong>Jos-can<\/strong>, puedes hacerlo directamente llamando al siguiente n\u00famero:<\/p>\n\n\n\n<div class=\"wp-block-buttons is-content-justification-center is-layout-flex wp-container-core-buttons-is-layout-16018d1d wp-block-buttons-is-layout-flex\">\n<div class=\"wp-block-button is-style-fill\"><a class=\"wp-block-button__link has-background has-medium-font-size has-custom-font-size wp-element-button\" href=\"tel:667 74 80 45\" style=\"border-radius:6px;background-color:#2471a3\">Llamar ahora<\/a><\/div>\n<\/div>\n\n\n\n<h2 class=\"wp-block-heading\">M\u00e1s informaci\u00f3n<\/h2>\n\n\n\n<p>En el centro de adiestramiento canino Jos-can, ubicado en Kalea, Remar etxaldea, 8 &#8211; 3B, 48007 Bilbao, Vizcaya, ofrecemos un enfoque integral para adiestrar perros que combina obediencia b\u00e1sica, socializaci\u00f3n y modificaci\u00f3n de conducta. Nuestros adiestradores de perros en Vizcaya cuentan con una amplia experiencia y est\u00e1n comprometidos con el bienestar animal, creando un ambiente positivo y adaptado a las necesidades de cada mascota. A trav\u00e9s de t\u00e9cnicas personalizadas y respetuosas, ayudamos a los due\u00f1os a establecer una comunicaci\u00f3n positiva con sus perros, lo que resulta en una convivencia arm\u00f3nica y feliz. En Jos-can, nos diferenciamos por nuestro enfoque individualizado y el seguimiento continuo, asegurando que cada canino y su due\u00f1o alcancen sus objetivos de educaci\u00f3n y comportamiento. Si buscas un servicio de adiestramiento canino en Bilbao que priorice la calidad y el bienestar, Jos-can es tu mejor opci\u00f3n.<\/p>\n\n\n\n<p>Situado en Kalea, Remar etxaldea, 8 &#8211; 3B, 48007 Bilbao, Vizcaya, este centro de adiestramiento canino en Bilbao ha sido famoso por su atenci\u00f3n personal, expertise y resultados notables. Mira las opiniones de otros usuarios para entender su testimonio.<\/p>\n<\/div>\n<\/div>\n\n\n\n<p><\/p>\n\n\n\n<p>Si necesitas conocer otros (PONER NEGOCIO, ej: asesor\u00eda legal, decoraci\u00f3n de eventos, instalaciones el\u00e9ctricas) puedes <strong><a href=\"\/\">visitar nuestra p\u00e1gina principal<\/a><\/strong>.<\/p>\n","protected":false},"excerpt":{"rendered":"<p>Si te encuentras en la b\u00fasqueda un lugar seguro id\u00f3neo para adiestramiento de perros dentro de Bilbao, Jos-can representa una excelente opci\u00f3n. Este centro se dedica en el entrenamiento de canes sin importar la raza o edad, siempre utilizando m\u00e9todos respetuosos y efectivos. Jos-can Entre nuestros servicios m\u00e1s demandados est\u00e1n los obediencia b\u00e1sica, la correcci\u00f3n [&hellip;]<\/p>\n","protected":false},"author":2,"featured_media":0,"parent":7650,"menu_order":0,"comment_status":"closed","ping_status":"closed","template":"","meta":{"_et_pb_use_builder":"","_et_pb_old_content":"","_et_gb_content_width":"","footnotes":""},"tags":[1012],"class_list":["post-9949","page","type-page","status-publish","hentry","tag-bilbao"],"_links":{"self":[{"href":"https:\/\/www.adiestradorcanino.com\/webdelperro\/wp-json\/wp\/v2\/pages\/9949","targetHints":{"allow":["GET"]}}],"collection":[{"href":"https:\/\/www.adiestradorcanino.com\/webdelperro\/wp-json\/wp\/v2\/pages"}],"about":[{"href":"https:\/\/www.adiestradorcanino.com\/webdelperro\/wp-json\/wp\/v2\/types\/page"}],"author":[{"embeddable":true,"href":"https:\/\/www.adiestradorcanino.com\/webdelperro\/wp-json\/wp\/v2\/users\/2"}],"replies":[{"embeddable":true,"href":"https:\/\/www.adiestradorcanino.com\/webdelperro\/wp-json\/wp\/v2\/comments?post=9949"}],"version-history":[{"count":0,"href":"https:\/\/www.adiestradorcanino.com\/webdelperro\/wp-json\/wp\/v2\/pages\/9949\/revisions"}],"up":[{"embeddable":true,"href":"https:\/\/www.adiestradorcanino.com\/webdelperro\/wp-json\/wp\/v2\/pages\/7650"}],"wp:attachment":[{"href":"https:\/\/www.adiestradorcanino.com\/webdelperro\/wp-json\/wp\/v2\/media?parent=9949"}],"wp:term":[{"taxonomy":"post_tag","embeddable":true,"href":"https:\/\/www.adiestradorcanino.com\/webdelperro\/wp-json\/wp\/v2\/tags?post=9949"}],"curies":[{"name":"wp","href":"https:\/\/api.w.org\/{rel}","templated":true}]}}