{"id":9946,"date":"2025-07-09T07:37:58","date_gmt":"2025-07-09T07:37:58","guid":{"rendered":"https:\/\/www.adiestradorcanino.com\/webdelperro\/bizkaia\/bilbao\/adiestramiento-canino-la-trufa-educacion-canina-en-bilbao-bizkaia\/"},"modified":"2025-07-09T07:37:58","modified_gmt":"2025-07-09T07:37:58","slug":"adiestramiento-canino-la-trufa-educacion-canina-en-bilbao-bizkaia","status":"publish","type":"page","link":"https:\/\/www.adiestradorcanino.com\/webdelperro\/bizkaia\/bilbao\/adiestramiento-canino-la-trufa-educacion-canina-en-bilbao-bizkaia\/","title":{"rendered":"Adiestramiento canino La Trufa &#8211; Educaci\u00f3n Canina en Bilbao, Bizkaia"},"content":{"rendered":"\n<p>En caso de que est\u00e1s en la b\u00fasqueda de un espacio confiable para el el adiestramiento canino en Bilbao,  La Trufa &#8211; Educaci\u00f3n Canina es una opci\u00f3n destacada. Este lugar trabaja en el entrenamiento de perros de cualquier edad y raza, usando con \u00e9ticos adem\u00e1s de efectivos.<\/p>\n\n\n\n<h2 class=\"wp-block-heading has-text-align-left nombreclinica\">La Trufa &#8211; Educaci\u00f3n Canina<\/h2>\n\n\n\n<div class=\"wp-block-group is-layout-constrained wp-block-group-is-layout-constrained\">\n<div class=\"wp-block-columns nc-clase-ficha is-layout-flex wp-container-core-columns-is-layout-9d6595d7 wp-block-columns-is-layout-flex\">\n<div class=\"wp-block-column is-vertically-aligned-center is-layout-flow wp-block-column-is-layout-flow\">\n<figure class=\"wp-block-image size-full\"><img decoding=\"async\" src=\"https:\/\/www.adiestradorcanino.com\/webdelperro\/wp-content\/uploads\/2025\/07\/La-Trufa-Educacion-Canina.jpg\" alt=\"La Trufa - Educaci\u00f3n Canina\" class=\"wp-image-19766\"\/><\/figure>\n\n\n\n<p>Dentro de los tratamientos m\u00e1s demandados se encuentran la entrenamiento de obediencia, la correcci\u00f3n de conductas no deseadas, la interacci\u00f3n con otros animales y las clases dirigidas a cachorros. Adem\u00e1s, en nombre se adaptan a las necesidades concretas de cada familia y su mascota.<\/p>\n<\/div>\n\n\n\n<div class=\"wp-block-column is-vertically-aligned-center is-layout-flow wp-block-column-is-layout-flow\">\n<div class=\"su-service\"><div class=\"su-service-title\" style=\"padding-left:46px;min-height:32px;line-height:32px\"><i class=\"sui sui-user\" style=\"font-size:32px;color:#2471a3\"><\/i> <strong>Nombre<\/strong><\/div><div class=\"su-service-content su-u-clearfix su-u-trim\" style=\"padding-left:46px\">La Trufa &#8211; Educaci\u00f3n Canina<\/div><\/div>\n\n\n\n<div class=\"su-service\"><div class=\"su-service-title\" style=\"padding-left:46px;min-height:32px;line-height:32px\"><i class=\"sui sui-map-marker\" style=\"font-size:32px;color:#2471a3\"><\/i> <strong>Direcci\u00f3n<\/strong><\/div><div class=\"su-service-content su-u-clearfix su-u-trim\" style=\"padding-left:46px\">Carr. Bilbao-Galdakao, n\u00b0 30, 2 planta, 48004 Bilbao, Bizkaia<\/div><\/div>\n\n\n\n<div class=\"su-service\"><div class=\"su-service-title\" style=\"padding-left:46px;min-height:32px;line-height:32px\"><i class=\"sui sui-volume-control-phone\" style=\"font-size:32px;color:#2471a3\"><\/i> <strong>Tel\u00e9fono<\/strong><\/div><div class=\"su-service-content su-u-clearfix su-u-trim\" style=\"padding-left:46px\">647 54 45 93<\/div><\/div>\n\n\n\n<div class=\"su-service\"><div class=\"su-service-title\" style=\"padding-left:46px;min-height:32px;line-height:32px\"><i class=\"sui sui-globe\" style=\"font-size:32px;color:#2471a3\"><\/i> <strong>Sitio web<\/strong><\/div><div class=\"su-service-content su-u-clearfix su-u-trim\" style=\"padding-left:46px\">https:\/\/latrufaeducacioncanina.com\/<\/div><\/div>\n\n\n\n<div class=\"su-service\"><div class=\"su-service-title\" style=\"padding-left:46px;min-height:32px;line-height:32px\"><i class=\"sui sui-star\" style=\"font-size:32px;color:#2471a3\"><\/i> Valoraci\u00f3n de los clientes<\/div><div class=\"su-service-content su-u-clearfix su-u-trim\" style=\"padding-left:46px\">4.8 \/ 5 (35)<\/div><\/div>\n<\/div>\n<\/div>\n<\/div>\n\n\n\n<div class=\"wp-block-columns is-layout-flex wp-container-core-columns-is-layout-9d6595d7 wp-block-columns-is-layout-flex\">\n<div class=\"wp-block-column mapa2 is-layout-flow wp-block-column-is-layout-flow\">\n<h2 class=\"wp-block-heading\">Ubicaci\u00f3n de La Trufa &#8211; Educaci\u00f3n Canina<\/h2>\n\n\n\n<div class=\"su-gmap su-u-responsive-media-yes mapa\"><iframe loading=\"lazy\" width=\"600\" height=\"280\" src=\"\/\/maps.google.com\/maps?q=La%20Trufa%20-%20Educaci%C3%B3n%20Canina%2C%20Carr.%20Bilbao-Galdakao%2C%20n%C2%B0%2030%2C%202%20planta%2C%2048004%20Bilbao%2C%20Bizkaia&amp;output=embed&amp;z=20\" title=\"\"><\/iframe><\/div>\n\n\n\n<h2 class=\"wp-block-heading\">Horarios de La Trufa &#8211; Educaci\u00f3n Canina<\/h2>\n\n\n\n<figure class=\"wp-block-table\"><table><tbody><tr><td><strong>Lunes<\/strong><\/td><td>lunes: 8:00\u201317:00<\/td><\/tr><tr><td><strong>Martes<\/strong><\/td><td>martes: 8:00\u201317:00<\/td><\/tr><tr><td><strong>Mi\u00e9rcoles<\/strong><\/td><td>mi\u00e9rcoles: 8:00\u201317:00<\/td><\/tr><tr><td><strong>Jueves<\/strong><\/td><td>jueves: 8:00\u201317:00<\/td><\/tr><tr><td><strong>Viernes<\/strong><\/td><td>viernes: 8:00\u201315:30<\/td><\/tr><tr><td><strong>S\u00e1bado<\/strong><\/td><td>s\u00e1bado: Cerrado<\/td><\/tr><tr><td><strong>Domingo<\/strong><\/td><td>domingo: Cerrado<\/td><\/tr><\/tbody><\/table><\/figure>\n\n\n\n<h2 class=\"wp-block-heading\">Tel\u00e9fono de La Trufa &#8211; Educaci\u00f3n Canina<\/h2>\n\n\n\n<p>Si quieres comunicarte con <strong>La Trufa &#8211; Educaci\u00f3n Canina<\/strong>, puedes hacerlo directamente llamando al siguiente n\u00famero:<\/p>\n\n\n\n<div class=\"wp-block-buttons is-content-justification-center is-layout-flex wp-container-core-buttons-is-layout-16018d1d wp-block-buttons-is-layout-flex\">\n<div class=\"wp-block-button is-style-fill\"><a class=\"wp-block-button__link has-background has-medium-font-size has-custom-font-size wp-element-button\" href=\"tel:647 54 45 93\" style=\"border-radius:6px;background-color:#2471a3\">Llamar ahora<\/a><\/div>\n<\/div>\n\n\n\n<h2 class=\"wp-block-heading\">M\u00e1s informaci\u00f3n<\/h2>\n\n\n\n<p>En el centro de adiestramiento canino La Trufa &#8211; Educaci\u00f3n Canina, ubicado en Carr. Bilbao-Galdakao, n\u00b0 30, 2 planta, 48004 Bilbao, Bizkaia, ofrecemos una amplia gama de servicios dise\u00f1ados para garantizar una educaci\u00f3n integral y positiva de tu perro. Nuestro enfoque se centra en la obediencia b\u00e1sica, la socializaci\u00f3n adecuada y la modificaci\u00f3n de conducta, adapt\u00e1ndonos a las necesidades espec\u00edficas de cada mascota y su due\u00f1o. Contamos con un equipo de adiestradores de perros en Bizkaia altamente capacitados que utilizan t\u00e9cnicas positivas para fomentar un ambiente de aprendizaje saludable y divertido. Lo que nos diferencia de otros centros de adiestramiento canino en Bilbao es nuestro compromiso con la formaci\u00f3n continua y el bienestar animal, asegurando que cada sesi\u00f3n no solo sea productiva, sino tambi\u00e9n enriquecedora para tu mascota. Si buscas adiestrar perros con un enfoque personalizado y profesional, La Trufa es tu mejor opci\u00f3n en la provincia de Bizkaia.<\/p>\n\n\n\n<p>Situado en Carr. Bilbao-Galdakao, n\u00b0 30, 2 planta, 48004 Bilbao, Bizkaia, este centro de adiestramiento canino en Bilbao ha sido destacado por su trato personal, profesionalidad y logros visibles. Revisa las rese\u00f1as de otros due\u00f1os de mascotas para descubrir su testimonio.<\/p>\n<\/div>\n<\/div>\n\n\n\n<p><\/p>\n\n\n\n<p>Si necesitas conocer otros (PONER NEGOCIO, ej: asesor\u00eda legal, decoraci\u00f3n de eventos, instalaciones el\u00e9ctricas) puedes <strong><a href=\"\/\">visitar nuestra p\u00e1gina principal<\/a><\/strong>.<\/p>\n","protected":false},"excerpt":{"rendered":"<p>En caso de que est\u00e1s en la b\u00fasqueda de un espacio confiable para el el adiestramiento canino en Bilbao, La Trufa &#8211; Educaci\u00f3n Canina es una opci\u00f3n destacada. Este lugar trabaja en el entrenamiento de perros de cualquier edad y raza, usando con \u00e9ticos adem\u00e1s de efectivos. La Trufa &#8211; Educaci\u00f3n Canina Dentro de los [&hellip;]<\/p>\n","protected":false},"author":2,"featured_media":0,"parent":7690,"menu_order":0,"comment_status":"closed","ping_status":"closed","template":"","meta":{"_et_pb_use_builder":"","_et_pb_old_content":"","_et_gb_content_width":"","footnotes":""},"tags":[1012],"class_list":["post-9946","page","type-page","status-publish","hentry","tag-bilbao"],"_links":{"self":[{"href":"https:\/\/www.adiestradorcanino.com\/webdelperro\/wp-json\/wp\/v2\/pages\/9946","targetHints":{"allow":["GET"]}}],"collection":[{"href":"https:\/\/www.adiestradorcanino.com\/webdelperro\/wp-json\/wp\/v2\/pages"}],"about":[{"href":"https:\/\/www.adiestradorcanino.com\/webdelperro\/wp-json\/wp\/v2\/types\/page"}],"author":[{"embeddable":true,"href":"https:\/\/www.adiestradorcanino.com\/webdelperro\/wp-json\/wp\/v2\/users\/2"}],"replies":[{"embeddable":true,"href":"https:\/\/www.adiestradorcanino.com\/webdelperro\/wp-json\/wp\/v2\/comments?post=9946"}],"version-history":[{"count":0,"href":"https:\/\/www.adiestradorcanino.com\/webdelperro\/wp-json\/wp\/v2\/pages\/9946\/revisions"}],"up":[{"embeddable":true,"href":"https:\/\/www.adiestradorcanino.com\/webdelperro\/wp-json\/wp\/v2\/pages\/7690"}],"wp:attachment":[{"href":"https:\/\/www.adiestradorcanino.com\/webdelperro\/wp-json\/wp\/v2\/media?parent=9946"}],"wp:term":[{"taxonomy":"post_tag","embeddable":true,"href":"https:\/\/www.adiestradorcanino.com\/webdelperro\/wp-json\/wp\/v2\/tags?post=9946"}],"curies":[{"name":"wp","href":"https:\/\/api.w.org\/{rel}","templated":true}]}}