{"id":9943,"date":"2025-07-09T07:37:39","date_gmt":"2025-07-09T07:37:39","guid":{"rendered":"https:\/\/www.adiestradorcanino.com\/webdelperro\/bizkaia\/gatika\/adiestramiento-canino-txakurargi-centro-canino-en-gatika-bizkaia\/"},"modified":"2025-07-09T07:37:39","modified_gmt":"2025-07-09T07:37:39","slug":"adiestramiento-canino-txakurargi-centro-canino-en-gatika-bizkaia","status":"publish","type":"page","link":"https:\/\/www.adiestradorcanino.com\/webdelperro\/bizkaia\/gatika\/adiestramiento-canino-txakurargi-centro-canino-en-gatika-bizkaia\/","title":{"rendered":"Adiestramiento canino Txakurargi &#8211; Centro Canino en Gatika, Bizkaia"},"content":{"rendered":"\n<p>En caso de que est\u00e1s buscando un sitio seguro id\u00f3neo para adiestramiento de perros en el \u00e1rea de Gatika, este centro se presenta como una excelente opci\u00f3n. Nuestra instalaci\u00f3n se dedica con canes de cualquier edad y raza, siempre utilizando t\u00e9cnicas \u00e9ticos y eficaces.<\/p>\n\n\n\n<h2 class=\"wp-block-heading has-text-align-left nombreclinica\">Txakurargi &#8211; Centro Canino<\/h2>\n\n\n\n<div class=\"wp-block-group is-layout-constrained wp-block-group-is-layout-constrained\">\n<div class=\"wp-block-columns nc-clase-ficha is-layout-flex wp-container-core-columns-is-layout-9d6595d7 wp-block-columns-is-layout-flex\">\n<div class=\"wp-block-column is-vertically-aligned-center is-layout-flow wp-block-column-is-layout-flow\">\n<figure class=\"wp-block-image size-full\"><img decoding=\"async\" src=\"https:\/\/www.adiestradorcanino.com\/webdelperro\/wp-content\/uploads\/2025\/07\/Txakurargi-Centro-Canino.jpg\" alt=\"Txakurargi - Centro Canino\" class=\"wp-image-19766\"\/><\/figure>\n\n\n\n<p>Dentro de los tratamientos m\u00e1s solicitados est\u00e1n la entrenamiento de obediencia, la modificaci\u00f3n de comportamientos no deseados, la socializaci\u00f3n con otros animales y las clases dirigidas a cachorros. Adem\u00e1s, en nuestro centro nos adaptamos a las necesidades espec\u00edficas de cada familia y animal.<\/p>\n<\/div>\n\n\n\n<div class=\"wp-block-column is-vertically-aligned-center is-layout-flow wp-block-column-is-layout-flow\">\n<div class=\"su-service\"><div class=\"su-service-title\" style=\"padding-left:46px;min-height:32px;line-height:32px\"><i class=\"sui sui-user\" style=\"font-size:32px;color:#2471a3\"><\/i> <strong>Nombre<\/strong><\/div><div class=\"su-service-content su-u-clearfix su-u-trim\" style=\"padding-left:46px\">Txakurargi &#8211; Centro Canino<\/div><\/div>\n\n\n\n<div class=\"su-service\"><div class=\"su-service-title\" style=\"padding-left:46px;min-height:32px;line-height:32px\"><i class=\"sui sui-map-marker\" style=\"font-size:32px;color:#2471a3\"><\/i> <strong>Direcci\u00f3n<\/strong><\/div><div class=\"su-service-content su-u-clearfix su-u-trim\" style=\"padding-left:46px\">BARRIO GARAI, Parcela 015, Pol\u00edgono 6, 48110 Gatika, Bizkaia<\/div><\/div>\n\n\n\n<div class=\"su-service\"><div class=\"su-service-title\" style=\"padding-left:46px;min-height:32px;line-height:32px\"><i class=\"sui sui-volume-control-phone\" style=\"font-size:32px;color:#2471a3\"><\/i> <strong>Tel\u00e9fono<\/strong><\/div><div class=\"su-service-content su-u-clearfix su-u-trim\" style=\"padding-left:46px\">630 26 71 43<\/div><\/div>\n\n\n\n<div class=\"su-service\"><div class=\"su-service-title\" style=\"padding-left:46px;min-height:32px;line-height:32px\"><i class=\"sui sui-globe\" style=\"font-size:32px;color:#2471a3\"><\/i> <strong>Sitio web<\/strong><\/div><div class=\"su-service-content su-u-clearfix su-u-trim\" style=\"padding-left:46px\">https:\/\/txakurargi.wixsite.com\/txakurargi<\/div><\/div>\n\n\n\n<div class=\"su-service\"><div class=\"su-service-title\" style=\"padding-left:46px;min-height:32px;line-height:32px\"><i class=\"sui sui-star\" style=\"font-size:32px;color:#2471a3\"><\/i> Valoraci\u00f3n de los clientes<\/div><div class=\"su-service-content su-u-clearfix su-u-trim\" style=\"padding-left:46px\">4.8 \/ 5 (32)<\/div><\/div>\n<\/div>\n<\/div>\n<\/div>\n\n\n\n<div class=\"wp-block-columns is-layout-flex wp-container-core-columns-is-layout-9d6595d7 wp-block-columns-is-layout-flex\">\n<div class=\"wp-block-column mapa2 is-layout-flow wp-block-column-is-layout-flow\">\n<h2 class=\"wp-block-heading\">Ubicaci\u00f3n de Txakurargi &#8211; Centro Canino<\/h2>\n\n\n\n<div class=\"su-gmap su-u-responsive-media-yes mapa\"><iframe loading=\"lazy\" width=\"600\" height=\"280\" src=\"\/\/maps.google.com\/maps?q=Txakurargi%20-%20Centro%20Canino%2C%20BARRIO%20GARAI%2C%20Parcela%20015%2C%20Pol%C3%ADgono%206%2C%2048110%20Gatika%2C%20Bizkaia&amp;output=embed&amp;z=20\" title=\"\"><\/iframe><\/div>\n\n\n\n<h2 class=\"wp-block-heading\">Horarios de Txakurargi &#8211; Centro Canino<\/h2>\n\n\n\n<figure class=\"wp-block-table\"><table><tbody><tr><td><strong>Lunes<\/strong><\/td><td>lunes: 7:30\u201318:30<\/td><\/tr><tr><td><strong>Martes<\/strong><\/td><td>martes: 7:30\u201318:30<\/td><\/tr><tr><td><strong>Mi\u00e9rcoles<\/strong><\/td><td>mi\u00e9rcoles: 7:30\u201318:30<\/td><\/tr><tr><td><strong>Jueves<\/strong><\/td><td>jueves: 7:30\u201318:30<\/td><\/tr><tr><td><strong>Viernes<\/strong><\/td><td>viernes: 7:30\u201318:30<\/td><\/tr><tr><td><strong>S\u00e1bado<\/strong><\/td><td>s\u00e1bado: 7:30\u201318:30<\/td><\/tr><tr><td><strong>Domingo<\/strong><\/td><td>domingo: Cerrado<\/td><\/tr><\/tbody><\/table><\/figure>\n\n\n\n<h2 class=\"wp-block-heading\">Tel\u00e9fono de Txakurargi &#8211; Centro Canino<\/h2>\n\n\n\n<p>Si quieres comunicarte con <strong>Txakurargi &#8211; Centro Canino<\/strong>, puedes hacerlo directamente llamando al siguiente n\u00famero:<\/p>\n\n\n\n<div class=\"wp-block-buttons is-content-justification-center is-layout-flex wp-container-core-buttons-is-layout-16018d1d wp-block-buttons-is-layout-flex\">\n<div class=\"wp-block-button is-style-fill\"><a class=\"wp-block-button__link has-background has-medium-font-size has-custom-font-size wp-element-button\" href=\"tel:630 26 71 43\" style=\"border-radius:6px;background-color:#2471a3\">Llamar ahora<\/a><\/div>\n<\/div>\n\n\n\n<h2 class=\"wp-block-heading\">M\u00e1s informaci\u00f3n<\/h2>\n\n\n\n<p>En el centro de adiestramiento canino Txakurargi, ubicado en Barrio Garai, Parcela 015, Pol\u00edgono 6, 48110 Gatika, Bizkaia, ofrecemos un enfoque integral para el adiestramiento de perros, combinando t\u00e9cnicas de obediencia, socializaci\u00f3n y modificaci\u00f3n de conducta. Nuestros experimentados adiestradores de perros en Bizkaia se dedican a crear un ambiente positivo y enriquecedor, donde cada perro puede aprender y desarrollarse de manera positiva. Con programas personalizados que se adaptan a las necesidades espec\u00edficas de tu mascota, Txakurargi se destaca por su compromiso con el bienestar animal y la formaci\u00f3n de v\u00ednculos s\u00f3lidos entre due\u00f1os y perros. Si buscas un servicio de calidad para adiestrar perros en Gatika, nuestro centro es la opci\u00f3n ideal para lograr un comportamiento equilibrado y feliz en tu compa\u00f1ero peludo.<\/p>\n\n\n\n<p>Ubicado en BARRIO GARAI, Parcela 015, Pol\u00edgono 6, 48110 Gatika, Bizkaia, este centro de adiestramiento canino en Gatika ha sido reconocido por su atenci\u00f3n personal, expertise y resultados evidentes. Mira las opiniones de otros clientes para entender su testimonio.<\/p>\n<\/div>\n<\/div>\n\n\n\n<p><\/p>\n\n\n\n<p>Si necesitas conocer otros (PONER NEGOCIO, ej: asesor\u00eda legal, decoraci\u00f3n de eventos, instalaciones el\u00e9ctricas) puedes <strong><a href=\"\/\">visitar nuestra p\u00e1gina principal<\/a><\/strong>.<\/p>\n","protected":false},"excerpt":{"rendered":"<p>En caso de que est\u00e1s buscando un sitio seguro id\u00f3neo para adiestramiento de perros en el \u00e1rea de Gatika, este centro se presenta como una excelente opci\u00f3n. Nuestra instalaci\u00f3n se dedica con canes de cualquier edad y raza, siempre utilizando t\u00e9cnicas \u00e9ticos y eficaces. Txakurargi &#8211; Centro Canino Dentro de los tratamientos m\u00e1s solicitados est\u00e1n [&hellip;]<\/p>\n","protected":false},"author":2,"featured_media":0,"parent":7687,"menu_order":0,"comment_status":"closed","ping_status":"closed","template":"","meta":{"_et_pb_use_builder":"","_et_pb_old_content":"","_et_gb_content_width":"","footnotes":""},"tags":[1022],"class_list":["post-9943","page","type-page","status-publish","hentry","tag-gatika"],"_links":{"self":[{"href":"https:\/\/www.adiestradorcanino.com\/webdelperro\/wp-json\/wp\/v2\/pages\/9943","targetHints":{"allow":["GET"]}}],"collection":[{"href":"https:\/\/www.adiestradorcanino.com\/webdelperro\/wp-json\/wp\/v2\/pages"}],"about":[{"href":"https:\/\/www.adiestradorcanino.com\/webdelperro\/wp-json\/wp\/v2\/types\/page"}],"author":[{"embeddable":true,"href":"https:\/\/www.adiestradorcanino.com\/webdelperro\/wp-json\/wp\/v2\/users\/2"}],"replies":[{"embeddable":true,"href":"https:\/\/www.adiestradorcanino.com\/webdelperro\/wp-json\/wp\/v2\/comments?post=9943"}],"version-history":[{"count":0,"href":"https:\/\/www.adiestradorcanino.com\/webdelperro\/wp-json\/wp\/v2\/pages\/9943\/revisions"}],"up":[{"embeddable":true,"href":"https:\/\/www.adiestradorcanino.com\/webdelperro\/wp-json\/wp\/v2\/pages\/7687"}],"wp:attachment":[{"href":"https:\/\/www.adiestradorcanino.com\/webdelperro\/wp-json\/wp\/v2\/media?parent=9943"}],"wp:term":[{"taxonomy":"post_tag","embeddable":true,"href":"https:\/\/www.adiestradorcanino.com\/webdelperro\/wp-json\/wp\/v2\/tags?post=9943"}],"curies":[{"name":"wp","href":"https:\/\/api.w.org\/{rel}","templated":true}]}}