{"id":9941,"date":"2025-07-09T07:37:30","date_gmt":"2025-07-09T07:37:30","guid":{"rendered":"https:\/\/www.adiestradorcanino.com\/webdelperro\/bizkaia\/barakaldo\/adiestramiento-canino-txakurlove-educacion-canina-alojamiento-guarderia-paseos-y-venta-de-productos-para-mascotas-en-barakaldo-bizkaia\/"},"modified":"2025-07-09T07:37:30","modified_gmt":"2025-07-09T07:37:30","slug":"adiestramiento-canino-txakurlove-educacion-canina-alojamiento-guarderia-paseos-y-venta-de-productos-para-mascotas-en-barakaldo-bizkaia","status":"publish","type":"page","link":"https:\/\/www.adiestradorcanino.com\/webdelperro\/bizkaia\/barakaldo\/adiestramiento-canino-txakurlove-educacion-canina-alojamiento-guarderia-paseos-y-venta-de-productos-para-mascotas-en-barakaldo-bizkaia\/","title":{"rendered":"Adiestramiento canino Txakurlove Educaci\u00f3n Canina, Alojamiento, Guarderia, Paseos Y Venta De Productos Para Mascotas en Barakaldo, Bizkaia"},"content":{"rendered":"\n<p>Si buscas buscando un lugar seguro para el entrenamiento canino dentro de Barakaldo, este centro se presenta como una alternativa destacada. Nuestra instalaci\u00f3n se dedica con canes de cualquier edad y raza, usando con respetuosos adem\u00e1s de eficaces.<\/p>\n\n\n\n<h2 class=\"wp-block-heading has-text-align-left nombreclinica\">Txakurlove Educaci\u00f3n Canina, Alojamiento, Guarderia, Paseos Y Venta De Productos Para Mascotas<\/h2>\n\n\n\n<div class=\"wp-block-group is-layout-constrained wp-block-group-is-layout-constrained\">\n<div class=\"wp-block-columns nc-clase-ficha is-layout-flex wp-container-core-columns-is-layout-9d6595d7 wp-block-columns-is-layout-flex\">\n<div class=\"wp-block-column is-vertically-aligned-center is-layout-flow wp-block-column-is-layout-flow\">\n<figure class=\"wp-block-image size-full\"><img decoding=\"async\" src=\"https:\/\/www.adiestradorcanino.com\/webdelperro\/wp-content\/uploads\/2025\/07\/Txakurlove-Educacion-Canina-Alojamiento-Guarderia-Paseos-Y-Venta-De-Productos-Para-Mascotas.png\" alt=\"Txakurlove Educaci\u00f3n Canina, Alojamiento, Guarderia, Paseos Y Venta De Productos Para Mascotas\" class=\"wp-image-19766\"\/><\/figure>\n\n\n\n<p>Dentro de nuestros tratamientos m\u00e1s solicitados se encuentran los obediencia b\u00e1sica, la correcci\u00f3n de conductas no deseadas, la socializaci\u00f3n con otros animales y las sesiones especiales para cachorros. Adem\u00e1s, en nombre se adaptan a las necesidades espec\u00edficas de cada familia y animal.<\/p>\n<\/div>\n\n\n\n<div class=\"wp-block-column is-vertically-aligned-center is-layout-flow wp-block-column-is-layout-flow\">\n<div class=\"su-service\"><div class=\"su-service-title\" style=\"padding-left:46px;min-height:32px;line-height:32px\"><i class=\"sui sui-user\" style=\"font-size:32px;color:#2471a3\"><\/i> <strong>Nombre<\/strong><\/div><div class=\"su-service-content su-u-clearfix su-u-trim\" style=\"padding-left:46px\">Txakurlove Educaci\u00f3n Canina, Alojamiento, Guarderia, Paseos Y Venta De Productos Para Mascotas<\/div><\/div>\n\n\n\n<div class=\"su-service\"><div class=\"su-service-title\" style=\"padding-left:46px;min-height:32px;line-height:32px\"><i class=\"sui sui-map-marker\" style=\"font-size:32px;color:#2471a3\"><\/i> <strong>Direcci\u00f3n<\/strong><\/div><div class=\"su-service-content su-u-clearfix su-u-trim\" style=\"padding-left:46px\">La Providencia Kalea, 3, Santa Teresa, 48901 Barakaldo, Bizkaia<\/div><\/div>\n\n\n\n<div class=\"su-service\"><div class=\"su-service-title\" style=\"padding-left:46px;min-height:32px;line-height:32px\"><i class=\"sui sui-volume-control-phone\" style=\"font-size:32px;color:#2471a3\"><\/i> <strong>Tel\u00e9fono<\/strong><\/div><div class=\"su-service-content su-u-clearfix su-u-trim\" style=\"padding-left:46px\">696 73 58 07<\/div><\/div>\n\n\n\n<div class=\"su-service\"><div class=\"su-service-title\" style=\"padding-left:46px;min-height:32px;line-height:32px\"><i class=\"sui sui-globe\" style=\"font-size:32px;color:#2471a3\"><\/i> <strong>Sitio web<\/strong><\/div><div class=\"su-service-content su-u-clearfix su-u-trim\" style=\"padding-left:46px\">https:\/\/sites.google.com\/view\/txakurlove-barakaldo<\/div><\/div>\n\n\n\n<div class=\"su-service\"><div class=\"su-service-title\" style=\"padding-left:46px;min-height:32px;line-height:32px\"><i class=\"sui sui-star\" style=\"font-size:32px;color:#2471a3\"><\/i> Valoraci\u00f3n de los clientes<\/div><div class=\"su-service-content su-u-clearfix su-u-trim\" style=\"padding-left:46px\">5 \/ 5 (47)<\/div><\/div>\n<\/div>\n<\/div>\n<\/div>\n\n\n\n<div class=\"wp-block-columns is-layout-flex wp-container-core-columns-is-layout-9d6595d7 wp-block-columns-is-layout-flex\">\n<div class=\"wp-block-column mapa2 is-layout-flow wp-block-column-is-layout-flow\">\n<h2 class=\"wp-block-heading\">Ubicaci\u00f3n de Txakurlove Educaci\u00f3n Canina, Alojamiento, Guarderia, Paseos Y Venta De Productos Para Mascotas<\/h2>\n\n\n\n<div class=\"su-gmap su-u-responsive-media-yes mapa\"><iframe loading=\"lazy\" width=\"600\" height=\"280\" src=\"\/\/maps.google.com\/maps?q=Txakurlove%20Educaci%C3%B3n%20Canina%2C%20Alojamiento%2C%20Guarderia%2C%20Paseos%20Y%20Venta%20De%20Productos%20Para%20Mascotas%2C%20La%20Providencia%20Kalea%2C%203%2C%20Santa%20Teresa%2C%2048901%20Barakaldo%2C%20Bizkaia&amp;output=embed&amp;z=20\" title=\"\"><\/iframe><\/div>\n\n\n\n<h2 class=\"wp-block-heading\">Horarios de Txakurlove Educaci\u00f3n Canina, Alojamiento, Guarderia, Paseos Y Venta De Productos Para Mascotas<\/h2>\n\n\n\n<figure class=\"wp-block-table\"><table><tbody><tr><td><strong>Lunes<\/strong><\/td><td>lunes: 9:00\u201320:00<\/td><\/tr><tr><td><strong>Martes<\/strong><\/td><td>martes: 9:00\u201320:00<\/td><\/tr><tr><td><strong>Mi\u00e9rcoles<\/strong><\/td><td>mi\u00e9rcoles: 9:00\u201320:00<\/td><\/tr><tr><td><strong>Jueves<\/strong><\/td><td>jueves: 9:00\u201320:00<\/td><\/tr><tr><td><strong>Viernes<\/strong><\/td><td>viernes: 9:00\u201320:00<\/td><\/tr><tr><td><strong>S\u00e1bado<\/strong><\/td><td>s\u00e1bado: 10:00\u201320:00<\/td><\/tr><tr><td><strong>Domingo<\/strong><\/td><td>domingo: Cerrado<\/td><\/tr><\/tbody><\/table><\/figure>\n\n\n\n<h2 class=\"wp-block-heading\">Tel\u00e9fono de Txakurlove Educaci\u00f3n Canina, Alojamiento, Guarderia, Paseos Y Venta De Productos Para Mascotas<\/h2>\n\n\n\n<p>Si quieres comunicarte con <strong>Txakurlove Educaci\u00f3n Canina, Alojamiento, Guarderia, Paseos Y Venta De Productos Para Mascotas<\/strong>, puedes hacerlo directamente llamando al siguiente n\u00famero:<\/p>\n\n\n\n<div class=\"wp-block-buttons is-content-justification-center is-layout-flex wp-container-core-buttons-is-layout-16018d1d wp-block-buttons-is-layout-flex\">\n<div class=\"wp-block-button is-style-fill\"><a class=\"wp-block-button__link has-background has-medium-font-size has-custom-font-size wp-element-button\" href=\"tel:696 73 58 07\" style=\"border-radius:6px;background-color:#2471a3\">Llamar ahora<\/a><\/div>\n<\/div>\n\n\n\n<h2 class=\"wp-block-heading\">M\u00e1s informaci\u00f3n<\/h2>\n\n\n\n<p>En el centro de adiestramiento canino Txakurlove, ubicado en La Providencia Kalea, 3, Santa Teresa, 48901 Barakaldo, Bizkaia, ofrecemos una amplia gama de servicios que incluyen educaci\u00f3n canina, alojamiento, guarder\u00eda, paseos y la venta de productos para mascotas. Nuestro enfoque en el adiestramiento se centra en la obediencia, socializaci\u00f3n y modificaci\u00f3n de conducta, garantizando que cada perro reciba la atenci\u00f3n y el entrenamiento que necesita para convertirse en un compa\u00f1ero equilibrado y feliz. Contamos con un equipo de adiestradores de perros en Bizkaia altamente capacitados, quienes utilizan t\u00e9cnicas basadas en el refuerzo positivo y adaptadas a las necesidades individuales de cada mascota. Lo que nos diferencia de otros centros de adiestramiento canino en Barakaldo es nuestro compromiso con el bienestar animal y la formaci\u00f3n continua de nuestro personal, lo que asegura un servicio de calidad y resultados efectivos en el adiestramiento de perros. Si buscas un lugar donde adiestrar a tu perro y brindarle la mejor educaci\u00f3n canina, Txakurlove es la opci\u00f3n ideal.<\/p>\n\n\n\n<p>Situado en La Providencia Kalea, 3, Santa Teresa, 48901 Barakaldo, Bizkaia, este centro de adiestramiento canino en Barakaldo es famoso por su trato cercano, expertise y resultados visibles. Revisa las rese\u00f1as de otros usuarios para descubrir su experiencia.<\/p>\n<\/div>\n<\/div>\n\n\n\n<p><\/p>\n\n\n\n<p>Si necesitas conocer otros (PONER NEGOCIO, ej: asesor\u00eda legal, decoraci\u00f3n de eventos, instalaciones el\u00e9ctricas) puedes <strong><a href=\"\/\">visitar nuestra p\u00e1gina principal<\/a><\/strong>.<\/p>\n","protected":false},"excerpt":{"rendered":"<p>Si buscas buscando un lugar seguro para el entrenamiento canino dentro de Barakaldo, este centro se presenta como una alternativa destacada. Nuestra instalaci\u00f3n se dedica con canes de cualquier edad y raza, usando con respetuosos adem\u00e1s de eficaces. Txakurlove Educaci\u00f3n Canina, Alojamiento, Guarderia, Paseos Y Venta De Productos Para Mascotas Dentro de nuestros tratamientos m\u00e1s [&hellip;]<\/p>\n","protected":false},"author":2,"featured_media":0,"parent":7680,"menu_order":0,"comment_status":"closed","ping_status":"closed","template":"","meta":{"_et_pb_use_builder":"","_et_pb_old_content":"","_et_gb_content_width":"","footnotes":""},"tags":[1020],"class_list":["post-9941","page","type-page","status-publish","hentry","tag-barakaldo"],"_links":{"self":[{"href":"https:\/\/www.adiestradorcanino.com\/webdelperro\/wp-json\/wp\/v2\/pages\/9941","targetHints":{"allow":["GET"]}}],"collection":[{"href":"https:\/\/www.adiestradorcanino.com\/webdelperro\/wp-json\/wp\/v2\/pages"}],"about":[{"href":"https:\/\/www.adiestradorcanino.com\/webdelperro\/wp-json\/wp\/v2\/types\/page"}],"author":[{"embeddable":true,"href":"https:\/\/www.adiestradorcanino.com\/webdelperro\/wp-json\/wp\/v2\/users\/2"}],"replies":[{"embeddable":true,"href":"https:\/\/www.adiestradorcanino.com\/webdelperro\/wp-json\/wp\/v2\/comments?post=9941"}],"version-history":[{"count":0,"href":"https:\/\/www.adiestradorcanino.com\/webdelperro\/wp-json\/wp\/v2\/pages\/9941\/revisions"}],"up":[{"embeddable":true,"href":"https:\/\/www.adiestradorcanino.com\/webdelperro\/wp-json\/wp\/v2\/pages\/7680"}],"wp:attachment":[{"href":"https:\/\/www.adiestradorcanino.com\/webdelperro\/wp-json\/wp\/v2\/media?parent=9941"}],"wp:term":[{"taxonomy":"post_tag","embeddable":true,"href":"https:\/\/www.adiestradorcanino.com\/webdelperro\/wp-json\/wp\/v2\/tags?post=9941"}],"curies":[{"name":"wp","href":"https:\/\/api.w.org\/{rel}","templated":true}]}}