{"id":9936,"date":"2025-07-09T07:36:38","date_gmt":"2025-07-09T07:36:38","guid":{"rendered":"https:\/\/www.adiestradorcanino.com\/webdelperro\/bizkaia\/basauri\/adiestramiento-canino-kiro-adiestramiento-canino-en-basauri-bizkaia\/"},"modified":"2025-07-09T07:36:38","modified_gmt":"2025-07-09T07:36:38","slug":"adiestramiento-canino-kiro-adiestramiento-canino-en-basauri-bizkaia","status":"publish","type":"page","link":"https:\/\/www.adiestradorcanino.com\/webdelperro\/bizkaia\/basauri\/adiestramiento-canino-kiro-adiestramiento-canino-en-basauri-bizkaia\/","title":{"rendered":"Adiestramiento canino Kiro Adiestramiento Canino en Basauri, Bizkaia"},"content":{"rendered":"\n<p>En caso de que buscas en la b\u00fasqueda de un espacio de confianza id\u00f3neo para entrenamiento canino en el \u00e1rea de Basauri, nuestra instituci\u00f3n se presenta como una excelente opci\u00f3n. Este lugar se dedica en el entrenamiento de perros de todas las edades y razas, siempre utilizando con amigables y \u00fatiles.<\/p>\n\n\n\n<h2 class=\"wp-block-heading has-text-align-left nombreclinica\">Kiro Adiestramiento Canino<\/h2>\n\n\n\n<div class=\"wp-block-group is-layout-constrained wp-block-group-is-layout-constrained\">\n<div class=\"wp-block-columns nc-clase-ficha is-layout-flex wp-container-core-columns-is-layout-9d6595d7 wp-block-columns-is-layout-flex\">\n<div class=\"wp-block-column is-vertically-aligned-center is-layout-flow wp-block-column-is-layout-flow\">\n<figure class=\"wp-block-image size-full\"><img decoding=\"async\" src=\"https:\/\/www.adiestradorcanino.com\/webdelperro\/wp-content\/uploads\/2025\/07\/Kiro-Adiestramiento-Canino.png\" alt=\"Kiro Adiestramiento Canino\" class=\"wp-image-19766\"\/><\/figure>\n\n\n\n<p>Entre los tratamientos m\u00e1s solicitados se encuentran los obediencia b\u00e1sica, la correcci\u00f3n de conductas inapropiadas, la interacci\u00f3n con otros animales y las clases espec\u00edficas para cachorros. Asimismo, en nuestro centro se adaptan a las necesidades espec\u00edficas de cada familia y animal.<\/p>\n<\/div>\n\n\n\n<div class=\"wp-block-column is-vertically-aligned-center is-layout-flow wp-block-column-is-layout-flow\">\n<div class=\"su-service\"><div class=\"su-service-title\" style=\"padding-left:46px;min-height:32px;line-height:32px\"><i class=\"sui sui-user\" style=\"font-size:32px;color:#2471a3\"><\/i> <strong>Nombre<\/strong><\/div><div class=\"su-service-content su-u-clearfix su-u-trim\" style=\"padding-left:46px\">Kiro Adiestramiento Canino<\/div><\/div>\n\n\n\n<div class=\"su-service\"><div class=\"su-service-title\" style=\"padding-left:46px;min-height:32px;line-height:32px\"><i class=\"sui sui-map-marker\" style=\"font-size:32px;color:#2471a3\"><\/i> <strong>Direcci\u00f3n<\/strong><\/div><div class=\"su-service-content su-u-clearfix su-u-trim\" style=\"padding-left:46px\">Kadagua Ibaia Kalea, 1, 2D, 48970 Basauri, Bizkaia<\/div><\/div>\n\n\n\n<div class=\"su-service\"><div class=\"su-service-title\" style=\"padding-left:46px;min-height:32px;line-height:32px\"><i class=\"sui sui-volume-control-phone\" style=\"font-size:32px;color:#2471a3\"><\/i> <strong>Tel\u00e9fono<\/strong><\/div><div class=\"su-service-content su-u-clearfix su-u-trim\" style=\"padding-left:46px\">688 61 49 80<\/div><\/div>\n\n\n\n<div class=\"su-service\"><div class=\"su-service-title\" style=\"padding-left:46px;min-height:32px;line-height:32px\"><i class=\"sui sui-globe\" style=\"font-size:32px;color:#2471a3\"><\/i> <strong>Sitio web<\/strong><\/div><div class=\"su-service-content su-u-clearfix su-u-trim\" style=\"padding-left:46px\"><\/div><\/div>\n\n\n\n<div class=\"su-service\"><div class=\"su-service-title\" style=\"padding-left:46px;min-height:32px;line-height:32px\"><i class=\"sui sui-star\" style=\"font-size:32px;color:#2471a3\"><\/i> Valoraci\u00f3n de los clientes<\/div><div class=\"su-service-content su-u-clearfix su-u-trim\" style=\"padding-left:46px\">5 \/ 5 (4)<\/div><\/div>\n<\/div>\n<\/div>\n<\/div>\n\n\n\n<div class=\"wp-block-columns is-layout-flex wp-container-core-columns-is-layout-9d6595d7 wp-block-columns-is-layout-flex\">\n<div class=\"wp-block-column mapa2 is-layout-flow wp-block-column-is-layout-flow\">\n<h2 class=\"wp-block-heading\">Ubicaci\u00f3n de Kiro Adiestramiento Canino<\/h2>\n\n\n\n<div class=\"su-gmap su-u-responsive-media-yes mapa\"><iframe loading=\"lazy\" width=\"600\" height=\"280\" src=\"\/\/maps.google.com\/maps?q=Kiro%20Adiestramiento%20Canino%2C%20Kadagua%20Ibaia%20Kalea%2C%201%2C%202D%2C%2048970%20Basauri%2C%20Bizkaia&amp;output=embed&amp;z=20\" title=\"\"><\/iframe><\/div>\n\n\n\n<h2 class=\"wp-block-heading\">Horarios de Kiro Adiestramiento Canino<\/h2>\n\n\n\n<figure class=\"wp-block-table\"><table><tbody><tr><td><strong>Lunes<\/strong><\/td><td>lunes: 10:00\u201322:00<\/td><\/tr><tr><td><strong>Martes<\/strong><\/td><td>martes: 10:00\u201322:00<\/td><\/tr><tr><td><strong>Mi\u00e9rcoles<\/strong><\/td><td>mi\u00e9rcoles: 10:00\u201322:00<\/td><\/tr><tr><td><strong>Jueves<\/strong><\/td><td>jueves: 10:00\u201322:00<\/td><\/tr><tr><td><strong>Viernes<\/strong><\/td><td>viernes: 10:00\u201322:00<\/td><\/tr><tr><td><strong>S\u00e1bado<\/strong><\/td><td>s\u00e1bado: 10:00\u201322:00<\/td><\/tr><tr><td><strong>Domingo<\/strong><\/td><td>domingo: 10:00\u201322:00<\/td><\/tr><\/tbody><\/table><\/figure>\n\n\n\n<h2 class=\"wp-block-heading\">Tel\u00e9fono de Kiro Adiestramiento Canino<\/h2>\n\n\n\n<p>Si quieres comunicarte con <strong>Kiro Adiestramiento Canino<\/strong>, puedes hacerlo directamente llamando al siguiente n\u00famero:<\/p>\n\n\n\n<div class=\"wp-block-buttons is-content-justification-center is-layout-flex wp-container-core-buttons-is-layout-16018d1d wp-block-buttons-is-layout-flex\">\n<div class=\"wp-block-button is-style-fill\"><a class=\"wp-block-button__link has-background has-medium-font-size has-custom-font-size wp-element-button\" href=\"tel:688 61 49 80\" style=\"border-radius:6px;background-color:#2471a3\">Llamar ahora<\/a><\/div>\n<\/div>\n\n\n\n<h2 class=\"wp-block-heading\">M\u00e1s informaci\u00f3n<\/h2>\n\n\n\n<p>Kiro Adiestramiento Canino, ubicado en Kadagua Ibaia Kalea, 1, 2D, 48970 Basauri, Bizkaia, se destaca como uno de los mejores centros de adiestramiento canino en Basauri, ofreciendo una amplia gama de servicios adaptados a las necesidades de cada perro y su due\u00f1o. Nuestro enfoque integral abarca desde la obediencia b\u00e1sica y la socializaci\u00f3n hasta la modificaci\u00f3n de conducta, garantizando que cada mascota desarrolle habilidades esenciales para una convivencia armoniosa. Contamos con un equipo de adiestradores de perros en Bizkaia altamente capacitados, que utilizan m\u00e9todos positivos y efectivos, creando un ambiente de confianza y respeto. En Kiro, entendemos que cada perro es \u00fanico, por lo que personalizamos nuestros programas de adiestramiento para asegurar resultados \u00f3ptimos. Si buscas adiestrar perros con un enfoque profesional y cercano, Kiro Adiestramiento Canino es tu mejor opci\u00f3n en la provincia de Bizkaia.<\/p>\n\n\n\n<p>Situado en Kadagua Ibaia Kalea, 1, 2D, 48970 Basauri, Bizkaia, este centro de adiestramiento canino en Basauri es reconocido por su trato afectuoso, profesionalidad y logros visibles. Revisa las valoraciones de otros clientes para entender su experiencia.<\/p>\n<\/div>\n<\/div>\n\n\n\n<p><\/p>\n\n\n\n<p>Si necesitas conocer otros (PONER NEGOCIO, ej: asesor\u00eda legal, decoraci\u00f3n de eventos, instalaciones el\u00e9ctricas) puedes <strong><a href=\"\/\">visitar nuestra p\u00e1gina principal<\/a><\/strong>.<\/p>\n","protected":false},"excerpt":{"rendered":"<p>En caso de que buscas en la b\u00fasqueda de un espacio de confianza id\u00f3neo para entrenamiento canino en el \u00e1rea de Basauri, nuestra instituci\u00f3n se presenta como una excelente opci\u00f3n. Este lugar se dedica en el entrenamiento de perros de todas las edades y razas, siempre utilizando con amigables y \u00fatiles. Kiro Adiestramiento Canino Entre [&hellip;]<\/p>\n","protected":false},"author":2,"featured_media":0,"parent":7665,"menu_order":0,"comment_status":"closed","ping_status":"closed","template":"","meta":{"_et_pb_use_builder":"","_et_pb_old_content":"","_et_gb_content_width":"","footnotes":""},"tags":[1015],"class_list":["post-9936","page","type-page","status-publish","hentry","tag-basauri"],"_links":{"self":[{"href":"https:\/\/www.adiestradorcanino.com\/webdelperro\/wp-json\/wp\/v2\/pages\/9936","targetHints":{"allow":["GET"]}}],"collection":[{"href":"https:\/\/www.adiestradorcanino.com\/webdelperro\/wp-json\/wp\/v2\/pages"}],"about":[{"href":"https:\/\/www.adiestradorcanino.com\/webdelperro\/wp-json\/wp\/v2\/types\/page"}],"author":[{"embeddable":true,"href":"https:\/\/www.adiestradorcanino.com\/webdelperro\/wp-json\/wp\/v2\/users\/2"}],"replies":[{"embeddable":true,"href":"https:\/\/www.adiestradorcanino.com\/webdelperro\/wp-json\/wp\/v2\/comments?post=9936"}],"version-history":[{"count":0,"href":"https:\/\/www.adiestradorcanino.com\/webdelperro\/wp-json\/wp\/v2\/pages\/9936\/revisions"}],"up":[{"embeddable":true,"href":"https:\/\/www.adiestradorcanino.com\/webdelperro\/wp-json\/wp\/v2\/pages\/7665"}],"wp:attachment":[{"href":"https:\/\/www.adiestradorcanino.com\/webdelperro\/wp-json\/wp\/v2\/media?parent=9936"}],"wp:term":[{"taxonomy":"post_tag","embeddable":true,"href":"https:\/\/www.adiestradorcanino.com\/webdelperro\/wp-json\/wp\/v2\/tags?post=9936"}],"curies":[{"name":"wp","href":"https:\/\/api.w.org\/{rel}","templated":true}]}}