{"id":9924,"date":"2025-07-09T07:34:44","date_gmt":"2025-07-09T07:34:44","guid":{"rendered":"https:\/\/www.adiestradorcanino.com\/webdelperro\/vizcaya\/zaratamo\/adiestramiento-canino-100orekan-txakur-elkartea-en-zaratamo-vizcaya\/"},"modified":"2025-07-09T07:34:44","modified_gmt":"2025-07-09T07:34:44","slug":"adiestramiento-canino-100orekan-txakur-elkartea-en-zaratamo-vizcaya","status":"publish","type":"page","link":"https:\/\/www.adiestradorcanino.com\/webdelperro\/vizcaya\/zaratamo\/adiestramiento-canino-100orekan-txakur-elkartea-en-zaratamo-vizcaya\/","title":{"rendered":"Adiestramiento canino 100%orekan Txakur Elkartea en Zar\u00e1tamo, Vizcaya"},"content":{"rendered":"\n<p>Si acaso te encuentras buscando un espacio confiable para el entrenamiento canino dentro de Zar\u00e1tamo, este centro es una opci\u00f3n destacada. Nuestra instalaci\u00f3n se dedica con canes de cualquier edad y raza, usando t\u00e9cnicas amigables adem\u00e1s de eficaces.<\/p>\n\n\n\n<h2 class=\"wp-block-heading has-text-align-left nombreclinica\">100%orekan Txakur Elkartea<\/h2>\n\n\n\n<div class=\"wp-block-group is-layout-constrained wp-block-group-is-layout-constrained\">\n<div class=\"wp-block-columns nc-clase-ficha is-layout-flex wp-container-core-columns-is-layout-9d6595d7 wp-block-columns-is-layout-flex\">\n<div class=\"wp-block-column is-vertically-aligned-center is-layout-flow wp-block-column-is-layout-flow\">\n<figure class=\"wp-block-image size-full\"><img decoding=\"async\" src=\"https:\/\/www.adiestradorcanino.com\/webdelperro\/wp-content\/uploads\/2025\/07\/100orekan-Txakur-Elkartea.jpg\" alt=\"100%orekan Txakur Elkartea\" class=\"wp-image-19766\"\/><\/figure>\n\n\n\n<p>Entre los servicios m\u00e1s demandados se encuentran la obediencia b\u00e1sica, la modificaci\u00f3n de comportamientos no deseados, la socializaci\u00f3n con otros perros y las clases dirigidas a cachorros. Adem\u00e1s, en nuestro centro se adaptan a las particularidades de cada hogar y su animal.<\/p>\n<\/div>\n\n\n\n<div class=\"wp-block-column is-vertically-aligned-center is-layout-flow wp-block-column-is-layout-flow\">\n<div class=\"su-service\"><div class=\"su-service-title\" style=\"padding-left:46px;min-height:32px;line-height:32px\"><i class=\"sui sui-user\" style=\"font-size:32px;color:#2471a3\"><\/i> <strong>Nombre<\/strong><\/div><div class=\"su-service-content su-u-clearfix su-u-trim\" style=\"padding-left:46px\">100%orekan Txakur Elkartea<\/div><\/div>\n\n\n\n<div class=\"su-service\"><div class=\"su-service-title\" style=\"padding-left:46px;min-height:32px;line-height:32px\"><i class=\"sui sui-map-marker\" style=\"font-size:32px;color:#2471a3\"><\/i> <strong>Direcci\u00f3n<\/strong><\/div><div class=\"su-service-content su-u-clearfix su-u-trim\" style=\"padding-left:46px\">Gurutzalde auzoa Futbol, 48480 Zar\u00e1tamo, Vizcaya<\/div><\/div>\n\n\n\n<div class=\"su-service\"><div class=\"su-service-title\" style=\"padding-left:46px;min-height:32px;line-height:32px\"><i class=\"sui sui-volume-control-phone\" style=\"font-size:32px;color:#2471a3\"><\/i> <strong>Tel\u00e9fono<\/strong><\/div><div class=\"su-service-content su-u-clearfix su-u-trim\" style=\"padding-left:46px\">654 49 90 49<\/div><\/div>\n\n\n\n<div class=\"su-service\"><div class=\"su-service-title\" style=\"padding-left:46px;min-height:32px;line-height:32px\"><i class=\"sui sui-globe\" style=\"font-size:32px;color:#2471a3\"><\/i> <strong>Sitio web<\/strong><\/div><div class=\"su-service-content su-u-clearfix su-u-trim\" style=\"padding-left:46px\"><\/div><\/div>\n\n\n\n<div class=\"su-service\"><div class=\"su-service-title\" style=\"padding-left:46px;min-height:32px;line-height:32px\"><i class=\"sui sui-star\" style=\"font-size:32px;color:#2471a3\"><\/i> Valoraci\u00f3n de los clientes<\/div><div class=\"su-service-content su-u-clearfix su-u-trim\" style=\"padding-left:46px\">5 \/ 5 (12)<\/div><\/div>\n<\/div>\n<\/div>\n<\/div>\n\n\n\n<div class=\"wp-block-columns is-layout-flex wp-container-core-columns-is-layout-9d6595d7 wp-block-columns-is-layout-flex\">\n<div class=\"wp-block-column mapa2 is-layout-flow wp-block-column-is-layout-flow\">\n<h2 class=\"wp-block-heading\">Ubicaci\u00f3n de 100%orekan Txakur Elkartea<\/h2>\n\n\n\n<div class=\"su-gmap su-u-responsive-media-yes mapa\"><iframe loading=\"lazy\" width=\"600\" height=\"280\" src=\"\/\/maps.google.com\/maps?q=100%25orekan%20Txakur%20Elkartea%2C%20Gurutzalde%20auzoa%20Futbol%2C%2048480%20Zar%C3%A1tamo%2C%20Vizcaya&amp;output=embed&amp;z=20\" title=\"\"><\/iframe><\/div>\n\n\n\n<h2 class=\"wp-block-heading\">Horarios de 100%orekan Txakur Elkartea<\/h2>\n\n\n\n<figure class=\"wp-block-table\"><table><tbody><tr><td><strong>Lunes<\/strong><\/td><td>lunes: 10:00\u201319:00<\/td><\/tr><tr><td><strong>Martes<\/strong><\/td><td>martes: 10:00\u201319:00<\/td><\/tr><tr><td><strong>Mi\u00e9rcoles<\/strong><\/td><td>mi\u00e9rcoles: 10:00\u201319:00<\/td><\/tr><tr><td><strong>Jueves<\/strong><\/td><td>jueves: 10:00\u201319:00<\/td><\/tr><tr><td><strong>Viernes<\/strong><\/td><td>viernes: 10:00\u201319:00<\/td><\/tr><tr><td><strong>S\u00e1bado<\/strong><\/td><td>s\u00e1bado: 10:00\u201313:00<\/td><\/tr><tr><td><strong>Domingo<\/strong><\/td><td>domingo: Cerrado<\/td><\/tr><\/tbody><\/table><\/figure>\n\n\n\n<h2 class=\"wp-block-heading\">Tel\u00e9fono de 100%orekan Txakur Elkartea<\/h2>\n\n\n\n<p>Si quieres comunicarte con <strong>100%orekan Txakur Elkartea<\/strong>, puedes hacerlo directamente llamando al siguiente n\u00famero:<\/p>\n\n\n\n<div class=\"wp-block-buttons is-content-justification-center is-layout-flex wp-container-core-buttons-is-layout-16018d1d wp-block-buttons-is-layout-flex\">\n<div class=\"wp-block-button is-style-fill\"><a class=\"wp-block-button__link has-background has-medium-font-size has-custom-font-size wp-element-button\" href=\"tel:654 49 90 49\" style=\"border-radius:6px;background-color:#2471a3\">Llamar ahora<\/a><\/div>\n<\/div>\n\n\n\n<h2 class=\"wp-block-heading\">M\u00e1s informaci\u00f3n<\/h2>\n\n\n\n<p>En el centro de adiestramiento canino 100%orekan Txakur Elkartea, ubicado en Gurutzalde auzoa Futbol, 48480 Zar\u00e1tamo, Vizcaya, ofrecemos un enfoque integral para adiestrar perros que combina obediencia, socializaci\u00f3n y modificaci\u00f3n de conducta. Nuestro equipo de adiestradores de perros en Vizcaya est\u00e1 altamente cualificado y utiliza t\u00e9cnicas basadas en el refuerzo positivo, garantizando as\u00ed un aprendizaje efectivo y armonioso. Nos destacamos frente a otros centros de adiestramiento canino en Zar\u00e1tamo por nuestra atenci\u00f3n personalizada y programas adaptados a las necesidades espec\u00edficas de cada perro y su propietario, lo que permite crear un v\u00ednculo s\u00f3lido y positivo. En 100%orekan Txakur Elkartea, no solo adiestramos a tu mascota, sino que tambi\u00e9n fomentamos una convivencia satisfactoria y equilibrada en tu hogar.<\/p>\n\n\n\n<p>Ubicado en Gurutzalde auzoa Futbol, 48480 Zar\u00e1tamo, Vizcaya, el centro de adiestramiento canino en Zar\u00e1tamo ha sido reconocido por su atenci\u00f3n personal, seriedad y logros notables. Revisa las rese\u00f1as de otros due\u00f1os de mascotas para descubrir su opini\u00f3n.<\/p>\n<\/div>\n<\/div>\n\n\n\n<p><\/p>\n\n\n\n<p>Si necesitas conocer otros (PONER NEGOCIO, ej: asesor\u00eda legal, decoraci\u00f3n de eventos, instalaciones el\u00e9ctricas) puedes <strong><a href=\"\/\">visitar nuestra p\u00e1gina principal<\/a><\/strong>.<\/p>\n","protected":false},"excerpt":{"rendered":"<p>Si acaso te encuentras buscando un espacio confiable para el entrenamiento canino dentro de Zar\u00e1tamo, este centro es una opci\u00f3n destacada. Nuestra instalaci\u00f3n se dedica con canes de cualquier edad y raza, usando t\u00e9cnicas amigables adem\u00e1s de eficaces. 100%orekan Txakur Elkartea Entre los servicios m\u00e1s demandados se encuentran la obediencia b\u00e1sica, la modificaci\u00f3n de comportamientos [&hellip;]<\/p>\n","protected":false},"author":2,"featured_media":0,"parent":7631,"menu_order":0,"comment_status":"closed","ping_status":"closed","template":"","meta":{"_et_pb_use_builder":"","_et_pb_old_content":"","_et_gb_content_width":"","footnotes":""},"tags":[1006],"class_list":["post-9924","page","type-page","status-publish","hentry","tag-zaratamo"],"_links":{"self":[{"href":"https:\/\/www.adiestradorcanino.com\/webdelperro\/wp-json\/wp\/v2\/pages\/9924","targetHints":{"allow":["GET"]}}],"collection":[{"href":"https:\/\/www.adiestradorcanino.com\/webdelperro\/wp-json\/wp\/v2\/pages"}],"about":[{"href":"https:\/\/www.adiestradorcanino.com\/webdelperro\/wp-json\/wp\/v2\/types\/page"}],"author":[{"embeddable":true,"href":"https:\/\/www.adiestradorcanino.com\/webdelperro\/wp-json\/wp\/v2\/users\/2"}],"replies":[{"embeddable":true,"href":"https:\/\/www.adiestradorcanino.com\/webdelperro\/wp-json\/wp\/v2\/comments?post=9924"}],"version-history":[{"count":0,"href":"https:\/\/www.adiestradorcanino.com\/webdelperro\/wp-json\/wp\/v2\/pages\/9924\/revisions"}],"up":[{"embeddable":true,"href":"https:\/\/www.adiestradorcanino.com\/webdelperro\/wp-json\/wp\/v2\/pages\/7631"}],"wp:attachment":[{"href":"https:\/\/www.adiestradorcanino.com\/webdelperro\/wp-json\/wp\/v2\/media?parent=9924"}],"wp:term":[{"taxonomy":"post_tag","embeddable":true,"href":"https:\/\/www.adiestradorcanino.com\/webdelperro\/wp-json\/wp\/v2\/tags?post=9924"}],"curies":[{"name":"wp","href":"https:\/\/api.w.org\/{rel}","templated":true}]}}