{"id":9914,"date":"2025-07-09T07:33:12","date_gmt":"2025-07-09T07:33:12","guid":{"rendered":"https:\/\/www.adiestradorcanino.com\/webdelperro\/alava\/zurbano\/adiestramiento-canino-centro-canino-zurbano-en-zurbano-alava\/"},"modified":"2025-07-09T07:33:12","modified_gmt":"2025-07-09T07:33:12","slug":"adiestramiento-canino-centro-canino-zurbano-en-zurbano-alava","status":"publish","type":"page","link":"https:\/\/www.adiestradorcanino.com\/webdelperro\/alava\/zurbano\/adiestramiento-canino-centro-canino-zurbano-en-zurbano-alava\/","title":{"rendered":"Adiestramiento canino Centro Canino Zurbano en Zurbano, \u00c1lava"},"content":{"rendered":"\n<p>Si buscas en la b\u00fasqueda de un sitio seguro id\u00f3neo para adiestramiento de perros dentro de Zurbano,  Centro Canino Zurbano representa una excelente opci\u00f3n. Este lugar se dedica en el manejo de canes de todas las edades y razas, siempre t\u00e9cnicas \u00e9ticos y tambi\u00e9n eficaces.<\/p>\n\n\n\n<h2 class=\"wp-block-heading has-text-align-left nombreclinica\">Centro Canino Zurbano<\/h2>\n\n\n\n<div class=\"wp-block-group is-layout-constrained wp-block-group-is-layout-constrained\">\n<div class=\"wp-block-columns nc-clase-ficha is-layout-flex wp-container-core-columns-is-layout-9d6595d7 wp-block-columns-is-layout-flex\">\n<div class=\"wp-block-column is-vertically-aligned-center is-layout-flow wp-block-column-is-layout-flow\">\n<figure class=\"wp-block-image size-full\"><img decoding=\"async\" src=\"https:\/\/www.adiestradorcanino.com\/webdelperro\/wp-content\/uploads\/2025\/07\/Centro-Canino-Zurbano.jpg\" alt=\"Centro Canino Zurbano\" class=\"wp-image-19766\"\/><\/figure>\n\n\n\n<p>Entre los tratamientos m\u00e1s solicitados est\u00e1n los obediencia b\u00e1sica, la correcci\u00f3n de conductas no deseadas, la socializaci\u00f3n con otros animales y las clases espec\u00edficas para cachorros. Asimismo, en el centro se adaptan a las necesidades espec\u00edficas de cada familia y su mascota.<\/p>\n<\/div>\n\n\n\n<div class=\"wp-block-column is-vertically-aligned-center is-layout-flow wp-block-column-is-layout-flow\">\n<div class=\"su-service\"><div class=\"su-service-title\" style=\"padding-left:46px;min-height:32px;line-height:32px\"><i class=\"sui sui-user\" style=\"font-size:32px;color:#2471a3\"><\/i> <strong>Nombre<\/strong><\/div><div class=\"su-service-content su-u-clearfix su-u-trim\" style=\"padding-left:46px\">Centro Canino Zurbano<\/div><\/div>\n\n\n\n<div class=\"su-service\"><div class=\"su-service-title\" style=\"padding-left:46px;min-height:32px;line-height:32px\"><i class=\"sui sui-map-marker\" style=\"font-size:32px;color:#2471a3\"><\/i> <strong>Direcci\u00f3n<\/strong><\/div><div class=\"su-service-content su-u-clearfix su-u-trim\" style=\"padding-left:46px\">Ctra. Arzubiaga, 01520 Zurbano, \u00c1lava<\/div><\/div>\n\n\n\n<div class=\"su-service\"><div class=\"su-service-title\" style=\"padding-left:46px;min-height:32px;line-height:32px\"><i class=\"sui sui-volume-control-phone\" style=\"font-size:32px;color:#2471a3\"><\/i> <strong>Tel\u00e9fono<\/strong><\/div><div class=\"su-service-content su-u-clearfix su-u-trim\" style=\"padding-left:46px\">600 34 96 40<\/div><\/div>\n\n\n\n<div class=\"su-service\"><div class=\"su-service-title\" style=\"padding-left:46px;min-height:32px;line-height:32px\"><i class=\"sui sui-globe\" style=\"font-size:32px;color:#2471a3\"><\/i> <strong>Sitio web<\/strong><\/div><div class=\"su-service-content su-u-clearfix su-u-trim\" style=\"padding-left:46px\">http:\/\/centrocaninozurbano.com\/<\/div><\/div>\n\n\n\n<div class=\"su-service\"><div class=\"su-service-title\" style=\"padding-left:46px;min-height:32px;line-height:32px\"><i class=\"sui sui-star\" style=\"font-size:32px;color:#2471a3\"><\/i> Valoraci\u00f3n de los clientes<\/div><div class=\"su-service-content su-u-clearfix su-u-trim\" style=\"padding-left:46px\">4.5 \/ 5 (87)<\/div><\/div>\n<\/div>\n<\/div>\n<\/div>\n\n\n\n<div class=\"wp-block-columns is-layout-flex wp-container-core-columns-is-layout-9d6595d7 wp-block-columns-is-layout-flex\">\n<div class=\"wp-block-column mapa2 is-layout-flow wp-block-column-is-layout-flow\">\n<h2 class=\"wp-block-heading\">Ubicaci\u00f3n de Centro Canino Zurbano<\/h2>\n\n\n\n<div class=\"su-gmap su-u-responsive-media-yes mapa\"><iframe loading=\"lazy\" width=\"600\" height=\"280\" src=\"\/\/maps.google.com\/maps?q=Centro%20Canino%20Zurbano%2C%20Ctra.%20Arzubiaga%2C%2001520%20Zurbano%2C%20%C3%81lava&amp;output=embed&amp;z=20\" title=\"\"><\/iframe><\/div>\n\n\n\n<h2 class=\"wp-block-heading\">Horarios de Centro Canino Zurbano<\/h2>\n\n\n\n<figure class=\"wp-block-table\"><table><tbody><tr><td><strong>Lunes<\/strong><\/td><td><\/td><\/tr><tr><td><strong>Martes<\/strong><\/td><td><\/td><\/tr><tr><td><strong>Mi\u00e9rcoles<\/strong><\/td><td><\/td><\/tr><tr><td><strong>Jueves<\/strong><\/td><td><\/td><\/tr><tr><td><strong>Viernes<\/strong><\/td><td><\/td><\/tr><tr><td><strong>S\u00e1bado<\/strong><\/td><td><\/td><\/tr><tr><td><strong>Domingo<\/strong><\/td><td><\/td><\/tr><\/tbody><\/table><\/figure>\n\n\n\n<h2 class=\"wp-block-heading\">Tel\u00e9fono de Centro Canino Zurbano<\/h2>\n\n\n\n<p>Si quieres comunicarte con <strong>Centro Canino Zurbano<\/strong>, puedes hacerlo directamente llamando al siguiente n\u00famero:<\/p>\n\n\n\n<div class=\"wp-block-buttons is-content-justification-center is-layout-flex wp-container-core-buttons-is-layout-16018d1d wp-block-buttons-is-layout-flex\">\n<div class=\"wp-block-button is-style-fill\"><a class=\"wp-block-button__link has-background has-medium-font-size has-custom-font-size wp-element-button\" href=\"tel:600 34 96 40\" style=\"border-radius:6px;background-color:#2471a3\">Llamar ahora<\/a><\/div>\n<\/div>\n\n\n\n<h2 class=\"wp-block-heading\">M\u00e1s informaci\u00f3n<\/h2>\n\n\n\n<p>El Centro Canino Zurbano, ubicado en Ctra. Arzubiaga, 01520 Zurbano, \u00c1lava, se destaca como un referente en adiestramiento canino en Zurbano, ofreciendo una amplia gama de servicios dise\u00f1ados para educar y fortalecer el v\u00ednculo entre perros y due\u00f1os. Nuestros adiestradores de perros en \u00c1lava utilizan un enfoque integral que abarca la obediencia b\u00e1sica, la socializaci\u00f3n, la modificaci\u00f3n de conducta y programas personalizados, adapt\u00e1ndose a las necesidades espec\u00edficas de cada mascota. Lo que nos diferencia de otros centros es nuestra metodolog\u00eda basada en el refuerzo positivo y el compromiso de crear un entorno seguro y amigable, lo que garantiza resultados efectivos y duraderos. Si buscas adiestrar perros de manera profesional y cari\u00f1osa, el Centro Canino Zurbano es tu mejor opci\u00f3n para lograr una convivencia arm\u00f3nica y feliz con tu compa\u00f1ero canino.<\/p>\n\n\n\n<p>Localizado en Ctra. Arzubiaga, 01520 Zurbano, \u00c1lava, este centro de adiestramiento canino en Zurbano ha sido reconocido por su atenci\u00f3n cercano, expertise y logros visibles. Mira las opiniones de otros due\u00f1os de mascotas para descubrir su testimonio.<\/p>\n<\/div>\n<\/div>\n\n\n\n<p><\/p>\n\n\n\n<p>Si necesitas conocer otros (PONER NEGOCIO, ej: asesor\u00eda legal, decoraci\u00f3n de eventos, instalaciones el\u00e9ctricas) puedes <strong><a href=\"\/\">visitar nuestra p\u00e1gina principal<\/a><\/strong>.<\/p>\n","protected":false},"excerpt":{"rendered":"<p>Si buscas en la b\u00fasqueda de un sitio seguro id\u00f3neo para adiestramiento de perros dentro de Zurbano, Centro Canino Zurbano representa una excelente opci\u00f3n. Este lugar se dedica en el manejo de canes de todas las edades y razas, siempre t\u00e9cnicas \u00e9ticos y tambi\u00e9n eficaces. Centro Canino Zurbano Entre los tratamientos m\u00e1s solicitados est\u00e1n los [&hellip;]<\/p>\n","protected":false},"author":2,"featured_media":0,"parent":7610,"menu_order":0,"comment_status":"closed","ping_status":"closed","template":"","meta":{"_et_pb_use_builder":"","_et_pb_old_content":"","_et_gb_content_width":"","footnotes":""},"tags":[1002],"class_list":["post-9914","page","type-page","status-publish","hentry","tag-zurbano"],"_links":{"self":[{"href":"https:\/\/www.adiestradorcanino.com\/webdelperro\/wp-json\/wp\/v2\/pages\/9914","targetHints":{"allow":["GET"]}}],"collection":[{"href":"https:\/\/www.adiestradorcanino.com\/webdelperro\/wp-json\/wp\/v2\/pages"}],"about":[{"href":"https:\/\/www.adiestradorcanino.com\/webdelperro\/wp-json\/wp\/v2\/types\/page"}],"author":[{"embeddable":true,"href":"https:\/\/www.adiestradorcanino.com\/webdelperro\/wp-json\/wp\/v2\/users\/2"}],"replies":[{"embeddable":true,"href":"https:\/\/www.adiestradorcanino.com\/webdelperro\/wp-json\/wp\/v2\/comments?post=9914"}],"version-history":[{"count":0,"href":"https:\/\/www.adiestradorcanino.com\/webdelperro\/wp-json\/wp\/v2\/pages\/9914\/revisions"}],"up":[{"embeddable":true,"href":"https:\/\/www.adiestradorcanino.com\/webdelperro\/wp-json\/wp\/v2\/pages\/7610"}],"wp:attachment":[{"href":"https:\/\/www.adiestradorcanino.com\/webdelperro\/wp-json\/wp\/v2\/media?parent=9914"}],"wp:term":[{"taxonomy":"post_tag","embeddable":true,"href":"https:\/\/www.adiestradorcanino.com\/webdelperro\/wp-json\/wp\/v2\/tags?post=9914"}],"curies":[{"name":"wp","href":"https:\/\/api.w.org\/{rel}","templated":true}]}}