{"id":9905,"date":"2025-07-09T07:31:53","date_gmt":"2025-07-09T07:31:53","guid":{"rendered":"https:\/\/www.adiestradorcanino.com\/webdelperro\/almeria\/almeria\/adiestramiento-canino-residencia-canina-y-felina-y-escuela-de-adiestramiento-las-palomas-en-almeria-almeria\/"},"modified":"2025-07-09T07:31:53","modified_gmt":"2025-07-09T07:31:53","slug":"adiestramiento-canino-residencia-canina-y-felina-y-escuela-de-adiestramiento-las-palomas-en-almeria-almeria","status":"publish","type":"page","link":"https:\/\/www.adiestradorcanino.com\/webdelperro\/almeria\/almeria\/adiestramiento-canino-residencia-canina-y-felina-y-escuela-de-adiestramiento-las-palomas-en-almeria-almeria\/","title":{"rendered":"Adiestramiento canino Residencia Canina Y Felina Y Escuela De Adiestramiento Las Palomas en Almer\u00eda, Almer\u00eda"},"content":{"rendered":"\n<p>Si te encuentras en la b\u00fasqueda de un lugar de confianza para el entrenamiento canino en el \u00e1rea de Almer\u00eda, nuestra instituci\u00f3n se presenta como una alternativa destacada. Este lugar se dedica con canes sin importar la raza o edad, siempre utilizando con respetuosos y \u00fatiles.<\/p>\n\n\n\n<h2 class=\"wp-block-heading has-text-align-left nombreclinica\">Residencia Canina Y Felina Y Escuela De Adiestramiento Las Palomas<\/h2>\n\n\n\n<div class=\"wp-block-group is-layout-constrained wp-block-group-is-layout-constrained\">\n<div class=\"wp-block-columns nc-clase-ficha is-layout-flex wp-container-core-columns-is-layout-9d6595d7 wp-block-columns-is-layout-flex\">\n<div class=\"wp-block-column is-vertically-aligned-center is-layout-flow wp-block-column-is-layout-flow\">\n<figure class=\"wp-block-image size-full\"><img decoding=\"async\" src=\"https:\/\/www.adiestradorcanino.com\/webdelperro\/wp-content\/uploads\/2025\/07\/Residencia-Canina-Y-Felina-Y-Escuela-De-Adiestramiento-Las-Palomas.jpg\" alt=\"Residencia Canina Y Felina Y Escuela De Adiestramiento Las Palomas\" class=\"wp-image-19766\"\/><\/figure>\n\n\n\n<p>Entre los tratamientos m\u00e1s demandados se encuentran la cursos de obediencia b\u00e1sica, la modificaci\u00f3n de comportamientos no deseados, la interacci\u00f3n con otros animales y las sesiones especiales para cachorros. Asimismo, en nombre nos adaptamos a las necesidades espec\u00edficas de cada familia y animal.<\/p>\n<\/div>\n\n\n\n<div class=\"wp-block-column is-vertically-aligned-center is-layout-flow wp-block-column-is-layout-flow\">\n<div class=\"su-service\"><div class=\"su-service-title\" style=\"padding-left:46px;min-height:32px;line-height:32px\"><i class=\"sui sui-user\" style=\"font-size:32px;color:#2471a3\"><\/i> <strong>Nombre<\/strong><\/div><div class=\"su-service-content su-u-clearfix su-u-trim\" style=\"padding-left:46px\">Residencia Canina Y Felina Y Escuela De Adiestramiento Las Palomas<\/div><\/div>\n\n\n\n<div class=\"su-service\"><div class=\"su-service-title\" style=\"padding-left:46px;min-height:32px;line-height:32px\"><i class=\"sui sui-map-marker\" style=\"font-size:32px;color:#2471a3\"><\/i> <strong>Direcci\u00f3n<\/strong><\/div><div class=\"su-service-content su-u-clearfix su-u-trim\" style=\"padding-left:46px\">Diseminado Perales los Par, 61, 04120 Almer\u00eda<\/div><\/div>\n\n\n\n<div class=\"su-service\"><div class=\"su-service-title\" style=\"padding-left:46px;min-height:32px;line-height:32px\"><i class=\"sui sui-volume-control-phone\" style=\"font-size:32px;color:#2471a3\"><\/i> <strong>Tel\u00e9fono<\/strong><\/div><div class=\"su-service-content su-u-clearfix su-u-trim\" style=\"padding-left:46px\">627 45 55 88<\/div><\/div>\n\n\n\n<div class=\"su-service\"><div class=\"su-service-title\" style=\"padding-left:46px;min-height:32px;line-height:32px\"><i class=\"sui sui-globe\" style=\"font-size:32px;color:#2471a3\"><\/i> <strong>Sitio web<\/strong><\/div><div class=\"su-service-content su-u-clearfix su-u-trim\" style=\"padding-left:46px\"><\/div><\/div>\n\n\n\n<div class=\"su-service\"><div class=\"su-service-title\" style=\"padding-left:46px;min-height:32px;line-height:32px\"><i class=\"sui sui-star\" style=\"font-size:32px;color:#2471a3\"><\/i> Valoraci\u00f3n de los clientes<\/div><div class=\"su-service-content su-u-clearfix su-u-trim\" style=\"padding-left:46px\">3.9 \/ 5 (107)<\/div><\/div>\n<\/div>\n<\/div>\n<\/div>\n\n\n\n<div class=\"wp-block-columns is-layout-flex wp-container-core-columns-is-layout-9d6595d7 wp-block-columns-is-layout-flex\">\n<div class=\"wp-block-column mapa2 is-layout-flow wp-block-column-is-layout-flow\">\n<h2 class=\"wp-block-heading\">Ubicaci\u00f3n de Residencia Canina Y Felina Y Escuela De Adiestramiento Las Palomas<\/h2>\n\n\n\n<div class=\"su-gmap su-u-responsive-media-yes mapa\"><iframe loading=\"lazy\" width=\"600\" height=\"280\" src=\"\/\/maps.google.com\/maps?q=Residencia%20Canina%20Y%20Felina%20Y%20Escuela%20De%20Adiestramiento%20Las%20Palomas%2C%20Diseminado%20Perales%20los%20Par%2C%2061%2C%2004120%20Almer%C3%ADa&amp;output=embed&amp;z=20\" title=\"\"><\/iframe><\/div>\n\n\n\n<h2 class=\"wp-block-heading\">Horarios de Residencia Canina Y Felina Y Escuela De Adiestramiento Las Palomas<\/h2>\n\n\n\n<figure class=\"wp-block-table\"><table><tbody><tr><td><strong>Lunes<\/strong><\/td><td>lunes: 10:00\u201314:00, 17:00\u201319:00<\/td><\/tr><tr><td><strong>Martes<\/strong><\/td><td>martes: 10:00\u201314:00, 17:00\u201319:00<\/td><\/tr><tr><td><strong>Mi\u00e9rcoles<\/strong><\/td><td>mi\u00e9rcoles: 10:00\u201314:00, 17:00\u201319:00<\/td><\/tr><tr><td><strong>Jueves<\/strong><\/td><td>jueves: 10:00\u201314:00, 17:00\u201319:00<\/td><\/tr><tr><td><strong>Viernes<\/strong><\/td><td>viernes: 10:00\u201314:00, 17:00\u201319:00<\/td><\/tr><tr><td><strong>S\u00e1bado<\/strong><\/td><td>s\u00e1bado: 10:00\u201314:00<\/td><\/tr><tr><td><strong>Domingo<\/strong><\/td><td>domingo: Cerrado<\/td><\/tr><\/tbody><\/table><\/figure>\n\n\n\n<h2 class=\"wp-block-heading\">Tel\u00e9fono de Residencia Canina Y Felina Y Escuela De Adiestramiento Las Palomas<\/h2>\n\n\n\n<p>Si quieres comunicarte con <strong>Residencia Canina Y Felina Y Escuela De Adiestramiento Las Palomas<\/strong>, puedes hacerlo directamente llamando al siguiente n\u00famero:<\/p>\n\n\n\n<div class=\"wp-block-buttons is-content-justification-center is-layout-flex wp-container-core-buttons-is-layout-16018d1d wp-block-buttons-is-layout-flex\">\n<div class=\"wp-block-button is-style-fill\"><a class=\"wp-block-button__link has-background has-medium-font-size has-custom-font-size wp-element-button\" href=\"tel:627 45 55 88\" style=\"border-radius:6px;background-color:#2471a3\">Llamar ahora<\/a><\/div>\n<\/div>\n\n\n\n<h2 class=\"wp-block-heading\">M\u00e1s informaci\u00f3n<\/h2>\n\n\n\n<p>En el coraz\u00f3n de Almer\u00eda, la Residencia Canina y Felina y Escuela de Adiestramiento Las Palomas se destaca como el referente en **adiestramiento canino en Almer\u00eda**. Ubicados en Diseminado Perales los Par, 61, 04120 Almer\u00eda, ofrecemos un enfoque integral que abarca desde la obediencia b\u00e1sica y la socializaci\u00f3n hasta la modificaci\u00f3n de conducta, adaptando cada programa a las necesidades espec\u00edficas de cada perro y su due\u00f1o. Nuestros **adiestradores de perros en Almer\u00eda** son profesionales altamente capacitados que utilizan t\u00e9cnicas positivas y positivas, garantizando una experiencia enriquecedora y satisfactoria tanto para el animal como para su familia. Lo que nos diferencia de otros centros es nuestro compromiso genuino con el bienestar animal y la formaci\u00f3n de un v\u00ednculo s\u00f3lido entre el perro y su propietario, asegurando que cada sesi\u00f3n de adiestramiento se convierta en un momento de aprendizaje y diversi\u00f3n. Si buscas **adiestrar perros** de manera positiva y responsable, \u00a1en Las Palomas estamos listos para ayudarte a lograrlo!<\/p>\n\n\n\n<p>Localizado en Diseminado Perales los Par, 61, 04120 Almer\u00eda, el centro de adiestramiento canino en Almer\u00eda es famoso por su trato personal, profesionalidad y logros notables. Mira las rese\u00f1as de otros usuarios para conocer su testimonio.<\/p>\n<\/div>\n<\/div>\n\n\n\n<p><\/p>\n\n\n\n<p>Si necesitas conocer otros (PONER NEGOCIO, ej: asesor\u00eda legal, decoraci\u00f3n de eventos, instalaciones el\u00e9ctricas) puedes <strong><a href=\"\/\">visitar nuestra p\u00e1gina principal<\/a><\/strong>.<\/p>\n","protected":false},"excerpt":{"rendered":"<p>Si te encuentras en la b\u00fasqueda de un lugar de confianza para el entrenamiento canino en el \u00e1rea de Almer\u00eda, nuestra instituci\u00f3n se presenta como una alternativa destacada. Este lugar se dedica con canes sin importar la raza o edad, siempre utilizando con respetuosos y \u00fatiles. Residencia Canina Y Felina Y Escuela De Adiestramiento Las [&hellip;]<\/p>\n","protected":false},"author":2,"featured_media":0,"parent":7590,"menu_order":0,"comment_status":"closed","ping_status":"closed","template":"","meta":{"_et_pb_use_builder":"","_et_pb_old_content":"","_et_gb_content_width":"","footnotes":""},"tags":[839],"class_list":["post-9905","page","type-page","status-publish","hentry","tag-almeria"],"_links":{"self":[{"href":"https:\/\/www.adiestradorcanino.com\/webdelperro\/wp-json\/wp\/v2\/pages\/9905","targetHints":{"allow":["GET"]}}],"collection":[{"href":"https:\/\/www.adiestradorcanino.com\/webdelperro\/wp-json\/wp\/v2\/pages"}],"about":[{"href":"https:\/\/www.adiestradorcanino.com\/webdelperro\/wp-json\/wp\/v2\/types\/page"}],"author":[{"embeddable":true,"href":"https:\/\/www.adiestradorcanino.com\/webdelperro\/wp-json\/wp\/v2\/users\/2"}],"replies":[{"embeddable":true,"href":"https:\/\/www.adiestradorcanino.com\/webdelperro\/wp-json\/wp\/v2\/comments?post=9905"}],"version-history":[{"count":0,"href":"https:\/\/www.adiestradorcanino.com\/webdelperro\/wp-json\/wp\/v2\/pages\/9905\/revisions"}],"up":[{"embeddable":true,"href":"https:\/\/www.adiestradorcanino.com\/webdelperro\/wp-json\/wp\/v2\/pages\/7590"}],"wp:attachment":[{"href":"https:\/\/www.adiestradorcanino.com\/webdelperro\/wp-json\/wp\/v2\/media?parent=9905"}],"wp:term":[{"taxonomy":"post_tag","embeddable":true,"href":"https:\/\/www.adiestradorcanino.com\/webdelperro\/wp-json\/wp\/v2\/tags?post=9905"}],"curies":[{"name":"wp","href":"https:\/\/api.w.org\/{rel}","templated":true}]}}