{"id":9899,"date":"2025-07-09T07:30:50","date_gmt":"2025-07-09T07:30:50","guid":{"rendered":"https:\/\/www.adiestradorcanino.com\/webdelperro\/alicante\/el-campello\/adiestramiento-canino-adiestrador-de-perros-en-alicante-en-el-campello-alicante\/"},"modified":"2025-07-09T07:30:50","modified_gmt":"2025-07-09T07:30:50","slug":"adiestramiento-canino-adiestrador-de-perros-en-alicante-en-el-campello-alicante","status":"publish","type":"page","link":"https:\/\/www.adiestradorcanino.com\/webdelperro\/alicante\/el-campello\/adiestramiento-canino-adiestrador-de-perros-en-alicante-en-el-campello-alicante\/","title":{"rendered":"Adiestramiento canino Adiestrador De Perros En Alicante en El Campello, Alicante"},"content":{"rendered":"\n<p>En caso de que te encuentras en la b\u00fasqueda de un espacio de confianza para el el adiestramiento canino dentro de El Campello, nuestra instituci\u00f3n se presenta como una excelente opci\u00f3n. Nuestra instalaci\u00f3n se dedica en el entrenamiento de canes sin importar la raza o edad, siempre utilizando t\u00e9cnicas \u00e9ticos y \u00fatiles.<\/p>\n\n\n\n<h2 class=\"wp-block-heading has-text-align-left nombreclinica\">Adiestrador De Perros En Alicante<\/h2>\n\n\n\n<div class=\"wp-block-group is-layout-constrained wp-block-group-is-layout-constrained\">\n<div class=\"wp-block-columns nc-clase-ficha is-layout-flex wp-container-core-columns-is-layout-9d6595d7 wp-block-columns-is-layout-flex\">\n<div class=\"wp-block-column is-vertically-aligned-center is-layout-flow wp-block-column-is-layout-flow\">\n<figure class=\"wp-block-image size-full\"><img decoding=\"async\" src=\"https:\/\/www.adiestradorcanino.com\/webdelperro\/wp-content\/uploads\/2025\/07\/Adiestrador-De-Perros-En-Alicante.png\" alt=\"Adiestrador De Perros En Alicante\" class=\"wp-image-19766\"\/><\/figure>\n\n\n\n<p>Entre los tratamientos m\u00e1s demandados est\u00e1n la cursos de obediencia b\u00e1sica, la modificaci\u00f3n de comportamientos no deseados, la socializaci\u00f3n con otros perros y las clases espec\u00edficas para cachorros. Adem\u00e1s, en nuestro centro nos adaptamos a las necesidades concretas de cada familia y su mascota.<\/p>\n<\/div>\n\n\n\n<div class=\"wp-block-column is-vertically-aligned-center is-layout-flow wp-block-column-is-layout-flow\">\n<div class=\"su-service\"><div class=\"su-service-title\" style=\"padding-left:46px;min-height:32px;line-height:32px\"><i class=\"sui sui-user\" style=\"font-size:32px;color:#2471a3\"><\/i> <strong>Nombre<\/strong><\/div><div class=\"su-service-content su-u-clearfix su-u-trim\" style=\"padding-left:46px\">Adiestrador De Perros En Alicante<\/div><\/div>\n\n\n\n<div class=\"su-service\"><div class=\"su-service-title\" style=\"padding-left:46px;min-height:32px;line-height:32px\"><i class=\"sui sui-map-marker\" style=\"font-size:32px;color:#2471a3\"><\/i> <strong>Direcci\u00f3n<\/strong><\/div><div class=\"su-service-content su-u-clearfix su-u-trim\" style=\"padding-left:46px\">c\/Monnegre, 5, buz\u00f3n 1062, Coveta Fum\u00e1, 03560 El Campello, Alicante<\/div><\/div>\n\n\n\n<div class=\"su-service\"><div class=\"su-service-title\" style=\"padding-left:46px;min-height:32px;line-height:32px\"><i class=\"sui sui-volume-control-phone\" style=\"font-size:32px;color:#2471a3\"><\/i> <strong>Tel\u00e9fono<\/strong><\/div><div class=\"su-service-content su-u-clearfix su-u-trim\" style=\"padding-left:46px\">620 28 56 41<\/div><\/div>\n\n\n\n<div class=\"su-service\"><div class=\"su-service-title\" style=\"padding-left:46px;min-height:32px;line-height:32px\"><i class=\"sui sui-globe\" style=\"font-size:32px;color:#2471a3\"><\/i> <strong>Sitio web<\/strong><\/div><div class=\"su-service-content su-u-clearfix su-u-trim\" style=\"padding-left:46px\">http:\/\/adiestradordeperrosenalicante.blogspot.com.es\/<\/div><\/div>\n\n\n\n<div class=\"su-service\"><div class=\"su-service-title\" style=\"padding-left:46px;min-height:32px;line-height:32px\"><i class=\"sui sui-star\" style=\"font-size:32px;color:#2471a3\"><\/i> Valoraci\u00f3n de los clientes<\/div><div class=\"su-service-content su-u-clearfix su-u-trim\" style=\"padding-left:46px\"> \/ 5 (0)<\/div><\/div>\n<\/div>\n<\/div>\n<\/div>\n\n\n\n<div class=\"wp-block-columns is-layout-flex wp-container-core-columns-is-layout-9d6595d7 wp-block-columns-is-layout-flex\">\n<div class=\"wp-block-column mapa2 is-layout-flow wp-block-column-is-layout-flow\">\n<h2 class=\"wp-block-heading\">Ubicaci\u00f3n de Adiestrador De Perros En Alicante<\/h2>\n\n\n\n<div class=\"su-gmap su-u-responsive-media-yes mapa\"><iframe loading=\"lazy\" width=\"600\" height=\"280\" src=\"\/\/maps.google.com\/maps?q=Adiestrador%20De%20Perros%20En%20Alicante%2C%20c%2FMonnegre%2C%205%2C%20buz%C3%B3n%201062%2C%20Coveta%20Fum%C3%A1%2C%2003560%20El%20Campello%2C%20Alicante&amp;output=embed&amp;z=20\" title=\"\"><\/iframe><\/div>\n\n\n\n<h2 class=\"wp-block-heading\">Horarios de Adiestrador De Perros En Alicante<\/h2>\n\n\n\n<figure class=\"wp-block-table\"><table><tbody><tr><td><strong>Lunes<\/strong><\/td><td>lunes: 9:00\u201321:00<\/td><\/tr><tr><td><strong>Martes<\/strong><\/td><td>martes: 9:00\u201321:00<\/td><\/tr><tr><td><strong>Mi\u00e9rcoles<\/strong><\/td><td>mi\u00e9rcoles: 9:00\u201321:00<\/td><\/tr><tr><td><strong>Jueves<\/strong><\/td><td>jueves: 9:00\u201321:00<\/td><\/tr><tr><td><strong>Viernes<\/strong><\/td><td>viernes: 9:00\u201321:00<\/td><\/tr><tr><td><strong>S\u00e1bado<\/strong><\/td><td>s\u00e1bado: 9:00\u201321:00<\/td><\/tr><tr><td><strong>Domingo<\/strong><\/td><td>domingo: Cerrado<\/td><\/tr><\/tbody><\/table><\/figure>\n\n\n\n<h2 class=\"wp-block-heading\">Tel\u00e9fono de Adiestrador De Perros En Alicante<\/h2>\n\n\n\n<p>Si quieres comunicarte con <strong>Adiestrador De Perros En Alicante<\/strong>, puedes hacerlo directamente llamando al siguiente n\u00famero:<\/p>\n\n\n\n<div class=\"wp-block-buttons is-content-justification-center is-layout-flex wp-container-core-buttons-is-layout-16018d1d wp-block-buttons-is-layout-flex\">\n<div class=\"wp-block-button is-style-fill\"><a class=\"wp-block-button__link has-background has-medium-font-size has-custom-font-size wp-element-button\" href=\"tel:620 28 56 41\" style=\"border-radius:6px;background-color:#2471a3\">Llamar ahora<\/a><\/div>\n<\/div>\n\n\n\n<h2 class=\"wp-block-heading\">M\u00e1s informaci\u00f3n<\/h2>\n\n\n\n<p>En el centro de adiestramiento canino Adiestrador De Perros En Alicante, ubicado en c\/Monnegre, 5, buz\u00f3n 1062, Coveta Fum\u00e1, 03560 El Campello, Alicante, ofrecemos una amplia gama de servicios dise\u00f1ados para educar y mejorar la convivencia entre usted y su perro. Nuestro enfoque se centra en el adiestramiento en obediencia, socializaci\u00f3n y modificaci\u00f3n de conducta, adaptando cada programa a las necesidades espec\u00edficas de su mascota. Con un equipo de adiestradores de perros en Alicante altamente capacitados, garantizamos un ambiente positivo y enriquecedor que promueve el aprendizaje efectivo y la confianza. Lo que nos distingue de otros centros de adiestramiento canino en El Campello es nuestra metodolog\u00eda personalizada y el compromiso con el bienestar animal, asegurando que cada sesi\u00f3n sea una experiencia gratificante tanto para el perro como para su due\u00f1o. Si busca adiestrar perros de manera positiva y profesional, no dude en contactarnos y descubrir c\u00f3mo podemos ayudarle a lograr una relaci\u00f3n armoniosa con su fiel compa\u00f1ero.<\/p>\n\n\n\n<p>Situado en c\/Monnegre, 5, buz\u00f3n 1062, Coveta Fum\u00e1, 03560 El Campello, Alicante, el centro de adiestramiento canino en El Campello se considera destacado por su trato afectuoso, seriedad y logros notables. Revisa las valoraciones de otros due\u00f1os de mascotas para descubrir su experiencia.<\/p>\n<\/div>\n<\/div>\n\n\n\n<p><\/p>\n\n\n\n<p>Si necesitas conocer otros (PONER NEGOCIO, ej: asesor\u00eda legal, decoraci\u00f3n de eventos, instalaciones el\u00e9ctricas) puedes <strong><a href=\"\/\">visitar nuestra p\u00e1gina principal<\/a><\/strong>.<\/p>\n","protected":false},"excerpt":{"rendered":"<p>En caso de que te encuentras en la b\u00fasqueda de un espacio de confianza para el el adiestramiento canino dentro de El Campello, nuestra instituci\u00f3n se presenta como una excelente opci\u00f3n. Nuestra instalaci\u00f3n se dedica en el entrenamiento de canes sin importar la raza o edad, siempre utilizando t\u00e9cnicas \u00e9ticos y \u00fatiles. Adiestrador De Perros [&hellip;]<\/p>\n","protected":false},"author":2,"featured_media":0,"parent":7586,"menu_order":0,"comment_status":"closed","ping_status":"closed","template":"","meta":{"_et_pb_use_builder":"","_et_pb_old_content":"","_et_gb_content_width":"","footnotes":""},"tags":[998],"class_list":["post-9899","page","type-page","status-publish","hentry","tag-el-campello"],"_links":{"self":[{"href":"https:\/\/www.adiestradorcanino.com\/webdelperro\/wp-json\/wp\/v2\/pages\/9899","targetHints":{"allow":["GET"]}}],"collection":[{"href":"https:\/\/www.adiestradorcanino.com\/webdelperro\/wp-json\/wp\/v2\/pages"}],"about":[{"href":"https:\/\/www.adiestradorcanino.com\/webdelperro\/wp-json\/wp\/v2\/types\/page"}],"author":[{"embeddable":true,"href":"https:\/\/www.adiestradorcanino.com\/webdelperro\/wp-json\/wp\/v2\/users\/2"}],"replies":[{"embeddable":true,"href":"https:\/\/www.adiestradorcanino.com\/webdelperro\/wp-json\/wp\/v2\/comments?post=9899"}],"version-history":[{"count":0,"href":"https:\/\/www.adiestradorcanino.com\/webdelperro\/wp-json\/wp\/v2\/pages\/9899\/revisions"}],"up":[{"embeddable":true,"href":"https:\/\/www.adiestradorcanino.com\/webdelperro\/wp-json\/wp\/v2\/pages\/7586"}],"wp:attachment":[{"href":"https:\/\/www.adiestradorcanino.com\/webdelperro\/wp-json\/wp\/v2\/media?parent=9899"}],"wp:term":[{"taxonomy":"post_tag","embeddable":true,"href":"https:\/\/www.adiestradorcanino.com\/webdelperro\/wp-json\/wp\/v2\/tags?post=9899"}],"curies":[{"name":"wp","href":"https:\/\/api.w.org\/{rel}","templated":true}]}}