{"id":9898,"date":"2025-07-09T07:30:44","date_gmt":"2025-07-09T07:30:44","guid":{"rendered":"https:\/\/www.adiestradorcanino.com\/webdelperro\/alicante\/alicante-alacant\/adiestramiento-canino-adiestrador-de-perros-en-benidorm-en-alicante-alacant-alicante\/"},"modified":"2025-07-09T07:30:44","modified_gmt":"2025-07-09T07:30:44","slug":"adiestramiento-canino-adiestrador-de-perros-en-benidorm-en-alicante-alacant-alicante","status":"publish","type":"page","link":"https:\/\/www.adiestradorcanino.com\/webdelperro\/alicante\/alicante-alacant\/adiestramiento-canino-adiestrador-de-perros-en-benidorm-en-alicante-alacant-alicante\/","title":{"rendered":"Adiestramiento canino Adiestrador De Perros En Benidorm en Alicante (alacant), Alicante"},"content":{"rendered":"\n<p>Si est\u00e1s en la b\u00fasqueda de un sitio seguro id\u00f3neo para entrenamiento canino en Alicante (alacant), este centro se presenta como una opci\u00f3n destacada. Nuestra instalaci\u00f3n trabaja en el manejo de mascotas de todas las edades y razas, siempre m\u00e9todos amigables adem\u00e1s de \u00fatiles.<\/p>\n\n\n\n<h2 class=\"wp-block-heading has-text-align-left nombreclinica\">Adiestrador De Perros En Benidorm<\/h2>\n\n\n\n<div class=\"wp-block-group is-layout-constrained wp-block-group-is-layout-constrained\">\n<div class=\"wp-block-columns nc-clase-ficha is-layout-flex wp-container-core-columns-is-layout-9d6595d7 wp-block-columns-is-layout-flex\">\n<div class=\"wp-block-column is-vertically-aligned-center is-layout-flow wp-block-column-is-layout-flow\">\n<figure class=\"wp-block-image size-full\"><img decoding=\"async\" src=\"https:\/\/www.adiestradorcanino.com\/webdelperro\/wp-content\/uploads\/2025\/07\/Adiestrador-De-Perros-En-Benidorm.png\" alt=\"Adiestrador De Perros En Benidorm\" class=\"wp-image-19766\"\/><\/figure>\n\n\n\n<p>Entre los servicios m\u00e1s demandados est\u00e1n los entrenamiento de obediencia, la modificaci\u00f3n de comportamientos no deseados, la interacci\u00f3n con otros animales y las sesiones especiales para cachorros. Adem\u00e1s, en nuestro centro se adaptan a las necesidades espec\u00edficas de cada familia y su mascota.<\/p>\n<\/div>\n\n\n\n<div class=\"wp-block-column is-vertically-aligned-center is-layout-flow wp-block-column-is-layout-flow\">\n<div class=\"su-service\"><div class=\"su-service-title\" style=\"padding-left:46px;min-height:32px;line-height:32px\"><i class=\"sui sui-user\" style=\"font-size:32px;color:#2471a3\"><\/i> <strong>Nombre<\/strong><\/div><div class=\"su-service-content su-u-clearfix su-u-trim\" style=\"padding-left:46px\">Adiestrador De Perros En Benidorm<\/div><\/div>\n\n\n\n<div class=\"su-service\"><div class=\"su-service-title\" style=\"padding-left:46px;min-height:32px;line-height:32px\"><i class=\"sui sui-map-marker\" style=\"font-size:32px;color:#2471a3\"><\/i> <strong>Direcci\u00f3n<\/strong><\/div><div class=\"su-service-content su-u-clearfix su-u-trim\" style=\"padding-left:46px\">C. de Toledo, 48, 03002 Alicante (Alacant), Alicante<\/div><\/div>\n\n\n\n<div class=\"su-service\"><div class=\"su-service-title\" style=\"padding-left:46px;min-height:32px;line-height:32px\"><i class=\"sui sui-volume-control-phone\" style=\"font-size:32px;color:#2471a3\"><\/i> <strong>Tel\u00e9fono<\/strong><\/div><div class=\"su-service-content su-u-clearfix su-u-trim\" style=\"padding-left:46px\">654 77 93 26<\/div><\/div>\n\n\n\n<div class=\"su-service\"><div class=\"su-service-title\" style=\"padding-left:46px;min-height:32px;line-height:32px\"><i class=\"sui sui-globe\" style=\"font-size:32px;color:#2471a3\"><\/i> <strong>Sitio web<\/strong><\/div><div class=\"su-service-content su-u-clearfix su-u-trim\" style=\"padding-left:46px\">http:\/\/www.adiestradordeperrosenalicante.com\/<\/div><\/div>\n\n\n\n<div class=\"su-service\"><div class=\"su-service-title\" style=\"padding-left:46px;min-height:32px;line-height:32px\"><i class=\"sui sui-star\" style=\"font-size:32px;color:#2471a3\"><\/i> Valoraci\u00f3n de los clientes<\/div><div class=\"su-service-content su-u-clearfix su-u-trim\" style=\"padding-left:46px\">1 \/ 5 (1)<\/div><\/div>\n<\/div>\n<\/div>\n<\/div>\n\n\n\n<div class=\"wp-block-columns is-layout-flex wp-container-core-columns-is-layout-9d6595d7 wp-block-columns-is-layout-flex\">\n<div class=\"wp-block-column mapa2 is-layout-flow wp-block-column-is-layout-flow\">\n<h2 class=\"wp-block-heading\">Ubicaci\u00f3n de Adiestrador De Perros En Benidorm<\/h2>\n\n\n\n<div class=\"su-gmap su-u-responsive-media-yes mapa\"><iframe loading=\"lazy\" width=\"600\" height=\"280\" src=\"\/\/maps.google.com\/maps?q=Adiestrador%20De%20Perros%20En%20Benidorm%2C%20C.%20de%20Toledo%2C%2048%2C%2003002%20Alicante%20%28Alacant%29%2C%20Alicante&amp;output=embed&amp;z=20\" title=\"\"><\/iframe><\/div>\n\n\n\n<h2 class=\"wp-block-heading\">Horarios de Adiestrador De Perros En Benidorm<\/h2>\n\n\n\n<figure class=\"wp-block-table\"><table><tbody><tr><td><strong>Lunes<\/strong><\/td><td>lunes: 9:00\u201320:00<\/td><\/tr><tr><td><strong>Martes<\/strong><\/td><td>martes: 9:00\u201320:00<\/td><\/tr><tr><td><strong>Mi\u00e9rcoles<\/strong><\/td><td>mi\u00e9rcoles: 9:00\u201320:00<\/td><\/tr><tr><td><strong>Jueves<\/strong><\/td><td>jueves: 9:00\u201320:00<\/td><\/tr><tr><td><strong>Viernes<\/strong><\/td><td>viernes: 9:00\u201320:00<\/td><\/tr><tr><td><strong>S\u00e1bado<\/strong><\/td><td>s\u00e1bado: 9:00\u201314:00<\/td><\/tr><tr><td><strong>Domingo<\/strong><\/td><td>domingo: Cerrado<\/td><\/tr><\/tbody><\/table><\/figure>\n\n\n\n<h2 class=\"wp-block-heading\">Tel\u00e9fono de Adiestrador De Perros En Benidorm<\/h2>\n\n\n\n<p>Si quieres comunicarte con <strong>Adiestrador De Perros En Benidorm<\/strong>, puedes hacerlo directamente llamando al siguiente n\u00famero:<\/p>\n\n\n\n<div class=\"wp-block-buttons is-content-justification-center is-layout-flex wp-container-core-buttons-is-layout-16018d1d wp-block-buttons-is-layout-flex\">\n<div class=\"wp-block-button is-style-fill\"><a class=\"wp-block-button__link has-background has-medium-font-size has-custom-font-size wp-element-button\" href=\"tel:654 77 93 26\" style=\"border-radius:6px;background-color:#2471a3\">Llamar ahora<\/a><\/div>\n<\/div>\n\n\n\n<h2 class=\"wp-block-heading\">M\u00e1s informaci\u00f3n<\/h2>\n\n\n\n<p>En el centro de adiestramiento canino Adiestrador De Perros En Benidorm, ubicado en C. de Toledo, 48, 03002 Alicante (Alacant), ofrecemos una amplia gama de servicios de adiestramiento canino en Alicante (Alacant), dise\u00f1ados para satisfacer las necesidades espec\u00edficas de cada perro y su propietario. Nuestro enfoque integral abarca desde la obediencia b\u00e1sica y la socializaci\u00f3n hasta la modificaci\u00f3n de conducta, garantizando un aprendizaje efectivo y armonioso. Contamos con un equipo de adiestradores de perros en Alicante altamente cualificados, que utilizan t\u00e9cnicas basadas en el refuerzo positivo, creando un ambiente de confianza y respeto. Lo que nos distingue de otros centros es nuestra atenci\u00f3n personalizada y el compromiso con el bienestar emocional de tu mascota, lo que asegura no solo un perro bien educado, sino tambi\u00e9n feliz y equilibrado. Si buscas adiestrar perros de manera profesional y cercana, en Adiestrador De Perros En Benidorm encontrar\u00e1s la soluci\u00f3n ideal para fomentar una convivencia armoniosa con tu fiel compa\u00f1ero.<\/p>\n\n\n\n<p>Situado en C. de Toledo, 48, 03002 Alicante (Alacant), Alicante, el centro de adiestramiento canino en Alicante (alacant) ha sido famoso por su trato afectuoso, profesionalidad y logros evidentes. Consulta las valoraciones de otros due\u00f1os de mascotas para conocer su opini\u00f3n.<\/p>\n<\/div>\n<\/div>\n\n\n\n<p><\/p>\n\n\n\n<p>Si necesitas conocer otros (PONER NEGOCIO, ej: asesor\u00eda legal, decoraci\u00f3n de eventos, instalaciones el\u00e9ctricas) puedes <strong><a href=\"\/\">visitar nuestra p\u00e1gina principal<\/a><\/strong>.<\/p>\n","protected":false},"excerpt":{"rendered":"<p>Si est\u00e1s en la b\u00fasqueda de un sitio seguro id\u00f3neo para entrenamiento canino en Alicante (alacant), este centro se presenta como una opci\u00f3n destacada. Nuestra instalaci\u00f3n trabaja en el manejo de mascotas de todas las edades y razas, siempre m\u00e9todos amigables adem\u00e1s de \u00fatiles. Adiestrador De Perros En Benidorm Entre los servicios m\u00e1s demandados est\u00e1n [&hellip;]<\/p>\n","protected":false},"author":2,"featured_media":0,"parent":7562,"menu_order":0,"comment_status":"closed","ping_status":"closed","template":"","meta":{"_et_pb_use_builder":"","_et_pb_old_content":"","_et_gb_content_width":"","footnotes":""},"tags":[901],"class_list":["post-9898","page","type-page","status-publish","hentry","tag-alicante-alacant"],"_links":{"self":[{"href":"https:\/\/www.adiestradorcanino.com\/webdelperro\/wp-json\/wp\/v2\/pages\/9898","targetHints":{"allow":["GET"]}}],"collection":[{"href":"https:\/\/www.adiestradorcanino.com\/webdelperro\/wp-json\/wp\/v2\/pages"}],"about":[{"href":"https:\/\/www.adiestradorcanino.com\/webdelperro\/wp-json\/wp\/v2\/types\/page"}],"author":[{"embeddable":true,"href":"https:\/\/www.adiestradorcanino.com\/webdelperro\/wp-json\/wp\/v2\/users\/2"}],"replies":[{"embeddable":true,"href":"https:\/\/www.adiestradorcanino.com\/webdelperro\/wp-json\/wp\/v2\/comments?post=9898"}],"version-history":[{"count":0,"href":"https:\/\/www.adiestradorcanino.com\/webdelperro\/wp-json\/wp\/v2\/pages\/9898\/revisions"}],"up":[{"embeddable":true,"href":"https:\/\/www.adiestradorcanino.com\/webdelperro\/wp-json\/wp\/v2\/pages\/7562"}],"wp:attachment":[{"href":"https:\/\/www.adiestradorcanino.com\/webdelperro\/wp-json\/wp\/v2\/media?parent=9898"}],"wp:term":[{"taxonomy":"post_tag","embeddable":true,"href":"https:\/\/www.adiestradorcanino.com\/webdelperro\/wp-json\/wp\/v2\/tags?post=9898"}],"curies":[{"name":"wp","href":"https:\/\/api.w.org\/{rel}","templated":true}]}}