{"id":9896,"date":"2025-07-09T07:30:33","date_gmt":"2025-07-09T07:30:33","guid":{"rendered":"https:\/\/www.adiestradorcanino.com\/webdelperro\/alicante\/alicante-alacant\/adiestramiento-canino-adiestramiento-canino-en-alicante-alacant-alicante\/"},"modified":"2025-07-09T07:30:33","modified_gmt":"2025-07-09T07:30:33","slug":"adiestramiento-canino-adiestramiento-canino-en-alicante-alacant-alicante","status":"publish","type":"page","link":"https:\/\/www.adiestradorcanino.com\/webdelperro\/alicante\/alicante-alacant\/adiestramiento-canino-adiestramiento-canino-en-alicante-alacant-alicante\/","title":{"rendered":"Adiestramiento canino Adiestramiento Canino en Alicante (alacant), Alicante"},"content":{"rendered":"\n<p>En caso de que te encuentras en la b\u00fasqueda un sitio confiable id\u00f3neo para adiestramiento de perros dentro de Alicante (alacant), este centro es una opci\u00f3n destacada. Este centro se dedica con mascotas de cualquier edad y raza, usando con \u00e9ticos adem\u00e1s de \u00fatiles.<\/p>\n\n\n\n<h2 class=\"wp-block-heading has-text-align-left nombreclinica\">Adiestramiento Canino<\/h2>\n\n\n\n<div class=\"wp-block-group is-layout-constrained wp-block-group-is-layout-constrained\">\n<div class=\"wp-block-columns nc-clase-ficha is-layout-flex wp-container-core-columns-is-layout-9d6595d7 wp-block-columns-is-layout-flex\">\n<div class=\"wp-block-column is-vertically-aligned-center is-layout-flow wp-block-column-is-layout-flow\">\n\n\n<p>Entre nuestros tratamientos m\u00e1s solicitados est\u00e1n la entrenamiento de obediencia, la correcci\u00f3n de conductas no deseadas, la socializaci\u00f3n con otros perros y las clases dirigidas a cachorros. Asimismo, en el centro se adaptan a las necesidades espec\u00edficas de cada hogar y su animal.<\/p>\n<\/div>\n\n\n\n<div class=\"wp-block-column is-vertically-aligned-center is-layout-flow wp-block-column-is-layout-flow\">\n<div class=\"su-service\"><div class=\"su-service-title\" style=\"padding-left:46px;min-height:32px;line-height:32px\"><i class=\"sui sui-user\" style=\"font-size:32px;color:#2471a3\"><\/i> <strong>Nombre<\/strong><\/div><div class=\"su-service-content su-u-clearfix su-u-trim\" style=\"padding-left:46px\">Adiestramiento Canino<\/div><\/div>\n\n\n\n<div class=\"su-service\"><div class=\"su-service-title\" style=\"padding-left:46px;min-height:32px;line-height:32px\"><i class=\"sui sui-map-marker\" style=\"font-size:32px;color:#2471a3\"><\/i> <strong>Direcci\u00f3n<\/strong><\/div><div class=\"su-service-content su-u-clearfix su-u-trim\" style=\"padding-left:46px\">C. Susana Llaneras, 52, 54, 03001 Alicante (Alacant), Alicante<\/div><\/div>\n\n\n\n<div class=\"su-service\"><div class=\"su-service-title\" style=\"padding-left:46px;min-height:32px;line-height:32px\"><i class=\"sui sui-volume-control-phone\" style=\"font-size:32px;color:#2471a3\"><\/i> <strong>Tel\u00e9fono<\/strong><\/div><div class=\"su-service-content su-u-clearfix su-u-trim\" style=\"padding-left:46px\">610 68 19 06<\/div><\/div>\n\n\n\n<div class=\"su-service\"><div class=\"su-service-title\" style=\"padding-left:46px;min-height:32px;line-height:32px\"><i class=\"sui sui-globe\" style=\"font-size:32px;color:#2471a3\"><\/i> <strong>Sitio web<\/strong><\/div><div class=\"su-service-content su-u-clearfix su-u-trim\" style=\"padding-left:46px\">http:\/\/marketkan.webnode.es\/<\/div><\/div>\n\n\n\n<div class=\"su-service\"><div class=\"su-service-title\" style=\"padding-left:46px;min-height:32px;line-height:32px\"><i class=\"sui sui-star\" style=\"font-size:32px;color:#2471a3\"><\/i> Valoraci\u00f3n de los clientes<\/div><div class=\"su-service-content su-u-clearfix su-u-trim\" style=\"padding-left:46px\">4.5 \/ 5 (2)<\/div><\/div>\n<\/div>\n<\/div>\n<\/div>\n\n\n\n<div class=\"wp-block-columns is-layout-flex wp-container-core-columns-is-layout-9d6595d7 wp-block-columns-is-layout-flex\">\n<div class=\"wp-block-column mapa2 is-layout-flow wp-block-column-is-layout-flow\">\n<h2 class=\"wp-block-heading\">Ubicaci\u00f3n de Adiestramiento Canino<\/h2>\n\n\n\n<div class=\"su-gmap su-u-responsive-media-yes mapa\"><iframe loading=\"lazy\" width=\"600\" height=\"280\" src=\"\/\/maps.google.com\/maps?q=Adiestramiento%20Canino%2C%20C.%20Susana%20Llaneras%2C%2052%2C%2054%2C%2003001%20Alicante%20%28Alacant%29%2C%20Alicante&amp;output=embed&amp;z=20\" title=\"\"><\/iframe><\/div>\n\n\n\n<h2 class=\"wp-block-heading\">Horarios de Adiestramiento Canino<\/h2>\n\n\n\n<figure class=\"wp-block-table\"><table><tbody><tr><td><strong>Lunes<\/strong><\/td><td>lunes: 9:00\u201322:00<\/td><\/tr><tr><td><strong>Martes<\/strong><\/td><td>martes: 9:00\u201322:00<\/td><\/tr><tr><td><strong>Mi\u00e9rcoles<\/strong><\/td><td>mi\u00e9rcoles: 9:00\u201322:00<\/td><\/tr><tr><td><strong>Jueves<\/strong><\/td><td>jueves: 9:00\u201322:00<\/td><\/tr><tr><td><strong>Viernes<\/strong><\/td><td>viernes: 9:00\u201322:00<\/td><\/tr><tr><td><strong>S\u00e1bado<\/strong><\/td><td>s\u00e1bado: 9:00\u201322:00<\/td><\/tr><tr><td><strong>Domingo<\/strong><\/td><td>domingo: 9:00\u201322:00<\/td><\/tr><\/tbody><\/table><\/figure>\n\n\n\n<h2 class=\"wp-block-heading\">Tel\u00e9fono de Adiestramiento Canino<\/h2>\n\n\n\n<p>Si quieres comunicarte con <strong>Adiestramiento Canino<\/strong>, puedes hacerlo directamente llamando al siguiente n\u00famero:<\/p>\n\n\n\n<div class=\"wp-block-buttons is-content-justification-center is-layout-flex wp-container-core-buttons-is-layout-16018d1d wp-block-buttons-is-layout-flex\">\n<div class=\"wp-block-button is-style-fill\"><a class=\"wp-block-button__link has-background has-medium-font-size has-custom-font-size wp-element-button\" href=\"tel:610 68 19 06\" style=\"border-radius:6px;background-color:#2471a3\">Llamar ahora<\/a><\/div>\n<\/div>\n\n\n\n<h2 class=\"wp-block-heading\">M\u00e1s informaci\u00f3n<\/h2>\n\n\n\n<p>En el coraz\u00f3n de Alicante (Alacant), el centro de adiestramiento canino Adiestramiento Canino, ubicado en C. Susana Llaneras, 52, 54, 03001, se destaca como una referencia en la educaci\u00f3n y formaci\u00f3n de perros. Nuestro enfoque integral abarca desde la obediencia b\u00e1sica y la socializaci\u00f3n hasta la modificaci\u00f3n de conducta, garantizando que cada perro reciba un adiestramiento personalizado que se adapte a sus necesidades espec\u00edficas. Contamos con un equipo de adiestradores de perros en Alicante altamente calificados, que utilizan m\u00e9todos positivos y respetuosos, creando un ambiente de aprendizaje efectivo y agradable tanto para los animales como para sus due\u00f1os. Si buscas adiestramiento canino en Alicante (Alacant), en Adiestramiento Canino te ofrecemos un servicio de calidad que no solo educa a tu mascota, sino que tambi\u00e9n fortalece el v\u00ednculo entre t\u00fa y tu perro, convirti\u00e9ndonos en tu mejor aliado en el proceso de adiestramiento.<\/p>\n\n\n\n<p>Localizado en C. Susana Llaneras, 52, 54, 03001 Alicante (Alacant), Alicante, este centro de adiestramiento canino en Alicante (alacant) ha sido reconocido por su trato personal, expertise y resultados evidentes. Revisa las valoraciones de otros usuarios para descubrir su experiencia.<\/p>\n<\/div>\n<\/div>\n\n\n\n<p><\/p>\n\n\n\n<p>Si necesitas conocer otros (PONER NEGOCIO, ej: asesor\u00eda legal, decoraci\u00f3n de eventos, instalaciones el\u00e9ctricas) puedes <strong><a href=\"\/\">visitar nuestra p\u00e1gina principal<\/a><\/strong>.<\/p>\n","protected":false},"excerpt":{"rendered":"<p>En caso de que te encuentras en la b\u00fasqueda un sitio confiable id\u00f3neo para adiestramiento de perros dentro de Alicante (alacant), este centro es una opci\u00f3n destacada. Este centro se dedica con mascotas de cualquier edad y raza, usando con \u00e9ticos adem\u00e1s de \u00fatiles. Adiestramiento Canino Entre nuestros tratamientos m\u00e1s solicitados est\u00e1n la entrenamiento de [&hellip;]<\/p>\n","protected":false},"author":2,"featured_media":0,"parent":7562,"menu_order":0,"comment_status":"closed","ping_status":"closed","template":"","meta":{"_et_pb_use_builder":"","_et_pb_old_content":"","_et_gb_content_width":"","footnotes":""},"tags":[901],"class_list":["post-9896","page","type-page","status-publish","hentry","tag-alicante-alacant"],"_links":{"self":[{"href":"https:\/\/www.adiestradorcanino.com\/webdelperro\/wp-json\/wp\/v2\/pages\/9896","targetHints":{"allow":["GET"]}}],"collection":[{"href":"https:\/\/www.adiestradorcanino.com\/webdelperro\/wp-json\/wp\/v2\/pages"}],"about":[{"href":"https:\/\/www.adiestradorcanino.com\/webdelperro\/wp-json\/wp\/v2\/types\/page"}],"author":[{"embeddable":true,"href":"https:\/\/www.adiestradorcanino.com\/webdelperro\/wp-json\/wp\/v2\/users\/2"}],"replies":[{"embeddable":true,"href":"https:\/\/www.adiestradorcanino.com\/webdelperro\/wp-json\/wp\/v2\/comments?post=9896"}],"version-history":[{"count":0,"href":"https:\/\/www.adiestradorcanino.com\/webdelperro\/wp-json\/wp\/v2\/pages\/9896\/revisions"}],"up":[{"embeddable":true,"href":"https:\/\/www.adiestradorcanino.com\/webdelperro\/wp-json\/wp\/v2\/pages\/7562"}],"wp:attachment":[{"href":"https:\/\/www.adiestradorcanino.com\/webdelperro\/wp-json\/wp\/v2\/media?parent=9896"}],"wp:term":[{"taxonomy":"post_tag","embeddable":true,"href":"https:\/\/www.adiestradorcanino.com\/webdelperro\/wp-json\/wp\/v2\/tags?post=9896"}],"curies":[{"name":"wp","href":"https:\/\/api.w.org\/{rel}","templated":true}]}}