{"id":9893,"date":"2025-07-09T07:30:11","date_gmt":"2025-07-09T07:30:11","guid":{"rendered":"https:\/\/www.adiestradorcanino.com\/webdelperro\/alicante\/villena\/adiestramiento-canino-adiestrador-canino-alicante-wild-wild-dog-en-villena-alicante\/"},"modified":"2025-07-09T07:30:11","modified_gmt":"2025-07-09T07:30:11","slug":"adiestramiento-canino-adiestrador-canino-alicante-wild-wild-dog-en-villena-alicante","status":"publish","type":"page","link":"https:\/\/www.adiestradorcanino.com\/webdelperro\/alicante\/villena\/adiestramiento-canino-adiestrador-canino-alicante-wild-wild-dog-en-villena-alicante\/","title":{"rendered":"Adiestramiento canino Adiestrador Canino Alicante-wild Wild Dog en Villena, Alicante"},"content":{"rendered":"\n<p>Si acaso te encuentras en la b\u00fasqueda de un espacio de confianza id\u00f3neo para adiestramiento de perros en el \u00e1rea de Villena,  Adiestrador Canino Alicante-wild Wild Dog representa una alternativa destacada. Este lugar se especializa en el entrenamiento de perros sin importar la raza o edad, siempre utilizando con \u00e9ticos adem\u00e1s de efectivos.<\/p>\n\n\n\n<h2 class=\"wp-block-heading has-text-align-left nombreclinica\">Adiestrador Canino Alicante-wild Wild Dog<\/h2>\n\n\n\n<div class=\"wp-block-group is-layout-constrained wp-block-group-is-layout-constrained\">\n<div class=\"wp-block-columns nc-clase-ficha is-layout-flex wp-container-core-columns-is-layout-9d6595d7 wp-block-columns-is-layout-flex\">\n<div class=\"wp-block-column is-vertically-aligned-center is-layout-flow wp-block-column-is-layout-flow\">\n<figure class=\"wp-block-image size-full\"><img decoding=\"async\" src=\"https:\/\/www.adiestradorcanino.com\/webdelperro\/wp-content\/uploads\/2025\/07\/Adiestrador-Canino-Alicante-wild-Wild-Dog.png\" alt=\"Adiestrador Canino Alicante-wild Wild Dog\" class=\"wp-image-19766\"\/><\/figure>\n\n\n\n<p>Dentro de los servicios m\u00e1s solicitados est\u00e1n la cursos de obediencia b\u00e1sica, la correcci\u00f3n de conductas inapropiadas, la socializaci\u00f3n con otros animales y las clases espec\u00edficas para cachorros. Asimismo, en el centro nos adaptamos a las particularidades de cada hogar y su animal.<\/p>\n<\/div>\n\n\n\n<div class=\"wp-block-column is-vertically-aligned-center is-layout-flow wp-block-column-is-layout-flow\">\n<div class=\"su-service\"><div class=\"su-service-title\" style=\"padding-left:46px;min-height:32px;line-height:32px\"><i class=\"sui sui-user\" style=\"font-size:32px;color:#2471a3\"><\/i> <strong>Nombre<\/strong><\/div><div class=\"su-service-content su-u-clearfix su-u-trim\" style=\"padding-left:46px\">Adiestrador Canino Alicante-wild Wild Dog<\/div><\/div>\n\n\n\n<div class=\"su-service\"><div class=\"su-service-title\" style=\"padding-left:46px;min-height:32px;line-height:32px\"><i class=\"sui sui-map-marker\" style=\"font-size:32px;color:#2471a3\"><\/i> <strong>Direcci\u00f3n<\/strong><\/div><div class=\"su-service-content su-u-clearfix su-u-trim\" style=\"padding-left:46px\">Calle Onil, 7, Prol. Elche, 25, 03400 Villena, Alicante<\/div><\/div>\n\n\n\n<div class=\"su-service\"><div class=\"su-service-title\" style=\"padding-left:46px;min-height:32px;line-height:32px\"><i class=\"sui sui-volume-control-phone\" style=\"font-size:32px;color:#2471a3\"><\/i> <strong>Tel\u00e9fono<\/strong><\/div><div class=\"su-service-content su-u-clearfix su-u-trim\" style=\"padding-left:46px\">650 62 62 47<\/div><\/div>\n\n\n\n<div class=\"su-service\"><div class=\"su-service-title\" style=\"padding-left:46px;min-height:32px;line-height:32px\"><i class=\"sui sui-globe\" style=\"font-size:32px;color:#2471a3\"><\/i> <strong>Sitio web<\/strong><\/div><div class=\"su-service-content su-u-clearfix su-u-trim\" style=\"padding-left:46px\">https:\/\/wildwildog.com\/<\/div><\/div>\n\n\n\n<div class=\"su-service\"><div class=\"su-service-title\" style=\"padding-left:46px;min-height:32px;line-height:32px\"><i class=\"sui sui-star\" style=\"font-size:32px;color:#2471a3\"><\/i> Valoraci\u00f3n de los clientes<\/div><div class=\"su-service-content su-u-clearfix su-u-trim\" style=\"padding-left:46px\">5 \/ 5 (130)<\/div><\/div>\n<\/div>\n<\/div>\n<\/div>\n\n\n\n<div class=\"wp-block-columns is-layout-flex wp-container-core-columns-is-layout-9d6595d7 wp-block-columns-is-layout-flex\">\n<div class=\"wp-block-column mapa2 is-layout-flow wp-block-column-is-layout-flow\">\n<h2 class=\"wp-block-heading\">Ubicaci\u00f3n de Adiestrador Canino Alicante-wild Wild Dog<\/h2>\n\n\n\n<div class=\"su-gmap su-u-responsive-media-yes mapa\"><iframe loading=\"lazy\" width=\"600\" height=\"280\" src=\"\/\/maps.google.com\/maps?q=Adiestrador%20Canino%20Alicante-wild%20Wild%20Dog%2C%20Calle%20Onil%2C%207%2C%20Prol.%20Elche%2C%2025%2C%2003400%20Villena%2C%20Alicante&amp;output=embed&amp;z=20\" title=\"\"><\/iframe><\/div>\n\n\n\n<h2 class=\"wp-block-heading\">Horarios de Adiestrador Canino Alicante-wild Wild Dog<\/h2>\n\n\n\n<figure class=\"wp-block-table\"><table><tbody><tr><td><strong>Lunes<\/strong><\/td><td><\/td><\/tr><tr><td><strong>Martes<\/strong><\/td><td><\/td><\/tr><tr><td><strong>Mi\u00e9rcoles<\/strong><\/td><td><\/td><\/tr><tr><td><strong>Jueves<\/strong><\/td><td><\/td><\/tr><tr><td><strong>Viernes<\/strong><\/td><td><\/td><\/tr><tr><td><strong>S\u00e1bado<\/strong><\/td><td><\/td><\/tr><tr><td><strong>Domingo<\/strong><\/td><td><\/td><\/tr><\/tbody><\/table><\/figure>\n\n\n\n<h2 class=\"wp-block-heading\">Tel\u00e9fono de Adiestrador Canino Alicante-wild Wild Dog<\/h2>\n\n\n\n<p>Si quieres comunicarte con <strong>Adiestrador Canino Alicante-wild Wild Dog<\/strong>, puedes hacerlo directamente llamando al siguiente n\u00famero:<\/p>\n\n\n\n<div class=\"wp-block-buttons is-content-justification-center is-layout-flex wp-container-core-buttons-is-layout-16018d1d wp-block-buttons-is-layout-flex\">\n<div class=\"wp-block-button is-style-fill\"><a class=\"wp-block-button__link has-background has-medium-font-size has-custom-font-size wp-element-button\" href=\"tel:650 62 62 47\" style=\"border-radius:6px;background-color:#2471a3\">Llamar ahora<\/a><\/div>\n<\/div>\n\n\n\n<h2 class=\"wp-block-heading\">M\u00e1s informaci\u00f3n<\/h2>\n\n\n\n<p>En el centro de adiestramiento canino Adiestrador Canino Alicante-Wild Wild Dog, ubicado en Calle Onil, 7, Prol. Elche, 25, 03400 Villena, Alicante, ofrecemos un enfoque integral y profesional para el adiestramiento de perros. Nuestros servicios incluyen programas de obediencia, socializaci\u00f3n y modificaci\u00f3n de conducta, dise\u00f1ados para mejorar la relaci\u00f3n entre t\u00fa y tu mascota. Contamos con un equipo de adiestradores de perros en Alicante altamente capacitados, que utilizan t\u00e9cnicas basadas en el refuerzo positivo, garantizando as\u00ed un aprendizaje efectivo y armonioso. Lo que nos diferencia de otros centros de adiestramiento canino en Villena es nuestro compromiso con la personalizaci\u00f3n de cada programa, adapt\u00e1ndonos a las necesidades espec\u00edficas de cada perro y propietario. Si buscas adiestrar perros de manera positiva y enriquecedora, en Adiestrador Canino Alicante-Wild Wild Dog encontrar\u00e1s la soluci\u00f3n ideal para educar a tu compa\u00f1ero de forma amable y respetuosa.<\/p>\n\n\n\n<p>Localizado en Calle Onil, 7, Prol. Elche, 25, 03400 Villena, Alicante, el centro de adiestramiento canino en Villena es destacado por su atenci\u00f3n personal, profesionalidad y logros evidentes. Revisa las rese\u00f1as de otros usuarios para entender su opini\u00f3n.<\/p>\n<\/div>\n<\/div>\n\n\n\n<p><\/p>\n\n\n\n<p>Si necesitas conocer otros (PONER NEGOCIO, ej: asesor\u00eda legal, decoraci\u00f3n de eventos, instalaciones el\u00e9ctricas) puedes <strong><a href=\"\/\">visitar nuestra p\u00e1gina principal<\/a><\/strong>.<\/p>\n","protected":false},"excerpt":{"rendered":"<p>Si acaso te encuentras en la b\u00fasqueda de un espacio de confianza id\u00f3neo para adiestramiento de perros en el \u00e1rea de Villena, Adiestrador Canino Alicante-wild Wild Dog representa una alternativa destacada. Este lugar se especializa en el entrenamiento de perros sin importar la raza o edad, siempre utilizando con \u00e9ticos adem\u00e1s de efectivos. Adiestrador Canino [&hellip;]<\/p>\n","protected":false},"author":2,"featured_media":0,"parent":7574,"menu_order":0,"comment_status":"closed","ping_status":"closed","template":"","meta":{"_et_pb_use_builder":"","_et_pb_old_content":"","_et_gb_content_width":"","footnotes":""},"tags":[995],"class_list":["post-9893","page","type-page","status-publish","hentry","tag-villena"],"_links":{"self":[{"href":"https:\/\/www.adiestradorcanino.com\/webdelperro\/wp-json\/wp\/v2\/pages\/9893","targetHints":{"allow":["GET"]}}],"collection":[{"href":"https:\/\/www.adiestradorcanino.com\/webdelperro\/wp-json\/wp\/v2\/pages"}],"about":[{"href":"https:\/\/www.adiestradorcanino.com\/webdelperro\/wp-json\/wp\/v2\/types\/page"}],"author":[{"embeddable":true,"href":"https:\/\/www.adiestradorcanino.com\/webdelperro\/wp-json\/wp\/v2\/users\/2"}],"replies":[{"embeddable":true,"href":"https:\/\/www.adiestradorcanino.com\/webdelperro\/wp-json\/wp\/v2\/comments?post=9893"}],"version-history":[{"count":0,"href":"https:\/\/www.adiestradorcanino.com\/webdelperro\/wp-json\/wp\/v2\/pages\/9893\/revisions"}],"up":[{"embeddable":true,"href":"https:\/\/www.adiestradorcanino.com\/webdelperro\/wp-json\/wp\/v2\/pages\/7574"}],"wp:attachment":[{"href":"https:\/\/www.adiestradorcanino.com\/webdelperro\/wp-json\/wp\/v2\/media?parent=9893"}],"wp:term":[{"taxonomy":"post_tag","embeddable":true,"href":"https:\/\/www.adiestradorcanino.com\/webdelperro\/wp-json\/wp\/v2\/tags?post=9893"}],"curies":[{"name":"wp","href":"https:\/\/api.w.org\/{rel}","templated":true}]}}