{"id":9889,"date":"2025-07-09T07:29:46","date_gmt":"2025-07-09T07:29:46","guid":{"rendered":"https:\/\/www.adiestradorcanino.com\/webdelperro\/alicante\/alicante-alacant\/adiestramiento-canino-neacan-en-alicante-alacant-alicante\/"},"modified":"2025-07-09T07:29:46","modified_gmt":"2025-07-09T07:29:46","slug":"adiestramiento-canino-neacan-en-alicante-alacant-alicante","status":"publish","type":"page","link":"https:\/\/www.adiestradorcanino.com\/webdelperro\/alicante\/alicante-alacant\/adiestramiento-canino-neacan-en-alicante-alacant-alicante\/","title":{"rendered":"Adiestramiento canino Neacan en Alicante (alacant), Alicante"},"content":{"rendered":"\n<p>Si acaso te encuentras en la b\u00fasqueda de un lugar confiable para el el adiestramiento canino en Alicante (alacant), este centro representa una excelente opci\u00f3n. Este centro trabaja con perros de todas las edades y razas, siempre utilizando t\u00e9cnicas amigables y tambi\u00e9n eficaces.<\/p>\n\n\n\n<h2 class=\"wp-block-heading has-text-align-left nombreclinica\">Neacan<\/h2>\n\n\n\n<div class=\"wp-block-group is-layout-constrained wp-block-group-is-layout-constrained\">\n<div class=\"wp-block-columns nc-clase-ficha is-layout-flex wp-container-core-columns-is-layout-9d6595d7 wp-block-columns-is-layout-flex\">\n<div class=\"wp-block-column is-vertically-aligned-center is-layout-flow wp-block-column-is-layout-flow\">\n<figure class=\"wp-block-image size-full\"><img decoding=\"async\" src=\"https:\/\/www.adiestradorcanino.com\/webdelperro\/wp-content\/uploads\/2025\/07\/Neacan.png\" alt=\"Neacan\" class=\"wp-image-19766\"\/><\/figure>\n\n\n\n<p>Dentro de nuestros tratamientos m\u00e1s demandados se encuentran la cursos de obediencia b\u00e1sica, la modificaci\u00f3n de comportamientos no deseados, la socializaci\u00f3n con otros perros y las clases espec\u00edficas para cachorros. Asimismo, en nombre se adaptan a las necesidades espec\u00edficas de cada familia y animal.<\/p>\n<\/div>\n\n\n\n<div class=\"wp-block-column is-vertically-aligned-center is-layout-flow wp-block-column-is-layout-flow\">\n<div class=\"su-service\"><div class=\"su-service-title\" style=\"padding-left:46px;min-height:32px;line-height:32px\"><i class=\"sui sui-user\" style=\"font-size:32px;color:#2471a3\"><\/i> <strong>Nombre<\/strong><\/div><div class=\"su-service-content su-u-clearfix su-u-trim\" style=\"padding-left:46px\">Neacan<\/div><\/div>\n\n\n\n<div class=\"su-service\"><div class=\"su-service-title\" style=\"padding-left:46px;min-height:32px;line-height:32px\"><i class=\"sui sui-map-marker\" style=\"font-size:32px;color:#2471a3\"><\/i> <strong>Direcci\u00f3n<\/strong><\/div><div class=\"su-service-content su-u-clearfix su-u-trim\" style=\"padding-left:46px\">03699 Alicante (Alacant), Alicante<\/div><\/div>\n\n\n\n<div class=\"su-service\"><div class=\"su-service-title\" style=\"padding-left:46px;min-height:32px;line-height:32px\"><i class=\"sui sui-volume-control-phone\" style=\"font-size:32px;color:#2471a3\"><\/i> <strong>Tel\u00e9fono<\/strong><\/div><div class=\"su-service-content su-u-clearfix su-u-trim\" style=\"padding-left:46px\">609 38 38 92<\/div><\/div>\n\n\n\n<div class=\"su-service\"><div class=\"su-service-title\" style=\"padding-left:46px;min-height:32px;line-height:32px\"><i class=\"sui sui-globe\" style=\"font-size:32px;color:#2471a3\"><\/i> <strong>Sitio web<\/strong><\/div><div class=\"su-service-content su-u-clearfix su-u-trim\" style=\"padding-left:46px\">http:\/\/www.neacan.es\/<\/div><\/div>\n\n\n\n<div class=\"su-service\"><div class=\"su-service-title\" style=\"padding-left:46px;min-height:32px;line-height:32px\"><i class=\"sui sui-star\" style=\"font-size:32px;color:#2471a3\"><\/i> Valoraci\u00f3n de los clientes<\/div><div class=\"su-service-content su-u-clearfix su-u-trim\" style=\"padding-left:46px\">5 \/ 5 (46)<\/div><\/div>\n<\/div>\n<\/div>\n<\/div>\n\n\n\n<div class=\"wp-block-columns is-layout-flex wp-container-core-columns-is-layout-9d6595d7 wp-block-columns-is-layout-flex\">\n<div class=\"wp-block-column mapa2 is-layout-flow wp-block-column-is-layout-flow\">\n<h2 class=\"wp-block-heading\">Ubicaci\u00f3n de Neacan<\/h2>\n\n\n\n<div class=\"su-gmap su-u-responsive-media-yes mapa\"><iframe loading=\"lazy\" width=\"600\" height=\"280\" src=\"\/\/maps.google.com\/maps?q=Neacan%2C%2003699%20Alicante%20%28Alacant%29%2C%20Alicante&amp;output=embed&amp;z=20\" title=\"\"><\/iframe><\/div>\n\n\n\n<h2 class=\"wp-block-heading\">Horarios de Neacan<\/h2>\n\n\n\n<figure class=\"wp-block-table\"><table><tbody><tr><td><strong>Lunes<\/strong><\/td><td>lunes: 9:00\u201314:00, 16:00\u201320:30<\/td><\/tr><tr><td><strong>Martes<\/strong><\/td><td>martes: 9:00\u201314:00, 16:00\u201320:30<\/td><\/tr><tr><td><strong>Mi\u00e9rcoles<\/strong><\/td><td>mi\u00e9rcoles: 9:00\u201314:00, 16:00\u201320:30<\/td><\/tr><tr><td><strong>Jueves<\/strong><\/td><td>jueves: 9:00\u201314:00, 16:00\u201320:30<\/td><\/tr><tr><td><strong>Viernes<\/strong><\/td><td>viernes: 9:00\u201314:00, 16:00\u201320:30<\/td><\/tr><tr><td><strong>S\u00e1bado<\/strong><\/td><td>s\u00e1bado: 9:00\u201314:00<\/td><\/tr><tr><td><strong>Domingo<\/strong><\/td><td>domingo: Cerrado<\/td><\/tr><\/tbody><\/table><\/figure>\n\n\n\n<h2 class=\"wp-block-heading\">Tel\u00e9fono de Neacan<\/h2>\n\n\n\n<p>Si quieres comunicarte con <strong>Neacan<\/strong>, puedes hacerlo directamente llamando al siguiente n\u00famero:<\/p>\n\n\n\n<div class=\"wp-block-buttons is-content-justification-center is-layout-flex wp-container-core-buttons-is-layout-16018d1d wp-block-buttons-is-layout-flex\">\n<div class=\"wp-block-button is-style-fill\"><a class=\"wp-block-button__link has-background has-medium-font-size has-custom-font-size wp-element-button\" href=\"tel:609 38 38 92\" style=\"border-radius:6px;background-color:#2471a3\">Llamar ahora<\/a><\/div>\n<\/div>\n\n\n\n<h2 class=\"wp-block-heading\">M\u00e1s informaci\u00f3n<\/h2>\n\n\n\n<p>En el centro de adiestramiento canino Neacan, ubicado en 03699 Alicante (Alacant), ofrecemos un enfoque integral para adiestrar perros que combina t\u00e9cnicas de obediencia, socializaci\u00f3n y modificaci\u00f3n de conducta, adaptadas a las necesidades espec\u00edficas de cada mascota. Nuestros adiestradores de perros en Alicante cuentan con una amplia experiencia y utilizan m\u00e9todos positivos que fomentan una relaci\u00f3n armoniosa entre el due\u00f1o y su perro. Lo que nos diferencia de otros centros de adiestramiento canino en Alicante (Alacant) es nuestro compromiso con la educaci\u00f3n continua y el bienestar animal, garantizando un aprendizaje efectivo en un ambiente amable y profesional. Si buscas un servicio de calidad para educar a tu perro, en Neacan encontrar\u00e1s la soluci\u00f3n ideal para lograr un compa\u00f1ero obediente y equilibrado.<\/p>\n\n\n\n<p>Localizado en 03699 Alicante (Alacant), Alicante, este centro de adiestramiento canino en Alicante (alacant) es famoso por su atenci\u00f3n personal, seriedad y resultados visibles. Consulta las valoraciones de otros due\u00f1os de mascotas para descubrir su opini\u00f3n.<\/p>\n<\/div>\n<\/div>\n\n\n\n<p><\/p>\n\n\n\n<p>Si necesitas conocer otros (PONER NEGOCIO, ej: asesor\u00eda legal, decoraci\u00f3n de eventos, instalaciones el\u00e9ctricas) puedes <strong><a href=\"\/\">visitar nuestra p\u00e1gina principal<\/a><\/strong>.<\/p>\n","protected":false},"excerpt":{"rendered":"<p>Si acaso te encuentras en la b\u00fasqueda de un lugar confiable para el el adiestramiento canino en Alicante (alacant), este centro representa una excelente opci\u00f3n. Este centro trabaja con perros de todas las edades y razas, siempre utilizando t\u00e9cnicas amigables y tambi\u00e9n eficaces. Neacan Dentro de nuestros tratamientos m\u00e1s demandados se encuentran la cursos de [&hellip;]<\/p>\n","protected":false},"author":2,"featured_media":0,"parent":7562,"menu_order":0,"comment_status":"closed","ping_status":"closed","template":"","meta":{"_et_pb_use_builder":"","_et_pb_old_content":"","_et_gb_content_width":"","footnotes":""},"tags":[901],"class_list":["post-9889","page","type-page","status-publish","hentry","tag-alicante-alacant"],"_links":{"self":[{"href":"https:\/\/www.adiestradorcanino.com\/webdelperro\/wp-json\/wp\/v2\/pages\/9889","targetHints":{"allow":["GET"]}}],"collection":[{"href":"https:\/\/www.adiestradorcanino.com\/webdelperro\/wp-json\/wp\/v2\/pages"}],"about":[{"href":"https:\/\/www.adiestradorcanino.com\/webdelperro\/wp-json\/wp\/v2\/types\/page"}],"author":[{"embeddable":true,"href":"https:\/\/www.adiestradorcanino.com\/webdelperro\/wp-json\/wp\/v2\/users\/2"}],"replies":[{"embeddable":true,"href":"https:\/\/www.adiestradorcanino.com\/webdelperro\/wp-json\/wp\/v2\/comments?post=9889"}],"version-history":[{"count":0,"href":"https:\/\/www.adiestradorcanino.com\/webdelperro\/wp-json\/wp\/v2\/pages\/9889\/revisions"}],"up":[{"embeddable":true,"href":"https:\/\/www.adiestradorcanino.com\/webdelperro\/wp-json\/wp\/v2\/pages\/7562"}],"wp:attachment":[{"href":"https:\/\/www.adiestradorcanino.com\/webdelperro\/wp-json\/wp\/v2\/media?parent=9889"}],"wp:term":[{"taxonomy":"post_tag","embeddable":true,"href":"https:\/\/www.adiestradorcanino.com\/webdelperro\/wp-json\/wp\/v2\/tags?post=9889"}],"curies":[{"name":"wp","href":"https:\/\/api.w.org\/{rel}","templated":true}]}}