{"id":9883,"date":"2025-07-09T07:28:50","date_gmt":"2025-07-09T07:28:50","guid":{"rendered":"https:\/\/www.adiestradorcanino.com\/webdelperro\/alicante\/san-vicente-del-raspeig\/adiestramiento-canino-club-de-adiestramiento-rock-dogs-en-san-vicente-del-raspeig-alicante\/"},"modified":"2025-07-09T07:28:50","modified_gmt":"2025-07-09T07:28:50","slug":"adiestramiento-canino-club-de-adiestramiento-rock-dogs-en-san-vicente-del-raspeig-alicante","status":"publish","type":"page","link":"https:\/\/www.adiestradorcanino.com\/webdelperro\/alicante\/san-vicente-del-raspeig\/adiestramiento-canino-club-de-adiestramiento-rock-dogs-en-san-vicente-del-raspeig-alicante\/","title":{"rendered":"Adiestramiento canino Club De Adiestramiento Rock &amp; Dogs en San Vicente Del Raspeig, Alicante"},"content":{"rendered":"\n<p>Si acaso est\u00e1s en la b\u00fasqueda un lugar confiable id\u00f3neo para adiestramiento de perros dentro de San Vicente Del Raspeig, nuestra instituci\u00f3n representa una opci\u00f3n destacada. Este centro trabaja con canes de cualquier edad y raza, siempre t\u00e9cnicas \u00e9ticos adem\u00e1s de efectivos.<\/p>\n\n\n\n<h2 class=\"wp-block-heading has-text-align-left nombreclinica\">Club De Adiestramiento Rock &amp; Dogs<\/h2>\n\n\n\n<div class=\"wp-block-group is-layout-constrained wp-block-group-is-layout-constrained\">\n<div class=\"wp-block-columns nc-clase-ficha is-layout-flex wp-container-core-columns-is-layout-9d6595d7 wp-block-columns-is-layout-flex\">\n<div class=\"wp-block-column is-vertically-aligned-center is-layout-flow wp-block-column-is-layout-flow\">\n<figure class=\"wp-block-image size-full\"><img decoding=\"async\" src=\"https:\/\/www.adiestradorcanino.com\/webdelperro\/wp-content\/uploads\/2025\/07\/Club-De-Adiestramiento-Rock-Dogs.png\" alt=\"Club De Adiestramiento Rock &amp; Dogs\" class=\"wp-image-19766\"\/><\/figure>\n\n\n\n<p>Dentro de nuestros tratamientos m\u00e1s demandados est\u00e1n los entrenamiento de obediencia, la correcci\u00f3n de conductas no deseadas, la socializaci\u00f3n con otros animales y las clases dirigidas a cachorros. Asimismo, en el centro nos adaptamos a las necesidades espec\u00edficas de cada familia y su mascota.<\/p>\n<\/div>\n\n\n\n<div class=\"wp-block-column is-vertically-aligned-center is-layout-flow wp-block-column-is-layout-flow\">\n<div class=\"su-service\"><div class=\"su-service-title\" style=\"padding-left:46px;min-height:32px;line-height:32px\"><i class=\"sui sui-user\" style=\"font-size:32px;color:#2471a3\"><\/i> <strong>Nombre<\/strong><\/div><div class=\"su-service-content su-u-clearfix su-u-trim\" style=\"padding-left:46px\">Club De Adiestramiento Rock &amp; Dogs<\/div><\/div>\n\n\n\n<div class=\"su-service\"><div class=\"su-service-title\" style=\"padding-left:46px;min-height:32px;line-height:32px\"><i class=\"sui sui-map-marker\" style=\"font-size:32px;color:#2471a3\"><\/i> <strong>Direcci\u00f3n<\/strong><\/div><div class=\"su-service-content su-u-clearfix su-u-trim\" style=\"padding-left:46px\">C. de las Herrer\u00edas, 15, 03690 San Vicente del Raspeig, Alicante<\/div><\/div>\n\n\n\n<div class=\"su-service\"><div class=\"su-service-title\" style=\"padding-left:46px;min-height:32px;line-height:32px\"><i class=\"sui sui-volume-control-phone\" style=\"font-size:32px;color:#2471a3\"><\/i> <strong>Tel\u00e9fono<\/strong><\/div><div class=\"su-service-content su-u-clearfix su-u-trim\" style=\"padding-left:46px\">620 28 56 41<\/div><\/div>\n\n\n\n<div class=\"su-service\"><div class=\"su-service-title\" style=\"padding-left:46px;min-height:32px;line-height:32px\"><i class=\"sui sui-globe\" style=\"font-size:32px;color:#2471a3\"><\/i> <strong>Sitio web<\/strong><\/div><div class=\"su-service-content su-u-clearfix su-u-trim\" style=\"padding-left:46px\">http:\/\/clubdeadiestramientoenalicante.com\/<\/div><\/div>\n\n\n\n<div class=\"su-service\"><div class=\"su-service-title\" style=\"padding-left:46px;min-height:32px;line-height:32px\"><i class=\"sui sui-star\" style=\"font-size:32px;color:#2471a3\"><\/i> Valoraci\u00f3n de los clientes<\/div><div class=\"su-service-content su-u-clearfix su-u-trim\" style=\"padding-left:46px\">4.5 \/ 5 (103)<\/div><\/div>\n<\/div>\n<\/div>\n<\/div>\n\n\n\n<div class=\"wp-block-columns is-layout-flex wp-container-core-columns-is-layout-9d6595d7 wp-block-columns-is-layout-flex\">\n<div class=\"wp-block-column mapa2 is-layout-flow wp-block-column-is-layout-flow\">\n<h2 class=\"wp-block-heading\">Ubicaci\u00f3n de Club De Adiestramiento Rock &amp; Dogs<\/h2>\n\n\n\n<div class=\"su-gmap su-u-responsive-media-yes mapa\"><iframe loading=\"lazy\" width=\"600\" height=\"280\" src=\"\/\/maps.google.com\/maps?q=Club%20De%20Adiestramiento%20Rock%20%26amp%3B%20Dogs%2C%20C.%20de%20las%20Herrer%C3%ADas%2C%2015%2C%2003690%20San%20Vicente%20del%20Raspeig%2C%20Alicante&amp;output=embed&amp;z=20\" title=\"\"><\/iframe><\/div>\n\n\n\n<h2 class=\"wp-block-heading\">Horarios de Club De Adiestramiento Rock &amp; Dogs<\/h2>\n\n\n\n<figure class=\"wp-block-table\"><table><tbody><tr><td><strong>Lunes<\/strong><\/td><td>lunes: 9:00\u201321:00<\/td><\/tr><tr><td><strong>Martes<\/strong><\/td><td>martes: 9:00\u201321:00<\/td><\/tr><tr><td><strong>Mi\u00e9rcoles<\/strong><\/td><td>mi\u00e9rcoles: 9:00\u201321:00<\/td><\/tr><tr><td><strong>Jueves<\/strong><\/td><td>jueves: 9:00\u201321:00<\/td><\/tr><tr><td><strong>Viernes<\/strong><\/td><td>viernes: 9:00\u201321:00<\/td><\/tr><tr><td><strong>S\u00e1bado<\/strong><\/td><td>s\u00e1bado: 9:00\u201320:00<\/td><\/tr><tr><td><strong>Domingo<\/strong><\/td><td>domingo: 9:00\u201320:00<\/td><\/tr><\/tbody><\/table><\/figure>\n\n\n\n<h2 class=\"wp-block-heading\">Tel\u00e9fono de Club De Adiestramiento Rock &amp; Dogs<\/h2>\n\n\n\n<p>Si quieres comunicarte con <strong>Club De Adiestramiento Rock &amp; Dogs<\/strong>, puedes hacerlo directamente llamando al siguiente n\u00famero:<\/p>\n\n\n\n<div class=\"wp-block-buttons is-content-justification-center is-layout-flex wp-container-core-buttons-is-layout-16018d1d wp-block-buttons-is-layout-flex\">\n<div class=\"wp-block-button is-style-fill\"><a class=\"wp-block-button__link has-background has-medium-font-size has-custom-font-size wp-element-button\" href=\"tel:620 28 56 41\" style=\"border-radius:6px;background-color:#2471a3\">Llamar ahora<\/a><\/div>\n<\/div>\n\n\n\n<h2 class=\"wp-block-heading\">M\u00e1s informaci\u00f3n<\/h2>\n\n\n\n<p>En el coraz\u00f3n de San Vicente del Raspeig, Alicante, se encuentra el Club De Adiestramiento Rock &#038; Dogs, un centro especializado en adiestramiento canino que ofrece una amplia variedad de servicios para educar y socializar a tu perro. Nuestro enfoque integral abarca desde la obediencia b\u00e1sica hasta la modificaci\u00f3n de conducta, asegurando que cada mascota reciba la atenci\u00f3n y el m\u00e9todo que mejor se adapte a sus necesidades. Nuestros adiestradores de perros en Alicante destacan por su experiencia y pasi\u00f3n, utilizando t\u00e9cnicas positivas y personalizadas que fomentan una relaci\u00f3n armoniosa entre el due\u00f1o y su mascota. En Rock &#038; Dogs, creemos que un perro bien educado es un compa\u00f1ero feliz; por eso, nos esforzamos por brindar un ambiente cercano y profesional donde tanto perros como due\u00f1os se sientan c\u00f3modos y motivados. Si buscas adiestramiento canino en San Vicente Del Raspeig, no dudes en contactarnos y descubre c\u00f3mo podemos ayudarte a adiestrar perros de manera positiva y cari\u00f1osa.<\/p>\n\n\n\n<p>Ubicado en C. de las Herrer\u00edas, 15, 03690 San Vicente del Raspeig, Alicante, el centro de adiestramiento canino en San Vicente Del Raspeig ha sido famoso por su atenci\u00f3n cercano, expertise y resultados visibles. Revisa las rese\u00f1as de otros due\u00f1os de mascotas para descubrir su testimonio.<\/p>\n<\/div>\n<\/div>\n\n\n\n<p><\/p>\n\n\n\n<p>Si necesitas conocer otros (PONER NEGOCIO, ej: asesor\u00eda legal, decoraci\u00f3n de eventos, instalaciones el\u00e9ctricas) puedes <strong><a href=\"\/\">visitar nuestra p\u00e1gina principal<\/a><\/strong>.<\/p>\n","protected":false},"excerpt":{"rendered":"<p>Si acaso est\u00e1s en la b\u00fasqueda un lugar confiable id\u00f3neo para adiestramiento de perros dentro de San Vicente Del Raspeig, nuestra instituci\u00f3n representa una opci\u00f3n destacada. Este centro trabaja con canes de cualquier edad y raza, siempre t\u00e9cnicas \u00e9ticos adem\u00e1s de efectivos. Club De Adiestramiento Rock &amp; Dogs Dentro de nuestros tratamientos m\u00e1s demandados est\u00e1n [&hellip;]<\/p>\n","protected":false},"author":2,"featured_media":0,"parent":7550,"menu_order":0,"comment_status":"closed","ping_status":"closed","template":"","meta":{"_et_pb_use_builder":"","_et_pb_old_content":"","_et_gb_content_width":"","footnotes":""},"tags":[989],"class_list":["post-9883","page","type-page","status-publish","hentry","tag-san-vicente-del-raspeig"],"_links":{"self":[{"href":"https:\/\/www.adiestradorcanino.com\/webdelperro\/wp-json\/wp\/v2\/pages\/9883","targetHints":{"allow":["GET"]}}],"collection":[{"href":"https:\/\/www.adiestradorcanino.com\/webdelperro\/wp-json\/wp\/v2\/pages"}],"about":[{"href":"https:\/\/www.adiestradorcanino.com\/webdelperro\/wp-json\/wp\/v2\/types\/page"}],"author":[{"embeddable":true,"href":"https:\/\/www.adiestradorcanino.com\/webdelperro\/wp-json\/wp\/v2\/users\/2"}],"replies":[{"embeddable":true,"href":"https:\/\/www.adiestradorcanino.com\/webdelperro\/wp-json\/wp\/v2\/comments?post=9883"}],"version-history":[{"count":0,"href":"https:\/\/www.adiestradorcanino.com\/webdelperro\/wp-json\/wp\/v2\/pages\/9883\/revisions"}],"up":[{"embeddable":true,"href":"https:\/\/www.adiestradorcanino.com\/webdelperro\/wp-json\/wp\/v2\/pages\/7550"}],"wp:attachment":[{"href":"https:\/\/www.adiestradorcanino.com\/webdelperro\/wp-json\/wp\/v2\/media?parent=9883"}],"wp:term":[{"taxonomy":"post_tag","embeddable":true,"href":"https:\/\/www.adiestradorcanino.com\/webdelperro\/wp-json\/wp\/v2\/tags?post=9883"}],"curies":[{"name":"wp","href":"https:\/\/api.w.org\/{rel}","templated":true}]}}