{"id":9877,"date":"2025-07-09T07:28:04","date_gmt":"2025-07-09T07:28:04","guid":{"rendered":"https:\/\/www.adiestradorcanino.com\/webdelperro\/a-coruna\/culleredo\/adiestramiento-canino-hotel-complexo-canino-gaia-en-culleredo-a-coruna\/"},"modified":"2025-07-09T07:28:04","modified_gmt":"2025-07-09T07:28:04","slug":"adiestramiento-canino-hotel-complexo-canino-gaia-en-culleredo-a-coruna","status":"publish","type":"page","link":"https:\/\/www.adiestradorcanino.com\/webdelperro\/a-coruna\/culleredo\/adiestramiento-canino-hotel-complexo-canino-gaia-en-culleredo-a-coruna\/","title":{"rendered":"Adiestramiento canino Hotel Complexo Canino Gaia en Culleredo, A Coru\u00f1a"},"content":{"rendered":"\n<p>En caso de que est\u00e1s en la b\u00fasqueda de un lugar confiable para el el adiestramiento canino en Culleredo, nuestra instituci\u00f3n representa una alternativa destacada. Este lugar se dedica en el entrenamiento de canes de todas las edades y razas, usando t\u00e9cnicas respetuosos y tambi\u00e9n efectivos.<\/p>\n\n\n\n<h2 class=\"wp-block-heading has-text-align-left nombreclinica\">Hotel Complexo Canino Gaia<\/h2>\n\n\n\n<div class=\"wp-block-group is-layout-constrained wp-block-group-is-layout-constrained\">\n<div class=\"wp-block-columns nc-clase-ficha is-layout-flex wp-container-core-columns-is-layout-9d6595d7 wp-block-columns-is-layout-flex\">\n<div class=\"wp-block-column is-vertically-aligned-center is-layout-flow wp-block-column-is-layout-flow\">\n<figure class=\"wp-block-image size-full\"><img decoding=\"async\" src=\"https:\/\/www.adiestradorcanino.com\/webdelperro\/wp-content\/uploads\/2025\/07\/Hotel-Complexo-Canino-Gaia.jpg\" alt=\"Hotel Complexo Canino Gaia\" class=\"wp-image-19766\"\/><\/figure>\n\n\n\n<p>Entre los tratamientos m\u00e1s solicitados se encuentran la cursos de obediencia b\u00e1sica, la correcci\u00f3n de conductas no deseadas, la socializaci\u00f3n con otros perros y las clases espec\u00edficas para cachorros. Asimismo, en el centro se adaptan a las necesidades espec\u00edficas de cada familia y su mascota.<\/p>\n<\/div>\n\n\n\n<div class=\"wp-block-column is-vertically-aligned-center is-layout-flow wp-block-column-is-layout-flow\">\n<div class=\"su-service\"><div class=\"su-service-title\" style=\"padding-left:46px;min-height:32px;line-height:32px\"><i class=\"sui sui-user\" style=\"font-size:32px;color:#2471a3\"><\/i> <strong>Nombre<\/strong><\/div><div class=\"su-service-content su-u-clearfix su-u-trim\" style=\"padding-left:46px\">Hotel Complexo Canino Gaia<\/div><\/div>\n\n\n\n<div class=\"su-service\"><div class=\"su-service-title\" style=\"padding-left:46px;min-height:32px;line-height:32px\"><i class=\"sui sui-map-marker\" style=\"font-size:32px;color:#2471a3\"><\/i> <strong>Direcci\u00f3n<\/strong><\/div><div class=\"su-service-content su-u-clearfix su-u-trim\" style=\"padding-left:46px\">Vali\u00f1as, 15189 Culleredo, A Coru\u00f1a<\/div><\/div>\n\n\n\n<div class=\"su-service\"><div class=\"su-service-title\" style=\"padding-left:46px;min-height:32px;line-height:32px\"><i class=\"sui sui-volume-control-phone\" style=\"font-size:32px;color:#2471a3\"><\/i> <strong>Tel\u00e9fono<\/strong><\/div><div class=\"su-service-content su-u-clearfix su-u-trim\" style=\"padding-left:46px\">657 80 61 87<\/div><\/div>\n\n\n\n<div class=\"su-service\"><div class=\"su-service-title\" style=\"padding-left:46px;min-height:32px;line-height:32px\"><i class=\"sui sui-globe\" style=\"font-size:32px;color:#2471a3\"><\/i> <strong>Sitio web<\/strong><\/div><div class=\"su-service-content su-u-clearfix su-u-trim\" style=\"padding-left:46px\">http:\/\/www.complexocaninogaia.gal\/<\/div><\/div>\n\n\n\n<div class=\"su-service\"><div class=\"su-service-title\" style=\"padding-left:46px;min-height:32px;line-height:32px\"><i class=\"sui sui-star\" style=\"font-size:32px;color:#2471a3\"><\/i> Valoraci\u00f3n de los clientes<\/div><div class=\"su-service-content su-u-clearfix su-u-trim\" style=\"padding-left:46px\">4.8 \/ 5 (202)<\/div><\/div>\n<\/div>\n<\/div>\n<\/div>\n\n\n\n<div class=\"wp-block-columns is-layout-flex wp-container-core-columns-is-layout-9d6595d7 wp-block-columns-is-layout-flex\">\n<div class=\"wp-block-column mapa2 is-layout-flow wp-block-column-is-layout-flow\">\n<h2 class=\"wp-block-heading\">Ubicaci\u00f3n de Hotel Complexo Canino Gaia<\/h2>\n\n\n\n<div class=\"su-gmap su-u-responsive-media-yes mapa\"><iframe loading=\"lazy\" width=\"600\" height=\"280\" src=\"\/\/maps.google.com\/maps?q=Hotel%20Complexo%20Canino%20Gaia%2C%20Vali%C3%B1as%2C%2015189%20Culleredo%2C%20A%20Coru%C3%B1a&amp;output=embed&amp;z=20\" title=\"\"><\/iframe><\/div>\n\n\n\n<h2 class=\"wp-block-heading\">Horarios de Hotel Complexo Canino Gaia<\/h2>\n\n\n\n<figure class=\"wp-block-table\"><table><tbody><tr><td><strong>Lunes<\/strong><\/td><td>lunes: 9:30\u201314:00, 16:00\u201320:00<\/td><\/tr><tr><td><strong>Martes<\/strong><\/td><td>martes: 9:30\u201314:00, 16:00\u201320:00<\/td><\/tr><tr><td><strong>Mi\u00e9rcoles<\/strong><\/td><td>mi\u00e9rcoles: 9:30\u201314:00, 16:00\u201320:00<\/td><\/tr><tr><td><strong>Jueves<\/strong><\/td><td>jueves: 9:30\u201314:00, 16:00\u201320:00<\/td><\/tr><tr><td><strong>Viernes<\/strong><\/td><td>viernes: 9:30\u201314:00, 16:00\u201320:00<\/td><\/tr><tr><td><strong>S\u00e1bado<\/strong><\/td><td>s\u00e1bado: 12:00\u201314:00, 18:00\u201320:00<\/td><\/tr><tr><td><strong>Domingo<\/strong><\/td><td>domingo: 12:00\u201314:00, 18:00\u201320:00<\/td><\/tr><\/tbody><\/table><\/figure>\n\n\n\n<h2 class=\"wp-block-heading\">Tel\u00e9fono de Hotel Complexo Canino Gaia<\/h2>\n\n\n\n<p>Si quieres comunicarte con <strong>Hotel Complexo Canino Gaia<\/strong>, puedes hacerlo directamente llamando al siguiente n\u00famero:<\/p>\n\n\n\n<div class=\"wp-block-buttons is-content-justification-center is-layout-flex wp-container-core-buttons-is-layout-16018d1d wp-block-buttons-is-layout-flex\">\n<div class=\"wp-block-button is-style-fill\"><a class=\"wp-block-button__link has-background has-medium-font-size has-custom-font-size wp-element-button\" href=\"tel:657 80 61 87\" style=\"border-radius:6px;background-color:#2471a3\">Llamar ahora<\/a><\/div>\n<\/div>\n\n\n\n<h2 class=\"wp-block-heading\">M\u00e1s informaci\u00f3n<\/h2>\n\n\n\n<p>En el Hotel Complexo Canino Gaia, situado en Vali\u00f1as, 15189 Culleredo, A Coru\u00f1a, ofrecemos un servicio integral de adiestramiento canino en Culleredo, dise\u00f1ado para satisfacer las necesidades de cada perro y su due\u00f1o. Nuestros experimentados adiestradores de perros en A Coru\u00f1a se especializan en t\u00e9cnicas de obediencia, socializaci\u00f3n y modificaci\u00f3n de conducta, garantizando un enfoque personalizado que promueve el bienestar y la felicidad de tu mascota. Lo que nos distingue de otros centros es nuestro compromiso con un adiestramiento positivo y respetuoso, as\u00ed como las instalaciones adaptadas para que tu perro disfrute de un entorno seguro y estimulante. Si buscas adiestrar perros de manera positiva y con un enfoque profesional, en Hotel Complexo Canino Gaia encontrar\u00e1s la soluci\u00f3n ideal para fortalecer el v\u00ednculo con tu compa\u00f1ero peludo.<\/p>\n\n\n\n<p>Ubicado en Vali\u00f1as, 15189 Culleredo, A Coru\u00f1a, este centro de adiestramiento canino en Culleredo se considera destacado por su atenci\u00f3n cercano, seriedad y logros evidentes. Mira las opiniones de otros usuarios para entender su testimonio.<\/p>\n<\/div>\n<\/div>\n\n\n\n<p><\/p>\n\n\n\n<p>Si necesitas conocer otros (PONER NEGOCIO, ej: asesor\u00eda legal, decoraci\u00f3n de eventos, instalaciones el\u00e9ctricas) puedes <strong><a href=\"\/\">visitar nuestra p\u00e1gina principal<\/a><\/strong>.<\/p>\n","protected":false},"excerpt":{"rendered":"<p>En caso de que est\u00e1s en la b\u00fasqueda de un lugar confiable para el el adiestramiento canino en Culleredo, nuestra instituci\u00f3n representa una alternativa destacada. Este lugar se dedica en el entrenamiento de canes de todas las edades y razas, usando t\u00e9cnicas respetuosos y tambi\u00e9n efectivos. Hotel Complexo Canino Gaia Entre los tratamientos m\u00e1s solicitados [&hellip;]<\/p>\n","protected":false},"author":2,"featured_media":0,"parent":7539,"menu_order":0,"comment_status":"closed","ping_status":"closed","template":"","meta":{"_et_pb_use_builder":"","_et_pb_old_content":"","_et_gb_content_width":"","footnotes":""},"tags":[896],"class_list":["post-9877","page","type-page","status-publish","hentry","tag-culleredo"],"_links":{"self":[{"href":"https:\/\/www.adiestradorcanino.com\/webdelperro\/wp-json\/wp\/v2\/pages\/9877","targetHints":{"allow":["GET"]}}],"collection":[{"href":"https:\/\/www.adiestradorcanino.com\/webdelperro\/wp-json\/wp\/v2\/pages"}],"about":[{"href":"https:\/\/www.adiestradorcanino.com\/webdelperro\/wp-json\/wp\/v2\/types\/page"}],"author":[{"embeddable":true,"href":"https:\/\/www.adiestradorcanino.com\/webdelperro\/wp-json\/wp\/v2\/users\/2"}],"replies":[{"embeddable":true,"href":"https:\/\/www.adiestradorcanino.com\/webdelperro\/wp-json\/wp\/v2\/comments?post=9877"}],"version-history":[{"count":0,"href":"https:\/\/www.adiestradorcanino.com\/webdelperro\/wp-json\/wp\/v2\/pages\/9877\/revisions"}],"up":[{"embeddable":true,"href":"https:\/\/www.adiestradorcanino.com\/webdelperro\/wp-json\/wp\/v2\/pages\/7539"}],"wp:attachment":[{"href":"https:\/\/www.adiestradorcanino.com\/webdelperro\/wp-json\/wp\/v2\/media?parent=9877"}],"wp:term":[{"taxonomy":"post_tag","embeddable":true,"href":"https:\/\/www.adiestradorcanino.com\/webdelperro\/wp-json\/wp\/v2\/tags?post=9877"}],"curies":[{"name":"wp","href":"https:\/\/api.w.org\/{rel}","templated":true}]}}