{"id":9874,"date":"2025-07-09T07:27:45","date_gmt":"2025-07-09T07:27:45","guid":{"rendered":"https:\/\/www.adiestradorcanino.com\/webdelperro\/a-coruna\/santa-maria-de-vigo\/adiestramiento-canino-educacion-canina-cruz-de-calatrava-en-santa-maria-de-vigo-a-coruna\/"},"modified":"2025-07-09T07:27:45","modified_gmt":"2025-07-09T07:27:45","slug":"adiestramiento-canino-educacion-canina-cruz-de-calatrava-en-santa-maria-de-vigo-a-coruna","status":"publish","type":"page","link":"https:\/\/www.adiestradorcanino.com\/webdelperro\/a-coruna\/santa-maria-de-vigo\/adiestramiento-canino-educacion-canina-cruz-de-calatrava-en-santa-maria-de-vigo-a-coruna\/","title":{"rendered":"Adiestramiento canino Educaci\u00f3n Canina Cruz De Calatrava en Santa Maria De Vigo, A Coru\u00f1a"},"content":{"rendered":"\n<p>Si te encuentras en la b\u00fasqueda un espacio seguro para el adiestramiento de perros en el \u00e1rea de Santa Maria De Vigo, nuestra instituci\u00f3n es una excelente opci\u00f3n. Nuestra instalaci\u00f3n se especializa con perros sin importar la raza o edad, siempre t\u00e9cnicas \u00e9ticos y \u00fatiles.<\/p>\n\n\n\n<h2 class=\"wp-block-heading has-text-align-left nombreclinica\">Educaci\u00f3n Canina Cruz De Calatrava<\/h2>\n\n\n\n<div class=\"wp-block-group is-layout-constrained wp-block-group-is-layout-constrained\">\n<div class=\"wp-block-columns nc-clase-ficha is-layout-flex wp-container-core-columns-is-layout-9d6595d7 wp-block-columns-is-layout-flex\">\n<div class=\"wp-block-column is-vertically-aligned-center is-layout-flow wp-block-column-is-layout-flow\">\n<figure class=\"wp-block-image size-full\"><img decoding=\"async\" src=\"https:\/\/www.adiestradorcanino.com\/webdelperro\/wp-content\/uploads\/2025\/07\/Educacion-Canina-Cruz-De-Calatrava.jpg\" alt=\"Educaci\u00f3n Canina Cruz De Calatrava\" class=\"wp-image-19766\"\/><\/figure>\n\n\n\n<p>Dentro de nuestros servicios m\u00e1s demandados est\u00e1n los cursos de obediencia b\u00e1sica, la correcci\u00f3n de conductas inapropiadas, la socializaci\u00f3n con otros perros y las clases espec\u00edficas para cachorros. Asimismo, en nuestro centro nos adaptamos a las necesidades concretas de cada familia y animal.<\/p>\n<\/div>\n\n\n\n<div class=\"wp-block-column is-vertically-aligned-center is-layout-flow wp-block-column-is-layout-flow\">\n<div class=\"su-service\"><div class=\"su-service-title\" style=\"padding-left:46px;min-height:32px;line-height:32px\"><i class=\"sui sui-user\" style=\"font-size:32px;color:#2471a3\"><\/i> <strong>Nombre<\/strong><\/div><div class=\"su-service-content su-u-clearfix su-u-trim\" style=\"padding-left:46px\">Educaci\u00f3n Canina Cruz De Calatrava<\/div><\/div>\n\n\n\n<div class=\"su-service\"><div class=\"su-service-title\" style=\"padding-left:46px;min-height:32px;line-height:32px\"><i class=\"sui sui-map-marker\" style=\"font-size:32px;color:#2471a3\"><\/i> <strong>Direcci\u00f3n<\/strong><\/div><div class=\"su-service-content su-u-clearfix su-u-trim\" style=\"padding-left:46px\">R\u00faa Folgueira, s\/n, 15659 Santa Maria de Vigo, A Coru\u00f1a<\/div><\/div>\n\n\n\n<div class=\"su-service\"><div class=\"su-service-title\" style=\"padding-left:46px;min-height:32px;line-height:32px\"><i class=\"sui sui-volume-control-phone\" style=\"font-size:32px;color:#2471a3\"><\/i> <strong>Tel\u00e9fono<\/strong><\/div><div class=\"su-service-content su-u-clearfix su-u-trim\" style=\"padding-left:46px\">698 12 74 17<\/div><\/div>\n\n\n\n<div class=\"su-service\"><div class=\"su-service-title\" style=\"padding-left:46px;min-height:32px;line-height:32px\"><i class=\"sui sui-globe\" style=\"font-size:32px;color:#2471a3\"><\/i> <strong>Sitio web<\/strong><\/div><div class=\"su-service-content su-u-clearfix su-u-trim\" style=\"padding-left:46px\">http:\/\/www.cruzdecalatrava.eu\/<\/div><\/div>\n\n\n\n<div class=\"su-service\"><div class=\"su-service-title\" style=\"padding-left:46px;min-height:32px;line-height:32px\"><i class=\"sui sui-star\" style=\"font-size:32px;color:#2471a3\"><\/i> Valoraci\u00f3n de los clientes<\/div><div class=\"su-service-content su-u-clearfix su-u-trim\" style=\"padding-left:46px\">4.9 \/ 5 (150)<\/div><\/div>\n<\/div>\n<\/div>\n<\/div>\n\n\n\n<div class=\"wp-block-columns is-layout-flex wp-container-core-columns-is-layout-9d6595d7 wp-block-columns-is-layout-flex\">\n<div class=\"wp-block-column mapa2 is-layout-flow wp-block-column-is-layout-flow\">\n<h2 class=\"wp-block-heading\">Ubicaci\u00f3n de Educaci\u00f3n Canina Cruz De Calatrava<\/h2>\n\n\n\n<div class=\"su-gmap su-u-responsive-media-yes mapa\"><iframe loading=\"lazy\" width=\"600\" height=\"280\" src=\"\/\/maps.google.com\/maps?q=Educaci%C3%B3n%20Canina%20Cruz%20De%20Calatrava%2C%20R%C3%BAa%20Folgueira%2C%20s%2Fn%2C%2015659%20Santa%20Maria%20de%20Vigo%2C%20A%20Coru%C3%B1a&amp;output=embed&amp;z=20\" title=\"\"><\/iframe><\/div>\n\n\n\n<h2 class=\"wp-block-heading\">Horarios de Educaci\u00f3n Canina Cruz De Calatrava<\/h2>\n\n\n\n<figure class=\"wp-block-table\"><table><tbody><tr><td><strong>Lunes<\/strong><\/td><td>lunes: 8:30\u201320:00<\/td><\/tr><tr><td><strong>Martes<\/strong><\/td><td>martes: 8:30\u201320:00<\/td><\/tr><tr><td><strong>Mi\u00e9rcoles<\/strong><\/td><td>mi\u00e9rcoles: 8:30\u201320:00<\/td><\/tr><tr><td><strong>Jueves<\/strong><\/td><td>jueves: 8:30\u201320:00<\/td><\/tr><tr><td><strong>Viernes<\/strong><\/td><td>viernes: 8:30\u201320:00<\/td><\/tr><tr><td><strong>S\u00e1bado<\/strong><\/td><td>s\u00e1bado: 10:00\u201314:00<\/td><\/tr><tr><td><strong>Domingo<\/strong><\/td><td>domingo: Cerrado<\/td><\/tr><\/tbody><\/table><\/figure>\n\n\n\n<h2 class=\"wp-block-heading\">Tel\u00e9fono de Educaci\u00f3n Canina Cruz De Calatrava<\/h2>\n\n\n\n<p>Si quieres comunicarte con <strong>Educaci\u00f3n Canina Cruz De Calatrava<\/strong>, puedes hacerlo directamente llamando al siguiente n\u00famero:<\/p>\n\n\n\n<div class=\"wp-block-buttons is-content-justification-center is-layout-flex wp-container-core-buttons-is-layout-16018d1d wp-block-buttons-is-layout-flex\">\n<div class=\"wp-block-button is-style-fill\"><a class=\"wp-block-button__link has-background has-medium-font-size has-custom-font-size wp-element-button\" href=\"tel:698 12 74 17\" style=\"border-radius:6px;background-color:#2471a3\">Llamar ahora<\/a><\/div>\n<\/div>\n\n\n\n<h2 class=\"wp-block-heading\">M\u00e1s informaci\u00f3n<\/h2>\n\n\n\n<p>En el centro de adiestramiento canino Educaci\u00f3n Canina Cruz De Calatrava, ubicado en R\u00faa Folgueira, s\/n, 15659 Santa Maria de Vigo, A Coru\u00f1a, ofrecemos una amplia gama de servicios especializados en el adiestramiento de perros. Nuestro enfoque integral abarca la obediencia, socializaci\u00f3n y modificaci\u00f3n de conducta, asegurando que cada mascota reciba la atenci\u00f3n y el entrenamiento que necesita para convertirse en un compa\u00f1ero equilibrado y feliz. Contamos con un equipo de adiestradores de perros en A Coru\u00f1a altamente capacitados, quienes utilizan m\u00e9todos positivos y adaptados a las necesidades individuales de cada animal y su propietario. Lo que nos distingue de otros centros de adiestramiento canino en Santa Maria de Vigo es nuestro compromiso con el bienestar del perro y la formaci\u00f3n continua de nuestros profesionales, lo que garantiza resultados efectivos y duraderos. Si buscas adiestrar perros de manera positiva y cari\u00f1osa, en Educaci\u00f3n Canina Cruz De Calatrava encontrar\u00e1s el aliado perfecto para disfrutar de una convivencia arm\u00f3nica con tu mascota.<\/p>\n\n\n\n<p>Ubicado en R\u00faa Folgueira, s\/n, 15659 Santa Maria de Vigo, A Coru\u00f1a, este centro de adiestramiento canino en Santa Maria De Vigo ha sido reconocido por su trato cercano, seriedad y logros notables. Revisa las valoraciones de otros clientes para descubrir su experiencia.<\/p>\n<\/div>\n<\/div>\n\n\n\n<p><\/p>\n\n\n\n<p>Si necesitas conocer otros (PONER NEGOCIO, ej: asesor\u00eda legal, decoraci\u00f3n de eventos, instalaciones el\u00e9ctricas) puedes <strong><a href=\"\/\">visitar nuestra p\u00e1gina principal<\/a><\/strong>.<\/p>\n","protected":false},"excerpt":{"rendered":"<p>Si te encuentras en la b\u00fasqueda un espacio seguro para el adiestramiento de perros en el \u00e1rea de Santa Maria De Vigo, nuestra instituci\u00f3n es una excelente opci\u00f3n. Nuestra instalaci\u00f3n se especializa con perros sin importar la raza o edad, siempre t\u00e9cnicas \u00e9ticos y \u00fatiles. Educaci\u00f3n Canina Cruz De Calatrava Dentro de nuestros servicios m\u00e1s [&hellip;]<\/p>\n","protected":false},"author":2,"featured_media":0,"parent":7533,"menu_order":0,"comment_status":"closed","ping_status":"closed","template":"","meta":{"_et_pb_use_builder":"","_et_pb_old_content":"","_et_gb_content_width":"","footnotes":""},"tags":[986],"class_list":["post-9874","page","type-page","status-publish","hentry","tag-santa-maria-de-vigo"],"_links":{"self":[{"href":"https:\/\/www.adiestradorcanino.com\/webdelperro\/wp-json\/wp\/v2\/pages\/9874","targetHints":{"allow":["GET"]}}],"collection":[{"href":"https:\/\/www.adiestradorcanino.com\/webdelperro\/wp-json\/wp\/v2\/pages"}],"about":[{"href":"https:\/\/www.adiestradorcanino.com\/webdelperro\/wp-json\/wp\/v2\/types\/page"}],"author":[{"embeddable":true,"href":"https:\/\/www.adiestradorcanino.com\/webdelperro\/wp-json\/wp\/v2\/users\/2"}],"replies":[{"embeddable":true,"href":"https:\/\/www.adiestradorcanino.com\/webdelperro\/wp-json\/wp\/v2\/comments?post=9874"}],"version-history":[{"count":0,"href":"https:\/\/www.adiestradorcanino.com\/webdelperro\/wp-json\/wp\/v2\/pages\/9874\/revisions"}],"up":[{"embeddable":true,"href":"https:\/\/www.adiestradorcanino.com\/webdelperro\/wp-json\/wp\/v2\/pages\/7533"}],"wp:attachment":[{"href":"https:\/\/www.adiestradorcanino.com\/webdelperro\/wp-json\/wp\/v2\/media?parent=9874"}],"wp:term":[{"taxonomy":"post_tag","embeddable":true,"href":"https:\/\/www.adiestradorcanino.com\/webdelperro\/wp-json\/wp\/v2\/tags?post=9874"}],"curies":[{"name":"wp","href":"https:\/\/api.w.org\/{rel}","templated":true}]}}