{"id":8554,"date":"2025-07-08T13:43:10","date_gmt":"2025-07-08T13:43:10","guid":{"rendered":"https:\/\/www.adiestradorcanino.com\/webdelperro\/valladolid\/cigales\/"},"modified":"2025-07-08T13:43:11","modified_gmt":"2025-07-08T13:43:11","slug":"cigales","status":"publish","type":"page","link":"https:\/\/www.adiestradorcanino.com\/webdelperro\/valladolid\/cigales\/","title":{"rendered":"Adiestramiento canino en Cigales"},"content":{"rendered":"<div class=\"descripcion\">El adiestramiento de perros en Cigales se considera esencial para incrementar la interacci\u00f3n con su perro. Aqu\u00ed podr\u00e1s descubrir entrenadores y centros dedicados que te asistir\u00e1n a educar a tu perro con m\u00e9todos fundamentados en un trato respetuoso y la interacci\u00f3n. <br \/><br \/>Ya sea que busques obediencia b\u00e1sica para un perrito o la correcci\u00f3n de conductas problem\u00e1ticas en perros adultos, en Cigales hay profesionales capacitados para toda situaci\u00f3n, colaborando con programas personalizados.<\/div>\n<h2 class=\"wp-block-heading\"><strong>Centro Canino Valdevid<\/strong><\/h2>\n\n\n\n<div class=\"wp-block-columns nc-fichas-en-categorias is-layout-flex wp-container-core-columns-is-layout-9d6595d7 wp-block-columns-is-layout-flex\">\n<div class=\"wp-block-column is-vertically-aligned-center is-layout-flow wp-block-column-is-layout-flow\">\n<figure class=\"wp-block-image size-full\"><img decoding=\"async\" src=\"https:\/\/www.adiestradorcanino.com\/webdelperro\/wp-content\/uploads\/2025\/07\/Centro-Canino-Valdevid.png\" alt=\"Negocio Centro Canino Valdevid\" class=\"wp-image-19766\"\/><\/figure>\n\n\n\n<p><\/p>\n<\/div>\n\n\n\n<div class=\"wp-block-column is-vertically-aligned-center is-layout-flow wp-block-column-is-layout-flow\">\n<div class=\"su-service\"><div class=\"su-service-title\" style=\"padding-left:46px;min-height:32px;line-height:32px\"><i class=\"sui sui-user\" style=\"font-size:32px;color:#2471a3\"><\/i> <strong>Nombre<\/strong><\/div><div class=\"su-service-content su-u-clearfix su-u-trim\" style=\"padding-left:46px\">Centro Canino Valdevid<\/div><\/div>\n\n\n\n<div class=\"su-service\"><div class=\"su-service-title\" style=\"padding-left:46px;min-height:32px;line-height:32px\"><i class=\"sui sui-map-marker\" style=\"font-size:32px;color:#2471a3\"><\/i> <strong>Direcci\u00f3n<\/strong><\/div><div class=\"su-service-content su-u-clearfix su-u-trim\" style=\"padding-left:46px\">Senda Bergante, s\/n, 47270 Cigales, Valladolid<\/div><\/div>\n\n\n\n<div class=\"su-service\"><div class=\"su-service-title\" style=\"padding-left:46px;min-height:32px;line-height:32px\"><i class=\"sui sui-volume-control-phone\" style=\"font-size:32px;color:#2471a3\"><\/i> <strong>Tel\u00e9fono<\/strong><\/div><div class=\"su-service-content su-u-clearfix su-u-trim\" style=\"padding-left:46px\">605 89 21 06<\/div><\/div>\n\n\n\n<div class=\"su-service\"><div class=\"su-service-title\" style=\"padding-left:46px;min-height:32px;line-height:32px\"><i class=\"sui sui-globe\" style=\"font-size:32px;color:#2471a3\"><\/i> <strong>Sitio web<\/strong><\/div><div class=\"su-service-content su-u-clearfix su-u-trim\" style=\"padding-left:46px\">https:\/\/www.centrocaninovaldevid.com\/<\/div><\/div>\n\n\n\n<p class=\"has-text-align-left\"><div class=\"su-service\"><div class=\"su-service-title\" style=\"padding-left:46px;min-height:32px;line-height:32px\"><i class=\"sui sui-clock-o\" style=\"font-size:32px;color:#2471a3\"><\/i> <strong>Horarios<\/strong><\/div><div class=\"su-service-content su-u-clearfix su-u-trim\" style=\"padding-left:46px\">\n\n\n\n<figure class=\"wp-block-table\"><table><tbody><tr><td><strong>Lunes<\/strong><\/td><td><\/td><\/tr><tr><td><strong>Martes<\/strong><\/td><td><\/td><\/tr><tr><td><strong>Mi\u00e9rcoles<\/strong><\/td><td><\/td><\/tr><tr><td><strong>Jueves<\/strong><\/td><td><\/td><\/tr><tr><td><strong>Viernes<\/strong><\/td><td><\/td><\/tr><tr><td><strong>S\u00e1bado<\/strong><\/td><td><\/td><\/tr><tr><td><strong>Domingo<\/strong><\/td><td><\/td><\/tr><\/tbody><\/table><\/figure>\n\n\n\n<\/div><\/div>\n\n\n\n<div class=\"su-service\"><div class=\"su-service-title\" style=\"padding-left:46px;min-height:32px;line-height:32px\"><i class=\"sui sui-star\" style=\"font-size:32px;color:#2471a3\"><\/i> Valoraci\u00f3n de los clientes<\/div><div class=\"su-service-content su-u-clearfix su-u-trim\" style=\"padding-left:46px\">5 \/ 5 (13 votos) <\/div><\/div>\n<\/div>\n<\/div>\n\n\n\n<div class=\"wp-block-columns is-layout-flex wp-container-core-columns-is-layout-9d6595d7 wp-block-columns-is-layout-flex\">\n<div class=\"wp-block-column mapa2 is-layout-flow wp-block-column-is-layout-flow\">\n<div class=\"su-gmap su-u-responsive-media-yes mapa\"><iframe loading=\"lazy\" width=\"600\" height=\"280\" src=\"\/\/maps.google.com\/maps?q=Centro%20Canino%20Valdevid%2C%20Senda%20Bergante%2C%20s%2Fn%2C%2047270%20Cigales%2C%20Valladolid&amp;output=embed&amp;z=20\" title=\"\"><\/iframe><\/div>\n<\/div>\n<\/div>\n\n\n\n<div class=\"wp-block-columns is-layout-flex wp-container-core-columns-is-layout-9d6595d7 wp-block-columns-is-layout-flex\">\n<div class=\"wp-block-column is-layout-flow wp-block-column-is-layout-flow\"><a href=\"https:\/\/www.adiestradorcanino.com\/webdelperro\/valladolid\/cigales\/adiestramiento-canino-centro-canino-valdevid-en-cigales-valladolid\/\" style=\"width:100%;text-align:center;border-radius:6px;background-color:#2471a3;color:#ffffff;padding:16px 26px;text-decoration:none;display:inline-block;font-weight:600;\">Ver negocio<\/a>\n<\/div>\n<\/div>\n\n<div class=\"concl\">En este directorio descubrir\u00e1s soluciones confiables y apreciadas de adiestramiento canino en Cigales. Incrementa el salud de tu perro y desarrolla una conexi\u00f3n sana y satisfecha a partir de ahora.<br \/><br \/>Explora las m\u00e1s recomendadas opciones de entrenamiento de perros en Cigales y halla al profesional correcto para colaborar contigo a conocer mejor a tu perro y alcanzar una cohabitaci\u00f3n armoniosa.<\/div>","protected":false},"excerpt":{"rendered":"<p>El adiestramiento de perros en Cigales se considera esencial para incrementar la interacci\u00f3n con su perro. Aqu\u00ed podr\u00e1s descubrir entrenadores y centros dedicados que te asistir\u00e1n a educar a tu perro con m\u00e9todos fundamentados en un trato respetuoso y la interacci\u00f3n. Ya sea que busques obediencia b\u00e1sica para un perrito o la correcci\u00f3n de conductas [&hellip;]<\/p>\n","protected":false},"author":2,"featured_media":0,"parent":8525,"menu_order":0,"comment_status":"closed","ping_status":"closed","template":"","meta":{"_et_pb_use_builder":"","_et_pb_old_content":"","_et_gb_content_width":"","footnotes":""},"tags":[886],"class_list":["post-8554","page","type-page","status-publish","hentry","tag-valladolid"],"_links":{"self":[{"href":"https:\/\/www.adiestradorcanino.com\/webdelperro\/wp-json\/wp\/v2\/pages\/8554","targetHints":{"allow":["GET"]}}],"collection":[{"href":"https:\/\/www.adiestradorcanino.com\/webdelperro\/wp-json\/wp\/v2\/pages"}],"about":[{"href":"https:\/\/www.adiestradorcanino.com\/webdelperro\/wp-json\/wp\/v2\/types\/page"}],"author":[{"embeddable":true,"href":"https:\/\/www.adiestradorcanino.com\/webdelperro\/wp-json\/wp\/v2\/users\/2"}],"replies":[{"embeddable":true,"href":"https:\/\/www.adiestradorcanino.com\/webdelperro\/wp-json\/wp\/v2\/comments?post=8554"}],"version-history":[{"count":0,"href":"https:\/\/www.adiestradorcanino.com\/webdelperro\/wp-json\/wp\/v2\/pages\/8554\/revisions"}],"up":[{"embeddable":true,"href":"https:\/\/www.adiestradorcanino.com\/webdelperro\/wp-json\/wp\/v2\/pages\/8525"}],"wp:attachment":[{"href":"https:\/\/www.adiestradorcanino.com\/webdelperro\/wp-json\/wp\/v2\/media?parent=8554"}],"wp:term":[{"taxonomy":"post_tag","embeddable":true,"href":"https:\/\/www.adiestradorcanino.com\/webdelperro\/wp-json\/wp\/v2\/tags?post=8554"}],"curies":[{"name":"wp","href":"https:\/\/api.w.org\/{rel}","templated":true}]}}