{"id":8317,"date":"2025-07-08T13:28:36","date_gmt":"2025-07-08T13:28:36","guid":{"rendered":"https:\/\/www.adiestradorcanino.com\/webdelperro\/malaga\/estacion-de-cartama\/"},"modified":"2025-07-08T13:28:37","modified_gmt":"2025-07-08T13:28:37","slug":"estacion-de-cartama","status":"publish","type":"page","link":"https:\/\/www.adiestradorcanino.com\/webdelperro\/malaga\/estacion-de-cartama\/","title":{"rendered":"Adiestramiento canino en Estaci\u00f3n De C\u00e1rtama"},"content":{"rendered":"<div class=\"descripcion\">La educaci\u00f3n de perros en Estaci\u00f3n De C\u00e1rtama resulta clave para optimizar la relaci\u00f3n con tu perro. En este lugar puedes localizar entrenadores y centros dedicados que te apoyar\u00e1n a educar a tu mascota con m\u00e9todos basados en un trato respetuoso y la comunicaci\u00f3n. <br \/><br \/>Independientemente de si est\u00e9s buscando entrenamiento b\u00e1sica para un perrito o la modificaci\u00f3n de conductas complejos en perros mayores, en Estaci\u00f3n De C\u00e1rtama hay profesionales cualificados para cada necesidad, colaborando con programas adaptados.<\/div>\n<h2 class=\"wp-block-heading\"><strong>Ilea Educaci\u00f3n Canina<\/strong><\/h2>\n\n\n\n<div class=\"wp-block-columns nc-fichas-en-categorias is-layout-flex wp-container-core-columns-is-layout-9d6595d7 wp-block-columns-is-layout-flex\">\n<div class=\"wp-block-column is-vertically-aligned-center is-layout-flow wp-block-column-is-layout-flow\">\n<figure class=\"wp-block-image size-full\"><img decoding=\"async\" src=\"https:\/\/www.adiestradorcanino.com\/webdelperro\/wp-content\/uploads\/2025\/07\/Ilea-Educacion-Canina.jpg\" alt=\"Negocio Ilea Educaci\u00f3n Canina\" class=\"wp-image-19766\"\/><\/figure>\n\n\n\n<p><\/p>\n<\/div>\n\n\n\n<div class=\"wp-block-column is-vertically-aligned-center is-layout-flow wp-block-column-is-layout-flow\">\n<div class=\"su-service\"><div class=\"su-service-title\" style=\"padding-left:46px;min-height:32px;line-height:32px\"><i class=\"sui sui-user\" style=\"font-size:32px;color:#2471a3\"><\/i> <strong>Nombre<\/strong><\/div><div class=\"su-service-content su-u-clearfix su-u-trim\" style=\"padding-left:46px\">Ilea Educaci\u00f3n Canina<\/div><\/div>\n\n\n\n<div class=\"su-service\"><div class=\"su-service-title\" style=\"padding-left:46px;min-height:32px;line-height:32px\"><i class=\"sui sui-map-marker\" style=\"font-size:32px;color:#2471a3\"><\/i> <strong>Direcci\u00f3n<\/strong><\/div><div class=\"su-service-content su-u-clearfix su-u-trim\" style=\"padding-left:46px\">Cortijo Rat\u00f3n s\/n, 29580 Estaci\u00f3n de C\u00e1rtama, M\u00e1laga<\/div><\/div>\n\n\n\n<div class=\"su-service\"><div class=\"su-service-title\" style=\"padding-left:46px;min-height:32px;line-height:32px\"><i class=\"sui sui-volume-control-phone\" style=\"font-size:32px;color:#2471a3\"><\/i> <strong>Tel\u00e9fono<\/strong><\/div><div class=\"su-service-content su-u-clearfix su-u-trim\" style=\"padding-left:46px\">613 00 94 87<\/div><\/div>\n\n\n\n<div class=\"su-service\"><div class=\"su-service-title\" style=\"padding-left:46px;min-height:32px;line-height:32px\"><i class=\"sui sui-globe\" style=\"font-size:32px;color:#2471a3\"><\/i> <strong>Sitio web<\/strong><\/div><div class=\"su-service-content su-u-clearfix su-u-trim\" style=\"padding-left:46px\"><\/div><\/div>\n\n\n\n<p class=\"has-text-align-left\"><div class=\"su-service\"><div class=\"su-service-title\" style=\"padding-left:46px;min-height:32px;line-height:32px\"><i class=\"sui sui-clock-o\" style=\"font-size:32px;color:#2471a3\"><\/i> <strong>Horarios<\/strong><\/div><div class=\"su-service-content su-u-clearfix su-u-trim\" style=\"padding-left:46px\">\n\n\n\n<figure class=\"wp-block-table\"><table><tbody><tr><td><strong>Lunes<\/strong><\/td><td>lunes: 10:00\u201313:00, 16:00\u201319:00<\/td><\/tr><tr><td><strong>Martes<\/strong><\/td><td>martes: 10:00\u201313:00, 16:00\u201319:00<\/td><\/tr><tr><td><strong>Mi\u00e9rcoles<\/strong><\/td><td>mi\u00e9rcoles: 10:00\u201313:00, 16:00\u201319:00<\/td><\/tr><tr><td><strong>Jueves<\/strong><\/td><td>jueves: 10:00\u201313:00, 16:00\u201319:00<\/td><\/tr><tr><td><strong>Viernes<\/strong><\/td><td>viernes: 10:00\u201313:00, 16:00\u201319:00<\/td><\/tr><tr><td><strong>S\u00e1bado<\/strong><\/td><td>s\u00e1bado: 10:00\u201313:00, 16:00\u201319:00<\/td><\/tr><tr><td><strong>Domingo<\/strong><\/td><td>domingo: 10:00\u201313:00, 16:00\u201319:00<\/td><\/tr><\/tbody><\/table><\/figure>\n\n\n\n<\/div><\/div>\n\n\n\n<div class=\"su-service\"><div class=\"su-service-title\" style=\"padding-left:46px;min-height:32px;line-height:32px\"><i class=\"sui sui-star\" style=\"font-size:32px;color:#2471a3\"><\/i> Valoraci\u00f3n de los clientes<\/div><div class=\"su-service-content su-u-clearfix su-u-trim\" style=\"padding-left:46px\">5 \/ 5 (31 votos) <\/div><\/div>\n<\/div>\n<\/div>\n\n\n\n<div class=\"wp-block-columns is-layout-flex wp-container-core-columns-is-layout-9d6595d7 wp-block-columns-is-layout-flex\">\n<div class=\"wp-block-column mapa2 is-layout-flow wp-block-column-is-layout-flow\">\n<div class=\"su-gmap su-u-responsive-media-yes mapa\"><iframe loading=\"lazy\" width=\"600\" height=\"280\" src=\"\/\/maps.google.com\/maps?q=Ilea%20Educaci%C3%B3n%20Canina%2C%20Cortijo%20Rat%C3%B3n%20s%2Fn%2C%2029580%20Estaci%C3%B3n%20de%20C%C3%A1rtama%2C%20M%C3%A1laga&amp;output=embed&amp;z=20\" title=\"\"><\/iframe><\/div>\n<\/div>\n<\/div>\n\n\n\n<div class=\"wp-block-columns is-layout-flex wp-container-core-columns-is-layout-9d6595d7 wp-block-columns-is-layout-flex\">\n<div class=\"wp-block-column is-layout-flow wp-block-column-is-layout-flow\"><a href=\"https:\/\/www.adiestradorcanino.com\/webdelperro\/malaga\/estacion-de-cartama\/adiestramiento-canino-ilea-educacion-canina-en-estacion-de-cartama-malaga\/\" style=\"width:100%;text-align:center;border-radius:6px;background-color:#2471a3;color:#ffffff;padding:16px 26px;text-decoration:none;display:inline-block;font-weight:600;\">Ver negocio<\/a>\n<\/div>\n<\/div>\n\n<div class=\"concl\">En este espacio podr\u00e1s ver opciones fiables y apreciadas de entrenamiento de perros en Estaci\u00f3n De C\u00e1rtama. Potencia el salud de tu perro y desarrolla una conexi\u00f3n sana y satisfecha inmediatamente.<br \/><br \/>Descubre las m\u00e1s destacadas opciones de formaci\u00f3n canina en Estaci\u00f3n De C\u00e1rtama y halla al experto correcto para ayudarte a conocer mejor a tu perro y lograr una vida juntos armoniosa.<\/div>","protected":false},"excerpt":{"rendered":"<p>La educaci\u00f3n de perros en Estaci\u00f3n De C\u00e1rtama resulta clave para optimizar la relaci\u00f3n con tu perro. En este lugar puedes localizar entrenadores y centros dedicados que te apoyar\u00e1n a educar a tu mascota con m\u00e9todos basados en un trato respetuoso y la comunicaci\u00f3n. Independientemente de si est\u00e9s buscando entrenamiento b\u00e1sica para un perrito o [&hellip;]<\/p>\n","protected":false},"author":2,"featured_media":0,"parent":8297,"menu_order":0,"comment_status":"closed","ping_status":"closed","template":"","meta":{"_et_pb_use_builder":"","_et_pb_old_content":"","_et_gb_content_width":"","footnotes":""},"tags":[870],"class_list":["post-8317","page","type-page","status-publish","hentry","tag-malaga"],"_links":{"self":[{"href":"https:\/\/www.adiestradorcanino.com\/webdelperro\/wp-json\/wp\/v2\/pages\/8317","targetHints":{"allow":["GET"]}}],"collection":[{"href":"https:\/\/www.adiestradorcanino.com\/webdelperro\/wp-json\/wp\/v2\/pages"}],"about":[{"href":"https:\/\/www.adiestradorcanino.com\/webdelperro\/wp-json\/wp\/v2\/types\/page"}],"author":[{"embeddable":true,"href":"https:\/\/www.adiestradorcanino.com\/webdelperro\/wp-json\/wp\/v2\/users\/2"}],"replies":[{"embeddable":true,"href":"https:\/\/www.adiestradorcanino.com\/webdelperro\/wp-json\/wp\/v2\/comments?post=8317"}],"version-history":[{"count":0,"href":"https:\/\/www.adiestradorcanino.com\/webdelperro\/wp-json\/wp\/v2\/pages\/8317\/revisions"}],"up":[{"embeddable":true,"href":"https:\/\/www.adiestradorcanino.com\/webdelperro\/wp-json\/wp\/v2\/pages\/8297"}],"wp:attachment":[{"href":"https:\/\/www.adiestradorcanino.com\/webdelperro\/wp-json\/wp\/v2\/media?parent=8317"}],"wp:term":[{"taxonomy":"post_tag","embeddable":true,"href":"https:\/\/www.adiestradorcanino.com\/webdelperro\/wp-json\/wp\/v2\/tags?post=8317"}],"curies":[{"name":"wp","href":"https:\/\/api.w.org\/{rel}","templated":true}]}}