{"id":7847,"date":"2025-07-08T12:57:47","date_gmt":"2025-07-08T12:57:47","guid":{"rendered":"https:\/\/www.adiestradorcanino.com\/webdelperro\/barcelona\/alella\/"},"modified":"2025-07-08T12:57:48","modified_gmt":"2025-07-08T12:57:48","slug":"alella","status":"publish","type":"page","link":"https:\/\/www.adiestradorcanino.com\/webdelperro\/barcelona\/alella\/","title":{"rendered":"Adiestramiento canino en Alella"},"content":{"rendered":"<div class=\"descripcion\">La educaci\u00f3n canino en Alella se considera esencial para mejorar la convivencia con tu mascota. En este sitio tendr\u00e1s la oportunidad de encontrar entrenadores y centros especializados que te ayudar\u00e1n a educar a tu mascota con m\u00e9todos basados en un respeto y la interacci\u00f3n. <br \/><br \/>Independientemente de si busques entrenamiento b\u00e1sica para un perrito o la modificaci\u00f3n de conductas problem\u00e1ticas en perros adultos, en Alella se encuentran expertos capacitados para toda situaci\u00f3n, trabajando con programas personalizados.<\/div>\n<h2 class=\"wp-block-heading\"><strong>Kalathea.can Barcelona<\/strong><\/h2>\n\n\n\n<div class=\"wp-block-columns nc-fichas-en-categorias is-layout-flex wp-container-core-columns-is-layout-9d6595d7 wp-block-columns-is-layout-flex\">\n<div class=\"wp-block-column is-vertically-aligned-center is-layout-flow wp-block-column-is-layout-flow\">\n<figure class=\"wp-block-image size-full\"><img decoding=\"async\" src=\"https:\/\/www.adiestradorcanino.com\/webdelperro\/wp-content\/uploads\/2025\/07\/Kalathea.can-Barcelona.jpg\" alt=\"Negocio Kalathea.can Barcelona\" class=\"wp-image-19766\"\/><\/figure>\n\n\n\n<p><\/p>\n<\/div>\n\n\n\n<div class=\"wp-block-column is-vertically-aligned-center is-layout-flow wp-block-column-is-layout-flow\">\n<div class=\"su-service\"><div class=\"su-service-title\" style=\"padding-left:46px;min-height:32px;line-height:32px\"><i class=\"sui sui-user\" style=\"font-size:32px;color:#2471a3\"><\/i> <strong>Nombre<\/strong><\/div><div class=\"su-service-content su-u-clearfix su-u-trim\" style=\"padding-left:46px\">Kalathea.can Barcelona<\/div><\/div>\n\n\n\n<div class=\"su-service\"><div class=\"su-service-title\" style=\"padding-left:46px;min-height:32px;line-height:32px\"><i class=\"sui sui-map-marker\" style=\"font-size:32px;color:#2471a3\"><\/i> <strong>Direcci\u00f3n<\/strong><\/div><div class=\"su-service-content su-u-clearfix su-u-trim\" style=\"padding-left:46px\">Carrer del Cedres, 5, 08328 Alella, Barcelona<\/div><\/div>\n\n\n\n<div class=\"su-service\"><div class=\"su-service-title\" style=\"padding-left:46px;min-height:32px;line-height:32px\"><i class=\"sui sui-volume-control-phone\" style=\"font-size:32px;color:#2471a3\"><\/i> <strong>Tel\u00e9fono<\/strong><\/div><div class=\"su-service-content su-u-clearfix su-u-trim\" style=\"padding-left:46px\">654 59 53 04<\/div><\/div>\n\n\n\n<div class=\"su-service\"><div class=\"su-service-title\" style=\"padding-left:46px;min-height:32px;line-height:32px\"><i class=\"sui sui-globe\" style=\"font-size:32px;color:#2471a3\"><\/i> <strong>Sitio web<\/strong><\/div><div class=\"su-service-content su-u-clearfix su-u-trim\" style=\"padding-left:46px\">http:\/\/murteiraadiestramientobarcelona.com\/<\/div><\/div>\n\n\n\n<p class=\"has-text-align-left\"><div class=\"su-service\"><div class=\"su-service-title\" style=\"padding-left:46px;min-height:32px;line-height:32px\"><i class=\"sui sui-clock-o\" style=\"font-size:32px;color:#2471a3\"><\/i> <strong>Horarios<\/strong><\/div><div class=\"su-service-content su-u-clearfix su-u-trim\" style=\"padding-left:46px\">\n\n\n\n<figure class=\"wp-block-table\"><table><tbody><tr><td><strong>Lunes<\/strong><\/td><td>lunes: 6:00\u201318:00<\/td><\/tr><tr><td><strong>Martes<\/strong><\/td><td>martes: 6:00\u201318:00<\/td><\/tr><tr><td><strong>Mi\u00e9rcoles<\/strong><\/td><td>mi\u00e9rcoles: 6:00\u201318:00<\/td><\/tr><tr><td><strong>Jueves<\/strong><\/td><td>jueves: 6:00\u201318:00<\/td><\/tr><tr><td><strong>Viernes<\/strong><\/td><td>viernes: 6:00\u201318:00<\/td><\/tr><tr><td><strong>S\u00e1bado<\/strong><\/td><td>s\u00e1bado: 6:00\u201318:00<\/td><\/tr><tr><td><strong>Domingo<\/strong><\/td><td>domingo: Cerrado<\/td><\/tr><\/tbody><\/table><\/figure>\n\n\n\n<\/div><\/div>\n\n\n\n<div class=\"su-service\"><div class=\"su-service-title\" style=\"padding-left:46px;min-height:32px;line-height:32px\"><i class=\"sui sui-star\" style=\"font-size:32px;color:#2471a3\"><\/i> Valoraci\u00f3n de los clientes<\/div><div class=\"su-service-content su-u-clearfix su-u-trim\" style=\"padding-left:46px\">5 \/ 5 (41 votos) <\/div><\/div>\n<\/div>\n<\/div>\n\n\n\n<div class=\"wp-block-columns is-layout-flex wp-container-core-columns-is-layout-9d6595d7 wp-block-columns-is-layout-flex\">\n<div class=\"wp-block-column mapa2 is-layout-flow wp-block-column-is-layout-flow\">\n<div class=\"su-gmap su-u-responsive-media-yes mapa\"><iframe loading=\"lazy\" width=\"600\" height=\"280\" src=\"\/\/maps.google.com\/maps?q=Kalathea.can%20Barcelona%2C%20Carrer%20del%20Cedres%2C%205%2C%2008328%20Alella%2C%20Barcelona&amp;output=embed&amp;z=20\" title=\"\"><\/iframe><\/div>\n<\/div>\n<\/div>\n\n\n\n<div class=\"wp-block-columns is-layout-flex wp-container-core-columns-is-layout-9d6595d7 wp-block-columns-is-layout-flex\">\n<div class=\"wp-block-column is-layout-flow wp-block-column-is-layout-flow\"><a href=\"https:\/\/www.adiestradorcanino.com\/webdelperro\/barcelona\/alella\/adiestramiento-canino-kalathea-can-barcelona-en-alella-barcelona\/\" style=\"width:100%;text-align:center;border-radius:6px;background-color:#2471a3;color:#ffffff;padding:16px 26px;text-decoration:none;display:inline-block;font-weight:600;\">Ver negocio<\/a>\n<\/div>\n<\/div>\n\n<div class=\"concl\">Aqu\u00ed encontrar\u00e1s podr\u00e1s ver opciones validadas y apreciadas de formaci\u00f3n canina en Alella. Potencia el cuidado de tu perro y fomenta una v\u00ednculo equilibrada y plena desde hoy.<br \/><br \/>Investiga las mejores alternativas de formaci\u00f3n canina en Alella y encuentra al experto adecuado para colaborar contigo a comprender mejor a tu perro y lograr una vida juntos en equilibrio.<\/div>","protected":false},"excerpt":{"rendered":"<p>La educaci\u00f3n canino en Alella se considera esencial para mejorar la convivencia con tu mascota. En este sitio tendr\u00e1s la oportunidad de encontrar entrenadores y centros especializados que te ayudar\u00e1n a educar a tu mascota con m\u00e9todos basados en un respeto y la interacci\u00f3n. Independientemente de si busques entrenamiento b\u00e1sica para un perrito o la [&hellip;]<\/p>\n","protected":false},"author":2,"featured_media":0,"parent":7827,"menu_order":0,"comment_status":"closed","ping_status":"closed","template":"","meta":{"_et_pb_use_builder":"","_et_pb_old_content":"","_et_gb_content_width":"","footnotes":""},"tags":[845],"class_list":["post-7847","page","type-page","status-publish","hentry","tag-barcelona"],"_links":{"self":[{"href":"https:\/\/www.adiestradorcanino.com\/webdelperro\/wp-json\/wp\/v2\/pages\/7847","targetHints":{"allow":["GET"]}}],"collection":[{"href":"https:\/\/www.adiestradorcanino.com\/webdelperro\/wp-json\/wp\/v2\/pages"}],"about":[{"href":"https:\/\/www.adiestradorcanino.com\/webdelperro\/wp-json\/wp\/v2\/types\/page"}],"author":[{"embeddable":true,"href":"https:\/\/www.adiestradorcanino.com\/webdelperro\/wp-json\/wp\/v2\/users\/2"}],"replies":[{"embeddable":true,"href":"https:\/\/www.adiestradorcanino.com\/webdelperro\/wp-json\/wp\/v2\/comments?post=7847"}],"version-history":[{"count":0,"href":"https:\/\/www.adiestradorcanino.com\/webdelperro\/wp-json\/wp\/v2\/pages\/7847\/revisions"}],"up":[{"embeddable":true,"href":"https:\/\/www.adiestradorcanino.com\/webdelperro\/wp-json\/wp\/v2\/pages\/7827"}],"wp:attachment":[{"href":"https:\/\/www.adiestradorcanino.com\/webdelperro\/wp-json\/wp\/v2\/media?parent=7847"}],"wp:term":[{"taxonomy":"post_tag","embeddable":true,"href":"https:\/\/www.adiestradorcanino.com\/webdelperro\/wp-json\/wp\/v2\/tags?post=7847"}],"curies":[{"name":"wp","href":"https:\/\/api.w.org\/{rel}","templated":true}]}}