{"id":7844,"date":"2025-07-08T12:57:40","date_gmt":"2025-07-08T12:57:40","guid":{"rendered":"https:\/\/www.adiestradorcanino.com\/webdelperro\/barcelona\/san-cugat-del-valles\/"},"modified":"2025-07-08T12:57:41","modified_gmt":"2025-07-08T12:57:41","slug":"san-cugat-del-valles","status":"publish","type":"page","link":"https:\/\/www.adiestradorcanino.com\/webdelperro\/barcelona\/san-cugat-del-valles\/","title":{"rendered":"Adiestramiento canino en San Cugat Del Vall\u00e9s"},"content":{"rendered":"<div class=\"descripcion\">El educaci\u00f3n canino en San Cugat Del Vall\u00e9s resulta esencial para mejorar la convivencia con su perro. En este lugar podr\u00e1s encontrar adiestradores y escuelas especializados que te apoyar\u00e1n a educar a tu perro con t\u00e9cnicas fundamentados en el respeto y la comunicaci\u00f3n. <br \/><br \/>Tanto si necesites entrenamiento b\u00e1sica para un cachorro o la modificaci\u00f3n de comportamientos problem\u00e1ticas en perros adultos, en San Cugat Del Vall\u00e9s existen profesionales cualificados para toda situaci\u00f3n, trabajando con programas adaptados.<\/div>\n<h2 class=\"wp-block-heading\"><strong>El Adiestrador De Perros Sant Cugat<\/strong><\/h2>\n\n\n\n<div class=\"wp-block-columns nc-fichas-en-categorias is-layout-flex wp-container-core-columns-is-layout-9d6595d7 wp-block-columns-is-layout-flex\">\n<div class=\"wp-block-column is-vertically-aligned-center is-layout-flow wp-block-column-is-layout-flow\">\n<figure class=\"wp-block-image size-full\"><img decoding=\"async\" src=\"https:\/\/www.adiestradorcanino.com\/webdelperro\/wp-content\/uploads\/2025\/07\/El-Adiestrador-De-Perros-Sant-Cugat.png\" alt=\"Negocio El Adiestrador De Perros Sant Cugat\" class=\"wp-image-19766\"\/><\/figure>\n\n\n\n<p><\/p>\n<\/div>\n\n\n\n<div class=\"wp-block-column is-vertically-aligned-center is-layout-flow wp-block-column-is-layout-flow\">\n<div class=\"su-service\"><div class=\"su-service-title\" style=\"padding-left:46px;min-height:32px;line-height:32px\"><i class=\"sui sui-user\" style=\"font-size:32px;color:#2471a3\"><\/i> <strong>Nombre<\/strong><\/div><div class=\"su-service-content su-u-clearfix su-u-trim\" style=\"padding-left:46px\">El Adiestrador De Perros Sant Cugat<\/div><\/div>\n\n\n\n<div class=\"su-service\"><div class=\"su-service-title\" style=\"padding-left:46px;min-height:32px;line-height:32px\"><i class=\"sui sui-map-marker\" style=\"font-size:32px;color:#2471a3\"><\/i> <strong>Direcci\u00f3n<\/strong><\/div><div class=\"su-service-content su-u-clearfix su-u-trim\" style=\"padding-left:46px\">08173 San Cugat del Vall\u00e9s, Barcelona<\/div><\/div>\n\n\n\n<div class=\"su-service\"><div class=\"su-service-title\" style=\"padding-left:46px;min-height:32px;line-height:32px\"><i class=\"sui sui-volume-control-phone\" style=\"font-size:32px;color:#2471a3\"><\/i> <strong>Tel\u00e9fono<\/strong><\/div><div class=\"su-service-content su-u-clearfix su-u-trim\" style=\"padding-left:46px\">607 79 52 44<\/div><\/div>\n\n\n\n<div class=\"su-service\"><div class=\"su-service-title\" style=\"padding-left:46px;min-height:32px;line-height:32px\"><i class=\"sui sui-globe\" style=\"font-size:32px;color:#2471a3\"><\/i> <strong>Sitio web<\/strong><\/div><div class=\"su-service-content su-u-clearfix su-u-trim\" style=\"padding-left:46px\">http:\/\/www.eladiestradordeperros.com\/<\/div><\/div>\n\n\n\n<p class=\"has-text-align-left\"><div class=\"su-service\"><div class=\"su-service-title\" style=\"padding-left:46px;min-height:32px;line-height:32px\"><i class=\"sui sui-clock-o\" style=\"font-size:32px;color:#2471a3\"><\/i> <strong>Horarios<\/strong><\/div><div class=\"su-service-content su-u-clearfix su-u-trim\" style=\"padding-left:46px\">\n\n\n\n<figure class=\"wp-block-table\"><table><tbody><tr><td><strong>Lunes<\/strong><\/td><td>lunes: 8:00\u201321:00<\/td><\/tr><tr><td><strong>Martes<\/strong><\/td><td>martes: 8:00\u201321:00<\/td><\/tr><tr><td><strong>Mi\u00e9rcoles<\/strong><\/td><td>mi\u00e9rcoles: 8:00\u201321:00<\/td><\/tr><tr><td><strong>Jueves<\/strong><\/td><td>jueves: 8:00\u201321:00<\/td><\/tr><tr><td><strong>Viernes<\/strong><\/td><td>viernes: 8:00\u201321:00<\/td><\/tr><tr><td><strong>S\u00e1bado<\/strong><\/td><td>s\u00e1bado: Cerrado<\/td><\/tr><tr><td><strong>Domingo<\/strong><\/td><td>domingo: Cerrado<\/td><\/tr><\/tbody><\/table><\/figure>\n\n\n\n<\/div><\/div>\n\n\n\n<div class=\"su-service\"><div class=\"su-service-title\" style=\"padding-left:46px;min-height:32px;line-height:32px\"><i class=\"sui sui-star\" style=\"font-size:32px;color:#2471a3\"><\/i> Valoraci\u00f3n de los clientes<\/div><div class=\"su-service-content su-u-clearfix su-u-trim\" style=\"padding-left:46px\">5 \/ 5 (376 votos) <\/div><\/div>\n<\/div>\n<\/div>\n\n\n\n<div class=\"wp-block-columns is-layout-flex wp-container-core-columns-is-layout-9d6595d7 wp-block-columns-is-layout-flex\">\n<div class=\"wp-block-column mapa2 is-layout-flow wp-block-column-is-layout-flow\">\n<div class=\"su-gmap su-u-responsive-media-yes mapa\"><iframe loading=\"lazy\" width=\"600\" height=\"280\" src=\"\/\/maps.google.com\/maps?q=El%20Adiestrador%20De%20Perros%20Sant%20Cugat%2C%2008173%20San%20Cugat%20del%20Vall%C3%A9s%2C%20Barcelona&amp;output=embed&amp;z=20\" title=\"\"><\/iframe><\/div>\n<\/div>\n<\/div>\n\n\n\n<div class=\"wp-block-columns is-layout-flex wp-container-core-columns-is-layout-9d6595d7 wp-block-columns-is-layout-flex\">\n<div class=\"wp-block-column is-layout-flow wp-block-column-is-layout-flow\"><a href=\"https:\/\/www.adiestradorcanino.com\/webdelperro\/barcelona\/san-cugat-del-valles\/adiestramiento-canino-el-adiestrador-de-perros-sant-cugat-en-san-cugat-del-valles-barcelona\/\" style=\"width:100%;text-align:center;border-radius:6px;background-color:#2471a3;color:#ffffff;padding:16px 26px;text-decoration:none;display:inline-block;font-weight:600;\">Ver negocio<\/a>\n<\/div>\n<\/div>\n\n<div class=\"concl\">En este directorio podr\u00e1s ver opciones confiables y apreciadas de formaci\u00f3n canina en San Cugat Del Vall\u00e9s. Incrementa el bienestar de tu perro y desarrolla una relaci\u00f3n equilibrada y satisfecha desde hoy.<br \/><br \/>Investiga las mejores alternativas de entrenamiento de perros en San Cugat Del Vall\u00e9s y encuentra al especialista correcto para asistirte a entender mejor a tu perro y lograr una convivencia en equilibrio.<\/div>","protected":false},"excerpt":{"rendered":"<p>El educaci\u00f3n canino en San Cugat Del Vall\u00e9s resulta esencial para mejorar la convivencia con su perro. En este lugar podr\u00e1s encontrar adiestradores y escuelas especializados que te apoyar\u00e1n a educar a tu perro con t\u00e9cnicas fundamentados en el respeto y la comunicaci\u00f3n. Tanto si necesites entrenamiento b\u00e1sica para un cachorro o la modificaci\u00f3n de [&hellip;]<\/p>\n","protected":false},"author":2,"featured_media":0,"parent":7827,"menu_order":0,"comment_status":"closed","ping_status":"closed","template":"","meta":{"_et_pb_use_builder":"","_et_pb_old_content":"","_et_gb_content_width":"","footnotes":""},"tags":[845],"class_list":["post-7844","page","type-page","status-publish","hentry","tag-barcelona"],"_links":{"self":[{"href":"https:\/\/www.adiestradorcanino.com\/webdelperro\/wp-json\/wp\/v2\/pages\/7844","targetHints":{"allow":["GET"]}}],"collection":[{"href":"https:\/\/www.adiestradorcanino.com\/webdelperro\/wp-json\/wp\/v2\/pages"}],"about":[{"href":"https:\/\/www.adiestradorcanino.com\/webdelperro\/wp-json\/wp\/v2\/types\/page"}],"author":[{"embeddable":true,"href":"https:\/\/www.adiestradorcanino.com\/webdelperro\/wp-json\/wp\/v2\/users\/2"}],"replies":[{"embeddable":true,"href":"https:\/\/www.adiestradorcanino.com\/webdelperro\/wp-json\/wp\/v2\/comments?post=7844"}],"version-history":[{"count":0,"href":"https:\/\/www.adiestradorcanino.com\/webdelperro\/wp-json\/wp\/v2\/pages\/7844\/revisions"}],"up":[{"embeddable":true,"href":"https:\/\/www.adiestradorcanino.com\/webdelperro\/wp-json\/wp\/v2\/pages\/7827"}],"wp:attachment":[{"href":"https:\/\/www.adiestradorcanino.com\/webdelperro\/wp-json\/wp\/v2\/media?parent=7844"}],"wp:term":[{"taxonomy":"post_tag","embeddable":true,"href":"https:\/\/www.adiestradorcanino.com\/webdelperro\/wp-json\/wp\/v2\/tags?post=7844"}],"curies":[{"name":"wp","href":"https:\/\/api.w.org\/{rel}","templated":true}]}}