{"id":7687,"date":"2025-07-08T12:47:39","date_gmt":"2025-07-08T12:47:39","guid":{"rendered":"https:\/\/www.adiestradorcanino.com\/webdelperro\/bizkaia\/gatika\/"},"modified":"2025-07-08T12:47:40","modified_gmt":"2025-07-08T12:47:40","slug":"gatika","status":"publish","type":"page","link":"https:\/\/www.adiestradorcanino.com\/webdelperro\/bizkaia\/gatika\/","title":{"rendered":"Adiestramiento canino en Gatika"},"content":{"rendered":"<div class=\"descripcion\">El adiestramiento de perros en Gatika se considera esencial para incrementar la interacci\u00f3n con su mascota. En este sitio tendr\u00e1s la oportunidad de encontrar adiestradores y centros especializados que te ayudar\u00e1n a educar a su perro con m\u00e9todos basados en un trato respetuoso y la comunicaci\u00f3n. <br \/><br \/>Tanto si est\u00e9s buscando entrenamiento fundamental para un cachorro o la correcci\u00f3n de comportamientos problem\u00e1ticas en canes mayores, en Gatika hay expertos capacitados para cada necesidad, colaborando con programas adaptados.<\/div>\n<h2 class=\"wp-block-heading\"><strong>Txakurargi &#8211; Centro Canino<\/strong><\/h2>\n\n\n\n<div class=\"wp-block-columns nc-fichas-en-categorias is-layout-flex wp-container-core-columns-is-layout-9d6595d7 wp-block-columns-is-layout-flex\">\n<div class=\"wp-block-column is-vertically-aligned-center is-layout-flow wp-block-column-is-layout-flow\">\n<figure class=\"wp-block-image size-full\"><img decoding=\"async\" src=\"https:\/\/www.adiestradorcanino.com\/webdelperro\/wp-content\/uploads\/2025\/07\/Txakurargi-Centro-Canino.jpg\" alt=\"Negocio Txakurargi - Centro Canino\" class=\"wp-image-19766\"\/><\/figure>\n\n\n\n<p><\/p>\n<\/div>\n\n\n\n<div class=\"wp-block-column is-vertically-aligned-center is-layout-flow wp-block-column-is-layout-flow\">\n<div class=\"su-service\"><div class=\"su-service-title\" style=\"padding-left:46px;min-height:32px;line-height:32px\"><i class=\"sui sui-user\" style=\"font-size:32px;color:#2471a3\"><\/i> <strong>Nombre<\/strong><\/div><div class=\"su-service-content su-u-clearfix su-u-trim\" style=\"padding-left:46px\">Txakurargi &#8211; Centro Canino<\/div><\/div>\n\n\n\n<div class=\"su-service\"><div class=\"su-service-title\" style=\"padding-left:46px;min-height:32px;line-height:32px\"><i class=\"sui sui-map-marker\" style=\"font-size:32px;color:#2471a3\"><\/i> <strong>Direcci\u00f3n<\/strong><\/div><div class=\"su-service-content su-u-clearfix su-u-trim\" style=\"padding-left:46px\">BARRIO GARAI, Parcela 015, Pol\u00edgono 6, 48110 Gatika, Bizkaia<\/div><\/div>\n\n\n\n<div class=\"su-service\"><div class=\"su-service-title\" style=\"padding-left:46px;min-height:32px;line-height:32px\"><i class=\"sui sui-volume-control-phone\" style=\"font-size:32px;color:#2471a3\"><\/i> <strong>Tel\u00e9fono<\/strong><\/div><div class=\"su-service-content su-u-clearfix su-u-trim\" style=\"padding-left:46px\">630 26 71 43<\/div><\/div>\n\n\n\n<div class=\"su-service\"><div class=\"su-service-title\" style=\"padding-left:46px;min-height:32px;line-height:32px\"><i class=\"sui sui-globe\" style=\"font-size:32px;color:#2471a3\"><\/i> <strong>Sitio web<\/strong><\/div><div class=\"su-service-content su-u-clearfix su-u-trim\" style=\"padding-left:46px\">https:\/\/txakurargi.wixsite.com\/txakurargi<\/div><\/div>\n\n\n\n<p class=\"has-text-align-left\"><div class=\"su-service\"><div class=\"su-service-title\" style=\"padding-left:46px;min-height:32px;line-height:32px\"><i class=\"sui sui-clock-o\" style=\"font-size:32px;color:#2471a3\"><\/i> <strong>Horarios<\/strong><\/div><div class=\"su-service-content su-u-clearfix su-u-trim\" style=\"padding-left:46px\">\n\n\n\n<figure class=\"wp-block-table\"><table><tbody><tr><td><strong>Lunes<\/strong><\/td><td>lunes: 7:30\u201318:30<\/td><\/tr><tr><td><strong>Martes<\/strong><\/td><td>martes: 7:30\u201318:30<\/td><\/tr><tr><td><strong>Mi\u00e9rcoles<\/strong><\/td><td>mi\u00e9rcoles: 7:30\u201318:30<\/td><\/tr><tr><td><strong>Jueves<\/strong><\/td><td>jueves: 7:30\u201318:30<\/td><\/tr><tr><td><strong>Viernes<\/strong><\/td><td>viernes: 7:30\u201318:30<\/td><\/tr><tr><td><strong>S\u00e1bado<\/strong><\/td><td>s\u00e1bado: 7:30\u201318:30<\/td><\/tr><tr><td><strong>Domingo<\/strong><\/td><td>domingo: Cerrado<\/td><\/tr><\/tbody><\/table><\/figure>\n\n\n\n<\/div><\/div>\n\n\n\n<div class=\"su-service\"><div class=\"su-service-title\" style=\"padding-left:46px;min-height:32px;line-height:32px\"><i class=\"sui sui-star\" style=\"font-size:32px;color:#2471a3\"><\/i> Valoraci\u00f3n de los clientes<\/div><div class=\"su-service-content su-u-clearfix su-u-trim\" style=\"padding-left:46px\">4.8 \/ 5 (32 votos) <\/div><\/div>\n<\/div>\n<\/div>\n\n\n\n<div class=\"wp-block-columns is-layout-flex wp-container-core-columns-is-layout-9d6595d7 wp-block-columns-is-layout-flex\">\n<div class=\"wp-block-column mapa2 is-layout-flow wp-block-column-is-layout-flow\">\n<div class=\"su-gmap su-u-responsive-media-yes mapa\"><iframe loading=\"lazy\" width=\"600\" height=\"280\" src=\"\/\/maps.google.com\/maps?q=Txakurargi%20-%20Centro%20Canino%2C%20BARRIO%20GARAI%2C%20Parcela%20015%2C%20Pol%C3%ADgono%206%2C%2048110%20Gatika%2C%20Bizkaia&amp;output=embed&amp;z=20\" title=\"\"><\/iframe><\/div>\n<\/div>\n<\/div>\n\n\n\n<div class=\"wp-block-columns is-layout-flex wp-container-core-columns-is-layout-9d6595d7 wp-block-columns-is-layout-flex\">\n<div class=\"wp-block-column is-layout-flow wp-block-column-is-layout-flow\"><a href=\"https:\/\/www.adiestradorcanino.com\/webdelperro\/bizkaia\/gatika\/adiestramiento-canino-txakurargi-centro-canino-en-gatika-bizkaia\/\" style=\"width:100%;text-align:center;border-radius:6px;background-color:#2471a3;color:#ffffff;padding:16px 26px;text-decoration:none;display:inline-block;font-weight:600;\">Ver negocio<\/a>\n<\/div>\n<\/div>\n\n<div class=\"concl\">En este directorio podr\u00e1s ver alternativas confiables y apreciadas de entrenamiento de perros en Gatika. Mejora el bienestar de tu perro y fomenta una conexi\u00f3n equilibrada y plena inmediatamente.<br \/><br \/>Investiga las m\u00e1s recomendadas opciones de adiestramiento canino en Gatika y halla al experto correcto para ayudarte a comprender mejor a tu perro y lograr una cohabitaci\u00f3n armoniosa.<\/div>","protected":false},"excerpt":{"rendered":"<p>El adiestramiento de perros en Gatika se considera esencial para incrementar la interacci\u00f3n con su mascota. En este sitio tendr\u00e1s la oportunidad de encontrar adiestradores y centros especializados que te ayudar\u00e1n a educar a su perro con m\u00e9todos basados en un trato respetuoso y la comunicaci\u00f3n. Tanto si est\u00e9s buscando entrenamiento fundamental para un cachorro [&hellip;]<\/p>\n","protected":false},"author":2,"featured_media":0,"parent":7636,"menu_order":0,"comment_status":"closed","ping_status":"closed","template":"","meta":{"_et_pb_use_builder":"","_et_pb_old_content":"","_et_gb_content_width":"","footnotes":""},"tags":[846],"class_list":["post-7687","page","type-page","status-publish","hentry","tag-bizkaia"],"_links":{"self":[{"href":"https:\/\/www.adiestradorcanino.com\/webdelperro\/wp-json\/wp\/v2\/pages\/7687","targetHints":{"allow":["GET"]}}],"collection":[{"href":"https:\/\/www.adiestradorcanino.com\/webdelperro\/wp-json\/wp\/v2\/pages"}],"about":[{"href":"https:\/\/www.adiestradorcanino.com\/webdelperro\/wp-json\/wp\/v2\/types\/page"}],"author":[{"embeddable":true,"href":"https:\/\/www.adiestradorcanino.com\/webdelperro\/wp-json\/wp\/v2\/users\/2"}],"replies":[{"embeddable":true,"href":"https:\/\/www.adiestradorcanino.com\/webdelperro\/wp-json\/wp\/v2\/comments?post=7687"}],"version-history":[{"count":0,"href":"https:\/\/www.adiestradorcanino.com\/webdelperro\/wp-json\/wp\/v2\/pages\/7687\/revisions"}],"up":[{"embeddable":true,"href":"https:\/\/www.adiestradorcanino.com\/webdelperro\/wp-json\/wp\/v2\/pages\/7636"}],"wp:attachment":[{"href":"https:\/\/www.adiestradorcanino.com\/webdelperro\/wp-json\/wp\/v2\/media?parent=7687"}],"wp:term":[{"taxonomy":"post_tag","embeddable":true,"href":"https:\/\/www.adiestradorcanino.com\/webdelperro\/wp-json\/wp\/v2\/tags?post=7687"}],"curies":[{"name":"wp","href":"https:\/\/api.w.org\/{rel}","templated":true}]}}