{"id":7583,"date":"2025-07-08T12:40:53","date_gmt":"2025-07-08T12:40:53","guid":{"rendered":"https:\/\/www.adiestradorcanino.com\/webdelperro\/alicante\/tibi\/"},"modified":"2025-07-08T12:40:54","modified_gmt":"2025-07-08T12:40:54","slug":"tibi","status":"publish","type":"page","link":"https:\/\/www.adiestradorcanino.com\/webdelperro\/alicante\/tibi\/","title":{"rendered":"Adiestramiento canino en Tibi"},"content":{"rendered":"<div class=\"descripcion\">La adiestramiento canino en Tibi resulta esencial para mejorar la relaci\u00f3n con su mascota. En este sitio puedes descubrir adiestradores y centros especializados que te apoyar\u00e1n a educar a tu mascota con m\u00e9todos basados en un respeto y la interacci\u00f3n. <br \/><br \/>Ya sea que est\u00e9s buscando obediencia b\u00e1sica para un cachorro o la modificaci\u00f3n de conductas problem\u00e1ticas en canes mayores, en Tibi existen profesionales cualificados para toda situaci\u00f3n, colaborando con planes adaptados.<\/div>\n<h2 class=\"wp-block-heading\"><strong>Hotel De Mascotas Alicante Can-cun<\/strong><\/h2>\n\n\n\n<div class=\"wp-block-columns nc-fichas-en-categorias is-layout-flex wp-container-core-columns-is-layout-9d6595d7 wp-block-columns-is-layout-flex\">\n<div class=\"wp-block-column is-vertically-aligned-center is-layout-flow wp-block-column-is-layout-flow\">\n<figure class=\"wp-block-image size-full\"><img decoding=\"async\" src=\"https:\/\/www.adiestradorcanino.com\/webdelperro\/wp-content\/uploads\/2025\/07\/Hotel-De-Mascotas-Alicante-Can-cun.jpg\" alt=\"Negocio Hotel De Mascotas Alicante Can-cun\" class=\"wp-image-19766\"\/><\/figure>\n\n\n\n<p><\/p>\n<\/div>\n\n\n\n<div class=\"wp-block-column is-vertically-aligned-center is-layout-flow wp-block-column-is-layout-flow\">\n<div class=\"su-service\"><div class=\"su-service-title\" style=\"padding-left:46px;min-height:32px;line-height:32px\"><i class=\"sui sui-user\" style=\"font-size:32px;color:#2471a3\"><\/i> <strong>Nombre<\/strong><\/div><div class=\"su-service-content su-u-clearfix su-u-trim\" style=\"padding-left:46px\">Hotel De Mascotas Alicante Can-cun<\/div><\/div>\n\n\n\n<div class=\"su-service\"><div class=\"su-service-title\" style=\"padding-left:46px;min-height:32px;line-height:32px\"><i class=\"sui sui-map-marker\" style=\"font-size:32px;color:#2471a3\"><\/i> <strong>Direcci\u00f3n<\/strong><\/div><div class=\"su-service-content su-u-clearfix su-u-trim\" style=\"padding-left:46px\">Carretera, CV-798, km 6, 5, 03109 Tibi, Alicante<\/div><\/div>\n\n\n\n<div class=\"su-service\"><div class=\"su-service-title\" style=\"padding-left:46px;min-height:32px;line-height:32px\"><i class=\"sui sui-volume-control-phone\" style=\"font-size:32px;color:#2471a3\"><\/i> <strong>Tel\u00e9fono<\/strong><\/div><div class=\"su-service-content su-u-clearfix su-u-trim\" style=\"padding-left:46px\">722 68 26 98<\/div><\/div>\n\n\n\n<div class=\"su-service\"><div class=\"su-service-title\" style=\"padding-left:46px;min-height:32px;line-height:32px\"><i class=\"sui sui-globe\" style=\"font-size:32px;color:#2471a3\"><\/i> <strong>Sitio web<\/strong><\/div><div class=\"su-service-content su-u-clearfix su-u-trim\" style=\"padding-left:46px\">http:\/\/www.can-cun.es\/<\/div><\/div>\n\n\n\n<p class=\"has-text-align-left\"><div class=\"su-service\"><div class=\"su-service-title\" style=\"padding-left:46px;min-height:32px;line-height:32px\"><i class=\"sui sui-clock-o\" style=\"font-size:32px;color:#2471a3\"><\/i> <strong>Horarios<\/strong><\/div><div class=\"su-service-content su-u-clearfix su-u-trim\" style=\"padding-left:46px\">\n\n\n\n<figure class=\"wp-block-table\"><table><tbody><tr><td><strong>Lunes<\/strong><\/td><td>lunes: 10:00\u201317:00<\/td><\/tr><tr><td><strong>Martes<\/strong><\/td><td>martes: 10:00\u201317:00<\/td><\/tr><tr><td><strong>Mi\u00e9rcoles<\/strong><\/td><td>mi\u00e9rcoles: 10:00\u201317:00<\/td><\/tr><tr><td><strong>Jueves<\/strong><\/td><td>jueves: 10:00\u201317:00<\/td><\/tr><tr><td><strong>Viernes<\/strong><\/td><td>viernes: 10:00\u201317:00<\/td><\/tr><tr><td><strong>S\u00e1bado<\/strong><\/td><td>s\u00e1bado: 10:00\u201314:00<\/td><\/tr><tr><td><strong>Domingo<\/strong><\/td><td>domingo: Cerrado<\/td><\/tr><\/tbody><\/table><\/figure>\n\n\n\n<\/div><\/div>\n\n\n\n<div class=\"su-service\"><div class=\"su-service-title\" style=\"padding-left:46px;min-height:32px;line-height:32px\"><i class=\"sui sui-star\" style=\"font-size:32px;color:#2471a3\"><\/i> Valoraci\u00f3n de los clientes<\/div><div class=\"su-service-content su-u-clearfix su-u-trim\" style=\"padding-left:46px\">4.8 \/ 5 (270 votos) <\/div><\/div>\n<\/div>\n<\/div>\n\n\n\n<div class=\"wp-block-columns is-layout-flex wp-container-core-columns-is-layout-9d6595d7 wp-block-columns-is-layout-flex\">\n<div class=\"wp-block-column mapa2 is-layout-flow wp-block-column-is-layout-flow\">\n<div class=\"su-gmap su-u-responsive-media-yes mapa\"><iframe loading=\"lazy\" width=\"600\" height=\"280\" src=\"\/\/maps.google.com\/maps?q=Hotel%20De%20Mascotas%20Alicante%20Can-cun%2C%20Carretera%2C%20CV-798%2C%20km%206%2C%205%2C%2003109%20Tibi%2C%20Alicante&amp;output=embed&amp;z=20\" title=\"\"><\/iframe><\/div>\n<\/div>\n<\/div>\n\n\n\n<div class=\"wp-block-columns is-layout-flex wp-container-core-columns-is-layout-9d6595d7 wp-block-columns-is-layout-flex\">\n<div class=\"wp-block-column is-layout-flow wp-block-column-is-layout-flow\"><a href=\"https:\/\/www.adiestradorcanino.com\/webdelperro\/alicante\/tibi\/adiestramiento-canino-hotel-de-mascotas-alicante-can-cun-en-tibi-alicante\/\" style=\"width:100%;text-align:center;border-radius:6px;background-color:#2471a3;color:#ffffff;padding:16px 26px;text-decoration:none;display:inline-block;font-weight:600;\">Ver negocio<\/a>\n<\/div>\n<\/div>\n\n<div class=\"concl\">En este directorio podr\u00e1s ver soluciones validadas y valoradas de adiestramiento canino en Tibi. Incrementa el bienestar de tu perro y desarrolla una relaci\u00f3n sana y satisfecha a partir de ahora.<br \/><br \/>Investiga las mejores opciones de formaci\u00f3n canina en Tibi y encuentra al especialista adecuado para asistirte a conocer mejor a tu perro y conseguir una convivencia armoniosa.<\/div>","protected":false},"excerpt":{"rendered":"<p>La adiestramiento canino en Tibi resulta esencial para mejorar la relaci\u00f3n con su mascota. En este sitio puedes descubrir adiestradores y centros especializados que te apoyar\u00e1n a educar a tu mascota con m\u00e9todos basados en un respeto y la interacci\u00f3n. Ya sea que est\u00e9s buscando obediencia b\u00e1sica para un cachorro o la modificaci\u00f3n de conductas [&hellip;]<\/p>\n","protected":false},"author":2,"featured_media":0,"parent":7545,"menu_order":0,"comment_status":"closed","ping_status":"closed","template":"","meta":{"_et_pb_use_builder":"","_et_pb_old_content":"","_et_gb_content_width":"","footnotes":""},"tags":[838],"class_list":["post-7583","page","type-page","status-publish","hentry","tag-alicante"],"_links":{"self":[{"href":"https:\/\/www.adiestradorcanino.com\/webdelperro\/wp-json\/wp\/v2\/pages\/7583","targetHints":{"allow":["GET"]}}],"collection":[{"href":"https:\/\/www.adiestradorcanino.com\/webdelperro\/wp-json\/wp\/v2\/pages"}],"about":[{"href":"https:\/\/www.adiestradorcanino.com\/webdelperro\/wp-json\/wp\/v2\/types\/page"}],"author":[{"embeddable":true,"href":"https:\/\/www.adiestradorcanino.com\/webdelperro\/wp-json\/wp\/v2\/users\/2"}],"replies":[{"embeddable":true,"href":"https:\/\/www.adiestradorcanino.com\/webdelperro\/wp-json\/wp\/v2\/comments?post=7583"}],"version-history":[{"count":0,"href":"https:\/\/www.adiestradorcanino.com\/webdelperro\/wp-json\/wp\/v2\/pages\/7583\/revisions"}],"up":[{"embeddable":true,"href":"https:\/\/www.adiestradorcanino.com\/webdelperro\/wp-json\/wp\/v2\/pages\/7545"}],"wp:attachment":[{"href":"https:\/\/www.adiestradorcanino.com\/webdelperro\/wp-json\/wp\/v2\/media?parent=7583"}],"wp:term":[{"taxonomy":"post_tag","embeddable":true,"href":"https:\/\/www.adiestradorcanino.com\/webdelperro\/wp-json\/wp\/v2\/tags?post=7583"}],"curies":[{"name":"wp","href":"https:\/\/api.w.org\/{rel}","templated":true}]}}