{"id":308,"date":"2012-07-01T10:32:00","date_gmt":"2012-07-01T10:32:00","guid":{"rendered":"http:\/\/www.ideaweb.es\/desarrollos\/adiestradorcanino\/?page_id=11"},"modified":"2019-04-05T09:28:31","modified_gmt":"2019-04-05T09:28:31","slug":"servicios","status":"publish","type":"page","link":"https:\/\/www.adiestradorcanino.com\/webdelperro\/servicios\/","title":{"rendered":"Servicios"},"content":{"rendered":"[et_pb_section bb_built=\u00bb1&#8243; fullwidth=\u00bbon\u00bb _builder_version=\u00bb3.21&#8243; bottom_divider_style=\u00bbtriangle\u00bb bottom_divider_color=\u00bb#ffffff\u00bb bottom_divider_height=\u00bb25px\u00bb bottom_divider_flip=\u00bbvertical\u00bb animation_style=\u00bbslide\u00bb animation_direction=\u00bbtop\u00bb animation_intensity_slide=\u00bb3%\u00bb next_background_color=\u00bb#000000&#8243; global_module=\u00bb4261&#8243;][et_pb_fullwidth_post_title global_parent=\u00bb4261&#8243; meta=\u00bboff\u00bb featured_placement=\u00bbbackground\u00bb _builder_version=\u00bb3.21&#8243; title_font=\u00bb|300|||||||\u00bb title_text_align=\u00bbcenter\u00bb title_text_color=\u00bb#ffffff\u00bb title_font_size=\u00bb32px\u00bb background_color=\u00bb#76a933&#8243; background_blend=\u00bbmultiply\u00bb \/][\/et_pb_section][et_pb_section bb_built=\u00bb1&#8243; _builder_version=\u00bb3.21&#8243; custom_padding=\u00bb20px||\u00bb prev_background_color=\u00bb#000000&#8243; next_background_color=\u00bb#000000&#8243;][et_pb_row custom_padding=\u00bb||0px\u00bb _builder_version=\u00bb3.21&#8243;][et_pb_column type=\u00bb4_4&#8243;][et_pb_text _builder_version=\u00bb3.21&#8243; header_2_font=\u00bb|300|||||||\u00bb header_2_text_align=\u00bbcenter\u00bb custom_margin=\u00bb||15px|\u00bb custom_margin_last_edited=\u00bboff|desktop\u00bb]\n<h2>Cursos<\/h2>\n[\/et_pb_text][et_pb_divider divider_weight=\u00bb2px\u00bb _builder_version=\u00bb3.21&#8243; max_width=\u00bb15%\u00bb module_alignment=\u00bbcenter\u00bb]\n[\/et_pb_divider][\/et_pb_column][\/et_pb_row][et_pb_row][et_pb_column type=\u00bb1_2&#8243;][et_pb_blurb title=\u00bbCurso de Educaci\u00f3n y Preadiestramiento para cachorros.\u00bb url=\u00bbhttps:\/\/www.adiestradorcanino.com\/webdelperro\/servicios\/curso-de-educacion-y-preadiestramiento-para-cachorros\u00bb use_icon=\u00bbon\u00bb font_icon=\u00bb%%49%%\u00bb icon_placement=\u00bbleft\u00bb content_max_width=\u00bb1100px\u00bb _builder_version=\u00bb3.21&#8243; header_font=\u00bb|800|||||||\u00bb header_text_color__hover_enabled=\u00bbon\u00bb header_text_color__hover=\u00bb#76a933&#8243;]\n<p>Este curso est\u00e1 dise\u00f1ado para conseguir superar un gran n\u00famero de metas y objetivos, pensando siempre en las caracter\u00edsticas f\u00edsicas y comportamentales de cada raza o mestizo (informaci\u00f3n heredada) y la valoraci\u00f3n e interpretaci\u00f3n de todos los rasgos del car\u00e1cter, temperamentos y conductas de cada uno de los cachorros. Consiguiendo una uni\u00f3n entre los propietarios y sus cachorros perfecta y duradera.<br \/> Cursos de Educaci\u00f3n y Adiestramiento canino.<\/p>\n<p>Para futuros profesionales o due\u00f1os. Te\u00f3rico-Pr\u00e1ctico, presencial, individual o en grupo. A la finalizaci\u00f3n del curso se otorga al alumno: certificado y diploma de realizaci\u00f3n y superaci\u00f3n del mismo. Como objetivos aumentar los conocimientos sobre la psicolog\u00eda y el comportamiento canino.<\/p>\n[\/et_pb_blurb][\/et_pb_column][et_pb_column type=\u00bb1_2&#8243;][et_pb_blurb title=\u00bbCursos de Educaci\u00f3n y Adiestramiento canino.\u00bb url=\u00bbhttps:\/\/www.adiestradorcanino.com\/webdelperro\/servicios\/cursos-de-educacion-y-adiestramiento-canino\u00bb use_icon=\u00bbon\u00bb font_icon=\u00bb%%49%%\u00bb icon_placement=\u00bbleft\u00bb content_max_width=\u00bb1100px\u00bb _builder_version=\u00bb3.21&#8243; header_font=\u00bb|800|||||||\u00bb body_font=\u00bb||||||||\u00bb body_text_color=\u00bb#76a933&#8243; header_text_color__hover_enabled=\u00bbon\u00bb header_text_color__hover=\u00bb#76a933&#8243;]\n<p><span style=\"color: #333333;\">Para futuros profesionales o due\u00f1os. Te\u00f3rico-Pr\u00e1ctico, presencial, individual o en grupo. A la finalizaci\u00f3n del curso se otorga al alumno: certificado y diploma de realizaci\u00f3n y superaci\u00f3n del mismo. Como objetivos aumentar los conocimientos sobre la psicolog\u00eda y el comportamiento canino.<\/span><\/p>\n<p><strong><span style=\"color: #333333;\">Materia impartida:<\/span><\/strong><\/p>\n<ul>\n<li><span style=\"color: #333333;\">T\u00e9cnicas y M\u00e9todos de Adiestramiento, b\u00e1sicas y avanzadas.<\/span><\/li>\n<li><span style=\"color: #333333;\">Psicolog\u00eda cognitiva, positiva, condicionamientos cl\u00e1sico, instrumental u operante.<\/span><\/li>\n<li><span style=\"color: #333333;\">Etolog\u00eda canina.<\/span><\/li>\n<li><span style=\"color: #333333;\">Psicolog\u00eda canina.<\/span><\/li>\n<li><span style=\"color: #333333;\">Psicolog\u00eda e inteligencia animal.<\/span><\/li>\n<li><span style=\"color: #333333;\">Etnolog\u00eda (razas y caracter\u00edsticas).<\/span><\/li>\n<\/ul>\n[\/et_pb_blurb][\/et_pb_column][\/et_pb_row][et_pb_row][et_pb_column type=\u00bb1_2&#8243;][et_pb_blurb title=\u00bbCursos de Formaci\u00f3n del Hombre de Ataque. RCI.\u00bb url=\u00bbhttps:\/\/www.adiestradorcanino.com\/webdelperro\/servicios\/cursos-de-educacion-y-adiestramiento-canino\u00bb use_icon=\u00bbon\u00bb font_icon=\u00bb%%49%%\u00bb icon_placement=\u00bbleft\u00bb content_max_width=\u00bb1100px\u00bb _builder_version=\u00bb3.21&#8243; header_font=\u00bb|800|||||||\u00bb body_font=\u00bb||||||||\u00bb body_text_color=\u00bb#76a933&#8243; header_text_color__hover_enabled=\u00bbon\u00bb header_text_color__hover=\u00bb#76a933&#8243;]\n<ul>\n<li><span style=\"color: #333333;\"><strong>Figurante de Campo<\/strong>. Profesional encargado de la formaci\u00f3n del perro, aprendizaje y desarrollo de los diferentes ejercicios de la secci\u00f3n de Defensa, en los distintos reglamentos.<\/span><\/li>\n<li><span style=\"color: #333333;\"><strong>Figurante de Competici\u00f3n o Prueba<\/strong>. Profesional encargado de escenificar el d\u00eda de la prueba los distintos ejercicios del reglamento. Debe conocer y memorizar a la perfecci\u00f3n el reglamento en sus tres niveles.<\/span><\/li>\n<\/ul>\n[\/et_pb_blurb][\/et_pb_column][et_pb_column type=\u00bb1_2&#8243;][\/et_pb_column][\/et_pb_row][\/et_pb_section][et_pb_section bb_built=\u00bb1&#8243; _builder_version=\u00bb3.21&#8243; custom_padding=\u00bb20px||\u00bb prev_background_color=\u00bb#000000&#8243; next_background_color=\u00bb#f7f7f7&#8243;][et_pb_row custom_padding=\u00bb||0px\u00bb _builder_version=\u00bb3.21&#8243;][et_pb_column type=\u00bb4_4&#8243;][et_pb_text _builder_version=\u00bb3.21&#8243; header_2_font=\u00bb|300|||||||\u00bb header_2_text_align=\u00bbcenter\u00bb custom_margin=\u00bb||15px|\u00bb custom_margin_last_edited=\u00bboff|desktop\u00bb]\n<h2>Servicios<\/h2>\n[\/et_pb_text][et_pb_divider divider_weight=\u00bb2px\u00bb _builder_version=\u00bb3.21&#8243; max_width=\u00bb15%\u00bb module_alignment=\u00bbcenter\u00bb]\n[\/et_pb_divider][\/et_pb_column][\/et_pb_row][et_pb_row][et_pb_column type=\u00bb1_2&#8243;][et_pb_blurb title=\u00bbEducaci\u00f3n y Adiestramiento canino a domicilio.\u00bb url=\u00bbhttps:\/\/www.adiestradorcanino.com\/webdelperro\/servicios\/educacion-y-adiestramiento-perro-a-domicilio\u00bb use_icon=\u00bbon\u00bb font_icon=\u00bb%%49%%\u00bb icon_placement=\u00bbleft\u00bb content_max_width=\u00bb1100px\u00bb _builder_version=\u00bb3.21&#8243; header_font=\u00bb|800|||||||\u00bb body_font=\u00bb||||||||\u00bb header_text_color__hover_enabled=\u00bbon\u00bb header_text_color__hover=\u00bb#76a933&#8243;]\n<p>Con sus propietarios y en el entorno del perro. La educaci\u00f3n y adiestramiento de nuestro perro es aconsejable desarrollarlo en su entorno y con sus propietarios, para poder impartir las ense\u00f1anzas a trav\u00e9s de ellos, de esta forma \u00e9l se sentir\u00e1 m\u00e1s seguro y confiado, ofreciendo mayor atenci\u00f3n, motivaci\u00f3n y disposici\u00f3n para aprender.<\/p>\n[\/et_pb_blurb][\/et_pb_column][et_pb_column type=\u00bb1_2&#8243;][et_pb_blurb title=\u00bbEducaci\u00f3n y Adiestramiento en r\u00e9gimen interno (en centro canino).\u00bb url=\u00bbhttps:\/\/www.adiestradorcanino.com\/webdelperro\/servicios\/educacion-y-adiestramiento-perros-en-regimen-interno\u00bb use_icon=\u00bbon\u00bb font_icon=\u00bb%%49%%\u00bb icon_placement=\u00bbleft\u00bb content_max_width=\u00bb1100px\u00bb _builder_version=\u00bb3.21&#8243; header_font=\u00bb|800|||||||\u00bb body_font=\u00bb||||||||\u00bb header_text_color__hover_enabled=\u00bbon\u00bb header_text_color__hover=\u00bb#76a933&#8243;]\n<p>Educaci\u00f3n y Adiestramiento de nuestro perro en r\u00e9gimen interno, est\u00e1 recomendado en los casos que la psicolog\u00eda y comportamiento del perro necesite t\u00e9cnicas y entornos diferentes, tambi\u00e9n en casos en los que el comportamiento del perro no es controlado por los propietarios y necesiten ayuda.<\/p>\n[\/et_pb_blurb][\/et_pb_column][\/et_pb_row][et_pb_row][et_pb_column type=\u00bb1_2&#8243;][et_pb_blurb title=\u00bbConsulta y Tratamiento de problemas de comportamiento en el perro.\u00bb url=\u00bbhttps:\/\/www.adiestradorcanino.com\/webdelperro\/servicios\/problemas-de-comportamiento-perro-tecnicas-de-modificacion\u00bb use_icon=\u00bbon\u00bb font_icon=\u00bb%%49%%\u00bb icon_placement=\u00bbleft\u00bb content_max_width=\u00bb1100px\u00bb _builder_version=\u00bb3.21&#8243; header_font=\u00bb|800|||||||\u00bb body_font=\u00bb||||||||\u00bb header_text_color__hover_enabled=\u00bbon\u00bb header_text_color__hover=\u00bb#76a933&#8243;]\n<p>Sabemos que existen factores que determinan e influyen en el comportamiento, como: la base gen\u00e9tica, interacci\u00f3n del animal con el medio ambiente, factores ambientales, clim\u00e1ticos, geogr\u00e1ficos, relacionales y los procesos de aprendizaje. La metodolog\u00eda empleada en el aprendizaje y asociaci\u00f3n de las distintas conductas que un perro puede activar en cada momento, est\u00e1 basado en saber que, es capaz de buscar alternativas, comprender, proporcionar atenci\u00f3n, deseos de colaborar y agradar, tener iniciativa, persistencia, esp\u00edritu de lucha, gran capacidad de responsividad, instinto de protecci\u00f3n, sumisi\u00f3n, docilidad, etc.<\/p>\n[\/et_pb_blurb][\/et_pb_column][et_pb_column type=\u00bb1_2&#8243;][et_pb_image src=\u00bbhttps:\/\/www.adiestradorcanino.com\/webdelperro\/wp-content\/uploads\/2012\/11\/p9240284.jpg\u00bb align=\u00bbcenter\u00bb _builder_version=\u00bb3.21.1&#8243;]\n[\/et_pb_image][\/et_pb_column][\/et_pb_row][\/et_pb_section][et_pb_section bb_built=\u00bb1&#8243; _builder_version=\u00bb3.21&#8243; background_color=\u00bb#f7f7f7&#8243; custom_padding=\u00bb10px||0px\u00bb prev_background_color=\u00bb#ffffff\u00bb][et_pb_row make_equal=\u00bbon\u00bb module_class_1=\u00bbds-vertical-align\u00bb module_class_2=\u00bbds-vertical-align\u00bb _builder_version=\u00bb3.21&#8243; background_size=\u00bbinitial\u00bb background_position=\u00bbtop_left\u00bb background_repeat=\u00bbrepeat\u00bb][et_pb_column type=\u00bb4_4&#8243;][et_pb_text _builder_version=\u00bb3.21&#8243; header_font=\u00bb||||||||\u00bb header_3_font=\u00bb|600|||||||\u00bb]\n<h3 style=\"text-align: center;\">Jes\u00fas Guti\u00e9rrez<\/h3>\n[\/et_pb_text][\/et_pb_column][\/et_pb_row][\/et_pb_section]\n","protected":false},"excerpt":{"rendered":"<p>Cursos <div class=\"et_pb_row et_pb_row_0 et_pb_row_empty\">\n\t\t\t\t\n\t\t\t\t\n\t\t\t\t\n\t\t\t\t\n\t\t\t\t\n\t\t\t<\/div> Este curso est\u00e1 dise\u00f1ado para conseguir superar un gran n\u00famero de metas y objetivos, pensando siempre en las caracter\u00edsticas f\u00edsicas y comportamentales de cada raza o mestizo (informaci\u00f3n heredada) y la valoraci\u00f3n e interpretaci\u00f3n de todos los rasgos del car\u00e1cter, temperamentos y conductas de cada uno de los cachorros. Consiguiendo una uni\u00f3n entre [&hellip;]<\/p>\n","protected":false},"author":1,"featured_media":4357,"parent":0,"menu_order":0,"comment_status":"closed","ping_status":"closed","template":"","meta":{"_et_pb_use_builder":"on","_et_pb_old_content":"<h3><strong>Cursos:<\/strong><\/h3><h5><a href=\"https:\/\/www.adiestradorcanino.com\/webdelperro\/servicios\/curso-de-educacion-y-preadiestramiento-para-cachorros\" target=\"_blank\" rel=\"noopener\"><strong>Curso de Educaci\u00f3n y Preadiestramiento para cachorros<\/strong>.<\/a><\/h5><p style=\"text-align: justify;\"><strong><img class=\"alignright\" style=\"margin: 10px;\" src=\"http:\/\/www.adiestradorcanino.com\/content\/e107_images\/custom\/curso_a..gif\" alt=\"\" width=\"197\" height=\"265\" align=\"left\" hspace=\"10\" vspace=\"10\" \/><\/strong>Este curso est\u00e1 dise\u00f1ado para conseguir superar un gran n\u00famero de metas y objetivos, pensando siempre en las caracter\u00edsticas f\u00edsicas y comportamentales de cada raza o mestizo (informaci\u00f3n heredada) y la valoraci\u00f3n e interpretaci\u00f3n de todos los rasgos del car\u00e1cter, temperamentos y conductas de cada uno de los cachorros. Consiguiendo una uni\u00f3n entre los propietarios y sus cachorros perfecta y duradera.<\/p><h5><a href=\"https:\/\/www.adiestradorcanino.com\/webdelperro\/servicios\/cursos-de-educacion-y-adiestramiento-canino\" target=\"_blank\" rel=\"noopener\"><strong>Cursos de Educaci\u00f3n y Adiestramiento canino.<\/strong> <\/a><\/h5><p>Para futuros profesionales o due\u00f1os. Te\u00f3rico-Pr\u00e1ctico, presencial, individual o en grupo. A la finalizaci\u00f3n del curso se otorga al alumno: certificado y diploma de realizaci\u00f3n y superaci\u00f3n del mismo. Como objetivos aumentar los conocimientos sobre la psicolog\u00eda y el comportamiento canino.<\/p><p style=\"text-align: justify;\"><strong>Materia impartida:<\/strong><\/p><ul><li>T\u00e9cnicas y M\u00e9todos de Adiestramiento, b\u00e1sicas y avanzadas.<\/li><li>Psicolog\u00eda cognitiva, positiva, condicionamientos cl\u00e1sico, instrumental u operante.<\/li><li>Etolog\u00eda canina.<\/li><li>Psicolog\u00eda canina.<\/li><li>Psicolog\u00eda e inteligencia animal.<\/li><li>Etnolog\u00eda (razas y caracter\u00edsticas).<\/li><\/ul><h5><strong><a title=\"Cursos de Educaci\u00f3n y Adiestramiento canino\" href=\"https:\/\/www.adiestradorcanino.com\/webdelperro\/servicios\/cursos-de-educacion-y-adiestramiento-canino\" target=\"_blank\" rel=\"noopener\">Cursos de Formaci\u00f3n del Hombre de Ataque. RCI.<\/a><\/strong><\/h5><ul><li><strong>Figurante de Campo.<\/strong> Profesional encargado de la formaci\u00f3n del perro, aprendizaje y desarrollo de los diferentes ejercicios de la secci\u00f3n de Defensa, en los distintos reglamentos.<\/li><li><strong>Figurante de Competici\u00f3n o Prueba.<\/strong> Profesional encargado de escenificar el d\u00eda de la prueba los distintos ejercicios del reglamento. Debe conocer y memorizar a la perfecci\u00f3n el reglamento en sus tres niveles.<\/li><\/ul><h3><strong>Servicios:<\/strong><\/h3><h5><a href=\"https:\/\/www.adiestradorcanino.com\/webdelperro\/servicios\/educacion-y-adiestramiento-perro-a-domicilio\" target=\"_blank\" rel=\"noopener\"><strong>Educaci\u00f3n y Adiestramiento canino a domicilio.<\/strong><\/a><\/h5><p style=\"text-align: justify;\">Con sus propietarios y en el entorno del perro. La educaci\u00f3n y adiestramiento de nuestro perro es aconsejable desarrollarlo en su entorno y con sus propietarios, para poder impartir las ense\u00f1anzas a trav\u00e9s de ellos, de esta forma \u00e9l se sentir\u00e1 m\u00e1s seguro y confiado, ofreciendo mayor atenci\u00f3n, motivaci\u00f3n y disposici\u00f3n para aprender.<\/p><h5><a href=\"https:\/\/www.adiestradorcanino.com\/webdelperro\/servicios\/educacion-y-adiestramiento-perros-en-regimen-interno\" target=\"_blank\" rel=\"noopener\"><strong>Educaci\u00f3n y Adiestramiento en r\u00e9gimen interno (en centro canino).<\/strong><\/a><\/h5><p style=\"text-align: justify;\">Educaci\u00f3n y Adiestramiento de nuestro perro en r\u00e9gimen interno, est\u00e1 recomendado en los casos que la psicolog\u00eda y comportamiento del perro necesite t\u00e9cnicas y entornos diferentes, tambi\u00e9n en casos en los que el comportamiento del perro no es controlado por los propietarios y necesiten ayuda.<\/p><h5><a href=\"https:\/\/www.adiestradorcanino.com\/webdelperro\/servicios\/problemas-de-comportamiento-perro-tecnicas-de-modificacion\" target=\"_blank\" rel=\"noopener\"><strong>Consulta y Tratamiento de problemas de comportamiento\u00a0en el\u00a0perro.<\/strong><\/a><\/h5><p style=\"text-align: justify;\">Sabemos que existen factores que determinan e influyen en el comportamiento, como: la base gen\u00e9tica, interacci\u00f3n del animal con el medio ambiente, factores ambientales, clim\u00e1ticos, geogr\u00e1ficos, relacionales y los procesos de aprendizaje. La metodolog\u00eda empleada en el aprendizaje y asociaci\u00f3n de las distintas conductas que un perro puede activar en cada momento, est\u00e1 basado en saber que, es capaz de buscar alternativas, comprender, proporcionar atenci\u00f3n, deseos de colaborar y agradar, tener iniciativa, persistencia, esp\u00edritu de lucha, gran capacidad de responsividad, instinto de protecci\u00f3n, sumisi\u00f3n, docilidad, etc.<\/p><h5 style=\"text-align: justify;\">\u00a0<\/h5><h5 style=\"text-align: justify;\"><a href=\"https:\/\/www.adiestradorcanino.com\/webdelperro\/quien-soy\" target=\"_blank\" rel=\"noopener\">Jes\u00fas Guti\u00e9rrez<\/a><\/h5>","_et_gb_content_width":"","footnotes":""},"tags":[],"class_list":["post-308","page","type-page","status-publish","has-post-thumbnail","hentry"],"_links":{"self":[{"href":"https:\/\/www.adiestradorcanino.com\/webdelperro\/wp-json\/wp\/v2\/pages\/308","targetHints":{"allow":["GET"]}}],"collection":[{"href":"https:\/\/www.adiestradorcanino.com\/webdelperro\/wp-json\/wp\/v2\/pages"}],"about":[{"href":"https:\/\/www.adiestradorcanino.com\/webdelperro\/wp-json\/wp\/v2\/types\/page"}],"author":[{"embeddable":true,"href":"https:\/\/www.adiestradorcanino.com\/webdelperro\/wp-json\/wp\/v2\/users\/1"}],"replies":[{"embeddable":true,"href":"https:\/\/www.adiestradorcanino.com\/webdelperro\/wp-json\/wp\/v2\/comments?post=308"}],"version-history":[{"count":0,"href":"https:\/\/www.adiestradorcanino.com\/webdelperro\/wp-json\/wp\/v2\/pages\/308\/revisions"}],"wp:featuredmedia":[{"embeddable":true,"href":"https:\/\/www.adiestradorcanino.com\/webdelperro\/wp-json\/wp\/v2\/media\/4357"}],"wp:attachment":[{"href":"https:\/\/www.adiestradorcanino.com\/webdelperro\/wp-json\/wp\/v2\/media?parent=308"}],"wp:term":[{"taxonomy":"post_tag","embeddable":true,"href":"https:\/\/www.adiestradorcanino.com\/webdelperro\/wp-json\/wp\/v2\/tags?post=308"}],"curies":[{"name":"wp","href":"https:\/\/api.w.org\/{rel}","templated":true}]}}