{"id":24,"date":"2012-10-09T10:35:29","date_gmt":"2012-10-09T10:35:29","guid":{"rendered":"http:\/\/www.ideaweb.es\/desarrollos\/adiestradorcanino\/?page_id=24"},"modified":"2019-03-26T07:57:05","modified_gmt":"2019-03-26T07:57:05","slug":"educacion-y-adiestramiento-perros-en-regimen-interno","status":"publish","type":"page","link":"https:\/\/www.adiestradorcanino.com\/webdelperro\/servicios\/educacion-y-adiestramiento-perros-en-regimen-interno\/","title":{"rendered":"Educaci\u00f3n y Adiestramiento canino en r\u00e9gimen interno"},"content":{"rendered":"[et_pb_section fb_built=\u00bb1&#8243; fullwidth=\u00bbon\u00bb _builder_version=\u00bb3.21&#8243; bottom_divider_style=\u00bbtriangle\u00bb bottom_divider_color=\u00bb#ffffff\u00bb bottom_divider_height=\u00bb25px\u00bb bottom_divider_flip=\u00bbvertical\u00bb animation_style=\u00bbslide\u00bb animation_direction=\u00bbtop\u00bb animation_intensity_slide=\u00bb3%\u00bb global_module=\u00bb4261&#8243;][et_pb_fullwidth_post_title meta=\u00bboff\u00bb featured_placement=\u00bbbackground\u00bb _builder_version=\u00bb3.21&#8243; title_font=\u00bb|300|||||||\u00bb title_text_align=\u00bbcenter\u00bb title_text_color=\u00bb#ffffff\u00bb title_font_size=\u00bb32px\u00bb background_color=\u00bb#76a933&#8243; background_blend=\u00bbmultiply\u00bb][\/et_pb_fullwidth_post_title][\/et_pb_section][et_pb_section fb_built=\u00bb1&#8243; _builder_version=\u00bb3.21&#8243; custom_padding=\u00bb20px||\u00bb][et_pb_row _builder_version=\u00bb3.0.48&#8243; background_size=\u00bbinitial\u00bb background_position=\u00bbtop_left\u00bb background_repeat=\u00bbrepeat\u00bb][et_pb_column type=\u00bb2_3&#8243; _builder_version=\u00bb3.0.47&#8243;][et_pb_text _builder_version=\u00bb3.21&#8243;]\n<p>La Educaci\u00f3n y Adiestramiento de nuestro perro en r\u00e9gimen interno, est\u00e1 recomendado en los casos que la psicolog\u00eda y comportamiento del perro necesite t\u00e9cnicas y entornos diferentes, tambi\u00e9n en casos en los que el comportamiento del perro no es controlado por los propietarios y necesiten ayuda.<\/p>\n<p>Tambi\u00e9n se recomienda esta opci\u00f3n cuando los propietarios no disponen del tiempo necesario para poder realizar las sesiones necesarias de entrenamiento para su formaci\u00f3n inicial y diaria.<\/p>\n<p>El perro permanece en las instalaciones en r\u00e9gimen interno durante todo el proceso de su educaci\u00f3n y adiestramiento, durante la primera semana no es recomendable la visita de sus due\u00f1os, porque influyen negativamente en su estado emocional.<\/p>\n<p>Una vez que el perro se ha adaptado y vinculado se recomiendan las visitas de sus due\u00f1os con la frecuencia que ellos deseen o recomiende el educador hasta el final de su formaci\u00f3n, de esta manera los due\u00f1os pueden seguir y evaluar sus progresos, incluso pueden predecir cu\u00e1ndo llegar\u00e1 el momento de realizar el traspaso de mando y posterior regreso a casa.<\/p>\n<p>El perro necesita adaptarse y vincular con el profesional que va a dirigir su formaci\u00f3n, una vez se haya adaptado y desarrollado los lazos afectivos se inician los trabajos para su educaci\u00f3n.<\/p>\n<p>La estancia del perro en r\u00e9gimen interno, depender\u00e1 de la capacidad de aprendizaje y de las conductas an\u00f3malas de este.<\/p>\n[\/et_pb_text][\/et_pb_column][et_pb_column type=\u00bb1_3&#8243; _builder_version=\u00bb3.0.47&#8243;][et_pb_image src=\u00bbhttps:\/\/www.adiestradorcanino.com\/webdelperro\/wp-content\/uploads\/2019\/02\/residencia_canina.jpg\u00bb show_in_lightbox=\u00bbon\u00bb align=\u00bbcenter\u00bb _builder_version=\u00bb3.21&#8243;]\n[\/et_pb_image][et_pb_image src=\u00bbhttps:\/\/www.adiestradorcanino.com\/webdelperro\/wp-content\/uploads\/2019\/02\/residencia.jpg\u00bb show_in_lightbox=\u00bbon\u00bb align=\u00bbcenter\u00bb _builder_version=\u00bb3.21&#8243;]\n[\/et_pb_image][et_pb_image src=\u00bbhttps:\/\/www.adiestradorcanino.com\/webdelperro\/wp-content\/uploads\/2019\/02\/residencia_canina_1.jpg\u00bb show_in_lightbox=\u00bbon\u00bb align=\u00bbcenter\u00bb _builder_version=\u00bb3.21&#8243;]\n[\/et_pb_image][\/et_pb_column][\/et_pb_row][\/et_pb_section][et_pb_section fb_built=\u00bb1&#8243; _builder_version=\u00bb3.21&#8243; background_color=\u00bb#f7f7f7&#8243;][et_pb_row custom_padding=\u00bb||0px\u00bb _builder_version=\u00bb3.21&#8243; background_size=\u00bbinitial\u00bb background_position=\u00bbtop_left\u00bb background_repeat=\u00bbrepeat\u00bb][et_pb_column type=\u00bb2_3&#8243; _builder_version=\u00bb3.0.47&#8243;][et_pb_text ul_type=\u00bbsquare\u00bb _builder_version=\u00bb3.21&#8243; ul_font=\u00bb||||||||\u00bb ul_text_color=\u00bb#76a933&#8243; ol_font=\u00bb||||||||\u00bb ol_text_color=\u00bb#76a933&#8243; header_font=\u00bb||||||||\u00bb header_3_font=\u00bb|800|||||||\u00bb header_3_text_color=\u00bb#76a933&#8243; header_3_line_height=\u00bb1.1em\u00bb]\n<h3>Objetivos:<\/h3>\n<ul>\n<li><span style=\"color: #333333;\">Conseguir estados emocionales \u00f3ptimos en todos los entornos.<\/span><\/li>\n<li><span style=\"color: #333333;\">Evaluar posibles problemas de comportamiento y modificarlos.<\/span><\/li>\n<li><span style=\"color: #333333;\">Crear contextos y normas en el perro para el d\u00eda a d\u00eda en su domicilio y con sus due\u00f1os.<\/span><\/li>\n<li><span style=\"color: #333333;\">Rutinas y horarios.<\/span><\/li>\n<li><span style=\"color: #333333;\">Desarrollar la tabla de\u00a0adiestramiento b\u00e1sica para asegurar el posterior control por parte de sus due\u00f1os:<\/span><\/li>\n<\/ul>\n<p><span style=\"color: #333333;\"><\/span><\/p>\n<ol>\n<li><span style=\"color: #333333;\">Andar al lado, en diferentes ritmos, lento, normal y r\u00e1pido.<\/span><\/li>\n<li><span style=\"color: #333333;\">Sentado, tumbado y pie, al lado de su due\u00f1o.<\/span><\/li>\n<li><span style=\"color: #333333;\">Quedarse quieto en las tres posturas.<\/span><\/li>\n<li><span style=\"color: #333333;\">Acudir a la llamada de su due\u00f1o.<\/span><\/li>\n<li><span style=\"color: #333333;\">Soltar y dar los objetos que pueda tener en la boca.<\/span><\/li>\n<li><span style=\"color: #333333;\">No ingerir sustancias del suelo.<\/span><\/li>\n<\/ol>\n<p><span style=\"color: #333333;\"><\/span><\/p>\n<ul>\n<li><span style=\"color: #333333;\">Desarrollo de protocolos de juegos con diferentes objetos u otras modalidades aer\u00f3bicas.<\/span><\/li>\n<li><span style=\"color: #333333;\">Garantizar y aumentar los criterios, exigencias y experiencias en el perro, de esta manera conseguimos m\u00e1s equilibrio emocional.<\/span><\/li>\n<\/ul>\n[\/et_pb_text][\/et_pb_column][et_pb_column type=\u00bb1_3&#8243; _builder_version=\u00bb3.0.47&#8243;][et_pb_image src=\u00bbhttps:\/\/www.adiestradorcanino.com\/webdelperro\/wp-content\/uploads\/2019\/03\/traspaso_de_mando.jpg\u00bb align=\u00bbcenter\u00bb _builder_version=\u00bb3.21&#8243;]\n[\/et_pb_image][\/et_pb_column][\/et_pb_row][et_pb_row _builder_version=\u00bb3.21&#8243;][et_pb_column type=\u00bb4_4&#8243; _builder_version=\u00bb3.0.47&#8243;][et_pb_text _builder_version=\u00bb3.21&#8243;]\n<p>Una vez alcanzados todos los objetivos y final del proceso de su educaci\u00f3n, nos ponemos en contacto con los propietarios para poder fijar los d\u00edas para trabajar con el perro, momentos en los que se trasmiten todos los conocimientos, te\u00f3ricos-pr\u00e1cticos, y dem\u00e1s detalles para que sus propietarios puedan hacerse con el control y manejo del perro.<\/p>\n<p>Estos primeros trabajos se desarrollan en el centro y en recinto cerrado para garantizar que las primeras experiencias del perro con sus due\u00f1os puedan ser perfectamente desarrolladas y asociadas, despu\u00e9s se realizan otras sesiones en entornos urbanos similares al entorno real del perro, con estas sesiones se consolida el control de los propietarios sobre su perro.<\/p>\n<p>Una vez finalizado el traspaso de mando, propietarios y sus perros regresan a casa.<\/p>\n<p>Desde ese momento se mantiene contacto con la familia para ayudar y aconsejar, garantizando que el comportamiento del perro es correcto.<\/p>\n[\/et_pb_text][\/et_pb_column][\/et_pb_row][\/et_pb_section][et_pb_section fb_built=\u00bb1&#8243; _builder_version=\u00bb3.21&#8243; background_color=\u00bb#ffffff\u00bb custom_padding=\u00bb10px||0px\u00bb][et_pb_row make_equal=\u00bbon\u00bb module_class_1=\u00bbds-vertical-align\u00bb module_class_2=\u00bbds-vertical-align\u00bb _builder_version=\u00bb3.21&#8243; background_size=\u00bbinitial\u00bb background_position=\u00bbtop_left\u00bb background_repeat=\u00bbrepeat\u00bb][et_pb_column type=\u00bb4_4&#8243; _builder_version=\u00bb3.0.47&#8243;][et_pb_text _builder_version=\u00bb3.21&#8243; header_font=\u00bb||||||||\u00bb header_3_font=\u00bb|600|||||||\u00bb]\n<h3 style=\"text-align: center;\">Jes\u00fas Guti\u00e9rrez<\/h3>\n[\/et_pb_text][\/et_pb_column][\/et_pb_row][\/et_pb_section]\n","protected":false},"excerpt":{"rendered":"<p>La Educaci\u00f3n y Adiestramiento de nuestro perro en r\u00e9gimen interno, est\u00e1 recomendado en los casos que la psicolog\u00eda y comportamiento del perro necesite t\u00e9cnicas y entornos diferentes, tambi\u00e9n en casos en los que el comportamiento del perro no es controlado por los propietarios y necesiten ayuda. Tambi\u00e9n se recomienda esta opci\u00f3n cuando los propietarios no [&hellip;]<\/p>\n","protected":false},"author":1,"featured_media":4357,"parent":308,"menu_order":0,"comment_status":"closed","ping_status":"closed","template":"","meta":{"_et_pb_use_builder":"on","_et_pb_old_content":"<h5 style=\"text-align: justify;\"><img src=\"http:\/\/www.adiestradorcanino.com\/content\/e107_images\/custom\/residencia_canina.1pg.jpg\" alt=\"\" align=\"right\" hspace=\"10\" vspace=\"10\" \/><strong>Educaci\u00f3n y Adiestramiento canino en r\u00e9gimen interno.<\/strong><\/h5><p>La Educaci\u00f3n y Adiestramiento de nuestro perro en r\u00e9gimen interno, est\u00e1 recomendado en los casos que la psicolog\u00eda y comportamiento del perro necesite t\u00e9cnicas y entornos diferentes, tambi\u00e9n en casos en los que el comportamiento del perro no es controlado por los propietarios y necesiten ayuda.<\/p><p>Tambi\u00e9n se recomienda esta opci\u00f3n cuando los propietarios no disponen del tiempo necesario para poder realizar las sesiones necesarias de entrenamiento para su formaci\u00f3n inicial y diaria.<\/p><p>El perro permanece en las instalaciones en r\u00e9gimen interno durante todo el proceso de su educaci\u00f3n y adiestramiento, durante la primera semana no es recomendable la visita de sus due\u00f1os, porque influyen negativamente en su estado emocional.<\/p><p>Una vez que el perro se ha adaptado y vinculado se recomiendan las visitas de sus due\u00f1os con la frecuencia que ellos deseen o recomiende el educador hasta el final de su formaci\u00f3n, de esta manera los due\u00f1os pueden seguir y evaluar sus progresos, incluso pueden predecir cu\u00e1ndo llegar\u00e1 el momento de realizar el traspaso de mando y posterior regreso a casa.<img src=\"http:\/\/www.adiestradorcanino.com\/content\/e107_images\/custom\/residencia.jpg\" alt=\"\" align=\"right\" hspace=\"10\" vspace=\"10\" \/><\/p><p>El perro necesita adaptarse y vincular con el profesional que va a dirigir su formaci\u00f3n, una vez se haya adaptado y desarrollado los lazos afectivos se inician los trabajos para su educaci\u00f3n.<\/p><p>La estancia del perro en r\u00e9gimen interno, depender\u00e1 de la capacidad de aprendizaje y de las conductas an\u00f3malas de este.<\/p><h5><strong>Objetivos:<\/strong><\/h5><ul style=\"text-align: justify;\"><li>Conseguir estados emocionales \u00f3ptimos en todos los entornos.<\/li><li>Evaluar posibles problemas de comportamiento y modificarlos.<\/li><li>Crear contextos y normas en el perro para el d\u00eda a d\u00eda en su domicilio y con sus due\u00f1os.<\/li><li>Rutinas y horarios.<\/li><li><img src=\"http:\/\/www.adiestradorcanino.com\/content\/e107_images\/custom\/residencia_canina..jpg\" alt=\"\" align=\"right\" hspace=\"10\" vspace=\"10\" \/>Desarrollar la tabla de\u00a0adiestramiento b\u00e1sica para asegurar el posterior control por parte de sus due\u00f1os:<\/li><\/ul><ol><li>Andar al lado, en diferentes ritmos, lento, normal y r\u00e1pido.<\/li><li>Sentado, tumbado y pie, al lado de su due\u00f1o.<\/li><li>Quedarse quieto en las tres posturas.<\/li><li>Acudir a la llamada de su due\u00f1o.<\/li><li>Soltar y dar los objetos que pueda tener en la boca.<\/li><li>No ingerir sustancias del suelo.<\/li><\/ol><ul style=\"text-align: justify;\"><li>Desarrollo de protocolos de juegos con diferentes objetos u otras modalidades aer\u00f3bicas.<\/li><li><img class=\"alignright\" style=\"margin: 10px;\" src=\"http:\/\/www.adiestradorcanino.com\/content\/e107_images\/custom\/traspaso_de_mando.jpg\" alt=\"\" width=\"200\" height=\"268\" align=\"left\" hspace=\"10\" vspace=\"10\" \/>Garantizar y aumentar los criterios, exigencias y experiencias en el perro, de esta manera conseguimos m\u00e1s equilibrio emocional.<\/li><\/ul><p style=\"text-align: justify;\">Una vez alcanzados todos los objetivos y final del proceso de su educaci\u00f3n, nos ponemos en contacto con los propietarios para poder fijar los d\u00edas para trabajar con el perro, momentos en los que se trasmiten todos los conocimientos, te\u00f3ricos-pr\u00e1cticos, y dem\u00e1s detalles para que sus propietarios puedan hacerse con el control y manejo del perro.<\/p><p>Estos primeros trabajos se desarrollan en el centro y en recinto cerrado para garantizar que las primeras experiencias del perro con sus due\u00f1os puedan ser perfectamente desarrolladas y asociadas, despu\u00e9s se realizan otras sesiones en entornos urbanos similares al entorno real del perro, con estas sesiones se consolida el control de los propietarios sobre su perro.<\/p><p>Una vez finalizado el traspaso de mando, propietarios y sus perros regresan a casa.<\/p><p style=\"text-align: justify;\">Desde ese momento se mantiene contacto con la familia para ayudar y aconsejar, garantizando que el comportamiento del perro es correcto.<\/p><p>\u00a0<\/p><h5><strong>Jes\u00fas Guti\u00e9rrez<\/strong><\/h5><p>\u00a0<\/p>","_et_gb_content_width":"","footnotes":""},"tags":[],"class_list":["post-24","page","type-page","status-publish","has-post-thumbnail","hentry"],"_links":{"self":[{"href":"https:\/\/www.adiestradorcanino.com\/webdelperro\/wp-json\/wp\/v2\/pages\/24","targetHints":{"allow":["GET"]}}],"collection":[{"href":"https:\/\/www.adiestradorcanino.com\/webdelperro\/wp-json\/wp\/v2\/pages"}],"about":[{"href":"https:\/\/www.adiestradorcanino.com\/webdelperro\/wp-json\/wp\/v2\/types\/page"}],"author":[{"embeddable":true,"href":"https:\/\/www.adiestradorcanino.com\/webdelperro\/wp-json\/wp\/v2\/users\/1"}],"replies":[{"embeddable":true,"href":"https:\/\/www.adiestradorcanino.com\/webdelperro\/wp-json\/wp\/v2\/comments?post=24"}],"version-history":[{"count":0,"href":"https:\/\/www.adiestradorcanino.com\/webdelperro\/wp-json\/wp\/v2\/pages\/24\/revisions"}],"up":[{"embeddable":true,"href":"https:\/\/www.adiestradorcanino.com\/webdelperro\/wp-json\/wp\/v2\/pages\/308"}],"wp:featuredmedia":[{"embeddable":true,"href":"https:\/\/www.adiestradorcanino.com\/webdelperro\/wp-json\/wp\/v2\/media\/4357"}],"wp:attachment":[{"href":"https:\/\/www.adiestradorcanino.com\/webdelperro\/wp-json\/wp\/v2\/media?parent=24"}],"wp:term":[{"taxonomy":"post_tag","embeddable":true,"href":"https:\/\/www.adiestradorcanino.com\/webdelperro\/wp-json\/wp\/v2\/tags?post=24"}],"curies":[{"name":"wp","href":"https:\/\/api.w.org\/{rel}","templated":true}]}}