{"id":20,"date":"2012-10-09T10:34:35","date_gmt":"2012-10-09T10:34:35","guid":{"rendered":"http:\/\/www.ideaweb.es\/desarrollos\/adiestradorcanino\/?page_id=20"},"modified":"2019-03-28T08:00:31","modified_gmt":"2019-03-28T08:00:31","slug":"educacion-y-adiestramiento-perro-a-domicilio","status":"publish","type":"page","link":"https:\/\/www.adiestradorcanino.com\/webdelperro\/servicios\/educacion-y-adiestramiento-perro-a-domicilio\/","title":{"rendered":"Educaci\u00f3n y Adiestramiento canino a domicilio"},"content":{"rendered":"[et_pb_section fb_built=\u00bb1&#8243; fullwidth=\u00bbon\u00bb _builder_version=\u00bb3.21&#8243; bottom_divider_style=\u00bbtriangle\u00bb bottom_divider_color=\u00bb#ffffff\u00bb bottom_divider_height=\u00bb25px\u00bb bottom_divider_flip=\u00bbvertical\u00bb animation_style=\u00bbslide\u00bb animation_direction=\u00bbtop\u00bb animation_intensity_slide=\u00bb3%\u00bb global_module=\u00bb4261&#8243;][et_pb_fullwidth_post_title meta=\u00bboff\u00bb featured_placement=\u00bbbackground\u00bb _builder_version=\u00bb3.21&#8243; title_font=\u00bb|300|||||||\u00bb title_text_align=\u00bbcenter\u00bb title_text_color=\u00bb#ffffff\u00bb title_font_size=\u00bb32px\u00bb background_color=\u00bb#76a933&#8243; background_blend=\u00bbmultiply\u00bb][\/et_pb_fullwidth_post_title][\/et_pb_section][et_pb_section fb_built=\u00bb1&#8243; _builder_version=\u00bb3.21&#8243; custom_padding=\u00bb20px||\u00bb][et_pb_row _builder_version=\u00bb3.21&#8243;][et_pb_column type=\u00bb2_3&#8243; _builder_version=\u00bb3.0.47&#8243;][et_pb_text _builder_version=\u00bb3.21&#8243;]\n<p><strong>(Con sus propietarios y en el entorno del perro).<\/strong><\/p>\n<p>La educaci\u00f3n y adiestramiento de nuestro perro es aconsejable desarrollarlo en su entorno y con sus propietarios, de esta forma \u00e9l se sentir\u00e1 m\u00e1s seguro y confiado, ofreciendo mayor atenci\u00f3n, adaptaci\u00f3n, motivaci\u00f3n y disposici\u00f3n para aprender.<\/p>\n<p>De esta manera los propietarios podr\u00e1n entender y comprender todas las t\u00e9cnicas, m\u00e9todos y consejos, que se apliquen en cada una de las situaciones, dependiendo de los comportamientos de su perro.<\/p>\n[\/et_pb_text][\/et_pb_column][et_pb_column type=\u00bb1_3&#8243; _builder_version=\u00bb3.0.47&#8243;][et_pb_image src=\u00bbhttps:\/\/www.adiestradorcanino.com\/webdelperro\/wp-content\/uploads\/2019\/03\/tumbados_en_grupo._-_copia_2_-_copia.jpg\u00bb align=\u00bbcenter\u00bb _builder_version=\u00bb3.21.1&#8243;]\n[\/et_pb_image][\/et_pb_column][\/et_pb_row][\/et_pb_section][et_pb_section fb_built=\u00bb1&#8243; _builder_version=\u00bb3.21&#8243; background_color=\u00bb#f7f7f7&#8243;][et_pb_row _builder_version=\u00bb3.0.48&#8243; background_size=\u00bbinitial\u00bb background_position=\u00bbtop_left\u00bb background_repeat=\u00bbrepeat\u00bb][et_pb_column type=\u00bb1_2&#8243; _builder_version=\u00bb3.0.47&#8243;][et_pb_text ul_type=\u00bbsquare\u00bb _builder_version=\u00bb3.21&#8243; ul_font=\u00bb||||||||\u00bb ul_text_color=\u00bb#76a933&#8243; header_font=\u00bb||||||||\u00bb header_3_font=\u00bb|800|||||||\u00bb header_3_text_color=\u00bb#76a933&#8243; header_3_line_height=\u00bb1.1em\u00bb]\n<h3>Evaluaci\u00f3n general<\/h3>\n<ul>\n<li><span style=\"color: #333333;\">Ambiente de la casa, modo de vida y r\u00e9gimen diario.<\/span><\/li>\n<li><span style=\"color: #333333;\">Alojamiento.<\/span><\/li>\n<li><span style=\"color: #333333;\">Zonas de alimentaci\u00f3n\/eliminaci\u00f3n\/juego.<\/span><\/li>\n<li><span style=\"color: #333333;\">Rutinas de ejercicio\/juego.<\/span><\/li>\n<li><span style=\"color: #333333;\">Cuando y durante cu\u00e1nto tiempo se queda solo.<\/span><\/li>\n<li><span style=\"color: #333333;\">Tiempo fuera\/dentro.<\/span><\/li>\n<li><span style=\"color: #333333;\">Componentes de la familia, actitud, relaciones y responsabilidades con la mascota.<\/span><\/li>\n<li><span style=\"color: #333333;\">Otras mascotas en la casa.<\/span><\/li>\n<li><span style=\"color: #333333;\">Inquietudes\/principales problemas de comportamiento del perro.<\/span><\/li>\n<li><span style=\"color: #333333;\">Etc.<\/span><\/li>\n<\/ul>\n[\/et_pb_text][\/et_pb_column][et_pb_column type=\u00bb1_2&#8243; _builder_version=\u00bb3.0.47&#8243;][et_pb_text ul_type=\u00bbsquare\u00bb _builder_version=\u00bb3.21&#8243; ul_font=\u00bb||||||||\u00bb ul_text_color=\u00bb#76a933&#8243; header_3_font=\u00bb|800|||||||\u00bb header_3_text_color=\u00bb#76a933&#8243;]\n<h3>Otras evaluaciones como:<\/h3>\n<p>Comportamientos fuera de casa, relaci\u00f3n con las personas conocidas o desconocidas, con los ni\u00f1os, otros perros, otros animales, comportamientos generales, etc.<\/p>\n[\/et_pb_text][et_pb_image src=\u00bbhttps:\/\/www.adiestradorcanino.com\/webdelperro\/wp-content\/uploads\/2019\/03\/loljes3_-.jpg\u00bb align=\u00bbcenter\u00bb _builder_version=\u00bb3.21.1&#8243;]\n[\/et_pb_image][\/et_pb_column][\/et_pb_row][\/et_pb_section][et_pb_section fb_built=\u00bb1&#8243; _builder_version=\u00bb3.0.47&#8243;][et_pb_row _builder_version=\u00bb3.0.48&#8243; background_size=\u00bbinitial\u00bb background_position=\u00bbtop_left\u00bb background_repeat=\u00bbrepeat\u00bb][et_pb_column type=\u00bb2_3&#8243; _builder_version=\u00bb3.0.47&#8243;][et_pb_text ul_type=\u00bbsquare\u00bb _builder_version=\u00bb3.21&#8243; link_font=\u00bb||||||||\u00bb link_text_color=\u00bb#76a933&#8243; ul_font=\u00bb||||||||\u00bb ul_text_color=\u00bb#76a933&#8243; ol_font=\u00bb||||||||\u00bb ol_text_color=\u00bb#76a933&#8243; header_3_font=\u00bb|800|||||||\u00bb header_3_text_color=\u00bb#76a933&#8243;]\n<h3>Objetivos<\/h3>\n<ul>\n<li><span style=\"color: #333333;\">Conseguir estados emocionales de calmado y relajado, en diferentes entornos.<\/span><\/li>\n<li><span style=\"color: #333333;\">Educar las conductas higi\u00e9nicas: micci\u00f3n y defecaci\u00f3n en los lugares apropiados.<\/span><\/li>\n<li><span style=\"color: #333333;\">Crear y establecer las rutinas, horarios, normas y limites: lugar de alojamiento, horarios para la comida, higiene personal, la clase, los juegos, los paseos, etc. en el domicilio y entornos diferentes.<\/span><\/li>\n<li><span style=\"color: #333333;\">Diagn\u00f3stico y tratamiento de los problemas de comportamiento en el perro.<\/span><\/li>\n<li><span style=\"color: #333333;\">Desarrollar\u00a0la tabla de\u00a0adiestramiento b\u00e1sica para garantizar el control del perro por parte de sus due\u00f1os:<\/span><\/li>\n<\/ul>\n<ol>\n<li><span style=\"color: #333333;\">Andar al lado, en diferentes ritmos, lento, normal y r\u00e1pido.<\/span><\/li>\n<li><span style=\"color: #333333;\">Sentado, tumbado y pie, al lado de su due\u00f1o.<\/span><\/li>\n<li><span style=\"color: #333333;\">Quedarse quieto en las tres posturas.<\/span><\/li>\n<li><span style=\"color: #333333;\">Acudir a la llamada de su due\u00f1o.<\/span><\/li>\n<li><span style=\"color: #333333;\">Soltar y dar los objetos que puede tener en la boca.<\/span><\/li>\n<li><span style=\"color: #333333;\">No ingerir sustancias del suelo.<\/span><\/li>\n<li><span style=\"color: #333333;\">Etc,<\/span><\/li>\n<\/ol>\n<ul>\n<li><span style=\"color: #333333;\">Desarrollo de protocolos de juegos, cobro, presa, con diferentes objetos u otras modalidades aer\u00f3bicas,\u00a0garantizando el equilibrio de las energ\u00edas f\u00edsicas y psic\u00f3logicas.<\/span><\/li>\n<\/ul>\n<p>Para todo ello se emplearan las t\u00e9cnicas, sistemas de aprendizaje y m\u00e9todos que necesite el perro en cada situaci\u00f3n, se eval\u00faa al individuo: raza, edad, rasgos de car\u00e1cter, temperamento\u2026 y caracter\u00edsticas individuales dando la informaci\u00f3n necesaria a los propietarios para su aplicaci\u00f3n.<\/p>\n<p>Las sesiones pr\u00e1cticas se desarrollan: el 90% por sus propietarios y el 10% el educador, para los casos en los que se necesite hacer pr\u00e1ctico un comentario o t\u00e9cnica o para garantizar el comportamiento del perro en los casos en los que sus propietarios no puedan controlarlo.<\/p>\n[\/et_pb_text][\/et_pb_column][et_pb_column type=\u00bb1_3&#8243; _builder_version=\u00bb3.0.47&#8243;][et_pb_image src=\u00bbhttps:\/\/www.adiestradorcanino.com\/webdelperro\/wp-content\/uploads\/2019\/03\/jesus-chanok_-_copia.jpg\u00bb align=\u00bbcenter\u00bb _builder_version=\u00bb3.21.1&#8243;]\n[\/et_pb_image][et_pb_image src=\u00bbhttps:\/\/www.adiestradorcanino.com\/webdelperro\/wp-content\/uploads\/2012\/11\/teoria.jpg\u00bb align=\u00bbcenter\u00bb _builder_version=\u00bb3.21&#8243;]\n[\/et_pb_image][\/et_pb_column][\/et_pb_row][\/et_pb_section][et_pb_section fb_built=\u00bb1&#8243; _builder_version=\u00bb3.21&#8243; background_color=\u00bb#f7f7f7&#8243; custom_padding=\u00bb10px||0px\u00bb][et_pb_row make_equal=\u00bbon\u00bb module_class_1=\u00bbds-vertical-align\u00bb module_class_2=\u00bbds-vertical-align\u00bb _builder_version=\u00bb3.21&#8243; background_size=\u00bbinitial\u00bb background_position=\u00bbtop_left\u00bb background_repeat=\u00bbrepeat\u00bb][et_pb_column type=\u00bb4_4&#8243; _builder_version=\u00bb3.0.47&#8243;][et_pb_text _builder_version=\u00bb3.21&#8243; header_font=\u00bb||||||||\u00bb header_3_font=\u00bb|600|||||||\u00bb]\n<h3 style=\"text-align: center;\">Jes\u00fas Guti\u00e9rrez<\/h3>\n[\/et_pb_text][\/et_pb_column][\/et_pb_row][\/et_pb_section]\n","protected":false},"excerpt":{"rendered":"<p>(Con sus propietarios y en el entorno del perro). La educaci\u00f3n y adiestramiento de nuestro perro es aconsejable desarrollarlo en su entorno y con sus propietarios, de esta forma \u00e9l se sentir\u00e1 m\u00e1s seguro y confiado, ofreciendo mayor atenci\u00f3n, adaptaci\u00f3n, motivaci\u00f3n y disposici\u00f3n para aprender. De esta manera los propietarios podr\u00e1n entender y comprender todas [&hellip;]<\/p>\n","protected":false},"author":1,"featured_media":4357,"parent":308,"menu_order":0,"comment_status":"closed","ping_status":"closed","template":"","meta":{"_et_pb_use_builder":"on","_et_pb_old_content":"<h5><img class=\"alignright\" src=\"http:\/\/www.adiestradorcanino.com\/content\/e107_images\/custom\/tumbados_en_grupo._-_copia_2_-_copia.jpg\" alt=\"\" width=\"443\" height=\"212\" \/><strong>Educaci\u00f3n y Adiestramiento canino a domicilio.<\/strong><\/h5><p>(Con sus propietarios y en el entorno del perro).<\/p><p>La educaci\u00f3n y adiestramiento de nuestro perro es aconsejable desarrollarlo en su entorno y con sus propietarios, de esta forma \u00e9l se sentir\u00e1 m\u00e1s seguro y confiado, ofreciendo mayor atenci\u00f3n, adaptaci\u00f3n, motivaci\u00f3n y disposici\u00f3n para aprender.<\/p><p>De esta manera los propietarios podr\u00e1n entender y comprender todas las t\u00e9cnicas, m\u00e9todos y consejos, que se apliquen en cada una de las situaciones, dependiendo de los comportamientos de su perro.<\/p><h5><strong>Evaluaci\u00f3n general.<\/strong><\/h5><ul><li>Ambiente de la casa, modo de vida y r\u00e9gimen diario.<\/li><li>Alojamiento.<\/li><li><img class=\"alignright\" src=\"http:\/\/www.adiestradorcanino.com\/content\/e107_images\/custom\/loljes3_-.jpg\" alt=\"\" width=\"247\" height=\"170\" \/>Zonas de alimentaci\u00f3n\/eliminaci\u00f3n\/juego.<\/li><li>Rutinas de ejercicio\/juego.<\/li><li>Cuando y durante cu\u00e1nto tiempo se queda solo.<\/li><li>Tiempo fuera\/dentro.<\/li><li>Componentes de la familia, actitud, relaciones y responsabilidades con la mascota.<\/li><li>Otras mascotas en la casa.<\/li><li>Inquietudes\/principales problemas de comportamiento del perro.<\/li><li>Etc.<\/li><\/ul><h5><strong>Otras evaluaciones como:<\/strong><\/h5><p>Comportamientos fuera de casa, relaci\u00f3n con las personas conocidas o desconocidas, con los ni\u00f1os, otros perros, otros animales, comportamientos generales, etc.<img class=\"alignright\" src=\"http:\/\/www.adiestradorcanino.com\/content\/e107_images\/custom\/jesus-chanok_-_copia.jpg\" alt=\"\" width=\"163\" height=\"227\" \/><\/p><h5><strong>Objetivos:<\/strong><\/h5><ul style=\"text-align: justify;\"><li>Conseguir estados emocionales de calmado y relajado, en diferentes entornos.<\/li><li>Educar las conductas higi\u00e9nicas: micci\u00f3n y defecaci\u00f3n en los lugares apropiados.<\/li><li>Crear y establecer las rutinas, horarios, normas y limites: lugar de alojamiento, horarios para la comida, higiene personal, la clase, los juegos, los paseos, etc. en el domicilio y entornos diferentes.<\/li><li>Diagn\u00f3stico y tratamiento de los problemas de comportamiento en el perro.<\/li><li>Desarrollar\u00a0la tabla de\u00a0adiestramiento b\u00e1sica para garantizar el control del perro por parte de sus due\u00f1os:<\/li><\/ul><ol><li>Andar al lado, en diferentes ritmos, lento, normal y r\u00e1pido.<\/li><li>Sentado, tumbado y pie, al lado de su due\u00f1o.<\/li><li>Quedarse quieto en las tres posturas.<\/li><li>Acudir a la llamada de su due\u00f1o.<\/li><li><img class=\"alignright\" src=\"http:\/\/www.adiestradorcanino.com\/content\/e107_images\/custom\/control_de_signos_de_agresividad.jpg\" alt=\"\" width=\"186\" height=\"221\" \/>Soltar y dar los objetos que puede tener en la boca.<\/li><li>No ingerir sustancias del suelo.<\/li><li>Etc,<\/li><\/ol><ul style=\"text-align: justify;\"><li style=\"text-align: left;\">Desarrollo de protocolos de juegos, cobro, presa, con diferentes objetos u otras modalidades aer\u00f3bicas,\u00a0garantizando el equilibrio de las energ\u00edas f\u00edsicas y psic\u00f3logicas.<\/li><\/ul><p style=\"text-align: justify;\">Para todo ello se emplearan las t\u00e9cnicas, sistemas de aprendizaje y m\u00e9todos que necesite el perro en cada situaci\u00f3n, se eval\u00faa al individuo: raza, edad, rasgos de car\u00e1cter, temperamento... y caracter\u00edsticas individuales dando la informaci\u00f3n necesaria a los propietarios para su aplicaci\u00f3n.<\/p><p style=\"text-align: justify;\">Las sesiones pr\u00e1cticas se desarrollan: el 90% por sus propietarios y el 10% el educador, para los casos en los que se necesite hacer pr\u00e1ctico un comentario o t\u00e9cnica o para garantizar el comportamiento del perro en los casos en los que sus propietarios no puedan controlarlo.<\/p><h5><strong>Jes\u00fas Guti\u00e9rrez<\/strong><\/h5>","_et_gb_content_width":"","footnotes":""},"tags":[],"class_list":["post-20","page","type-page","status-publish","has-post-thumbnail","hentry"],"_links":{"self":[{"href":"https:\/\/www.adiestradorcanino.com\/webdelperro\/wp-json\/wp\/v2\/pages\/20","targetHints":{"allow":["GET"]}}],"collection":[{"href":"https:\/\/www.adiestradorcanino.com\/webdelperro\/wp-json\/wp\/v2\/pages"}],"about":[{"href":"https:\/\/www.adiestradorcanino.com\/webdelperro\/wp-json\/wp\/v2\/types\/page"}],"author":[{"embeddable":true,"href":"https:\/\/www.adiestradorcanino.com\/webdelperro\/wp-json\/wp\/v2\/users\/1"}],"replies":[{"embeddable":true,"href":"https:\/\/www.adiestradorcanino.com\/webdelperro\/wp-json\/wp\/v2\/comments?post=20"}],"version-history":[{"count":0,"href":"https:\/\/www.adiestradorcanino.com\/webdelperro\/wp-json\/wp\/v2\/pages\/20\/revisions"}],"up":[{"embeddable":true,"href":"https:\/\/www.adiestradorcanino.com\/webdelperro\/wp-json\/wp\/v2\/pages\/308"}],"wp:featuredmedia":[{"embeddable":true,"href":"https:\/\/www.adiestradorcanino.com\/webdelperro\/wp-json\/wp\/v2\/media\/4357"}],"wp:attachment":[{"href":"https:\/\/www.adiestradorcanino.com\/webdelperro\/wp-json\/wp\/v2\/media?parent=20"}],"wp:term":[{"taxonomy":"post_tag","embeddable":true,"href":"https:\/\/www.adiestradorcanino.com\/webdelperro\/wp-json\/wp\/v2\/tags?post=20"}],"curies":[{"name":"wp","href":"https:\/\/api.w.org\/{rel}","templated":true}]}}