{"id":10527,"date":"2025-07-09T08:38:58","date_gmt":"2025-07-09T08:38:58","guid":{"rendered":"https:\/\/www.adiestradorcanino.com\/webdelperro\/bizkaia\/guenes\/adiestramiento-canino-goikotxakur-en-guenes-bizkaia\/"},"modified":"2025-07-09T08:38:58","modified_gmt":"2025-07-09T08:38:58","slug":"adiestramiento-canino-goikotxakur-en-guenes-bizkaia","status":"publish","type":"page","link":"https:\/\/www.adiestradorcanino.com\/webdelperro\/bizkaia\/guenes\/adiestramiento-canino-goikotxakur-en-guenes-bizkaia\/","title":{"rendered":"Adiestramiento canino Goikotxakur en Gue\u00f1es, Bizkaia"},"content":{"rendered":"\n<p>En caso de que te encuentras buscando un sitio seguro id\u00f3neo para adiestramiento de perros en Gue\u00f1es, este centro se presenta como una opci\u00f3n destacada. Nuestra instalaci\u00f3n se dedica con mascotas de todas las edades y razas, siempre utilizando t\u00e9cnicas amigables adem\u00e1s de \u00fatiles.<\/p>\n\n\n\n<h2 class=\"wp-block-heading has-text-align-left nombreclinica\">Goikotxakur<\/h2>\n\n\n\n<div class=\"wp-block-group is-layout-constrained wp-block-group-is-layout-constrained\">\n<div class=\"wp-block-columns nc-clase-ficha is-layout-flex wp-container-core-columns-is-layout-9d6595d7 wp-block-columns-is-layout-flex\">\n<div class=\"wp-block-column is-vertically-aligned-center is-layout-flow wp-block-column-is-layout-flow\">\n<figure class=\"wp-block-image size-full\"><img decoding=\"async\" src=\"https:\/\/www.adiestradorcanino.com\/webdelperro\/wp-content\/uploads\/2025\/07\/Goikotxakur.jpg\" alt=\"Goikotxakur\" class=\"wp-image-19766\"\/><\/figure>\n\n\n\n<p>Dentro de los servicios m\u00e1s demandados est\u00e1n los entrenamiento de obediencia, la correcci\u00f3n de conductas inapropiadas, la interacci\u00f3n con otros animales y las clases dirigidas a cachorros. Asimismo, en nombre nos adaptamos a las particularidades de cada familia y su mascota.<\/p>\n<\/div>\n\n\n\n<div class=\"wp-block-column is-vertically-aligned-center is-layout-flow wp-block-column-is-layout-flow\">\n<div class=\"su-service\"><div class=\"su-service-title\" style=\"padding-left:46px;min-height:32px;line-height:32px\"><i class=\"sui sui-user\" style=\"font-size:32px;color:#2471a3\"><\/i> <strong>Nombre<\/strong><\/div><div class=\"su-service-content su-u-clearfix su-u-trim\" style=\"padding-left:46px\">Goikotxakur<\/div><\/div>\n\n\n\n<div class=\"su-service\"><div class=\"su-service-title\" style=\"padding-left:46px;min-height:32px;line-height:32px\"><i class=\"sui sui-map-marker\" style=\"font-size:32px;color:#2471a3\"><\/i> <strong>Direcci\u00f3n<\/strong><\/div><div class=\"su-service-content su-u-clearfix su-u-trim\" style=\"padding-left:46px\">San Pedro de, Goikuria Kalea, 8A, 48830 Gue\u00f1es, Bizkaia<\/div><\/div>\n\n\n\n<div class=\"su-service\"><div class=\"su-service-title\" style=\"padding-left:46px;min-height:32px;line-height:32px\"><i class=\"sui sui-volume-control-phone\" style=\"font-size:32px;color:#2471a3\"><\/i> <strong>Tel\u00e9fono<\/strong><\/div><div class=\"su-service-content su-u-clearfix su-u-trim\" style=\"padding-left:46px\">605 74 12 29<\/div><\/div>\n\n\n\n<div class=\"su-service\"><div class=\"su-service-title\" style=\"padding-left:46px;min-height:32px;line-height:32px\"><i class=\"sui sui-globe\" style=\"font-size:32px;color:#2471a3\"><\/i> <strong>Sitio web<\/strong><\/div><div class=\"su-service-content su-u-clearfix su-u-trim\" style=\"padding-left:46px\"><\/div><\/div>\n\n\n\n<div class=\"su-service\"><div class=\"su-service-title\" style=\"padding-left:46px;min-height:32px;line-height:32px\"><i class=\"sui sui-star\" style=\"font-size:32px;color:#2471a3\"><\/i> Valoraci\u00f3n de los clientes<\/div><div class=\"su-service-content su-u-clearfix su-u-trim\" style=\"padding-left:46px\"> \/ 5 (0)<\/div><\/div>\n<\/div>\n<\/div>\n<\/div>\n\n\n\n<div class=\"wp-block-columns is-layout-flex wp-container-core-columns-is-layout-9d6595d7 wp-block-columns-is-layout-flex\">\n<div class=\"wp-block-column mapa2 is-layout-flow wp-block-column-is-layout-flow\">\n<h2 class=\"wp-block-heading\">Ubicaci\u00f3n de Goikotxakur<\/h2>\n\n\n\n<div class=\"su-gmap su-u-responsive-media-yes mapa\"><iframe loading=\"lazy\" width=\"600\" height=\"280\" src=\"\/\/maps.google.com\/maps?q=Goikotxakur%2C%20San%20Pedro%20de%2C%20Goikuria%20Kalea%2C%208A%2C%2048830%20Gue%C3%B1es%2C%20Bizkaia&amp;output=embed&amp;z=20\" title=\"\"><\/iframe><\/div>\n\n\n\n<h2 class=\"wp-block-heading\">Horarios de Goikotxakur<\/h2>\n\n\n\n<figure class=\"wp-block-table\"><table><tbody><tr><td><strong>Lunes<\/strong><\/td><td>lunes: 10:00\u201313:00<\/td><\/tr><tr><td><strong>Martes<\/strong><\/td><td>martes: 10:00\u201313:00<\/td><\/tr><tr><td><strong>Mi\u00e9rcoles<\/strong><\/td><td>mi\u00e9rcoles: 10:00\u201313:00<\/td><\/tr><tr><td><strong>Jueves<\/strong><\/td><td>jueves: 10:00\u201313:00<\/td><\/tr><tr><td><strong>Viernes<\/strong><\/td><td>viernes: Cerrado<\/td><\/tr><tr><td><strong>S\u00e1bado<\/strong><\/td><td>s\u00e1bado: Cerrado<\/td><\/tr><tr><td><strong>Domingo<\/strong><\/td><td>domingo: 9:30\u201313:00<\/td><\/tr><\/tbody><\/table><\/figure>\n\n\n\n<h2 class=\"wp-block-heading\">Tel\u00e9fono de Goikotxakur<\/h2>\n\n\n\n<p>Si quieres comunicarte con <strong>Goikotxakur<\/strong>, puedes hacerlo directamente llamando al siguiente n\u00famero:<\/p>\n\n\n\n<div class=\"wp-block-buttons is-content-justification-center is-layout-flex wp-container-core-buttons-is-layout-16018d1d wp-block-buttons-is-layout-flex\">\n<div class=\"wp-block-button is-style-fill\"><a class=\"wp-block-button__link has-background has-medium-font-size has-custom-font-size wp-element-button\" href=\"tel:605 74 12 29\" style=\"border-radius:6px;background-color:#2471a3\">Llamar ahora<\/a><\/div>\n<\/div>\n\n\n\n<h2 class=\"wp-block-heading\">M\u00e1s informaci\u00f3n<\/h2>\n\n\n\n<p>En el centro de adiestramiento canino Goikotxakur, ubicado en San Pedro de Goikuria Kalea, 8A, 48830 Gue\u00f1es, Bizkaia, ofrecemos un enfoque integral para el adiestramiento de perros que combina obediencia, socializaci\u00f3n y modificaci\u00f3n de conducta. Nuestros adiestradores de perros en Bizkaia cuentan con una s\u00f3lida formaci\u00f3n y experiencia, lo que nos permite personalizar cada programa seg\u00fan las necesidades espec\u00edficas de tu mascota. En Goikotxakur, nos destacamos por nuestra metodolog\u00eda basada en el refuerzo positivo, creando un ambiente de aprendizaje agradable y efectivo tanto para perros como para sus due\u00f1os. Si buscas adiestramiento canino en Gue\u00f1es, nuestro compromiso con el bienestar animal y la satisfacci\u00f3n del cliente nos posiciona como la mejor opci\u00f3n para adiestrar perros, garantizando resultados duraderos y una relaci\u00f3n armoniosa entre t\u00fa y tu compa\u00f1ero peludo.<\/p>\n\n\n\n<p>Localizado en San Pedro de, Goikuria Kalea, 8A, 48830 Gue\u00f1es, Bizkaia, el centro de adiestramiento canino en Gue\u00f1es es destacado por su atenci\u00f3n personal, seriedad y resultados notables. Revisa las rese\u00f1as de otros usuarios para descubrir su experiencia.<\/p>\n<\/div>\n<\/div>\n\n\n\n<p><\/p>\n\n\n\n<p>Si necesitas conocer otros (PONER NEGOCIO, ej: asesor\u00eda legal, decoraci\u00f3n de eventos, instalaciones el\u00e9ctricas) puedes <strong><a href=\"\/\">visitar nuestra p\u00e1gina principal<\/a><\/strong>.<\/p>\n","protected":false},"excerpt":{"rendered":"<p>En caso de que te encuentras buscando un sitio seguro id\u00f3neo para adiestramiento de perros en Gue\u00f1es, este centro se presenta como una opci\u00f3n destacada. Nuestra instalaci\u00f3n se dedica con mascotas de todas las edades y razas, siempre utilizando t\u00e9cnicas amigables adem\u00e1s de \u00fatiles. Goikotxakur Dentro de los servicios m\u00e1s demandados est\u00e1n los entrenamiento de [&hellip;]<\/p>\n","protected":false},"author":2,"featured_media":0,"parent":7720,"menu_order":0,"comment_status":"closed","ping_status":"closed","template":"","meta":{"_et_pb_use_builder":"","_et_pb_old_content":"","_et_gb_content_width":"","footnotes":""},"tags":[1031],"class_list":["post-10527","page","type-page","status-publish","hentry","tag-guenes"],"_links":{"self":[{"href":"https:\/\/www.adiestradorcanino.com\/webdelperro\/wp-json\/wp\/v2\/pages\/10527","targetHints":{"allow":["GET"]}}],"collection":[{"href":"https:\/\/www.adiestradorcanino.com\/webdelperro\/wp-json\/wp\/v2\/pages"}],"about":[{"href":"https:\/\/www.adiestradorcanino.com\/webdelperro\/wp-json\/wp\/v2\/types\/page"}],"author":[{"embeddable":true,"href":"https:\/\/www.adiestradorcanino.com\/webdelperro\/wp-json\/wp\/v2\/users\/2"}],"replies":[{"embeddable":true,"href":"https:\/\/www.adiestradorcanino.com\/webdelperro\/wp-json\/wp\/v2\/comments?post=10527"}],"version-history":[{"count":0,"href":"https:\/\/www.adiestradorcanino.com\/webdelperro\/wp-json\/wp\/v2\/pages\/10527\/revisions"}],"up":[{"embeddable":true,"href":"https:\/\/www.adiestradorcanino.com\/webdelperro\/wp-json\/wp\/v2\/pages\/7720"}],"wp:attachment":[{"href":"https:\/\/www.adiestradorcanino.com\/webdelperro\/wp-json\/wp\/v2\/media?parent=10527"}],"wp:term":[{"taxonomy":"post_tag","embeddable":true,"href":"https:\/\/www.adiestradorcanino.com\/webdelperro\/wp-json\/wp\/v2\/tags?post=10527"}],"curies":[{"name":"wp","href":"https:\/\/api.w.org\/{rel}","templated":true}]}}