{"id":10525,"date":"2025-07-09T08:38:42","date_gmt":"2025-07-09T08:38:42","guid":{"rendered":"https:\/\/www.adiestradorcanino.com\/webdelperro\/bizkaia\/bilbao\/adiestramiento-canino-txinbito-hotel-canino-en-bilbao-bizkaia\/"},"modified":"2025-07-09T08:38:42","modified_gmt":"2025-07-09T08:38:42","slug":"adiestramiento-canino-txinbito-hotel-canino-en-bilbao-bizkaia","status":"publish","type":"page","link":"https:\/\/www.adiestradorcanino.com\/webdelperro\/bizkaia\/bilbao\/adiestramiento-canino-txinbito-hotel-canino-en-bilbao-bizkaia\/","title":{"rendered":"Adiestramiento canino Txinbito, Hotel Canino en Bilbao, Bizkaia"},"content":{"rendered":"\n<p>En caso de que est\u00e1s buscando un lugar de confianza para el adiestramiento canino en el \u00e1rea de Bilbao, este centro representa una excelente opci\u00f3n. Este lugar trabaja en el manejo de perros sin importar la raza o edad, siempre utilizando con \u00e9ticos y tambi\u00e9n \u00fatiles.<\/p>\n\n\n\n<h2 class=\"wp-block-heading has-text-align-left nombreclinica\">Txinbito, Hotel Canino<\/h2>\n\n\n\n<div class=\"wp-block-group is-layout-constrained wp-block-group-is-layout-constrained\">\n<div class=\"wp-block-columns nc-clase-ficha is-layout-flex wp-container-core-columns-is-layout-9d6595d7 wp-block-columns-is-layout-flex\">\n<div class=\"wp-block-column is-vertically-aligned-center is-layout-flow wp-block-column-is-layout-flow\">\n<figure class=\"wp-block-image size-full\"><img decoding=\"async\" src=\"https:\/\/www.adiestradorcanino.com\/webdelperro\/wp-content\/uploads\/2025\/07\/Txinbito-Hotel-Canino.png\" alt=\"Txinbito, Hotel Canino\" class=\"wp-image-19766\"\/><\/figure>\n\n\n\n<p>Entre los servicios m\u00e1s demandados est\u00e1n los cursos de obediencia b\u00e1sica, la correcci\u00f3n de conductas no deseadas, la socializaci\u00f3n con otros perros y las clases dirigidas a cachorros. Adem\u00e1s, en el centro nos adaptamos a las necesidades concretas de cada familia y animal.<\/p>\n<\/div>\n\n\n\n<div class=\"wp-block-column is-vertically-aligned-center is-layout-flow wp-block-column-is-layout-flow\">\n<div class=\"su-service\"><div class=\"su-service-title\" style=\"padding-left:46px;min-height:32px;line-height:32px\"><i class=\"sui sui-user\" style=\"font-size:32px;color:#2471a3\"><\/i> <strong>Nombre<\/strong><\/div><div class=\"su-service-content su-u-clearfix su-u-trim\" style=\"padding-left:46px\">Txinbito, Hotel Canino<\/div><\/div>\n\n\n\n<div class=\"su-service\"><div class=\"su-service-title\" style=\"padding-left:46px;min-height:32px;line-height:32px\"><i class=\"sui sui-map-marker\" style=\"font-size:32px;color:#2471a3\"><\/i> <strong>Direcci\u00f3n<\/strong><\/div><div class=\"su-service-content su-u-clearfix su-u-trim\" style=\"padding-left:46px\">Juan de Garay Kalea, 7, Abando, 48003 Bilbao, Bizkaia<\/div><\/div>\n\n\n\n<div class=\"su-service\"><div class=\"su-service-title\" style=\"padding-left:46px;min-height:32px;line-height:32px\"><i class=\"sui sui-volume-control-phone\" style=\"font-size:32px;color:#2471a3\"><\/i> <strong>Tel\u00e9fono<\/strong><\/div><div class=\"su-service-content su-u-clearfix su-u-trim\" style=\"padding-left:46px\">685 72 56 73<\/div><\/div>\n\n\n\n<div class=\"su-service\"><div class=\"su-service-title\" style=\"padding-left:46px;min-height:32px;line-height:32px\"><i class=\"sui sui-globe\" style=\"font-size:32px;color:#2471a3\"><\/i> <strong>Sitio web<\/strong><\/div><div class=\"su-service-content su-u-clearfix su-u-trim\" style=\"padding-left:46px\">http:\/\/txinbito.com\/<\/div><\/div>\n\n\n\n<div class=\"su-service\"><div class=\"su-service-title\" style=\"padding-left:46px;min-height:32px;line-height:32px\"><i class=\"sui sui-star\" style=\"font-size:32px;color:#2471a3\"><\/i> Valoraci\u00f3n de los clientes<\/div><div class=\"su-service-content su-u-clearfix su-u-trim\" style=\"padding-left:46px\">4.3 \/ 5 (11)<\/div><\/div>\n<\/div>\n<\/div>\n<\/div>\n\n\n\n<div class=\"wp-block-columns is-layout-flex wp-container-core-columns-is-layout-9d6595d7 wp-block-columns-is-layout-flex\">\n<div class=\"wp-block-column mapa2 is-layout-flow wp-block-column-is-layout-flow\">\n<h2 class=\"wp-block-heading\">Ubicaci\u00f3n de Txinbito, Hotel Canino<\/h2>\n\n\n\n<div class=\"su-gmap su-u-responsive-media-yes mapa\"><iframe loading=\"lazy\" width=\"600\" height=\"280\" src=\"\/\/maps.google.com\/maps?q=Txinbito%2C%20Hotel%20Canino%2C%20Juan%20de%20Garay%20Kalea%2C%207%2C%20Abando%2C%2048003%20Bilbao%2C%20Bizkaia&amp;output=embed&amp;z=20\" title=\"\"><\/iframe><\/div>\n\n\n\n<h2 class=\"wp-block-heading\">Horarios de Txinbito, Hotel Canino<\/h2>\n\n\n\n<figure class=\"wp-block-table\"><table><tbody><tr><td><strong>Lunes<\/strong><\/td><td>lunes: Abierto 24 horas<\/td><\/tr><tr><td><strong>Martes<\/strong><\/td><td>martes: Abierto 24 horas<\/td><\/tr><tr><td><strong>Mi\u00e9rcoles<\/strong><\/td><td>mi\u00e9rcoles: Abierto 24 horas<\/td><\/tr><tr><td><strong>Jueves<\/strong><\/td><td>jueves: Abierto 24 horas<\/td><\/tr><tr><td><strong>Viernes<\/strong><\/td><td>viernes: Abierto 24 horas<\/td><\/tr><tr><td><strong>S\u00e1bado<\/strong><\/td><td>s\u00e1bado: Abierto 24 horas<\/td><\/tr><tr><td><strong>Domingo<\/strong><\/td><td>domingo: Abierto 24 horas<\/td><\/tr><\/tbody><\/table><\/figure>\n\n\n\n<h2 class=\"wp-block-heading\">Tel\u00e9fono de Txinbito, Hotel Canino<\/h2>\n\n\n\n<p>Si quieres comunicarte con <strong>Txinbito, Hotel Canino<\/strong>, puedes hacerlo directamente llamando al siguiente n\u00famero:<\/p>\n\n\n\n<div class=\"wp-block-buttons is-content-justification-center is-layout-flex wp-container-core-buttons-is-layout-16018d1d wp-block-buttons-is-layout-flex\">\n<div class=\"wp-block-button is-style-fill\"><a class=\"wp-block-button__link has-background has-medium-font-size has-custom-font-size wp-element-button\" href=\"tel:685 72 56 73\" style=\"border-radius:6px;background-color:#2471a3\">Llamar ahora<\/a><\/div>\n<\/div>\n\n\n\n<h2 class=\"wp-block-heading\">M\u00e1s informaci\u00f3n<\/h2>\n\n\n\n<p>En el coraz\u00f3n de Bilbao, en Juan de Garay Kalea, 7, se encuentra el centro de adiestramiento canino Txinbito, un hotel canino que se destaca por ofrecer servicios de adiestramiento integral para perros. Nuestro enfoque se centra en la obediencia, socializaci\u00f3n y modificaci\u00f3n de conducta, garantizando que cada mascota reciba una educaci\u00f3n personalizada que se adapta a sus necesidades espec\u00edficas. Nuestros experimentados adiestradores de perros en Bizkaia utilizan m\u00e9todos positivos y efectivos que no solo fomentan una relaci\u00f3n armoniosa entre el due\u00f1o y su mascota, sino que tambi\u00e9n promueven un ambiente de aprendizaje agradable. En Txinbito, creemos que cada perro merece la mejor educaci\u00f3n, por lo que nos esforzamos por ser la opci\u00f3n preferida para aquellos que buscan adiestramiento canino en Bilbao. Conf\u00eda en nosotros para ayudar a tu perro a alcanzar su m\u00e1ximo potencial y disfrutar de una convivencia plena y feliz.<\/p>\n\n\n\n<p>Localizado en Juan de Garay Kalea, 7, Abando, 48003 Bilbao, Bizkaia, este centro de adiestramiento canino en Bilbao es destacado por su atenci\u00f3n afectuoso, seriedad y logros evidentes. Consulta las rese\u00f1as de otros usuarios para conocer su opini\u00f3n.<\/p>\n<\/div>\n<\/div>\n\n\n\n<p><\/p>\n\n\n\n<p>Si necesitas conocer otros (PONER NEGOCIO, ej: asesor\u00eda legal, decoraci\u00f3n de eventos, instalaciones el\u00e9ctricas) puedes <strong><a href=\"\/\">visitar nuestra p\u00e1gina principal<\/a><\/strong>.<\/p>\n","protected":false},"excerpt":{"rendered":"<p>En caso de que est\u00e1s buscando un lugar de confianza para el adiestramiento canino en el \u00e1rea de Bilbao, este centro representa una excelente opci\u00f3n. Este lugar trabaja en el manejo de perros sin importar la raza o edad, siempre utilizando con \u00e9ticos y tambi\u00e9n \u00fatiles. Txinbito, Hotel Canino Entre los servicios m\u00e1s demandados est\u00e1n [&hellip;]<\/p>\n","protected":false},"author":2,"featured_media":0,"parent":7690,"menu_order":0,"comment_status":"closed","ping_status":"closed","template":"","meta":{"_et_pb_use_builder":"","_et_pb_old_content":"","_et_gb_content_width":"","footnotes":""},"tags":[1012],"class_list":["post-10525","page","type-page","status-publish","hentry","tag-bilbao"],"_links":{"self":[{"href":"https:\/\/www.adiestradorcanino.com\/webdelperro\/wp-json\/wp\/v2\/pages\/10525","targetHints":{"allow":["GET"]}}],"collection":[{"href":"https:\/\/www.adiestradorcanino.com\/webdelperro\/wp-json\/wp\/v2\/pages"}],"about":[{"href":"https:\/\/www.adiestradorcanino.com\/webdelperro\/wp-json\/wp\/v2\/types\/page"}],"author":[{"embeddable":true,"href":"https:\/\/www.adiestradorcanino.com\/webdelperro\/wp-json\/wp\/v2\/users\/2"}],"replies":[{"embeddable":true,"href":"https:\/\/www.adiestradorcanino.com\/webdelperro\/wp-json\/wp\/v2\/comments?post=10525"}],"version-history":[{"count":0,"href":"https:\/\/www.adiestradorcanino.com\/webdelperro\/wp-json\/wp\/v2\/pages\/10525\/revisions"}],"up":[{"embeddable":true,"href":"https:\/\/www.adiestradorcanino.com\/webdelperro\/wp-json\/wp\/v2\/pages\/7690"}],"wp:attachment":[{"href":"https:\/\/www.adiestradorcanino.com\/webdelperro\/wp-json\/wp\/v2\/media?parent=10525"}],"wp:term":[{"taxonomy":"post_tag","embeddable":true,"href":"https:\/\/www.adiestradorcanino.com\/webdelperro\/wp-json\/wp\/v2\/tags?post=10525"}],"curies":[{"name":"wp","href":"https:\/\/api.w.org\/{rel}","templated":true}]}}