{"id":10520,"date":"2025-07-09T08:38:15","date_gmt":"2025-07-09T08:38:15","guid":{"rendered":"https:\/\/www.adiestradorcanino.com\/webdelperro\/zaragoza\/barrio-de-juslibol\/adiestramiento-canino-escuela-adiestramiento-los-galachos-en-barrio-de-juslibol-zaragoza\/"},"modified":"2025-07-09T08:38:15","modified_gmt":"2025-07-09T08:38:15","slug":"adiestramiento-canino-escuela-adiestramiento-los-galachos-en-barrio-de-juslibol-zaragoza","status":"publish","type":"page","link":"https:\/\/www.adiestradorcanino.com\/webdelperro\/zaragoza\/barrio-de-juslibol\/adiestramiento-canino-escuela-adiestramiento-los-galachos-en-barrio-de-juslibol-zaragoza\/","title":{"rendered":"Adiestramiento canino Escuela Adiestramiento Los Galachos en Barrio De Juslibol, Zaragoza"},"content":{"rendered":"\n<p>En caso de que est\u00e1s en la b\u00fasqueda un espacio de confianza para el entrenamiento canino en Barrio De Juslibol,  Escuela Adiestramiento Los Galachos representa una excelente opci\u00f3n. Nuestra instalaci\u00f3n se dedica en el manejo de mascotas de todas las edades y razas, siempre utilizando m\u00e9todos respetuosos y tambi\u00e9n eficaces.<\/p>\n\n\n\n<h2 class=\"wp-block-heading has-text-align-left nombreclinica\">Escuela Adiestramiento Los Galachos<\/h2>\n\n\n\n<div class=\"wp-block-group is-layout-constrained wp-block-group-is-layout-constrained\">\n<div class=\"wp-block-columns nc-clase-ficha is-layout-flex wp-container-core-columns-is-layout-9d6595d7 wp-block-columns-is-layout-flex\">\n<div class=\"wp-block-column is-vertically-aligned-center is-layout-flow wp-block-column-is-layout-flow\">\n<figure class=\"wp-block-image size-full\"><img decoding=\"async\" src=\"https:\/\/www.adiestradorcanino.com\/webdelperro\/wp-content\/uploads\/2025\/07\/Escuela-Adiestramiento-Los-Galachos.jpg\" alt=\"Escuela Adiestramiento Los Galachos\" class=\"wp-image-19766\"\/><\/figure>\n\n\n\n<p>Entre nuestros servicios m\u00e1s demandados se encuentran la obediencia b\u00e1sica, la correcci\u00f3n de conductas no deseadas, la socializaci\u00f3n con otros perros y las sesiones especiales para cachorros. Asimismo, en nuestro centro nos adaptamos a las necesidades concretas de cada hogar y su animal.<\/p>\n<\/div>\n\n\n\n<div class=\"wp-block-column is-vertically-aligned-center is-layout-flow wp-block-column-is-layout-flow\">\n<div class=\"su-service\"><div class=\"su-service-title\" style=\"padding-left:46px;min-height:32px;line-height:32px\"><i class=\"sui sui-user\" style=\"font-size:32px;color:#2471a3\"><\/i> <strong>Nombre<\/strong><\/div><div class=\"su-service-content su-u-clearfix su-u-trim\" style=\"padding-left:46px\">Escuela Adiestramiento Los Galachos<\/div><\/div>\n\n\n\n<div class=\"su-service\"><div class=\"su-service-title\" style=\"padding-left:46px;min-height:32px;line-height:32px\"><i class=\"sui sui-map-marker\" style=\"font-size:32px;color:#2471a3\"><\/i> <strong>Direcci\u00f3n<\/strong><\/div><div class=\"su-service-content su-u-clearfix su-u-trim\" style=\"padding-left:46px\">Pol\u00edgono Agrario 203, Paraje Soto de Juslibo, Parcela 118, 50191 Barrio de Juslibol, Zaragoza<\/div><\/div>\n\n\n\n<div class=\"su-service\"><div class=\"su-service-title\" style=\"padding-left:46px;min-height:32px;line-height:32px\"><i class=\"sui sui-volume-control-phone\" style=\"font-size:32px;color:#2471a3\"><\/i> <strong>Tel\u00e9fono<\/strong><\/div><div class=\"su-service-content su-u-clearfix su-u-trim\" style=\"padding-left:46px\">616 49 35 54<\/div><\/div>\n\n\n\n<div class=\"su-service\"><div class=\"su-service-title\" style=\"padding-left:46px;min-height:32px;line-height:32px\"><i class=\"sui sui-globe\" style=\"font-size:32px;color:#2471a3\"><\/i> <strong>Sitio web<\/strong><\/div><div class=\"su-service-content su-u-clearfix su-u-trim\" style=\"padding-left:46px\">https:\/\/losgalachoscentroadiestramiento.wordpress.com\/<\/div><\/div>\n\n\n\n<div class=\"su-service\"><div class=\"su-service-title\" style=\"padding-left:46px;min-height:32px;line-height:32px\"><i class=\"sui sui-star\" style=\"font-size:32px;color:#2471a3\"><\/i> Valoraci\u00f3n de los clientes<\/div><div class=\"su-service-content su-u-clearfix su-u-trim\" style=\"padding-left:46px\">4.6 \/ 5 (22)<\/div><\/div>\n<\/div>\n<\/div>\n<\/div>\n\n\n\n<div class=\"wp-block-columns is-layout-flex wp-container-core-columns-is-layout-9d6595d7 wp-block-columns-is-layout-flex\">\n<div class=\"wp-block-column mapa2 is-layout-flow wp-block-column-is-layout-flow\">\n<h2 class=\"wp-block-heading\">Ubicaci\u00f3n de Escuela Adiestramiento Los Galachos<\/h2>\n\n\n\n<div class=\"su-gmap su-u-responsive-media-yes mapa\"><iframe loading=\"lazy\" width=\"600\" height=\"280\" src=\"\/\/maps.google.com\/maps?q=Escuela%20Adiestramiento%20Los%20Galachos%2C%20Pol%C3%ADgono%20Agrario%20203%2C%20Paraje%20Soto%20de%20Juslibo%2C%20Parcela%20118%2C%2050191%20Barrio%20de%20Juslibol%2C%20Zaragoza&amp;output=embed&amp;z=20\" title=\"\"><\/iframe><\/div>\n\n\n\n<h2 class=\"wp-block-heading\">Horarios de Escuela Adiestramiento Los Galachos<\/h2>\n\n\n\n<figure class=\"wp-block-table\"><table><tbody><tr><td><strong>Lunes<\/strong><\/td><td>lunes: 10:00\u201313:30, 17:30\u201320:00<\/td><\/tr><tr><td><strong>Martes<\/strong><\/td><td>martes: 10:00\u201313:30, 17:30\u201320:00<\/td><\/tr><tr><td><strong>Mi\u00e9rcoles<\/strong><\/td><td>mi\u00e9rcoles: 10:00\u201313:30, 17:30\u201320:00<\/td><\/tr><tr><td><strong>Jueves<\/strong><\/td><td>jueves: 10:00\u201313:30, 17:30\u201320:00<\/td><\/tr><tr><td><strong>Viernes<\/strong><\/td><td>viernes: 10:00\u201313:30, 17:30\u201320:00<\/td><\/tr><tr><td><strong>S\u00e1bado<\/strong><\/td><td>s\u00e1bado: 10:00\u201313:30, 17:30\u201320:00<\/td><\/tr><tr><td><strong>Domingo<\/strong><\/td><td>domingo: 10:00\u201313:30, 17:30\u201320:00<\/td><\/tr><\/tbody><\/table><\/figure>\n\n\n\n<h2 class=\"wp-block-heading\">Tel\u00e9fono de Escuela Adiestramiento Los Galachos<\/h2>\n\n\n\n<p>Si quieres comunicarte con <strong>Escuela Adiestramiento Los Galachos<\/strong>, puedes hacerlo directamente llamando al siguiente n\u00famero:<\/p>\n\n\n\n<div class=\"wp-block-buttons is-content-justification-center is-layout-flex wp-container-core-buttons-is-layout-16018d1d wp-block-buttons-is-layout-flex\">\n<div class=\"wp-block-button is-style-fill\"><a class=\"wp-block-button__link has-background has-medium-font-size has-custom-font-size wp-element-button\" href=\"tel:616 49 35 54\" style=\"border-radius:6px;background-color:#2471a3\">Llamar ahora<\/a><\/div>\n<\/div>\n\n\n\n<h2 class=\"wp-block-heading\">M\u00e1s informaci\u00f3n<\/h2>\n\n\n\n<p>La Escuela de Adiestramiento Los Galachos, situada en el Pol\u00edgono Agrario 203, Paraje Soto de Juslibo, Parcela 118, 50191 Barrio de Juslibol, Zaragoza, es el centro de adiestramiento canino ideal para quienes buscan educar a su perro con un enfoque profesional y personalizado. Nuestros servicios abarcan desde la obediencia b\u00e1sica y la socializaci\u00f3n hasta la modificaci\u00f3n de conducta, garantizando as\u00ed que cada mascota reciba la atenci\u00f3n y el entrenamiento adecuado seg\u00fan sus necesidades espec\u00edficas. Con un equipo de adiestradores de perros en Zaragoza altamente capacitados y comprometidos, utilizamos m\u00e9todos positivos y efectivos que destacan a la Escuela de Adiestramiento Los Galachos frente a otros centros. Si est\u00e1s buscando un lugar donde adiestrar perros en un ambiente seguro y estimulante, nuestra escuela es la opci\u00f3n perfecta para ti y tu fiel compa\u00f1ero.<\/p>\n\n\n\n<p>Localizado en Pol\u00edgono Agrario 203, Paraje Soto de Juslibo, Parcela 118, 50191 Barrio de Juslibol, Zaragoza, este centro de adiestramiento canino en Barrio De Juslibol es famoso por su atenci\u00f3n cercano, seriedad y logros notables. Consulta las valoraciones de otros clientes para conocer su opini\u00f3n.<\/p>\n<\/div>\n<\/div>\n\n\n\n<p><\/p>\n\n\n\n<p>Si necesitas conocer otros (PONER NEGOCIO, ej: asesor\u00eda legal, decoraci\u00f3n de eventos, instalaciones el\u00e9ctricas) puedes <strong><a href=\"\/\">visitar nuestra p\u00e1gina principal<\/a><\/strong>.<\/p>\n","protected":false},"excerpt":{"rendered":"<p>En caso de que est\u00e1s en la b\u00fasqueda un espacio de confianza para el entrenamiento canino en Barrio De Juslibol, Escuela Adiestramiento Los Galachos representa una excelente opci\u00f3n. Nuestra instalaci\u00f3n se dedica en el manejo de mascotas de todas las edades y razas, siempre utilizando m\u00e9todos respetuosos y tambi\u00e9n eficaces. Escuela Adiestramiento Los Galachos Entre [&hellip;]<\/p>\n","protected":false},"author":2,"featured_media":0,"parent":8573,"menu_order":0,"comment_status":"closed","ping_status":"closed","template":"","meta":{"_et_pb_use_builder":"","_et_pb_old_content":"","_et_gb_content_width":"","footnotes":""},"tags":[1247],"class_list":["post-10520","page","type-page","status-publish","hentry","tag-barrio-de-juslibol"],"_links":{"self":[{"href":"https:\/\/www.adiestradorcanino.com\/webdelperro\/wp-json\/wp\/v2\/pages\/10520","targetHints":{"allow":["GET"]}}],"collection":[{"href":"https:\/\/www.adiestradorcanino.com\/webdelperro\/wp-json\/wp\/v2\/pages"}],"about":[{"href":"https:\/\/www.adiestradorcanino.com\/webdelperro\/wp-json\/wp\/v2\/types\/page"}],"author":[{"embeddable":true,"href":"https:\/\/www.adiestradorcanino.com\/webdelperro\/wp-json\/wp\/v2\/users\/2"}],"replies":[{"embeddable":true,"href":"https:\/\/www.adiestradorcanino.com\/webdelperro\/wp-json\/wp\/v2\/comments?post=10520"}],"version-history":[{"count":0,"href":"https:\/\/www.adiestradorcanino.com\/webdelperro\/wp-json\/wp\/v2\/pages\/10520\/revisions"}],"up":[{"embeddable":true,"href":"https:\/\/www.adiestradorcanino.com\/webdelperro\/wp-json\/wp\/v2\/pages\/8573"}],"wp:attachment":[{"href":"https:\/\/www.adiestradorcanino.com\/webdelperro\/wp-json\/wp\/v2\/media?parent=10520"}],"wp:term":[{"taxonomy":"post_tag","embeddable":true,"href":"https:\/\/www.adiestradorcanino.com\/webdelperro\/wp-json\/wp\/v2\/tags?post=10520"}],"curies":[{"name":"wp","href":"https:\/\/api.w.org\/{rel}","templated":true}]}}