{"id":10518,"date":"2025-07-09T08:38:06","date_gmt":"2025-07-09T08:38:06","guid":{"rendered":"https:\/\/www.adiestradorcanino.com\/webdelperro\/zaragoza\/movera\/adiestramiento-canino-dog-garden-centro-canino-en-movera-zaragoza\/"},"modified":"2025-07-09T08:38:06","modified_gmt":"2025-07-09T08:38:06","slug":"adiestramiento-canino-dog-garden-centro-canino-en-movera-zaragoza","status":"publish","type":"page","link":"https:\/\/www.adiestradorcanino.com\/webdelperro\/zaragoza\/movera\/adiestramiento-canino-dog-garden-centro-canino-en-movera-zaragoza\/","title":{"rendered":"Adiestramiento canino Dog Garden Centro Canino en Movera, Zaragoza"},"content":{"rendered":"\n<p>Si acaso te encuentras buscando un lugar confiable para entrenamiento canino en Movera,  Dog Garden Centro Canino representa una alternativa destacada. Este centro se dedica en el entrenamiento de mascotas de todas las edades y razas, siempre m\u00e9todos \u00e9ticos y efectivos.<\/p>\n\n\n\n<h2 class=\"wp-block-heading has-text-align-left nombreclinica\">Dog Garden Centro Canino<\/h2>\n\n\n\n<div class=\"wp-block-group is-layout-constrained wp-block-group-is-layout-constrained\">\n<div class=\"wp-block-columns nc-clase-ficha is-layout-flex wp-container-core-columns-is-layout-9d6595d7 wp-block-columns-is-layout-flex\">\n<div class=\"wp-block-column is-vertically-aligned-center is-layout-flow wp-block-column-is-layout-flow\">\n<figure class=\"wp-block-image size-full\"><img decoding=\"async\" src=\"https:\/\/www.adiestradorcanino.com\/webdelperro\/wp-content\/uploads\/2025\/07\/Dog-Garden-Centro-Canino.jpg\" alt=\"Dog Garden Centro Canino\" class=\"wp-image-19766\"\/><\/figure>\n\n\n\n<p>Dentro de nuestros tratamientos m\u00e1s solicitados se encuentran la entrenamiento de obediencia, la correcci\u00f3n de conductas no deseadas, la socializaci\u00f3n con otros animales y las clases espec\u00edficas para cachorros. Adem\u00e1s, en el centro nos adaptamos a las necesidades espec\u00edficas de cada familia y su mascota.<\/p>\n<\/div>\n\n\n\n<div class=\"wp-block-column is-vertically-aligned-center is-layout-flow wp-block-column-is-layout-flow\">\n<div class=\"su-service\"><div class=\"su-service-title\" style=\"padding-left:46px;min-height:32px;line-height:32px\"><i class=\"sui sui-user\" style=\"font-size:32px;color:#2471a3\"><\/i> <strong>Nombre<\/strong><\/div><div class=\"su-service-content su-u-clearfix su-u-trim\" style=\"padding-left:46px\">Dog Garden Centro Canino<\/div><\/div>\n\n\n\n<div class=\"su-service\"><div class=\"su-service-title\" style=\"padding-left:46px;min-height:32px;line-height:32px\"><i class=\"sui sui-map-marker\" style=\"font-size:32px;color:#2471a3\"><\/i> <strong>Direcci\u00f3n<\/strong><\/div><div class=\"su-service-content su-u-clearfix su-u-trim\" style=\"padding-left:46px\">C. el Vado, s\/n, 50194 Movera, Zaragoza<\/div><\/div>\n\n\n\n<div class=\"su-service\"><div class=\"su-service-title\" style=\"padding-left:46px;min-height:32px;line-height:32px\"><i class=\"sui sui-volume-control-phone\" style=\"font-size:32px;color:#2471a3\"><\/i> <strong>Tel\u00e9fono<\/strong><\/div><div class=\"su-service-content su-u-clearfix su-u-trim\" style=\"padding-left:46px\">976 58 29 05<\/div><\/div>\n\n\n\n<div class=\"su-service\"><div class=\"su-service-title\" style=\"padding-left:46px;min-height:32px;line-height:32px\"><i class=\"sui sui-globe\" style=\"font-size:32px;color:#2471a3\"><\/i> <strong>Sitio web<\/strong><\/div><div class=\"su-service-content su-u-clearfix su-u-trim\" style=\"padding-left:46px\">http:\/\/www.dogarden.es\/<\/div><\/div>\n\n\n\n<div class=\"su-service\"><div class=\"su-service-title\" style=\"padding-left:46px;min-height:32px;line-height:32px\"><i class=\"sui sui-star\" style=\"font-size:32px;color:#2471a3\"><\/i> Valoraci\u00f3n de los clientes<\/div><div class=\"su-service-content su-u-clearfix su-u-trim\" style=\"padding-left:46px\">4.4 \/ 5 (537)<\/div><\/div>\n<\/div>\n<\/div>\n<\/div>\n\n\n\n<div class=\"wp-block-columns is-layout-flex wp-container-core-columns-is-layout-9d6595d7 wp-block-columns-is-layout-flex\">\n<div class=\"wp-block-column mapa2 is-layout-flow wp-block-column-is-layout-flow\">\n<h2 class=\"wp-block-heading\">Ubicaci\u00f3n de Dog Garden Centro Canino<\/h2>\n\n\n\n<div class=\"su-gmap su-u-responsive-media-yes mapa\"><iframe loading=\"lazy\" width=\"600\" height=\"280\" src=\"\/\/maps.google.com\/maps?q=Dog%20Garden%20Centro%20Canino%2C%20C.%20el%20Vado%2C%20s%2Fn%2C%2050194%20Movera%2C%20Zaragoza&amp;output=embed&amp;z=20\" title=\"\"><\/iframe><\/div>\n\n\n\n<h2 class=\"wp-block-heading\">Horarios de Dog Garden Centro Canino<\/h2>\n\n\n\n<figure class=\"wp-block-table\"><table><tbody><tr><td><strong>Lunes<\/strong><\/td><td>lunes: 8:00\u201314:00, 17:00\u201321:00<\/td><\/tr><tr><td><strong>Martes<\/strong><\/td><td>martes: 8:00\u201314:00, 17:00\u201321:00<\/td><\/tr><tr><td><strong>Mi\u00e9rcoles<\/strong><\/td><td>mi\u00e9rcoles: 8:00\u201314:00, 17:00\u201321:00<\/td><\/tr><tr><td><strong>Jueves<\/strong><\/td><td>jueves: 8:00\u201314:00, 17:00\u201321:00<\/td><\/tr><tr><td><strong>Viernes<\/strong><\/td><td>viernes: 8:00\u201314:00, 17:00\u201321:00<\/td><\/tr><tr><td><strong>S\u00e1bado<\/strong><\/td><td>s\u00e1bado: 8:00\u201314:00, 17:00\u201321:00<\/td><\/tr><tr><td><strong>Domingo<\/strong><\/td><td>domingo: 8:00\u201314:00, 17:00\u201321:00<\/td><\/tr><\/tbody><\/table><\/figure>\n\n\n\n<h2 class=\"wp-block-heading\">Tel\u00e9fono de Dog Garden Centro Canino<\/h2>\n\n\n\n<p>Si quieres comunicarte con <strong>Dog Garden Centro Canino<\/strong>, puedes hacerlo directamente llamando al siguiente n\u00famero:<\/p>\n\n\n\n<div class=\"wp-block-buttons is-content-justification-center is-layout-flex wp-container-core-buttons-is-layout-16018d1d wp-block-buttons-is-layout-flex\">\n<div class=\"wp-block-button is-style-fill\"><a class=\"wp-block-button__link has-background has-medium-font-size has-custom-font-size wp-element-button\" href=\"tel:976 58 29 05\" style=\"border-radius:6px;background-color:#2471a3\">Llamar ahora<\/a><\/div>\n<\/div>\n\n\n\n<h2 class=\"wp-block-heading\">M\u00e1s informaci\u00f3n<\/h2>\n\n\n\n<p>En el coraz\u00f3n de Movera, Zaragoza, se encuentra el Dog Garden Centro Canino, un referente en adiestramiento canino en Movera. Nuestro equipo de profesionales se especializa en ofrecer un enfoque integral que abarca la obediencia, la socializaci\u00f3n y la modificaci\u00f3n de conducta, garantizando as\u00ed un desarrollo arm\u00f3nico y equilibrado de tu mascota. En Dog Garden, entendemos que cada perro es \u00fanico, por lo que adaptamos nuestras t\u00e9cnicas a las necesidades espec\u00edficas de cada uno, utilizando m\u00e9todos positivos que fomentan un v\u00ednculo fuerte entre el perro y su due\u00f1o. Adem\u00e1s, contamos con instalaciones amplias y seguras que posibilitan a los adiestradores de perros en Zaragoza llevar a cabo sesiones positivas y enriquecedoras. Si buscas adiestrar perros en un ambiente profesional y cercano, Dog Garden es la opci\u00f3n ideal para asegurar el bienestar y la felicidad de tu compa\u00f1ero peludo.<\/p>\n\n\n\n<p>Situado en C. el Vado, s\/n, 50194 Movera, Zaragoza, este centro de adiestramiento canino en Movera es famoso por su trato personal, profesionalidad y logros evidentes. Consulta las opiniones de otros due\u00f1os de mascotas para entender su opini\u00f3n.<\/p>\n<\/div>\n<\/div>\n\n\n\n<p><\/p>\n\n\n\n<p>Si necesitas conocer otros (PONER NEGOCIO, ej: asesor\u00eda legal, decoraci\u00f3n de eventos, instalaciones el\u00e9ctricas) puedes <strong><a href=\"\/\">visitar nuestra p\u00e1gina principal<\/a><\/strong>.<\/p>\n","protected":false},"excerpt":{"rendered":"<p>Si acaso te encuentras buscando un lugar confiable para entrenamiento canino en Movera, Dog Garden Centro Canino representa una alternativa destacada. Este centro se dedica en el entrenamiento de mascotas de todas las edades y razas, siempre m\u00e9todos \u00e9ticos y efectivos. Dog Garden Centro Canino Dentro de nuestros tratamientos m\u00e1s solicitados se encuentran la entrenamiento [&hellip;]<\/p>\n","protected":false},"author":2,"featured_media":0,"parent":8570,"menu_order":0,"comment_status":"closed","ping_status":"closed","template":"","meta":{"_et_pb_use_builder":"","_et_pb_old_content":"","_et_gb_content_width":"","footnotes":""},"tags":[1246],"class_list":["post-10518","page","type-page","status-publish","hentry","tag-movera"],"_links":{"self":[{"href":"https:\/\/www.adiestradorcanino.com\/webdelperro\/wp-json\/wp\/v2\/pages\/10518","targetHints":{"allow":["GET"]}}],"collection":[{"href":"https:\/\/www.adiestradorcanino.com\/webdelperro\/wp-json\/wp\/v2\/pages"}],"about":[{"href":"https:\/\/www.adiestradorcanino.com\/webdelperro\/wp-json\/wp\/v2\/types\/page"}],"author":[{"embeddable":true,"href":"https:\/\/www.adiestradorcanino.com\/webdelperro\/wp-json\/wp\/v2\/users\/2"}],"replies":[{"embeddable":true,"href":"https:\/\/www.adiestradorcanino.com\/webdelperro\/wp-json\/wp\/v2\/comments?post=10518"}],"version-history":[{"count":0,"href":"https:\/\/www.adiestradorcanino.com\/webdelperro\/wp-json\/wp\/v2\/pages\/10518\/revisions"}],"up":[{"embeddable":true,"href":"https:\/\/www.adiestradorcanino.com\/webdelperro\/wp-json\/wp\/v2\/pages\/8570"}],"wp:attachment":[{"href":"https:\/\/www.adiestradorcanino.com\/webdelperro\/wp-json\/wp\/v2\/media?parent=10518"}],"wp:term":[{"taxonomy":"post_tag","embeddable":true,"href":"https:\/\/www.adiestradorcanino.com\/webdelperro\/wp-json\/wp\/v2\/tags?post=10518"}],"curies":[{"name":"wp","href":"https:\/\/api.w.org\/{rel}","templated":true}]}}