{"id":10515,"date":"2025-07-09T08:37:43","date_gmt":"2025-07-09T08:37:43","guid":{"rendered":"https:\/\/www.adiestradorcanino.com\/webdelperro\/zaragoza\/zaragoza\/adiestramiento-canino-club-agility-lalmozara-en-zaragoza-zaragoza\/"},"modified":"2025-07-09T08:37:43","modified_gmt":"2025-07-09T08:37:43","slug":"adiestramiento-canino-club-agility-lalmozara-en-zaragoza-zaragoza","status":"publish","type":"page","link":"https:\/\/www.adiestradorcanino.com\/webdelperro\/zaragoza\/zaragoza\/adiestramiento-canino-club-agility-lalmozara-en-zaragoza-zaragoza\/","title":{"rendered":"Adiestramiento canino Club Agility L\u2019almozara en Zaragoza, Zaragoza"},"content":{"rendered":"\n<p>Si te encuentras en la b\u00fasqueda de un sitio de confianza para el entrenamiento canino en el \u00e1rea de Zaragoza, este centro representa una opci\u00f3n destacada. Este centro se dedica en el manejo de perros de todas las edades y razas, siempre utilizando t\u00e9cnicas amigables y \u00fatiles.<\/p>\n\n\n\n<h2 class=\"wp-block-heading has-text-align-left nombreclinica\">Club Agility L\u2019almozara<\/h2>\n\n\n\n<div class=\"wp-block-group is-layout-constrained wp-block-group-is-layout-constrained\">\n<div class=\"wp-block-columns nc-clase-ficha is-layout-flex wp-container-core-columns-is-layout-9d6595d7 wp-block-columns-is-layout-flex\">\n<div class=\"wp-block-column is-vertically-aligned-center is-layout-flow wp-block-column-is-layout-flow\">\n<figure class=\"wp-block-image size-full\"><img decoding=\"async\" src=\"https:\/\/www.adiestradorcanino.com\/webdelperro\/wp-content\/uploads\/2025\/07\/Club-Agility-Lalmozara.jpg\" alt=\"Club Agility L\u2019almozara\" class=\"wp-image-19766\"\/><\/figure>\n\n\n\n<p>Dentro de los tratamientos m\u00e1s demandados se encuentran la cursos de obediencia b\u00e1sica, la correcci\u00f3n de conductas no deseadas, la socializaci\u00f3n con otros perros y las clases dirigidas a cachorros. Asimismo, en nuestro centro nos adaptamos a las particularidades de cada familia y su mascota.<\/p>\n<\/div>\n\n\n\n<div class=\"wp-block-column is-vertically-aligned-center is-layout-flow wp-block-column-is-layout-flow\">\n<div class=\"su-service\"><div class=\"su-service-title\" style=\"padding-left:46px;min-height:32px;line-height:32px\"><i class=\"sui sui-user\" style=\"font-size:32px;color:#2471a3\"><\/i> <strong>Nombre<\/strong><\/div><div class=\"su-service-content su-u-clearfix su-u-trim\" style=\"padding-left:46px\">Club Agility L\u2019almozara<\/div><\/div>\n\n\n\n<div class=\"su-service\"><div class=\"su-service-title\" style=\"padding-left:46px;min-height:32px;line-height:32px\"><i class=\"sui sui-map-marker\" style=\"font-size:32px;color:#2471a3\"><\/i> <strong>Direcci\u00f3n<\/strong><\/div><div class=\"su-service-content su-u-clearfix su-u-trim\" style=\"padding-left:46px\">P.\u00ba de los Puentes, 7, 50018 Zaragoza<\/div><\/div>\n\n\n\n<div class=\"su-service\"><div class=\"su-service-title\" style=\"padding-left:46px;min-height:32px;line-height:32px\"><i class=\"sui sui-volume-control-phone\" style=\"font-size:32px;color:#2471a3\"><\/i> <strong>Tel\u00e9fono<\/strong><\/div><div class=\"su-service-content su-u-clearfix su-u-trim\" style=\"padding-left:46px\">637 54 15 86<\/div><\/div>\n\n\n\n<div class=\"su-service\"><div class=\"su-service-title\" style=\"padding-left:46px;min-height:32px;line-height:32px\"><i class=\"sui sui-globe\" style=\"font-size:32px;color:#2471a3\"><\/i> <strong>Sitio web<\/strong><\/div><div class=\"su-service-content su-u-clearfix su-u-trim\" style=\"padding-left:46px\">http:\/\/www.clubagilitylalmozara.com\/<\/div><\/div>\n\n\n\n<div class=\"su-service\"><div class=\"su-service-title\" style=\"padding-left:46px;min-height:32px;line-height:32px\"><i class=\"sui sui-star\" style=\"font-size:32px;color:#2471a3\"><\/i> Valoraci\u00f3n de los clientes<\/div><div class=\"su-service-content su-u-clearfix su-u-trim\" style=\"padding-left:46px\">4.6 \/ 5 (93)<\/div><\/div>\n<\/div>\n<\/div>\n<\/div>\n\n\n\n<div class=\"wp-block-columns is-layout-flex wp-container-core-columns-is-layout-9d6595d7 wp-block-columns-is-layout-flex\">\n<div class=\"wp-block-column mapa2 is-layout-flow wp-block-column-is-layout-flow\">\n<h2 class=\"wp-block-heading\">Ubicaci\u00f3n de Club Agility L\u2019almozara<\/h2>\n\n\n\n<div class=\"su-gmap su-u-responsive-media-yes mapa\"><iframe loading=\"lazy\" width=\"600\" height=\"280\" src=\"\/\/maps.google.com\/maps?q=Club%20Agility%20L%E2%80%99almozara%2C%20P.%C2%BA%20de%20los%20Puentes%2C%207%2C%2050018%20Zaragoza&amp;output=embed&amp;z=20\" title=\"\"><\/iframe><\/div>\n\n\n\n<h2 class=\"wp-block-heading\">Horarios de Club Agility L\u2019almozara<\/h2>\n\n\n\n<figure class=\"wp-block-table\"><table><tbody><tr><td><strong>Lunes<\/strong><\/td><td>lunes: 9:15\u201313:00, 18:00\u201322:00<\/td><\/tr><tr><td><strong>Martes<\/strong><\/td><td>martes: 9:15\u201313:00, 18:00\u201322:00<\/td><\/tr><tr><td><strong>Mi\u00e9rcoles<\/strong><\/td><td>mi\u00e9rcoles: 9:15\u201313:00, 18:00\u201322:00<\/td><\/tr><tr><td><strong>Jueves<\/strong><\/td><td>jueves: 9:15\u201313:00, 18:00\u201322:00<\/td><\/tr><tr><td><strong>Viernes<\/strong><\/td><td>viernes: 9:15\u201313:00, 18:00\u201322:00<\/td><\/tr><tr><td><strong>S\u00e1bado<\/strong><\/td><td>s\u00e1bado: 9:30\u201313:00<\/td><\/tr><tr><td><strong>Domingo<\/strong><\/td><td>domingo: Cerrado<\/td><\/tr><\/tbody><\/table><\/figure>\n\n\n\n<h2 class=\"wp-block-heading\">Tel\u00e9fono de Club Agility L\u2019almozara<\/h2>\n\n\n\n<p>Si quieres comunicarte con <strong>Club Agility L\u2019almozara<\/strong>, puedes hacerlo directamente llamando al siguiente n\u00famero:<\/p>\n\n\n\n<div class=\"wp-block-buttons is-content-justification-center is-layout-flex wp-container-core-buttons-is-layout-16018d1d wp-block-buttons-is-layout-flex\">\n<div class=\"wp-block-button is-style-fill\"><a class=\"wp-block-button__link has-background has-medium-font-size has-custom-font-size wp-element-button\" href=\"tel:637 54 15 86\" style=\"border-radius:6px;background-color:#2471a3\">Llamar ahora<\/a><\/div>\n<\/div>\n\n\n\n<h2 class=\"wp-block-heading\">M\u00e1s informaci\u00f3n<\/h2>\n\n\n\n<p>El Club Agility L\u2019almozara, ubicado en P.\u00ba de los Puentes, 7, 50018 Zaragoza, es el referente en adiestramiento canino en Zaragoza, ofreciendo servicios especializados en obediencia, socializaci\u00f3n y modificaci\u00f3n de conducta. Nuestro equipo de adiestradores de perros en Zaragoza se dedica a proporcionar un enfoque personalizado y efectivo, adapt\u00e1ndose a las necesidades de cada perro y su propietario. En nuestro centro, no solo nos enfocamos en adiestrar perros, sino que tambi\u00e9n fomentamos una relaci\u00f3n arm\u00f3nica entre el can y su due\u00f1o, garantizando un aprendizaje positivo y duradero. Lo que nos distingue frente a otros centros es nuestra metodolog\u00eda basada en refuerzos positivos y un ambiente amigable, que facilita la integraci\u00f3n de los perros en diferentes entornos sociales. Si buscas un servicio de calidad para educar a tu mascota, el Club Agility L\u2019almozara es la opci\u00f3n ideal para transformar la vida de tu perro y disfrutar de una convivencia plena.<\/p>\n\n\n\n<p>Localizado en P.\u00ba de los Puentes, 7, 50018 Zaragoza, el centro de adiestramiento canino en Zaragoza ha sido destacado por su trato cercano, profesionalidad y logros evidentes. Mira las valoraciones de otros due\u00f1os de mascotas para entender su testimonio.<\/p>\n<\/div>\n<\/div>\n\n\n\n<p><\/p>\n\n\n\n<p>Si necesitas conocer otros (PONER NEGOCIO, ej: asesor\u00eda legal, decoraci\u00f3n de eventos, instalaciones el\u00e9ctricas) puedes <strong><a href=\"\/\">visitar nuestra p\u00e1gina principal<\/a><\/strong>.<\/p>\n","protected":false},"excerpt":{"rendered":"<p>Si te encuentras en la b\u00fasqueda de un sitio de confianza para el entrenamiento canino en el \u00e1rea de Zaragoza, este centro representa una opci\u00f3n destacada. Este centro se dedica en el manejo de perros de todas las edades y razas, siempre utilizando t\u00e9cnicas amigables y \u00fatiles. Club Agility L\u2019almozara Dentro de los tratamientos m\u00e1s [&hellip;]<\/p>\n","protected":false},"author":2,"featured_media":0,"parent":8561,"menu_order":0,"comment_status":"closed","ping_status":"closed","template":"","meta":{"_et_pb_use_builder":"","_et_pb_old_content":"","_et_gb_content_width":"","footnotes":""},"tags":[888],"class_list":["post-10515","page","type-page","status-publish","hentry","tag-zaragoza"],"_links":{"self":[{"href":"https:\/\/www.adiestradorcanino.com\/webdelperro\/wp-json\/wp\/v2\/pages\/10515","targetHints":{"allow":["GET"]}}],"collection":[{"href":"https:\/\/www.adiestradorcanino.com\/webdelperro\/wp-json\/wp\/v2\/pages"}],"about":[{"href":"https:\/\/www.adiestradorcanino.com\/webdelperro\/wp-json\/wp\/v2\/types\/page"}],"author":[{"embeddable":true,"href":"https:\/\/www.adiestradorcanino.com\/webdelperro\/wp-json\/wp\/v2\/users\/2"}],"replies":[{"embeddable":true,"href":"https:\/\/www.adiestradorcanino.com\/webdelperro\/wp-json\/wp\/v2\/comments?post=10515"}],"version-history":[{"count":0,"href":"https:\/\/www.adiestradorcanino.com\/webdelperro\/wp-json\/wp\/v2\/pages\/10515\/revisions"}],"up":[{"embeddable":true,"href":"https:\/\/www.adiestradorcanino.com\/webdelperro\/wp-json\/wp\/v2\/pages\/8561"}],"wp:attachment":[{"href":"https:\/\/www.adiestradorcanino.com\/webdelperro\/wp-json\/wp\/v2\/media?parent=10515"}],"wp:term":[{"taxonomy":"post_tag","embeddable":true,"href":"https:\/\/www.adiestradorcanino.com\/webdelperro\/wp-json\/wp\/v2\/tags?post=10515"}],"curies":[{"name":"wp","href":"https:\/\/api.w.org\/{rel}","templated":true}]}}