{"id":10510,"date":"2025-07-09T08:37:17","date_gmt":"2025-07-09T08:37:17","guid":{"rendered":"https:\/\/www.adiestradorcanino.com\/webdelperro\/zaragoza\/penaflor-de-gallego\/adiestramiento-canino-club-canino-open-de-espana-en-penaflor-de-gallego-zaragoza\/"},"modified":"2025-07-09T08:37:17","modified_gmt":"2025-07-09T08:37:17","slug":"adiestramiento-canino-club-canino-open-de-espana-en-penaflor-de-gallego-zaragoza","status":"publish","type":"page","link":"https:\/\/www.adiestradorcanino.com\/webdelperro\/zaragoza\/penaflor-de-gallego\/adiestramiento-canino-club-canino-open-de-espana-en-penaflor-de-gallego-zaragoza\/","title":{"rendered":"Adiestramiento canino Club Canino Open De Espa\u00f1a en Pe\u00f1aflor De G\u00e1llego, Zaragoza"},"content":{"rendered":"\n<p>En caso de que te encuentras en la b\u00fasqueda de un espacio seguro id\u00f3neo para el adiestramiento canino dentro de Pe\u00f1aflor De G\u00e1llego, nuestra instituci\u00f3n se presenta como una opci\u00f3n destacada. Este lugar trabaja en el entrenamiento de perros de todas las edades y razas, siempre t\u00e9cnicas amigables y tambi\u00e9n \u00fatiles.<\/p>\n\n\n\n<h2 class=\"wp-block-heading has-text-align-left nombreclinica\">Club Canino Open De Espa\u00f1a<\/h2>\n\n\n\n<div class=\"wp-block-group is-layout-constrained wp-block-group-is-layout-constrained\">\n<div class=\"wp-block-columns nc-clase-ficha is-layout-flex wp-container-core-columns-is-layout-9d6595d7 wp-block-columns-is-layout-flex\">\n<div class=\"wp-block-column is-vertically-aligned-center is-layout-flow wp-block-column-is-layout-flow\">\n<figure class=\"wp-block-image size-full\"><img decoding=\"async\" src=\"https:\/\/www.adiestradorcanino.com\/webdelperro\/wp-content\/uploads\/2025\/07\/Club-Canino-Open-De-Espana.jpg\" alt=\"Club Canino Open De Espa\u00f1a\" class=\"wp-image-19766\"\/><\/figure>\n\n\n\n<p>Dentro de los tratamientos m\u00e1s solicitados se encuentran la cursos de obediencia b\u00e1sica, la correcci\u00f3n de conductas no deseadas, la socializaci\u00f3n con otros animales y las sesiones especiales para cachorros. Adem\u00e1s, en nombre se adaptan a las necesidades espec\u00edficas de cada hogar y su animal.<\/p>\n<\/div>\n\n\n\n<div class=\"wp-block-column is-vertically-aligned-center is-layout-flow wp-block-column-is-layout-flow\">\n<div class=\"su-service\"><div class=\"su-service-title\" style=\"padding-left:46px;min-height:32px;line-height:32px\"><i class=\"sui sui-user\" style=\"font-size:32px;color:#2471a3\"><\/i> <strong>Nombre<\/strong><\/div><div class=\"su-service-content su-u-clearfix su-u-trim\" style=\"padding-left:46px\">Club Canino Open De Espa\u00f1a<\/div><\/div>\n\n\n\n<div class=\"su-service\"><div class=\"su-service-title\" style=\"padding-left:46px;min-height:32px;line-height:32px\"><i class=\"sui sui-map-marker\" style=\"font-size:32px;color:#2471a3\"><\/i> <strong>Direcci\u00f3n<\/strong><\/div><div class=\"su-service-content su-u-clearfix su-u-trim\" style=\"padding-left:46px\">Urb. el Soto II, 50193 Pe\u00f1aflor de G\u00e1llego, Zaragoza<\/div><\/div>\n\n\n\n<div class=\"su-service\"><div class=\"su-service-title\" style=\"padding-left:46px;min-height:32px;line-height:32px\"><i class=\"sui sui-volume-control-phone\" style=\"font-size:32px;color:#2471a3\"><\/i> <strong>Tel\u00e9fono<\/strong><\/div><div class=\"su-service-content su-u-clearfix su-u-trim\" style=\"padding-left:46px\">670 35 47 55<\/div><\/div>\n\n\n\n<div class=\"su-service\"><div class=\"su-service-title\" style=\"padding-left:46px;min-height:32px;line-height:32px\"><i class=\"sui sui-globe\" style=\"font-size:32px;color:#2471a3\"><\/i> <strong>Sitio web<\/strong><\/div><div class=\"su-service-content su-u-clearfix su-u-trim\" style=\"padding-left:46px\">http:\/\/www.clubcaninoopen.com\/<\/div><\/div>\n\n\n\n<div class=\"su-service\"><div class=\"su-service-title\" style=\"padding-left:46px;min-height:32px;line-height:32px\"><i class=\"sui sui-star\" style=\"font-size:32px;color:#2471a3\"><\/i> Valoraci\u00f3n de los clientes<\/div><div class=\"su-service-content su-u-clearfix su-u-trim\" style=\"padding-left:46px\">4.8 \/ 5 (37)<\/div><\/div>\n<\/div>\n<\/div>\n<\/div>\n\n\n\n<div class=\"wp-block-columns is-layout-flex wp-container-core-columns-is-layout-9d6595d7 wp-block-columns-is-layout-flex\">\n<div class=\"wp-block-column mapa2 is-layout-flow wp-block-column-is-layout-flow\">\n<h2 class=\"wp-block-heading\">Ubicaci\u00f3n de Club Canino Open De Espa\u00f1a<\/h2>\n\n\n\n<div class=\"su-gmap su-u-responsive-media-yes mapa\"><iframe loading=\"lazy\" width=\"600\" height=\"280\" src=\"\/\/maps.google.com\/maps?q=Club%20Canino%20Open%20De%20Espa%C3%B1a%2C%20Urb.%20el%20Soto%20II%2C%2050193%20Pe%C3%B1aflor%20de%20G%C3%A1llego%2C%20Zaragoza&amp;output=embed&amp;z=20\" title=\"\"><\/iframe><\/div>\n\n\n\n<h2 class=\"wp-block-heading\">Horarios de Club Canino Open De Espa\u00f1a<\/h2>\n\n\n\n<figure class=\"wp-block-table\"><table><tbody><tr><td><strong>Lunes<\/strong><\/td><td>lunes: Abierto 24 horas<\/td><\/tr><tr><td><strong>Martes<\/strong><\/td><td>martes: Abierto 24 horas<\/td><\/tr><tr><td><strong>Mi\u00e9rcoles<\/strong><\/td><td>mi\u00e9rcoles: Abierto 24 horas<\/td><\/tr><tr><td><strong>Jueves<\/strong><\/td><td>jueves: Abierto 24 horas<\/td><\/tr><tr><td><strong>Viernes<\/strong><\/td><td>viernes: Abierto 24 horas<\/td><\/tr><tr><td><strong>S\u00e1bado<\/strong><\/td><td>s\u00e1bado: Abierto 24 horas<\/td><\/tr><tr><td><strong>Domingo<\/strong><\/td><td>domingo: Abierto 24 horas<\/td><\/tr><\/tbody><\/table><\/figure>\n\n\n\n<h2 class=\"wp-block-heading\">Tel\u00e9fono de Club Canino Open De Espa\u00f1a<\/h2>\n\n\n\n<p>Si quieres comunicarte con <strong>Club Canino Open De Espa\u00f1a<\/strong>, puedes hacerlo directamente llamando al siguiente n\u00famero:<\/p>\n\n\n\n<div class=\"wp-block-buttons is-content-justification-center is-layout-flex wp-container-core-buttons-is-layout-16018d1d wp-block-buttons-is-layout-flex\">\n<div class=\"wp-block-button is-style-fill\"><a class=\"wp-block-button__link has-background has-medium-font-size has-custom-font-size wp-element-button\" href=\"tel:670 35 47 55\" style=\"border-radius:6px;background-color:#2471a3\">Llamar ahora<\/a><\/div>\n<\/div>\n\n\n\n<h2 class=\"wp-block-heading\">M\u00e1s informaci\u00f3n<\/h2>\n\n\n\n<p>El Club Canino Open De Espa\u00f1a, ubicado en Urb. el Soto II, 50193 Pe\u00f1aflor de G\u00e1llego, Zaragoza, es el destino ideal para quienes buscan un servicio de **adiestramiento canino en Pe\u00f1aflor De G\u00e1llego** de alta calidad. Nuestro equipo de **adiestradores de perros en Zaragoza** se especializa en programas de adiestramiento que abarcan desde la obediencia b\u00e1sica y la socializaci\u00f3n hasta la modificaci\u00f3n de conducta, adapt\u00e1ndose a las necesidades espec\u00edficas de cada mascota y su due\u00f1o. Con un enfoque personalizado y t\u00e9cnicas basadas en el respeto y la comprensi\u00f3n, garantizamos que tanto perros como humanos disfrutar\u00e1n del proceso de aprendizaje. Lo que nos distingue de otros centros es nuestra metodolog\u00eda integral, que no solo busca resultados visibles en el comportamiento de tu perro, sino tambi\u00e9n fortalecer el v\u00ednculo entre el animal y su familia. Ven y descubre c\u00f3mo **adiestrar perros** puede ser una experiencia enriquecedora y transformadora en el Club Canino Open De Espa\u00f1a.<\/p>\n\n\n\n<p>Ubicado en Urb. el Soto II, 50193 Pe\u00f1aflor de G\u00e1llego, Zaragoza, este centro de adiestramiento canino en Pe\u00f1aflor De G\u00e1llego ha sido destacado por su trato cercano, profesionalidad y resultados visibles. Consulta las rese\u00f1as de otros clientes para entender su opini\u00f3n.<\/p>\n<\/div>\n<\/div>\n\n\n\n<p><\/p>\n\n\n\n<p>Si necesitas conocer otros (PONER NEGOCIO, ej: asesor\u00eda legal, decoraci\u00f3n de eventos, instalaciones el\u00e9ctricas) puedes <strong><a href=\"\/\">visitar nuestra p\u00e1gina principal<\/a><\/strong>.<\/p>\n","protected":false},"excerpt":{"rendered":"<p>En caso de que te encuentras en la b\u00fasqueda de un espacio seguro id\u00f3neo para el adiestramiento canino dentro de Pe\u00f1aflor De G\u00e1llego, nuestra instituci\u00f3n se presenta como una opci\u00f3n destacada. Este lugar trabaja en el entrenamiento de perros de todas las edades y razas, siempre t\u00e9cnicas amigables y tambi\u00e9n \u00fatiles. Club Canino Open De [&hellip;]<\/p>\n","protected":false},"author":2,"featured_media":0,"parent":8564,"menu_order":0,"comment_status":"closed","ping_status":"closed","template":"","meta":{"_et_pb_use_builder":"","_et_pb_old_content":"","_et_gb_content_width":"","footnotes":""},"tags":[1244],"class_list":["post-10510","page","type-page","status-publish","hentry","tag-penaflor-de-gallego"],"_links":{"self":[{"href":"https:\/\/www.adiestradorcanino.com\/webdelperro\/wp-json\/wp\/v2\/pages\/10510","targetHints":{"allow":["GET"]}}],"collection":[{"href":"https:\/\/www.adiestradorcanino.com\/webdelperro\/wp-json\/wp\/v2\/pages"}],"about":[{"href":"https:\/\/www.adiestradorcanino.com\/webdelperro\/wp-json\/wp\/v2\/types\/page"}],"author":[{"embeddable":true,"href":"https:\/\/www.adiestradorcanino.com\/webdelperro\/wp-json\/wp\/v2\/users\/2"}],"replies":[{"embeddable":true,"href":"https:\/\/www.adiestradorcanino.com\/webdelperro\/wp-json\/wp\/v2\/comments?post=10510"}],"version-history":[{"count":0,"href":"https:\/\/www.adiestradorcanino.com\/webdelperro\/wp-json\/wp\/v2\/pages\/10510\/revisions"}],"up":[{"embeddable":true,"href":"https:\/\/www.adiestradorcanino.com\/webdelperro\/wp-json\/wp\/v2\/pages\/8564"}],"wp:attachment":[{"href":"https:\/\/www.adiestradorcanino.com\/webdelperro\/wp-json\/wp\/v2\/media?parent=10510"}],"wp:term":[{"taxonomy":"post_tag","embeddable":true,"href":"https:\/\/www.adiestradorcanino.com\/webdelperro\/wp-json\/wp\/v2\/tags?post=10510"}],"curies":[{"name":"wp","href":"https:\/\/api.w.org\/{rel}","templated":true}]}}