{"id":10495,"date":"2025-07-09T08:35:36","date_gmt":"2025-07-09T08:35:36","guid":{"rendered":"https:\/\/www.adiestradorcanino.com\/webdelperro\/valladolid\/laguna-de-duero\/adiestramiento-canino-residencia-canina-los-valles-adiestramiento-canino-en-laguna-de-duero-valladolid\/"},"modified":"2025-07-09T08:35:36","modified_gmt":"2025-07-09T08:35:36","slug":"adiestramiento-canino-residencia-canina-los-valles-adiestramiento-canino-en-laguna-de-duero-valladolid","status":"publish","type":"page","link":"https:\/\/www.adiestradorcanino.com\/webdelperro\/valladolid\/laguna-de-duero\/adiestramiento-canino-residencia-canina-los-valles-adiestramiento-canino-en-laguna-de-duero-valladolid\/","title":{"rendered":"Adiestramiento canino Residencia Canina Los Valles | Adiestramiento Canino en Laguna De Duero, Valladolid"},"content":{"rendered":"\n<p>Si te encuentras en la b\u00fasqueda un lugar confiable para entrenamiento canino dentro de Laguna De Duero, nuestra instituci\u00f3n se presenta como una alternativa destacada. Este centro se dedica en el entrenamiento de perros sin importar la raza o edad, usando con respetuosos y tambi\u00e9n eficaces.<\/p>\n\n\n\n<h2 class=\"wp-block-heading has-text-align-left nombreclinica\">Residencia Canina Los Valles | Adiestramiento Canino<\/h2>\n\n\n\n<div class=\"wp-block-group is-layout-constrained wp-block-group-is-layout-constrained\">\n<div class=\"wp-block-columns nc-clase-ficha is-layout-flex wp-container-core-columns-is-layout-9d6595d7 wp-block-columns-is-layout-flex\">\n<div class=\"wp-block-column is-vertically-aligned-center is-layout-flow wp-block-column-is-layout-flow\">\n<figure class=\"wp-block-image size-full\"><img decoding=\"async\" src=\"https:\/\/www.adiestradorcanino.com\/webdelperro\/wp-content\/uploads\/2025\/07\/Residencia-Canina-Los-Valles-Adiestramiento-Canino.png\" alt=\"Residencia Canina Los Valles | Adiestramiento Canino\" class=\"wp-image-19766\"\/><\/figure>\n\n\n\n<p>Dentro de nuestros servicios m\u00e1s demandados se encuentran los obediencia b\u00e1sica, la correcci\u00f3n de conductas no deseadas, la socializaci\u00f3n con otros perros y las clases espec\u00edficas para cachorros. Asimismo, en nombre nos adaptamos a las necesidades concretas de cada familia y su mascota.<\/p>\n<\/div>\n\n\n\n<div class=\"wp-block-column is-vertically-aligned-center is-layout-flow wp-block-column-is-layout-flow\">\n<div class=\"su-service\"><div class=\"su-service-title\" style=\"padding-left:46px;min-height:32px;line-height:32px\"><i class=\"sui sui-user\" style=\"font-size:32px;color:#2471a3\"><\/i> <strong>Nombre<\/strong><\/div><div class=\"su-service-content su-u-clearfix su-u-trim\" style=\"padding-left:46px\">Residencia Canina Los Valles | Adiestramiento Canino<\/div><\/div>\n\n\n\n<div class=\"su-service\"><div class=\"su-service-title\" style=\"padding-left:46px;min-height:32px;line-height:32px\"><i class=\"sui sui-map-marker\" style=\"font-size:32px;color:#2471a3\"><\/i> <strong>Direcci\u00f3n<\/strong><\/div><div class=\"su-service-content su-u-clearfix su-u-trim\" style=\"padding-left:46px\">Senda de Taragudo, 47140 Laguna de Duero, Valladolid<\/div><\/div>\n\n\n\n<div class=\"su-service\"><div class=\"su-service-title\" style=\"padding-left:46px;min-height:32px;line-height:32px\"><i class=\"sui sui-volume-control-phone\" style=\"font-size:32px;color:#2471a3\"><\/i> <strong>Tel\u00e9fono<\/strong><\/div><div class=\"su-service-content su-u-clearfix su-u-trim\" style=\"padding-left:46px\">666 83 00 69<\/div><\/div>\n\n\n\n<div class=\"su-service\"><div class=\"su-service-title\" style=\"padding-left:46px;min-height:32px;line-height:32px\"><i class=\"sui sui-globe\" style=\"font-size:32px;color:#2471a3\"><\/i> <strong>Sitio web<\/strong><\/div><div class=\"su-service-content su-u-clearfix su-u-trim\" style=\"padding-left:46px\">https:\/\/residenciacaninalosvalles.com\/<\/div><\/div>\n\n\n\n<div class=\"su-service\"><div class=\"su-service-title\" style=\"padding-left:46px;min-height:32px;line-height:32px\"><i class=\"sui sui-star\" style=\"font-size:32px;color:#2471a3\"><\/i> Valoraci\u00f3n de los clientes<\/div><div class=\"su-service-content su-u-clearfix su-u-trim\" style=\"padding-left:46px\">4.4 \/ 5 (160)<\/div><\/div>\n<\/div>\n<\/div>\n<\/div>\n\n\n\n<div class=\"wp-block-columns is-layout-flex wp-container-core-columns-is-layout-9d6595d7 wp-block-columns-is-layout-flex\">\n<div class=\"wp-block-column mapa2 is-layout-flow wp-block-column-is-layout-flow\">\n<h2 class=\"wp-block-heading\">Ubicaci\u00f3n de Residencia Canina Los Valles | Adiestramiento Canino<\/h2>\n\n\n\n<div class=\"su-gmap su-u-responsive-media-yes mapa\"><iframe loading=\"lazy\" width=\"600\" height=\"280\" src=\"\/\/maps.google.com\/maps?q=Residencia%20Canina%20Los%20Valles%20%7C%20Adiestramiento%20Canino%2C%20Senda%20de%20Taragudo%2C%2047140%20Laguna%20de%20Duero%2C%20Valladolid&amp;output=embed&amp;z=20\" title=\"\"><\/iframe><\/div>\n\n\n\n<h2 class=\"wp-block-heading\">Horarios de Residencia Canina Los Valles | Adiestramiento Canino<\/h2>\n\n\n\n<figure class=\"wp-block-table\"><table><tbody><tr><td><strong>Lunes<\/strong><\/td><td>lunes: 9:00\u201313:00, 17:00\u201319:00<\/td><\/tr><tr><td><strong>Martes<\/strong><\/td><td>martes: 9:00\u201313:00, 17:00\u201319:00<\/td><\/tr><tr><td><strong>Mi\u00e9rcoles<\/strong><\/td><td>mi\u00e9rcoles: 9:00\u201313:00, 17:00\u201319:00<\/td><\/tr><tr><td><strong>Jueves<\/strong><\/td><td>jueves: 9:00\u201313:00, 17:00\u201319:00<\/td><\/tr><tr><td><strong>Viernes<\/strong><\/td><td>viernes: 9:00\u201313:00, 17:00\u201319:00<\/td><\/tr><tr><td><strong>S\u00e1bado<\/strong><\/td><td>s\u00e1bado: 9:00\u201313:00<\/td><\/tr><tr><td><strong>Domingo<\/strong><\/td><td>domingo: Cerrado<\/td><\/tr><\/tbody><\/table><\/figure>\n\n\n\n<h2 class=\"wp-block-heading\">Tel\u00e9fono de Residencia Canina Los Valles | Adiestramiento Canino<\/h2>\n\n\n\n<p>Si quieres comunicarte con <strong>Residencia Canina Los Valles | Adiestramiento Canino<\/strong>, puedes hacerlo directamente llamando al siguiente n\u00famero:<\/p>\n\n\n\n<div class=\"wp-block-buttons is-content-justification-center is-layout-flex wp-container-core-buttons-is-layout-16018d1d wp-block-buttons-is-layout-flex\">\n<div class=\"wp-block-button is-style-fill\"><a class=\"wp-block-button__link has-background has-medium-font-size has-custom-font-size wp-element-button\" href=\"tel:666 83 00 69\" style=\"border-radius:6px;background-color:#2471a3\">Llamar ahora<\/a><\/div>\n<\/div>\n\n\n\n<h2 class=\"wp-block-heading\">M\u00e1s informaci\u00f3n<\/h2>\n\n\n\n<p>En el centro de adiestramiento canino Residencia Canina Los Valles, ubicado en Senda de Taragudo, 47140 Laguna de Duero, Valladolid, ofrecemos un enfoque integral para el adiestramiento de perros, centrado en la obediencia, socializaci\u00f3n y modificaci\u00f3n de conducta. Nuestros experimentados adiestradores de perros en Valladolid utilizan m\u00e9todos positivos y personalizados que garantizan resultados efectivos y duraderos. Adem\u00e1s, contamos con un ambiente seguro y enriquecedor que favorece el aprendizaje y el bienestar de tu mascota. Si buscas un servicio de calidad para adiestrar perros en Laguna De Duero, Los Valles se destaca por su atenci\u00f3n cercana y profesional, asegurando que cada perro reciba el cuidado y la dedicaci\u00f3n que merece. \u00a1Conf\u00eda en nosotros para educar a tu mejor amigo y disfrutar de una convivencia armoniosa!<\/p>\n\n\n\n<p>Situado en Senda de Taragudo, 47140 Laguna de Duero, Valladolid, este centro de adiestramiento canino en Laguna De Duero se considera famoso por su trato afectuoso, expertise y logros evidentes. Revisa las rese\u00f1as de otros usuarios para conocer su testimonio.<\/p>\n<\/div>\n<\/div>\n\n\n\n<p><\/p>\n\n\n\n<p>Si necesitas conocer otros (PONER NEGOCIO, ej: asesor\u00eda legal, decoraci\u00f3n de eventos, instalaciones el\u00e9ctricas) puedes <strong><a href=\"\/\">visitar nuestra p\u00e1gina principal<\/a><\/strong>.<\/p>\n","protected":false},"excerpt":{"rendered":"<p>Si te encuentras en la b\u00fasqueda un lugar confiable para entrenamiento canino dentro de Laguna De Duero, nuestra instituci\u00f3n se presenta como una alternativa destacada. Este centro se dedica en el entrenamiento de perros sin importar la raza o edad, usando con respetuosos y tambi\u00e9n eficaces. Residencia Canina Los Valles | Adiestramiento Canino Dentro de [&hellip;]<\/p>\n","protected":false},"author":2,"featured_media":0,"parent":8536,"menu_order":0,"comment_status":"closed","ping_status":"closed","template":"","meta":{"_et_pb_use_builder":"","_et_pb_old_content":"","_et_gb_content_width":"","footnotes":""},"tags":[1238],"class_list":["post-10495","page","type-page","status-publish","hentry","tag-laguna-de-duero"],"_links":{"self":[{"href":"https:\/\/www.adiestradorcanino.com\/webdelperro\/wp-json\/wp\/v2\/pages\/10495","targetHints":{"allow":["GET"]}}],"collection":[{"href":"https:\/\/www.adiestradorcanino.com\/webdelperro\/wp-json\/wp\/v2\/pages"}],"about":[{"href":"https:\/\/www.adiestradorcanino.com\/webdelperro\/wp-json\/wp\/v2\/types\/page"}],"author":[{"embeddable":true,"href":"https:\/\/www.adiestradorcanino.com\/webdelperro\/wp-json\/wp\/v2\/users\/2"}],"replies":[{"embeddable":true,"href":"https:\/\/www.adiestradorcanino.com\/webdelperro\/wp-json\/wp\/v2\/comments?post=10495"}],"version-history":[{"count":0,"href":"https:\/\/www.adiestradorcanino.com\/webdelperro\/wp-json\/wp\/v2\/pages\/10495\/revisions"}],"up":[{"embeddable":true,"href":"https:\/\/www.adiestradorcanino.com\/webdelperro\/wp-json\/wp\/v2\/pages\/8536"}],"wp:attachment":[{"href":"https:\/\/www.adiestradorcanino.com\/webdelperro\/wp-json\/wp\/v2\/media?parent=10495"}],"wp:term":[{"taxonomy":"post_tag","embeddable":true,"href":"https:\/\/www.adiestradorcanino.com\/webdelperro\/wp-json\/wp\/v2\/tags?post=10495"}],"curies":[{"name":"wp","href":"https:\/\/api.w.org\/{rel}","templated":true}]}}