{"id":10493,"date":"2025-07-09T08:35:26","date_gmt":"2025-07-09T08:35:26","guid":{"rendered":"https:\/\/www.adiestradorcanino.com\/webdelperro\/valladolid\/sardon-de-duero\/adiestramiento-canino-canuber-educacion-canina-y-guarderia-en-sardon-de-duero-valladolid\/"},"modified":"2025-07-09T08:35:26","modified_gmt":"2025-07-09T08:35:26","slug":"adiestramiento-canino-canuber-educacion-canina-y-guarderia-en-sardon-de-duero-valladolid","status":"publish","type":"page","link":"https:\/\/www.adiestradorcanino.com\/webdelperro\/valladolid\/sardon-de-duero\/adiestramiento-canino-canuber-educacion-canina-y-guarderia-en-sardon-de-duero-valladolid\/","title":{"rendered":"Adiestramiento canino Canuber Educaci\u00d3n Canina Y Guarder\u00cda en Sard\u00f3n De Duero, Valladolid"},"content":{"rendered":"\n<p>En caso de que buscas buscando un lugar de confianza id\u00f3neo para el adiestramiento canino en el \u00e1rea de Sard\u00f3n De Duero, nuestra instituci\u00f3n representa una alternativa destacada. Nuestra instalaci\u00f3n se especializa en el manejo de canes de cualquier edad y raza, siempre utilizando t\u00e9cnicas \u00e9ticos y eficaces.<\/p>\n\n\n\n<h2 class=\"wp-block-heading has-text-align-left nombreclinica\">Canuber Educaci\u00d3n Canina Y Guarder\u00cda<\/h2>\n\n\n\n<div class=\"wp-block-group is-layout-constrained wp-block-group-is-layout-constrained\">\n<div class=\"wp-block-columns nc-clase-ficha is-layout-flex wp-container-core-columns-is-layout-9d6595d7 wp-block-columns-is-layout-flex\">\n<div class=\"wp-block-column is-vertically-aligned-center is-layout-flow wp-block-column-is-layout-flow\">\n<figure class=\"wp-block-image size-full\"><img decoding=\"async\" src=\"https:\/\/www.adiestradorcanino.com\/webdelperro\/wp-content\/uploads\/2025\/07\/Canuber-EducaciOn-Canina-Y-GuarderIa.png\" alt=\"Canuber Educaci\u00d3n Canina Y Guarder\u00cda\" class=\"wp-image-19766\"\/><\/figure>\n\n\n\n<p>Entre nuestros tratamientos m\u00e1s solicitados est\u00e1n los entrenamiento de obediencia, la correcci\u00f3n de conductas no deseadas, la interacci\u00f3n con otros animales y las clases espec\u00edficas para cachorros. Asimismo, en nombre se adaptan a las necesidades espec\u00edficas de cada familia y animal.<\/p>\n<\/div>\n\n\n\n<div class=\"wp-block-column is-vertically-aligned-center is-layout-flow wp-block-column-is-layout-flow\">\n<div class=\"su-service\"><div class=\"su-service-title\" style=\"padding-left:46px;min-height:32px;line-height:32px\"><i class=\"sui sui-user\" style=\"font-size:32px;color:#2471a3\"><\/i> <strong>Nombre<\/strong><\/div><div class=\"su-service-content su-u-clearfix su-u-trim\" style=\"padding-left:46px\">Canuber Educaci\u00d3n Canina Y Guarder\u00cda<\/div><\/div>\n\n\n\n<div class=\"su-service\"><div class=\"su-service-title\" style=\"padding-left:46px;min-height:32px;line-height:32px\"><i class=\"sui sui-map-marker\" style=\"font-size:32px;color:#2471a3\"><\/i> <strong>Direcci\u00f3n<\/strong><\/div><div class=\"su-service-content su-u-clearfix su-u-trim\" style=\"padding-left:46px\">C. Eras, s\/n, 47340 Sard\u00f3n de Duero, Valladolid<\/div><\/div>\n\n\n\n<div class=\"su-service\"><div class=\"su-service-title\" style=\"padding-left:46px;min-height:32px;line-height:32px\"><i class=\"sui sui-volume-control-phone\" style=\"font-size:32px;color:#2471a3\"><\/i> <strong>Tel\u00e9fono<\/strong><\/div><div class=\"su-service-content su-u-clearfix su-u-trim\" style=\"padding-left:46px\">620 89 53 70<\/div><\/div>\n\n\n\n<div class=\"su-service\"><div class=\"su-service-title\" style=\"padding-left:46px;min-height:32px;line-height:32px\"><i class=\"sui sui-globe\" style=\"font-size:32px;color:#2471a3\"><\/i> <strong>Sitio web<\/strong><\/div><div class=\"su-service-content su-u-clearfix su-u-trim\" style=\"padding-left:46px\">http:\/\/www.canuber.es\/<\/div><\/div>\n\n\n\n<div class=\"su-service\"><div class=\"su-service-title\" style=\"padding-left:46px;min-height:32px;line-height:32px\"><i class=\"sui sui-star\" style=\"font-size:32px;color:#2471a3\"><\/i> Valoraci\u00f3n de los clientes<\/div><div class=\"su-service-content su-u-clearfix su-u-trim\" style=\"padding-left:46px\">4.9 \/ 5 (32)<\/div><\/div>\n<\/div>\n<\/div>\n<\/div>\n\n\n\n<div class=\"wp-block-columns is-layout-flex wp-container-core-columns-is-layout-9d6595d7 wp-block-columns-is-layout-flex\">\n<div class=\"wp-block-column mapa2 is-layout-flow wp-block-column-is-layout-flow\">\n<h2 class=\"wp-block-heading\">Ubicaci\u00f3n de Canuber Educaci\u00d3n Canina Y Guarder\u00cda<\/h2>\n\n\n\n<div class=\"su-gmap su-u-responsive-media-yes mapa\"><iframe loading=\"lazy\" width=\"600\" height=\"280\" src=\"\/\/maps.google.com\/maps?q=Canuber%20Educaci%C3%93n%20Canina%20Y%20Guarder%C3%8Da%2C%20C.%20Eras%2C%20s%2Fn%2C%2047340%20Sard%C3%B3n%20de%20Duero%2C%20Valladolid&amp;output=embed&amp;z=20\" title=\"\"><\/iframe><\/div>\n\n\n\n<h2 class=\"wp-block-heading\">Horarios de Canuber Educaci\u00d3n Canina Y Guarder\u00cda<\/h2>\n\n\n\n<figure class=\"wp-block-table\"><table><tbody><tr><td><strong>Lunes<\/strong><\/td><td>lunes: 10:00\u201314:00, 17:30\u201320:00<\/td><\/tr><tr><td><strong>Martes<\/strong><\/td><td>martes: 10:00\u201314:00, 17:30\u201320:00<\/td><\/tr><tr><td><strong>Mi\u00e9rcoles<\/strong><\/td><td>mi\u00e9rcoles: 10:00\u201314:00, 17:30\u201320:00<\/td><\/tr><tr><td><strong>Jueves<\/strong><\/td><td>jueves: 10:00\u201314:00, 17:30\u201320:00<\/td><\/tr><tr><td><strong>Viernes<\/strong><\/td><td>viernes: 10:00\u201314:00, 17:30\u201320:00<\/td><\/tr><tr><td><strong>S\u00e1bado<\/strong><\/td><td>s\u00e1bado: 10:00\u201314:00<\/td><\/tr><tr><td><strong>Domingo<\/strong><\/td><td>domingo: Cerrado<\/td><\/tr><\/tbody><\/table><\/figure>\n\n\n\n<h2 class=\"wp-block-heading\">Tel\u00e9fono de Canuber Educaci\u00d3n Canina Y Guarder\u00cda<\/h2>\n\n\n\n<p>Si quieres comunicarte con <strong>Canuber Educaci\u00d3n Canina Y Guarder\u00cda<\/strong>, puedes hacerlo directamente llamando al siguiente n\u00famero:<\/p>\n\n\n\n<div class=\"wp-block-buttons is-content-justification-center is-layout-flex wp-container-core-buttons-is-layout-16018d1d wp-block-buttons-is-layout-flex\">\n<div class=\"wp-block-button is-style-fill\"><a class=\"wp-block-button__link has-background has-medium-font-size has-custom-font-size wp-element-button\" href=\"tel:620 89 53 70\" style=\"border-radius:6px;background-color:#2471a3\">Llamar ahora<\/a><\/div>\n<\/div>\n\n\n\n<h2 class=\"wp-block-heading\">M\u00e1s informaci\u00f3n<\/h2>\n\n\n\n<p>Canuber Educaci\u00f3n Canina y Guarder\u00eda, situado en C. Eras, s\/n, 47340 Sard\u00f3n de Duero, Valladolid, se destaca como un referente en adiestramiento canino en Sard\u00f3n De Duero. Nuestro centro ofrece una amplia gama de servicios, incluyendo programas de obediencia, socializaci\u00f3n y modificaci\u00f3n de conducta, dise\u00f1ados para atender las necesidades espec\u00edficas de cada perro y su due\u00f1o. Contamos con un equipo de adiestradores de perros en Valladolid altamente capacitados, que utilizan m\u00e9todos positivos y efectivos, garantizando as\u00ed una educaci\u00f3n canina que fomenta el bienestar y la convivencia armoniosa. Lo que nos diferencia de otros centros es nuestro enfoque personalizado y el ambiente familiar que creamos, asegurando que tanto los perros como sus due\u00f1os se sientan c\u00f3modos y apoyados en su proceso de aprendizaje. Si buscas adiestrar perros de manera positiva y con un trato cercano, Canuber es la opci\u00f3n ideal.<\/p>\n\n\n\n<p>Situado en C. Eras, s\/n, 47340 Sard\u00f3n de Duero, Valladolid, este centro de adiestramiento canino en Sard\u00f3n De Duero ha sido destacado por su trato cercano, profesionalidad y resultados notables. Mira las rese\u00f1as de otros usuarios para conocer su testimonio.<\/p>\n<\/div>\n<\/div>\n\n\n\n<p><\/p>\n\n\n\n<p>Si necesitas conocer otros (PONER NEGOCIO, ej: asesor\u00eda legal, decoraci\u00f3n de eventos, instalaciones el\u00e9ctricas) puedes <strong><a href=\"\/\">visitar nuestra p\u00e1gina principal<\/a><\/strong>.<\/p>\n","protected":false},"excerpt":{"rendered":"<p>En caso de que buscas buscando un lugar de confianza id\u00f3neo para el adiestramiento canino en el \u00e1rea de Sard\u00f3n De Duero, nuestra instituci\u00f3n representa una alternativa destacada. Nuestra instalaci\u00f3n se especializa en el manejo de canes de cualquier edad y raza, siempre utilizando t\u00e9cnicas \u00e9ticos y eficaces. Canuber Educaci\u00d3n Canina Y Guarder\u00cda Entre nuestros [&hellip;]<\/p>\n","protected":false},"author":2,"featured_media":0,"parent":8551,"menu_order":0,"comment_status":"closed","ping_status":"closed","template":"","meta":{"_et_pb_use_builder":"","_et_pb_old_content":"","_et_gb_content_width":"","footnotes":""},"tags":[1242],"class_list":["post-10493","page","type-page","status-publish","hentry","tag-sardon-de-duero"],"_links":{"self":[{"href":"https:\/\/www.adiestradorcanino.com\/webdelperro\/wp-json\/wp\/v2\/pages\/10493","targetHints":{"allow":["GET"]}}],"collection":[{"href":"https:\/\/www.adiestradorcanino.com\/webdelperro\/wp-json\/wp\/v2\/pages"}],"about":[{"href":"https:\/\/www.adiestradorcanino.com\/webdelperro\/wp-json\/wp\/v2\/types\/page"}],"author":[{"embeddable":true,"href":"https:\/\/www.adiestradorcanino.com\/webdelperro\/wp-json\/wp\/v2\/users\/2"}],"replies":[{"embeddable":true,"href":"https:\/\/www.adiestradorcanino.com\/webdelperro\/wp-json\/wp\/v2\/comments?post=10493"}],"version-history":[{"count":0,"href":"https:\/\/www.adiestradorcanino.com\/webdelperro\/wp-json\/wp\/v2\/pages\/10493\/revisions"}],"up":[{"embeddable":true,"href":"https:\/\/www.adiestradorcanino.com\/webdelperro\/wp-json\/wp\/v2\/pages\/8551"}],"wp:attachment":[{"href":"https:\/\/www.adiestradorcanino.com\/webdelperro\/wp-json\/wp\/v2\/media?parent=10493"}],"wp:term":[{"taxonomy":"post_tag","embeddable":true,"href":"https:\/\/www.adiestradorcanino.com\/webdelperro\/wp-json\/wp\/v2\/tags?post=10493"}],"curies":[{"name":"wp","href":"https:\/\/api.w.org\/{rel}","templated":true}]}}