{"id":10491,"date":"2025-07-09T08:35:17","date_gmt":"2025-07-09T08:35:17","guid":{"rendered":"https:\/\/www.adiestradorcanino.com\/webdelperro\/valladolid\/cisterniga\/adiestramiento-canino-residencia-canina-cistercan-adiestramiento-canino-en-cisterniga-valladolid\/"},"modified":"2025-07-09T08:35:17","modified_gmt":"2025-07-09T08:35:17","slug":"adiestramiento-canino-residencia-canina-cistercan-adiestramiento-canino-en-cisterniga-valladolid","status":"publish","type":"page","link":"https:\/\/www.adiestradorcanino.com\/webdelperro\/valladolid\/cisterniga\/adiestramiento-canino-residencia-canina-cistercan-adiestramiento-canino-en-cisterniga-valladolid\/","title":{"rendered":"Adiestramiento canino Residencia Canina C\u00edstercan | Adiestramiento Canino en Cist\u00e9rniga, Valladolid"},"content":{"rendered":"\n<p>En caso de que buscas en la b\u00fasqueda un lugar de confianza para entrenamiento canino en el \u00e1rea de Cist\u00e9rniga, este centro es una alternativa destacada. Este centro trabaja con mascotas de todas las edades y razas, siempre utilizando m\u00e9todos amigables y eficaces.<\/p>\n\n\n\n<h2 class=\"wp-block-heading has-text-align-left nombreclinica\">Residencia Canina C\u00edstercan | Adiestramiento Canino<\/h2>\n\n\n\n<div class=\"wp-block-group is-layout-constrained wp-block-group-is-layout-constrained\">\n<div class=\"wp-block-columns nc-clase-ficha is-layout-flex wp-container-core-columns-is-layout-9d6595d7 wp-block-columns-is-layout-flex\">\n<div class=\"wp-block-column is-vertically-aligned-center is-layout-flow wp-block-column-is-layout-flow\">\n<figure class=\"wp-block-image size-full\"><img decoding=\"async\" src=\"https:\/\/www.adiestradorcanino.com\/webdelperro\/wp-content\/uploads\/2025\/07\/Residencia-Canina-Cistercan-Adiestramiento-Canino-1.png\" alt=\"Residencia Canina C\u00edstercan | Adiestramiento Canino\" class=\"wp-image-19766\"\/><\/figure>\n\n\n\n<p>Dentro de los tratamientos m\u00e1s solicitados se encuentran los obediencia b\u00e1sica, la modificaci\u00f3n de comportamientos no deseados, la socializaci\u00f3n con otros animales y las clases dirigidas a cachorros. Asimismo, en nuestro centro se adaptan a las necesidades espec\u00edficas de cada familia y animal.<\/p>\n<\/div>\n\n\n\n<div class=\"wp-block-column is-vertically-aligned-center is-layout-flow wp-block-column-is-layout-flow\">\n<div class=\"su-service\"><div class=\"su-service-title\" style=\"padding-left:46px;min-height:32px;line-height:32px\"><i class=\"sui sui-user\" style=\"font-size:32px;color:#2471a3\"><\/i> <strong>Nombre<\/strong><\/div><div class=\"su-service-content su-u-clearfix su-u-trim\" style=\"padding-left:46px\">Residencia Canina C\u00edstercan | Adiestramiento Canino<\/div><\/div>\n\n\n\n<div class=\"su-service\"><div class=\"su-service-title\" style=\"padding-left:46px;min-height:32px;line-height:32px\"><i class=\"sui sui-map-marker\" style=\"font-size:32px;color:#2471a3\"><\/i> <strong>Direcci\u00f3n<\/strong><\/div><div class=\"su-service-content su-u-clearfix su-u-trim\" style=\"padding-left:46px\">Cam. de Herrera, S\/N, 47193 Cist\u00e9rniga, Valladolid<\/div><\/div>\n\n\n\n<div class=\"su-service\"><div class=\"su-service-title\" style=\"padding-left:46px;min-height:32px;line-height:32px\"><i class=\"sui sui-volume-control-phone\" style=\"font-size:32px;color:#2471a3\"><\/i> <strong>Tel\u00e9fono<\/strong><\/div><div class=\"su-service-content su-u-clearfix su-u-trim\" style=\"padding-left:46px\">629 57 51 88<\/div><\/div>\n\n\n\n<div class=\"su-service\"><div class=\"su-service-title\" style=\"padding-left:46px;min-height:32px;line-height:32px\"><i class=\"sui sui-globe\" style=\"font-size:32px;color:#2471a3\"><\/i> <strong>Sitio web<\/strong><\/div><div class=\"su-service-content su-u-clearfix su-u-trim\" style=\"padding-left:46px\">http:\/\/www.cistercan.com\/<\/div><\/div>\n\n\n\n<div class=\"su-service\"><div class=\"su-service-title\" style=\"padding-left:46px;min-height:32px;line-height:32px\"><i class=\"sui sui-star\" style=\"font-size:32px;color:#2471a3\"><\/i> Valoraci\u00f3n de los clientes<\/div><div class=\"su-service-content su-u-clearfix su-u-trim\" style=\"padding-left:46px\">4.5 \/ 5 (355)<\/div><\/div>\n<\/div>\n<\/div>\n<\/div>\n\n\n\n<div class=\"wp-block-columns is-layout-flex wp-container-core-columns-is-layout-9d6595d7 wp-block-columns-is-layout-flex\">\n<div class=\"wp-block-column mapa2 is-layout-flow wp-block-column-is-layout-flow\">\n<h2 class=\"wp-block-heading\">Ubicaci\u00f3n de Residencia Canina C\u00edstercan | Adiestramiento Canino<\/h2>\n\n\n\n<div class=\"su-gmap su-u-responsive-media-yes mapa\"><iframe loading=\"lazy\" width=\"600\" height=\"280\" src=\"\/\/maps.google.com\/maps?q=Residencia%20Canina%20C%C3%ADstercan%20%7C%20Adiestramiento%20Canino%2C%20Cam.%20de%20Herrera%2C%20S%2FN%2C%2047193%20Cist%C3%A9rniga%2C%20Valladolid&amp;output=embed&amp;z=20\" title=\"\"><\/iframe><\/div>\n\n\n\n<h2 class=\"wp-block-heading\">Horarios de Residencia Canina C\u00edstercan | Adiestramiento Canino<\/h2>\n\n\n\n<figure class=\"wp-block-table\"><table><tbody><tr><td><strong>Lunes<\/strong><\/td><td>lunes: 10:00\u201313:00, 17:00\u201320:00<\/td><\/tr><tr><td><strong>Martes<\/strong><\/td><td>martes: 10:00\u201313:00, 17:00\u201320:00<\/td><\/tr><tr><td><strong>Mi\u00e9rcoles<\/strong><\/td><td>mi\u00e9rcoles: 10:00\u201313:00, 17:00\u201320:00<\/td><\/tr><tr><td><strong>Jueves<\/strong><\/td><td>jueves: 10:00\u201313:00, 17:00\u201320:00<\/td><\/tr><tr><td><strong>Viernes<\/strong><\/td><td>viernes: 10:00\u201313:00, 17:00\u201320:00<\/td><\/tr><tr><td><strong>S\u00e1bado<\/strong><\/td><td>s\u00e1bado: 10:00\u201313:00<\/td><\/tr><tr><td><strong>Domingo<\/strong><\/td><td>domingo: Cerrado<\/td><\/tr><\/tbody><\/table><\/figure>\n\n\n\n<h2 class=\"wp-block-heading\">Tel\u00e9fono de Residencia Canina C\u00edstercan | Adiestramiento Canino<\/h2>\n\n\n\n<p>Si quieres comunicarte con <strong>Residencia Canina C\u00edstercan | Adiestramiento Canino<\/strong>, puedes hacerlo directamente llamando al siguiente n\u00famero:<\/p>\n\n\n\n<div class=\"wp-block-buttons is-content-justification-center is-layout-flex wp-container-core-buttons-is-layout-16018d1d wp-block-buttons-is-layout-flex\">\n<div class=\"wp-block-button is-style-fill\"><a class=\"wp-block-button__link has-background has-medium-font-size has-custom-font-size wp-element-button\" href=\"tel:629 57 51 88\" style=\"border-radius:6px;background-color:#2471a3\">Llamar ahora<\/a><\/div>\n<\/div>\n\n\n\n<h2 class=\"wp-block-heading\">M\u00e1s informaci\u00f3n<\/h2>\n\n\n\n<p>En el centro de adiestramiento canino Residencia Canina C\u00edstercan, ubicado en Cam. de Herrera, S\/N, 47193 Cist\u00e9rniga, Valladolid, ofrecemos una amplia gama de servicios para adiestrar perros, dise\u00f1ados para satisfacer las necesidades espec\u00edficas de cada mascota y su due\u00f1o. Nuestro enfoque integral incluye programas de obediencia, socializaci\u00f3n y modificaci\u00f3n de conducta, garantizando que cada perro reciba la atenci\u00f3n y formaci\u00f3n adecuadas para convertirse en un compa\u00f1ero equilibrado y bien educado. Nuestros adiestradores de perros en Valladolid cuentan con una s\u00f3lida experiencia y utilizan t\u00e9cnicas positivas que fomentan el aprendizaje a trav\u00e9s de la confianza y el respeto. Lo que nos diferencia de otros centros de adiestramiento canino en Cist\u00e9rniga es nuestro compromiso con el bienestar animal y la personalizaci\u00f3n de nuestros programas, asegurando as\u00ed que cada sesi\u00f3n sea positiva y adaptada a las necesidades individuales de cada perro. Si buscas un servicio de calidad para educar a tu mascota, en C\u00edstercan encontrar\u00e1s el apoyo y la experiencia que necesitas.<\/p>\n\n\n\n<p>Localizado en Cam. de Herrera, S\/N, 47193 Cist\u00e9rniga, Valladolid, este centro de adiestramiento canino en Cist\u00e9rniga ha sido famoso por su atenci\u00f3n personal, seriedad y logros notables. Revisa las opiniones de otros clientes para entender su testimonio.<\/p>\n<\/div>\n<\/div>\n\n\n\n<p><\/p>\n\n\n\n<p>Si necesitas conocer otros (PONER NEGOCIO, ej: asesor\u00eda legal, decoraci\u00f3n de eventos, instalaciones el\u00e9ctricas) puedes <strong><a href=\"\/\">visitar nuestra p\u00e1gina principal<\/a><\/strong>.<\/p>\n","protected":false},"excerpt":{"rendered":"<p>En caso de que buscas en la b\u00fasqueda un lugar de confianza para entrenamiento canino en el \u00e1rea de Cist\u00e9rniga, este centro es una alternativa destacada. Este centro trabaja con mascotas de todas las edades y razas, siempre utilizando m\u00e9todos amigables y eficaces. Residencia Canina C\u00edstercan | Adiestramiento Canino Dentro de los tratamientos m\u00e1s solicitados [&hellip;]<\/p>\n","protected":false},"author":2,"featured_media":0,"parent":8545,"menu_order":0,"comment_status":"closed","ping_status":"closed","template":"","meta":{"_et_pb_use_builder":"","_et_pb_old_content":"","_et_gb_content_width":"","footnotes":""},"tags":[979],"class_list":["post-10491","page","type-page","status-publish","hentry","tag-cisterniga"],"_links":{"self":[{"href":"https:\/\/www.adiestradorcanino.com\/webdelperro\/wp-json\/wp\/v2\/pages\/10491","targetHints":{"allow":["GET"]}}],"collection":[{"href":"https:\/\/www.adiestradorcanino.com\/webdelperro\/wp-json\/wp\/v2\/pages"}],"about":[{"href":"https:\/\/www.adiestradorcanino.com\/webdelperro\/wp-json\/wp\/v2\/types\/page"}],"author":[{"embeddable":true,"href":"https:\/\/www.adiestradorcanino.com\/webdelperro\/wp-json\/wp\/v2\/users\/2"}],"replies":[{"embeddable":true,"href":"https:\/\/www.adiestradorcanino.com\/webdelperro\/wp-json\/wp\/v2\/comments?post=10491"}],"version-history":[{"count":0,"href":"https:\/\/www.adiestradorcanino.com\/webdelperro\/wp-json\/wp\/v2\/pages\/10491\/revisions"}],"up":[{"embeddable":true,"href":"https:\/\/www.adiestradorcanino.com\/webdelperro\/wp-json\/wp\/v2\/pages\/8545"}],"wp:attachment":[{"href":"https:\/\/www.adiestradorcanino.com\/webdelperro\/wp-json\/wp\/v2\/media?parent=10491"}],"wp:term":[{"taxonomy":"post_tag","embeddable":true,"href":"https:\/\/www.adiestradorcanino.com\/webdelperro\/wp-json\/wp\/v2\/tags?post=10491"}],"curies":[{"name":"wp","href":"https:\/\/api.w.org\/{rel}","templated":true}]}}