{"id":10483,"date":"2025-07-09T08:34:20","date_gmt":"2025-07-09T08:34:20","guid":{"rendered":"https:\/\/www.adiestradorcanino.com\/webdelperro\/valladolid\/renedo-de-esgueva\/adiestramiento-canino-mayuka-educacion-canina-valladolid-en-renedo-de-esgueva-valladolid\/"},"modified":"2025-07-09T08:34:20","modified_gmt":"2025-07-09T08:34:20","slug":"adiestramiento-canino-mayuka-educacion-canina-valladolid-en-renedo-de-esgueva-valladolid","status":"publish","type":"page","link":"https:\/\/www.adiestradorcanino.com\/webdelperro\/valladolid\/renedo-de-esgueva\/adiestramiento-canino-mayuka-educacion-canina-valladolid-en-renedo-de-esgueva-valladolid\/","title":{"rendered":"Adiestramiento canino Mayuka Educaci\u00d3n Canina &#8211; Valladolid en Renedo De Esgueva, Valladolid"},"content":{"rendered":"\n<p>Si acaso est\u00e1s en la b\u00fasqueda de un sitio confiable para el el adiestramiento canino en el \u00e1rea de Renedo De Esgueva,  Mayuka Educaci\u00d3n Canina &#8211; Valladolid representa una excelente opci\u00f3n. Este centro trabaja con perros de cualquier edad y raza, usando m\u00e9todos respetuosos y eficaces.<\/p>\n\n\n\n<h2 class=\"wp-block-heading has-text-align-left nombreclinica\">Mayuka Educaci\u00d3n Canina &#8211; Valladolid<\/h2>\n\n\n\n<div class=\"wp-block-group is-layout-constrained wp-block-group-is-layout-constrained\">\n<div class=\"wp-block-columns nc-clase-ficha is-layout-flex wp-container-core-columns-is-layout-9d6595d7 wp-block-columns-is-layout-flex\">\n<div class=\"wp-block-column is-vertically-aligned-center is-layout-flow wp-block-column-is-layout-flow\">\n<figure class=\"wp-block-image size-full\"><img decoding=\"async\" src=\"https:\/\/www.adiestradorcanino.com\/webdelperro\/wp-content\/uploads\/2025\/07\/Mayuka-EducaciOn-Canina-Valladolid.jpg\" alt=\"Mayuka Educaci\u00d3n Canina - Valladolid\" class=\"wp-image-19766\"\/><\/figure>\n\n\n\n<p>Dentro de nuestros servicios m\u00e1s solicitados est\u00e1n la cursos de obediencia b\u00e1sica, la correcci\u00f3n de conductas inapropiadas, la socializaci\u00f3n con otros animales y las clases dirigidas a cachorros. Asimismo, en nuestro centro se adaptan a las necesidades espec\u00edficas de cada familia y su mascota.<\/p>\n<\/div>\n\n\n\n<div class=\"wp-block-column is-vertically-aligned-center is-layout-flow wp-block-column-is-layout-flow\">\n<div class=\"su-service\"><div class=\"su-service-title\" style=\"padding-left:46px;min-height:32px;line-height:32px\"><i class=\"sui sui-user\" style=\"font-size:32px;color:#2471a3\"><\/i> <strong>Nombre<\/strong><\/div><div class=\"su-service-content su-u-clearfix su-u-trim\" style=\"padding-left:46px\">Mayuka Educaci\u00d3n Canina &#8211; Valladolid<\/div><\/div>\n\n\n\n<div class=\"su-service\"><div class=\"su-service-title\" style=\"padding-left:46px;min-height:32px;line-height:32px\"><i class=\"sui sui-map-marker\" style=\"font-size:32px;color:#2471a3\"><\/i> <strong>Direcci\u00f3n<\/strong><\/div><div class=\"su-service-content su-u-clearfix su-u-trim\" style=\"padding-left:46px\">47170 Renedo de Esgueva, Valladolid<\/div><\/div>\n\n\n\n<div class=\"su-service\"><div class=\"su-service-title\" style=\"padding-left:46px;min-height:32px;line-height:32px\"><i class=\"sui sui-volume-control-phone\" style=\"font-size:32px;color:#2471a3\"><\/i> <strong>Tel\u00e9fono<\/strong><\/div><div class=\"su-service-content su-u-clearfix su-u-trim\" style=\"padding-left:46px\">667 55 94 86<\/div><\/div>\n\n\n\n<div class=\"su-service\"><div class=\"su-service-title\" style=\"padding-left:46px;min-height:32px;line-height:32px\"><i class=\"sui sui-globe\" style=\"font-size:32px;color:#2471a3\"><\/i> <strong>Sitio web<\/strong><\/div><div class=\"su-service-content su-u-clearfix su-u-trim\" style=\"padding-left:46px\">https:\/\/www.mayuka.es\/<\/div><\/div>\n\n\n\n<div class=\"su-service\"><div class=\"su-service-title\" style=\"padding-left:46px;min-height:32px;line-height:32px\"><i class=\"sui sui-star\" style=\"font-size:32px;color:#2471a3\"><\/i> Valoraci\u00f3n de los clientes<\/div><div class=\"su-service-content su-u-clearfix su-u-trim\" style=\"padding-left:46px\">4.7 \/ 5 (135)<\/div><\/div>\n<\/div>\n<\/div>\n<\/div>\n\n\n\n<div class=\"wp-block-columns is-layout-flex wp-container-core-columns-is-layout-9d6595d7 wp-block-columns-is-layout-flex\">\n<div class=\"wp-block-column mapa2 is-layout-flow wp-block-column-is-layout-flow\">\n<h2 class=\"wp-block-heading\">Ubicaci\u00f3n de Mayuka Educaci\u00d3n Canina &#8211; Valladolid<\/h2>\n\n\n\n<div class=\"su-gmap su-u-responsive-media-yes mapa\"><iframe loading=\"lazy\" width=\"600\" height=\"280\" src=\"\/\/maps.google.com\/maps?q=Mayuka%20Educaci%C3%93n%20Canina%20-%20Valladolid%2C%2047170%20Renedo%20de%20Esgueva%2C%20Valladolid&amp;output=embed&amp;z=20\" title=\"\"><\/iframe><\/div>\n\n\n\n<h2 class=\"wp-block-heading\">Horarios de Mayuka Educaci\u00d3n Canina &#8211; Valladolid<\/h2>\n\n\n\n<figure class=\"wp-block-table\"><table><tbody><tr><td><strong>Lunes<\/strong><\/td><td>lunes: 10:00\u201314:00, 16:30\u201321:30<\/td><\/tr><tr><td><strong>Martes<\/strong><\/td><td>martes: 10:00\u201314:00, 16:30\u201321:30<\/td><\/tr><tr><td><strong>Mi\u00e9rcoles<\/strong><\/td><td>mi\u00e9rcoles: 10:00\u201314:00, 16:30\u201321:30<\/td><\/tr><tr><td><strong>Jueves<\/strong><\/td><td>jueves: 10:00\u201314:00, 16:30\u201321:30<\/td><\/tr><tr><td><strong>Viernes<\/strong><\/td><td>viernes: 10:00\u201314:00, 16:30\u201319:30<\/td><\/tr><tr><td><strong>S\u00e1bado<\/strong><\/td><td>s\u00e1bado: 10:00\u201314:00<\/td><\/tr><tr><td><strong>Domingo<\/strong><\/td><td>domingo: Cerrado<\/td><\/tr><\/tbody><\/table><\/figure>\n\n\n\n<h2 class=\"wp-block-heading\">Tel\u00e9fono de Mayuka Educaci\u00d3n Canina &#8211; Valladolid<\/h2>\n\n\n\n<p>Si quieres comunicarte con <strong>Mayuka Educaci\u00d3n Canina &#8211; Valladolid<\/strong>, puedes hacerlo directamente llamando al siguiente n\u00famero:<\/p>\n\n\n\n<div class=\"wp-block-buttons is-content-justification-center is-layout-flex wp-container-core-buttons-is-layout-16018d1d wp-block-buttons-is-layout-flex\">\n<div class=\"wp-block-button is-style-fill\"><a class=\"wp-block-button__link has-background has-medium-font-size has-custom-font-size wp-element-button\" href=\"tel:667 55 94 86\" style=\"border-radius:6px;background-color:#2471a3\">Llamar ahora<\/a><\/div>\n<\/div>\n\n\n\n<h2 class=\"wp-block-heading\">M\u00e1s informaci\u00f3n<\/h2>\n\n\n\n<p>En el centro de adiestramiento canino Mayuka Educaci\u00f3n Canina, ubicado en Renedo de Esgueva, Valladolid, ofrecemos un enfoque integral para adiestrar perros que combina obediencia, socializaci\u00f3n y modificaci\u00f3n de conducta, adapt\u00e1ndose a las necesidades espec\u00edficas de cada mascota y su due\u00f1o. Nuestros adiestradores de perros en Valladolid cuentan con la formaci\u00f3n y experiencia necesarias para garantizar un aprendizaje efectivo y positivo, promoviendo una comunicaci\u00f3n clara y un v\u00ednculo fuerte entre el perro y su propietario. Lo que nos diferencia de otros centros de adiestramiento canino en Renedo de Esgueva es nuestra metodolog\u00eda personalizada, dise\u00f1ada no solo para corregir comportamientos indeseados, sino tambi\u00e9n para fomentar un desarrollo emocional saludable en tu mascota. Si buscas un servicio de calidad para adiestrar perros que realmente marque la diferencia en la convivencia diaria, Mayuka Educaci\u00f3n Canina es tu mejor opci\u00f3n.<\/p>\n\n\n\n<p>Localizado en 47170 Renedo de Esgueva, Valladolid, este centro de adiestramiento canino en Renedo De Esgueva ha sido reconocido por su trato afectuoso, seriedad y logros notables. Consulta las rese\u00f1as de otros clientes para descubrir su experiencia.<\/p>\n<\/div>\n<\/div>\n\n\n\n<p><\/p>\n\n\n\n<p>Si necesitas conocer otros (PONER NEGOCIO, ej: asesor\u00eda legal, decoraci\u00f3n de eventos, instalaciones el\u00e9ctricas) puedes <strong><a href=\"\/\">visitar nuestra p\u00e1gina principal<\/a><\/strong>.<\/p>\n","protected":false},"excerpt":{"rendered":"<p>Si acaso est\u00e1s en la b\u00fasqueda de un sitio confiable para el el adiestramiento canino en el \u00e1rea de Renedo De Esgueva, Mayuka Educaci\u00d3n Canina &#8211; Valladolid representa una excelente opci\u00f3n. Este centro trabaja con perros de cualquier edad y raza, usando m\u00e9todos respetuosos y eficaces. Mayuka Educaci\u00d3n Canina &#8211; Valladolid Dentro de nuestros servicios [&hellip;]<\/p>\n","protected":false},"author":2,"featured_media":0,"parent":8530,"menu_order":0,"comment_status":"closed","ping_status":"closed","template":"","meta":{"_et_pb_use_builder":"","_et_pb_old_content":"","_et_gb_content_width":"","footnotes":""},"tags":[1236],"class_list":["post-10483","page","type-page","status-publish","hentry","tag-renedo-de-esgueva"],"_links":{"self":[{"href":"https:\/\/www.adiestradorcanino.com\/webdelperro\/wp-json\/wp\/v2\/pages\/10483","targetHints":{"allow":["GET"]}}],"collection":[{"href":"https:\/\/www.adiestradorcanino.com\/webdelperro\/wp-json\/wp\/v2\/pages"}],"about":[{"href":"https:\/\/www.adiestradorcanino.com\/webdelperro\/wp-json\/wp\/v2\/types\/page"}],"author":[{"embeddable":true,"href":"https:\/\/www.adiestradorcanino.com\/webdelperro\/wp-json\/wp\/v2\/users\/2"}],"replies":[{"embeddable":true,"href":"https:\/\/www.adiestradorcanino.com\/webdelperro\/wp-json\/wp\/v2\/comments?post=10483"}],"version-history":[{"count":0,"href":"https:\/\/www.adiestradorcanino.com\/webdelperro\/wp-json\/wp\/v2\/pages\/10483\/revisions"}],"up":[{"embeddable":true,"href":"https:\/\/www.adiestradorcanino.com\/webdelperro\/wp-json\/wp\/v2\/pages\/8530"}],"wp:attachment":[{"href":"https:\/\/www.adiestradorcanino.com\/webdelperro\/wp-json\/wp\/v2\/media?parent=10483"}],"wp:term":[{"taxonomy":"post_tag","embeddable":true,"href":"https:\/\/www.adiestradorcanino.com\/webdelperro\/wp-json\/wp\/v2\/tags?post=10483"}],"curies":[{"name":"wp","href":"https:\/\/api.w.org\/{rel}","templated":true}]}}