{"id":10457,"date":"2025-07-09T08:31:50","date_gmt":"2025-07-09T08:31:50","guid":{"rendered":"https:\/\/www.adiestradorcanino.com\/webdelperro\/valencia\/valencia\/adiestramiento-canino-adiestrador-de-perros-educador-canino-montxo-en-valencia-valencia\/"},"modified":"2025-07-09T08:31:50","modified_gmt":"2025-07-09T08:31:50","slug":"adiestramiento-canino-adiestrador-de-perros-educador-canino-montxo-en-valencia-valencia","status":"publish","type":"page","link":"https:\/\/www.adiestradorcanino.com\/webdelperro\/valencia\/valencia\/adiestramiento-canino-adiestrador-de-perros-educador-canino-montxo-en-valencia-valencia\/","title":{"rendered":"Adiestramiento canino Adiestrador De Perros, Educador Canino Montxo en Valencia, Valencia"},"content":{"rendered":"\n<p>En caso de que te encuentras en la b\u00fasqueda de un espacio seguro para adiestramiento de perros en el \u00e1rea de Valencia,  Adiestrador De Perros, Educador Canino Montxo es una alternativa destacada. Nuestra instalaci\u00f3n se especializa en el manejo de canes de todas las edades y razas, usando t\u00e9cnicas respetuosos y efectivos.<\/p>\n\n\n\n<h2 class=\"wp-block-heading has-text-align-left nombreclinica\">Adiestrador De Perros, Educador Canino Montxo<\/h2>\n\n\n\n<div class=\"wp-block-group is-layout-constrained wp-block-group-is-layout-constrained\">\n<div class=\"wp-block-columns nc-clase-ficha is-layout-flex wp-container-core-columns-is-layout-9d6595d7 wp-block-columns-is-layout-flex\">\n<div class=\"wp-block-column is-vertically-aligned-center is-layout-flow wp-block-column-is-layout-flow\">\n<figure class=\"wp-block-image size-full\"><img decoding=\"async\" src=\"https:\/\/www.adiestradorcanino.com\/webdelperro\/wp-content\/uploads\/2025\/07\/Adiestrador-De-Perros-Educador-Canino-Montxo.png\" alt=\"Adiestrador De Perros, Educador Canino Montxo\" class=\"wp-image-19766\"\/><\/figure>\n\n\n\n<p>Entre los tratamientos m\u00e1s demandados se encuentran los entrenamiento de obediencia, la correcci\u00f3n de conductas no deseadas, la socializaci\u00f3n con otros perros y las clases espec\u00edficas para cachorros. Asimismo, en nuestro centro se adaptan a las necesidades espec\u00edficas de cada familia y animal.<\/p>\n<\/div>\n\n\n\n<div class=\"wp-block-column is-vertically-aligned-center is-layout-flow wp-block-column-is-layout-flow\">\n<div class=\"su-service\"><div class=\"su-service-title\" style=\"padding-left:46px;min-height:32px;line-height:32px\"><i class=\"sui sui-user\" style=\"font-size:32px;color:#2471a3\"><\/i> <strong>Nombre<\/strong><\/div><div class=\"su-service-content su-u-clearfix su-u-trim\" style=\"padding-left:46px\">Adiestrador De Perros, Educador Canino Montxo<\/div><\/div>\n\n\n\n<div class=\"su-service\"><div class=\"su-service-title\" style=\"padding-left:46px;min-height:32px;line-height:32px\"><i class=\"sui sui-map-marker\" style=\"font-size:32px;color:#2471a3\"><\/i> <strong>Direcci\u00f3n<\/strong><\/div><div class=\"su-service-content su-u-clearfix su-u-trim\" style=\"padding-left:46px\">Llavador 16-b1, Pol\u00edgono 14 parcela 82, 46290, Valencia<\/div><\/div>\n\n\n\n<div class=\"su-service\"><div class=\"su-service-title\" style=\"padding-left:46px;min-height:32px;line-height:32px\"><i class=\"sui sui-volume-control-phone\" style=\"font-size:32px;color:#2471a3\"><\/i> <strong>Tel\u00e9fono<\/strong><\/div><div class=\"su-service-content su-u-clearfix su-u-trim\" style=\"padding-left:46px\">616 82 83 04<\/div><\/div>\n\n\n\n<div class=\"su-service\"><div class=\"su-service-title\" style=\"padding-left:46px;min-height:32px;line-height:32px\"><i class=\"sui sui-globe\" style=\"font-size:32px;color:#2471a3\"><\/i> <strong>Sitio web<\/strong><\/div><div class=\"su-service-content su-u-clearfix su-u-trim\" style=\"padding-left:46px\">https:\/\/m.facebook.com\/profile.php?id=100057562474681&amp;ref=bookmarks&amp;_rdr<\/div><\/div>\n\n\n\n<div class=\"su-service\"><div class=\"su-service-title\" style=\"padding-left:46px;min-height:32px;line-height:32px\"><i class=\"sui sui-star\" style=\"font-size:32px;color:#2471a3\"><\/i> Valoraci\u00f3n de los clientes<\/div><div class=\"su-service-content su-u-clearfix su-u-trim\" style=\"padding-left:46px\">5 \/ 5 (62)<\/div><\/div>\n<\/div>\n<\/div>\n<\/div>\n\n\n\n<div class=\"wp-block-columns is-layout-flex wp-container-core-columns-is-layout-9d6595d7 wp-block-columns-is-layout-flex\">\n<div class=\"wp-block-column mapa2 is-layout-flow wp-block-column-is-layout-flow\">\n<h2 class=\"wp-block-heading\">Ubicaci\u00f3n de Adiestrador De Perros, Educador Canino Montxo<\/h2>\n\n\n\n<div class=\"su-gmap su-u-responsive-media-yes mapa\"><iframe loading=\"lazy\" width=\"600\" height=\"280\" src=\"\/\/maps.google.com\/maps?q=Adiestrador%20De%20Perros%2C%20Educador%20Canino%20Montxo%2C%20Llavador%2016-b1%2C%20Pol%C3%ADgono%2014%20parcela%2082%2C%2046290%2C%20Valencia&amp;output=embed&amp;z=20\" title=\"\"><\/iframe><\/div>\n\n\n\n<h2 class=\"wp-block-heading\">Horarios de Adiestrador De Perros, Educador Canino Montxo<\/h2>\n\n\n\n<figure class=\"wp-block-table\"><table><tbody><tr><td><strong>Lunes<\/strong><\/td><td>lunes: 9:00\u201320:00<\/td><\/tr><tr><td><strong>Martes<\/strong><\/td><td>martes: 9:00\u201320:00<\/td><\/tr><tr><td><strong>Mi\u00e9rcoles<\/strong><\/td><td>mi\u00e9rcoles: 9:00\u201320:00<\/td><\/tr><tr><td><strong>Jueves<\/strong><\/td><td>jueves: 9:00\u201320:00<\/td><\/tr><tr><td><strong>Viernes<\/strong><\/td><td>viernes: 9:00\u201320:00<\/td><\/tr><tr><td><strong>S\u00e1bado<\/strong><\/td><td>s\u00e1bado: 9:00\u201320:00<\/td><\/tr><tr><td><strong>Domingo<\/strong><\/td><td>domingo: Cerrado<\/td><\/tr><\/tbody><\/table><\/figure>\n\n\n\n<h2 class=\"wp-block-heading\">Tel\u00e9fono de Adiestrador De Perros, Educador Canino Montxo<\/h2>\n\n\n\n<p>Si quieres comunicarte con <strong>Adiestrador De Perros, Educador Canino Montxo<\/strong>, puedes hacerlo directamente llamando al siguiente n\u00famero:<\/p>\n\n\n\n<div class=\"wp-block-buttons is-content-justification-center is-layout-flex wp-container-core-buttons-is-layout-16018d1d wp-block-buttons-is-layout-flex\">\n<div class=\"wp-block-button is-style-fill\"><a class=\"wp-block-button__link has-background has-medium-font-size has-custom-font-size wp-element-button\" href=\"tel:616 82 83 04\" style=\"border-radius:6px;background-color:#2471a3\">Llamar ahora<\/a><\/div>\n<\/div>\n\n\n\n<h2 class=\"wp-block-heading\">M\u00e1s informaci\u00f3n<\/h2>\n\n\n\n<p>En el centro de adiestramiento canino Adiestrador De Perros, Educador Canino Montxo, ubicado en Llavador 16-b1, Pol\u00edgono 14 parcela 82, 46290, Valencia, ofrecemos un enfoque integral y personalizado para el adiestramiento de perros en Valencia. Nuestro equipo de adiestradores de perros en Valencia se especializa en una variedad de servicios que incluyen obediencia b\u00e1sica, socializaci\u00f3n, y modificaci\u00f3n de conducta, adaptando cada programa a las necesidades individuales de cada perro y su due\u00f1o. Lo que nos diferencia de otros centros es nuestra filosof\u00eda centrada en el bienestar animal y la creaci\u00f3n de un v\u00ednculo fuerte entre el perro y su propietario, garantizando as\u00ed un aprendizaje efectivo y duradero. Si buscas adiestrar perros de manera profesional y con un enfoque humano, en Adiestrador De Perros encontrar\u00e1s el apoyo y la experiencia que necesitas para lograr una convivencia armoniosa y feliz.<\/p>\n\n\n\n<p>Ubicado en Llavador 16-b1, Pol\u00edgono 14 parcela 82, 46290, Valencia, el centro de adiestramiento canino en Valencia ha sido famoso por su atenci\u00f3n afectuoso, profesionalidad y resultados evidentes. Mira las rese\u00f1as de otros clientes para entender su experiencia.<\/p>\n<\/div>\n<\/div>\n\n\n\n<p><\/p>\n\n\n\n<p>Si necesitas conocer otros (PONER NEGOCIO, ej: asesor\u00eda legal, decoraci\u00f3n de eventos, instalaciones el\u00e9ctricas) puedes <strong><a href=\"\/\">visitar nuestra p\u00e1gina principal<\/a><\/strong>.<\/p>\n","protected":false},"excerpt":{"rendered":"<p>En caso de que te encuentras en la b\u00fasqueda de un espacio seguro para adiestramiento de perros en el \u00e1rea de Valencia, Adiestrador De Perros, Educador Canino Montxo es una alternativa destacada. Nuestra instalaci\u00f3n se especializa en el manejo de canes de todas las edades y razas, usando t\u00e9cnicas respetuosos y efectivos. Adiestrador De Perros, [&hellip;]<\/p>\n","protected":false},"author":2,"featured_media":0,"parent":8484,"menu_order":0,"comment_status":"closed","ping_status":"closed","template":"","meta":{"_et_pb_use_builder":"","_et_pb_old_content":"","_et_gb_content_width":"","footnotes":""},"tags":[885],"class_list":["post-10457","page","type-page","status-publish","hentry","tag-valencia"],"_links":{"self":[{"href":"https:\/\/www.adiestradorcanino.com\/webdelperro\/wp-json\/wp\/v2\/pages\/10457","targetHints":{"allow":["GET"]}}],"collection":[{"href":"https:\/\/www.adiestradorcanino.com\/webdelperro\/wp-json\/wp\/v2\/pages"}],"about":[{"href":"https:\/\/www.adiestradorcanino.com\/webdelperro\/wp-json\/wp\/v2\/types\/page"}],"author":[{"embeddable":true,"href":"https:\/\/www.adiestradorcanino.com\/webdelperro\/wp-json\/wp\/v2\/users\/2"}],"replies":[{"embeddable":true,"href":"https:\/\/www.adiestradorcanino.com\/webdelperro\/wp-json\/wp\/v2\/comments?post=10457"}],"version-history":[{"count":0,"href":"https:\/\/www.adiestradorcanino.com\/webdelperro\/wp-json\/wp\/v2\/pages\/10457\/revisions"}],"up":[{"embeddable":true,"href":"https:\/\/www.adiestradorcanino.com\/webdelperro\/wp-json\/wp\/v2\/pages\/8484"}],"wp:attachment":[{"href":"https:\/\/www.adiestradorcanino.com\/webdelperro\/wp-json\/wp\/v2\/media?parent=10457"}],"wp:term":[{"taxonomy":"post_tag","embeddable":true,"href":"https:\/\/www.adiestradorcanino.com\/webdelperro\/wp-json\/wp\/v2\/tags?post=10457"}],"curies":[{"name":"wp","href":"https:\/\/api.w.org\/{rel}","templated":true}]}}