{"id":10444,"date":"2025-07-09T08:30:16","date_gmt":"2025-07-09T08:30:16","guid":{"rendered":"https:\/\/www.adiestradorcanino.com\/webdelperro\/toledo\/casarrubios-del-monte\/adiestramiento-canino-adiestramiento-a-domicilio-en-casarrubios-del-monte-toledo\/"},"modified":"2025-07-09T08:30:16","modified_gmt":"2025-07-09T08:30:16","slug":"adiestramiento-canino-adiestramiento-a-domicilio-en-casarrubios-del-monte-toledo","status":"publish","type":"page","link":"https:\/\/www.adiestradorcanino.com\/webdelperro\/toledo\/casarrubios-del-monte\/adiestramiento-canino-adiestramiento-a-domicilio-en-casarrubios-del-monte-toledo\/","title":{"rendered":"Adiestramiento canino Adiestramiento A Domicilio en Casarrubios Del Monte, Toledo"},"content":{"rendered":"\n<p>Si acaso est\u00e1s buscando un lugar de confianza para el entrenamiento canino en el \u00e1rea de Casarrubios Del Monte,  Adiestramiento A Domicilio representa una opci\u00f3n destacada. Este centro trabaja con mascotas de todas las edades y razas, usando t\u00e9cnicas amigables adem\u00e1s de \u00fatiles.<\/p>\n\n\n\n<h2 class=\"wp-block-heading has-text-align-left nombreclinica\">Adiestramiento A Domicilio<\/h2>\n\n\n\n<div class=\"wp-block-group is-layout-constrained wp-block-group-is-layout-constrained\">\n<div class=\"wp-block-columns nc-clase-ficha is-layout-flex wp-container-core-columns-is-layout-9d6595d7 wp-block-columns-is-layout-flex\">\n<div class=\"wp-block-column is-vertically-aligned-center is-layout-flow wp-block-column-is-layout-flow\">\n<figure class=\"wp-block-image size-full\"><img decoding=\"async\" src=\"https:\/\/www.adiestradorcanino.com\/webdelperro\/wp-content\/uploads\/2025\/07\/Adiestramiento-A-Domicilio.jpg\" alt=\"Adiestramiento A Domicilio\" class=\"wp-image-19766\"\/><\/figure>\n\n\n\n<p>Entre los servicios m\u00e1s solicitados est\u00e1n los cursos de obediencia b\u00e1sica, la correcci\u00f3n de conductas inapropiadas, la socializaci\u00f3n con otros animales y las clases espec\u00edficas para cachorros. Asimismo, en nombre se adaptan a las particularidades de cada familia y su mascota.<\/p>\n<\/div>\n\n\n\n<div class=\"wp-block-column is-vertically-aligned-center is-layout-flow wp-block-column-is-layout-flow\">\n<div class=\"su-service\"><div class=\"su-service-title\" style=\"padding-left:46px;min-height:32px;line-height:32px\"><i class=\"sui sui-user\" style=\"font-size:32px;color:#2471a3\"><\/i> <strong>Nombre<\/strong><\/div><div class=\"su-service-content su-u-clearfix su-u-trim\" style=\"padding-left:46px\">Adiestramiento A Domicilio<\/div><\/div>\n\n\n\n<div class=\"su-service\"><div class=\"su-service-title\" style=\"padding-left:46px;min-height:32px;line-height:32px\"><i class=\"sui sui-map-marker\" style=\"font-size:32px;color:#2471a3\"><\/i> <strong>Direcci\u00f3n<\/strong><\/div><div class=\"su-service-content su-u-clearfix su-u-trim\" style=\"padding-left:46px\">C. Coru\u00f1a, 266, 45950 Casarrubios del Monte, Toledo<\/div><\/div>\n\n\n\n<div class=\"su-service\"><div class=\"su-service-title\" style=\"padding-left:46px;min-height:32px;line-height:32px\"><i class=\"sui sui-volume-control-phone\" style=\"font-size:32px;color:#2471a3\"><\/i> <strong>Tel\u00e9fono<\/strong><\/div><div class=\"su-service-content su-u-clearfix su-u-trim\" style=\"padding-left:46px\">692 59 74 38<\/div><\/div>\n\n\n\n<div class=\"su-service\"><div class=\"su-service-title\" style=\"padding-left:46px;min-height:32px;line-height:32px\"><i class=\"sui sui-globe\" style=\"font-size:32px;color:#2471a3\"><\/i> <strong>Sitio web<\/strong><\/div><div class=\"su-service-content su-u-clearfix su-u-trim\" style=\"padding-left:46px\">http:\/\/adiestramientoadomicilio.es\/<\/div><\/div>\n\n\n\n<div class=\"su-service\"><div class=\"su-service-title\" style=\"padding-left:46px;min-height:32px;line-height:32px\"><i class=\"sui sui-star\" style=\"font-size:32px;color:#2471a3\"><\/i> Valoraci\u00f3n de los clientes<\/div><div class=\"su-service-content su-u-clearfix su-u-trim\" style=\"padding-left:46px\">5 \/ 5 (161)<\/div><\/div>\n<\/div>\n<\/div>\n<\/div>\n\n\n\n<div class=\"wp-block-columns is-layout-flex wp-container-core-columns-is-layout-9d6595d7 wp-block-columns-is-layout-flex\">\n<div class=\"wp-block-column mapa2 is-layout-flow wp-block-column-is-layout-flow\">\n<h2 class=\"wp-block-heading\">Ubicaci\u00f3n de Adiestramiento A Domicilio<\/h2>\n\n\n\n<div class=\"su-gmap su-u-responsive-media-yes mapa\"><iframe loading=\"lazy\" width=\"600\" height=\"280\" src=\"\/\/maps.google.com\/maps?q=Adiestramiento%20A%20Domicilio%2C%20C.%20Coru%C3%B1a%2C%20266%2C%2045950%20Casarrubios%20del%20Monte%2C%20Toledo&amp;output=embed&amp;z=20\" title=\"\"><\/iframe><\/div>\n\n\n\n<h2 class=\"wp-block-heading\">Horarios de Adiestramiento A Domicilio<\/h2>\n\n\n\n<figure class=\"wp-block-table\"><table><tbody><tr><td><strong>Lunes<\/strong><\/td><td>lunes: 10:00\u201322:00<\/td><\/tr><tr><td><strong>Martes<\/strong><\/td><td>martes: 10:00\u201322:00<\/td><\/tr><tr><td><strong>Mi\u00e9rcoles<\/strong><\/td><td>mi\u00e9rcoles: 10:00\u201322:00<\/td><\/tr><tr><td><strong>Jueves<\/strong><\/td><td>jueves: 10:00\u201322:00<\/td><\/tr><tr><td><strong>Viernes<\/strong><\/td><td>viernes: 10:00\u201322:00<\/td><\/tr><tr><td><strong>S\u00e1bado<\/strong><\/td><td>s\u00e1bado: Cerrado<\/td><\/tr><tr><td><strong>Domingo<\/strong><\/td><td>domingo: Cerrado<\/td><\/tr><\/tbody><\/table><\/figure>\n\n\n\n<h2 class=\"wp-block-heading\">Tel\u00e9fono de Adiestramiento A Domicilio<\/h2>\n\n\n\n<p>Si quieres comunicarte con <strong>Adiestramiento A Domicilio<\/strong>, puedes hacerlo directamente llamando al siguiente n\u00famero:<\/p>\n\n\n\n<div class=\"wp-block-buttons is-content-justification-center is-layout-flex wp-container-core-buttons-is-layout-16018d1d wp-block-buttons-is-layout-flex\">\n<div class=\"wp-block-button is-style-fill\"><a class=\"wp-block-button__link has-background has-medium-font-size has-custom-font-size wp-element-button\" href=\"tel:692 59 74 38\" style=\"border-radius:6px;background-color:#2471a3\">Llamar ahora<\/a><\/div>\n<\/div>\n\n\n\n<h2 class=\"wp-block-heading\">M\u00e1s informaci\u00f3n<\/h2>\n\n\n\n<p>En el centro de adiestramiento canino Adiestramiento A Domicilio, ubicado en C. Coru\u00f1a, 266, 45950 Casarrubios del Monte, Toledo, ofrecemos un enfoque integral para educar a tu perro, garantizando resultados efectivos y satisfactorios. Nuestros servicios incluyen adiestramiento en obediencia, socializaci\u00f3n y modificaci\u00f3n de conducta, dise\u00f1ados para adaptarse a las necesidades espec\u00edficas de cada mascota y su due\u00f1o. Lo que nos diferencia de otros adiestradores de perros en Toledo es nuestra metodolog\u00eda personalizada y el compromiso de trabajar en el entorno familiar del animal, lo que facilita su aprendizaje y mejora su comportamiento en situaciones cotidianas. Si buscas un servicio de calidad para adiestrar perros en Casarrubios Del Monte, en Adiestramiento A Domicilio encontrar\u00e1s un equipo de profesionales apasionados por el bienestar y desarrollo de tu compa\u00f1ero canino.<\/p>\n\n\n\n<p>Localizado en C. Coru\u00f1a, 266, 45950 Casarrubios del Monte, Toledo, este centro de adiestramiento canino en Casarrubios Del Monte se considera famoso por su atenci\u00f3n cercano, seriedad y resultados notables. Mira las opiniones de otros due\u00f1os de mascotas para entender su testimonio.<\/p>\n<\/div>\n<\/div>\n\n\n\n<p><\/p>\n\n\n\n<p>Si necesitas conocer otros (PONER NEGOCIO, ej: asesor\u00eda legal, decoraci\u00f3n de eventos, instalaciones el\u00e9ctricas) puedes <strong><a href=\"\/\">visitar nuestra p\u00e1gina principal<\/a><\/strong>.<\/p>\n","protected":false},"excerpt":{"rendered":"<p>Si acaso est\u00e1s buscando un lugar de confianza para el entrenamiento canino en el \u00e1rea de Casarrubios Del Monte, Adiestramiento A Domicilio representa una opci\u00f3n destacada. Este centro trabaja con mascotas de todas las edades y razas, usando t\u00e9cnicas amigables adem\u00e1s de \u00fatiles. Adiestramiento A Domicilio Entre los servicios m\u00e1s solicitados est\u00e1n los cursos de [&hellip;]<\/p>\n","protected":false},"author":2,"featured_media":0,"parent":8474,"menu_order":0,"comment_status":"closed","ping_status":"closed","template":"","meta":{"_et_pb_use_builder":"","_et_pb_old_content":"","_et_gb_content_width":"","footnotes":""},"tags":[1221],"class_list":["post-10444","page","type-page","status-publish","hentry","tag-casarrubios-del-monte"],"_links":{"self":[{"href":"https:\/\/www.adiestradorcanino.com\/webdelperro\/wp-json\/wp\/v2\/pages\/10444","targetHints":{"allow":["GET"]}}],"collection":[{"href":"https:\/\/www.adiestradorcanino.com\/webdelperro\/wp-json\/wp\/v2\/pages"}],"about":[{"href":"https:\/\/www.adiestradorcanino.com\/webdelperro\/wp-json\/wp\/v2\/types\/page"}],"author":[{"embeddable":true,"href":"https:\/\/www.adiestradorcanino.com\/webdelperro\/wp-json\/wp\/v2\/users\/2"}],"replies":[{"embeddable":true,"href":"https:\/\/www.adiestradorcanino.com\/webdelperro\/wp-json\/wp\/v2\/comments?post=10444"}],"version-history":[{"count":0,"href":"https:\/\/www.adiestradorcanino.com\/webdelperro\/wp-json\/wp\/v2\/pages\/10444\/revisions"}],"up":[{"embeddable":true,"href":"https:\/\/www.adiestradorcanino.com\/webdelperro\/wp-json\/wp\/v2\/pages\/8474"}],"wp:attachment":[{"href":"https:\/\/www.adiestradorcanino.com\/webdelperro\/wp-json\/wp\/v2\/media?parent=10444"}],"wp:term":[{"taxonomy":"post_tag","embeddable":true,"href":"https:\/\/www.adiestradorcanino.com\/webdelperro\/wp-json\/wp\/v2\/tags?post=10444"}],"curies":[{"name":"wp","href":"https:\/\/api.w.org\/{rel}","templated":true}]}}