{"id":10428,"date":"2025-07-09T08:28:46","date_gmt":"2025-07-09T08:28:46","guid":{"rendered":"https:\/\/www.adiestradorcanino.com\/webdelperro\/sevilla\/sevilla\/adiestramiento-canino-unperroeducado-es-en-sevilla-sevilla\/"},"modified":"2025-07-09T08:28:46","modified_gmt":"2025-07-09T08:28:46","slug":"adiestramiento-canino-unperroeducado-es-en-sevilla-sevilla","status":"publish","type":"page","link":"https:\/\/www.adiestradorcanino.com\/webdelperro\/sevilla\/sevilla\/adiestramiento-canino-unperroeducado-es-en-sevilla-sevilla\/","title":{"rendered":"Adiestramiento canino Unperroeducado.es en Sevilla, Sevilla"},"content":{"rendered":"\n<p>Si acaso buscas en la b\u00fasqueda un espacio seguro para el entrenamiento canino en Sevilla,  Unperroeducado.es representa una excelente opci\u00f3n. Este lugar trabaja en el manejo de mascotas de cualquier edad y raza, siempre con \u00e9ticos y eficaces.<\/p>\n\n\n\n<h2 class=\"wp-block-heading has-text-align-left nombreclinica\">Unperroeducado.es<\/h2>\n\n\n\n<div class=\"wp-block-group is-layout-constrained wp-block-group-is-layout-constrained\">\n<div class=\"wp-block-columns nc-clase-ficha is-layout-flex wp-container-core-columns-is-layout-9d6595d7 wp-block-columns-is-layout-flex\">\n<div class=\"wp-block-column is-vertically-aligned-center is-layout-flow wp-block-column-is-layout-flow\">\n\n\n<p>Entre nuestros servicios m\u00e1s demandados est\u00e1n los cursos de obediencia b\u00e1sica, la correcci\u00f3n de conductas inapropiadas, la socializaci\u00f3n con otros perros y las clases dirigidas a cachorros. Asimismo, en nombre nos adaptamos a las particularidades de cada hogar y su animal.<\/p>\n<\/div>\n\n\n\n<div class=\"wp-block-column is-vertically-aligned-center is-layout-flow wp-block-column-is-layout-flow\">\n<div class=\"su-service\"><div class=\"su-service-title\" style=\"padding-left:46px;min-height:32px;line-height:32px\"><i class=\"sui sui-user\" style=\"font-size:32px;color:#2471a3\"><\/i> <strong>Nombre<\/strong><\/div><div class=\"su-service-content su-u-clearfix su-u-trim\" style=\"padding-left:46px\">Unperroeducado.es<\/div><\/div>\n\n\n\n<div class=\"su-service\"><div class=\"su-service-title\" style=\"padding-left:46px;min-height:32px;line-height:32px\"><i class=\"sui sui-map-marker\" style=\"font-size:32px;color:#2471a3\"><\/i> <strong>Direcci\u00f3n<\/strong><\/div><div class=\"su-service-content su-u-clearfix su-u-trim\" style=\"padding-left:46px\">C. Virgen de Escardiel, 41009 Sevilla<\/div><\/div>\n\n\n\n<div class=\"su-service\"><div class=\"su-service-title\" style=\"padding-left:46px;min-height:32px;line-height:32px\"><i class=\"sui sui-volume-control-phone\" style=\"font-size:32px;color:#2471a3\"><\/i> <strong>Tel\u00e9fono<\/strong><\/div><div class=\"su-service-content su-u-clearfix su-u-trim\" style=\"padding-left:46px\">633 68 96 53<\/div><\/div>\n\n\n\n<div class=\"su-service\"><div class=\"su-service-title\" style=\"padding-left:46px;min-height:32px;line-height:32px\"><i class=\"sui sui-globe\" style=\"font-size:32px;color:#2471a3\"><\/i> <strong>Sitio web<\/strong><\/div><div class=\"su-service-content su-u-clearfix su-u-trim\" style=\"padding-left:46px\"><\/div><\/div>\n\n\n\n<div class=\"su-service\"><div class=\"su-service-title\" style=\"padding-left:46px;min-height:32px;line-height:32px\"><i class=\"sui sui-star\" style=\"font-size:32px;color:#2471a3\"><\/i> Valoraci\u00f3n de los clientes<\/div><div class=\"su-service-content su-u-clearfix su-u-trim\" style=\"padding-left:46px\">4.9 \/ 5 (12)<\/div><\/div>\n<\/div>\n<\/div>\n<\/div>\n\n\n\n<div class=\"wp-block-columns is-layout-flex wp-container-core-columns-is-layout-9d6595d7 wp-block-columns-is-layout-flex\">\n<div class=\"wp-block-column mapa2 is-layout-flow wp-block-column-is-layout-flow\">\n<h2 class=\"wp-block-heading\">Ubicaci\u00f3n de Unperroeducado.es<\/h2>\n\n\n\n<div class=\"su-gmap su-u-responsive-media-yes mapa\"><iframe loading=\"lazy\" width=\"600\" height=\"280\" src=\"\/\/maps.google.com\/maps?q=Unperroeducado.es%2C%20C.%20Virgen%20de%20Escardiel%2C%2041009%20Sevilla&amp;output=embed&amp;z=20\" title=\"\"><\/iframe><\/div>\n\n\n\n<h2 class=\"wp-block-heading\">Horarios de Unperroeducado.es<\/h2>\n\n\n\n<figure class=\"wp-block-table\"><table><tbody><tr><td><strong>Lunes<\/strong><\/td><td>lunes: 9:00\u201314:00, 17:00\u201320:00<\/td><\/tr><tr><td><strong>Martes<\/strong><\/td><td>martes: 9:00\u201314:00<\/td><\/tr><tr><td><strong>Mi\u00e9rcoles<\/strong><\/td><td>mi\u00e9rcoles: 9:00\u201314:00, 17:00\u201320:00<\/td><\/tr><tr><td><strong>Jueves<\/strong><\/td><td>jueves: 9:00\u201314:00, 17:00\u201320:00<\/td><\/tr><tr><td><strong>Viernes<\/strong><\/td><td>viernes: 9:00\u201314:00, 17:00\u201320:00<\/td><\/tr><tr><td><strong>S\u00e1bado<\/strong><\/td><td>s\u00e1bado: Cerrado<\/td><\/tr><tr><td><strong>Domingo<\/strong><\/td><td>domingo: Cerrado<\/td><\/tr><\/tbody><\/table><\/figure>\n\n\n\n<h2 class=\"wp-block-heading\">Tel\u00e9fono de Unperroeducado.es<\/h2>\n\n\n\n<p>Si quieres comunicarte con <strong>Unperroeducado.es<\/strong>, puedes hacerlo directamente llamando al siguiente n\u00famero:<\/p>\n\n\n\n<div class=\"wp-block-buttons is-content-justification-center is-layout-flex wp-container-core-buttons-is-layout-16018d1d wp-block-buttons-is-layout-flex\">\n<div class=\"wp-block-button is-style-fill\"><a class=\"wp-block-button__link has-background has-medium-font-size has-custom-font-size wp-element-button\" href=\"tel:633 68 96 53\" style=\"border-radius:6px;background-color:#2471a3\">Llamar ahora<\/a><\/div>\n<\/div>\n\n\n\n<h2 class=\"wp-block-heading\">M\u00e1s informaci\u00f3n<\/h2>\n\n\n\n<p>En Unperroeducado.es, ubicado en C. Virgen de Escardiel, 41009 Sevilla, ofrecemos un enfoque integral para el adiestramiento canino en Sevilla, destac\u00e1ndonos por nuestro compromiso con la educaci\u00f3n y bienestar de tu perro. Nuestros servicios incluyen programas de obediencia b\u00e1sica y avanzada, socializaci\u00f3n adecuada y modificaci\u00f3n de conducta, dise\u00f1ados para adaptarse a las necesidades espec\u00edficas de cada mascota. Nuestros adiestradores de perros en Sevilla cuentan con una amplia experiencia y utilizan t\u00e9cnicas basadas en el refuerzo positivo, garantizando un aprendizaje efectivo y placentero tanto para el animal como para su due\u00f1o. En Unperroeducado.es, creemos que cada perro merece una educaci\u00f3n de calidad, lo que nos convierte en la opci\u00f3n preferida para quienes buscan adiestrar perros de manera profesional y cercana. \u00a1Cont\u00e1ctanos y transforma la relaci\u00f3n con tu compa\u00f1ero canino!<\/p>\n\n\n\n<p>Localizado en C. Virgen de Escardiel, 41009 Sevilla, este centro de adiestramiento canino en Sevilla ha sido destacado por su atenci\u00f3n personal, expertise y logros notables. Revisa las opiniones de otros due\u00f1os de mascotas para descubrir su opini\u00f3n.<\/p>\n<\/div>\n<\/div>\n\n\n\n<p><\/p>\n\n\n\n<p>Si necesitas conocer otros (PONER NEGOCIO, ej: asesor\u00eda legal, decoraci\u00f3n de eventos, instalaciones el\u00e9ctricas) puedes <strong><a href=\"\/\">visitar nuestra p\u00e1gina principal<\/a><\/strong>.<\/p>\n","protected":false},"excerpt":{"rendered":"<p>Si acaso buscas en la b\u00fasqueda un espacio seguro para el entrenamiento canino en Sevilla, Unperroeducado.es representa una excelente opci\u00f3n. Este lugar trabaja en el manejo de mascotas de cualquier edad y raza, siempre con \u00e9ticos y eficaces. Unperroeducado.es Entre nuestros servicios m\u00e1s demandados est\u00e1n los cursos de obediencia b\u00e1sica, la correcci\u00f3n de conductas inapropiadas, [&hellip;]<\/p>\n","protected":false},"author":2,"featured_media":0,"parent":8431,"menu_order":0,"comment_status":"closed","ping_status":"closed","template":"","meta":{"_et_pb_use_builder":"","_et_pb_old_content":"","_et_gb_content_width":"","footnotes":""},"tags":[880],"class_list":["post-10428","page","type-page","status-publish","hentry","tag-sevilla"],"_links":{"self":[{"href":"https:\/\/www.adiestradorcanino.com\/webdelperro\/wp-json\/wp\/v2\/pages\/10428","targetHints":{"allow":["GET"]}}],"collection":[{"href":"https:\/\/www.adiestradorcanino.com\/webdelperro\/wp-json\/wp\/v2\/pages"}],"about":[{"href":"https:\/\/www.adiestradorcanino.com\/webdelperro\/wp-json\/wp\/v2\/types\/page"}],"author":[{"embeddable":true,"href":"https:\/\/www.adiestradorcanino.com\/webdelperro\/wp-json\/wp\/v2\/users\/2"}],"replies":[{"embeddable":true,"href":"https:\/\/www.adiestradorcanino.com\/webdelperro\/wp-json\/wp\/v2\/comments?post=10428"}],"version-history":[{"count":0,"href":"https:\/\/www.adiestradorcanino.com\/webdelperro\/wp-json\/wp\/v2\/pages\/10428\/revisions"}],"up":[{"embeddable":true,"href":"https:\/\/www.adiestradorcanino.com\/webdelperro\/wp-json\/wp\/v2\/pages\/8431"}],"wp:attachment":[{"href":"https:\/\/www.adiestradorcanino.com\/webdelperro\/wp-json\/wp\/v2\/media?parent=10428"}],"wp:term":[{"taxonomy":"post_tag","embeddable":true,"href":"https:\/\/www.adiestradorcanino.com\/webdelperro\/wp-json\/wp\/v2\/tags?post=10428"}],"curies":[{"name":"wp","href":"https:\/\/api.w.org\/{rel}","templated":true}]}}