{"id":10426,"date":"2025-07-09T08:28:37","date_gmt":"2025-07-09T08:28:37","guid":{"rendered":"https:\/\/www.adiestradorcanino.com\/webdelperro\/sevilla\/sevilla\/adiestramiento-canino-educacion-canina-en-grupo-en-sevilla-sevilla\/"},"modified":"2025-07-09T08:28:37","modified_gmt":"2025-07-09T08:28:37","slug":"adiestramiento-canino-educacion-canina-en-grupo-en-sevilla-sevilla","status":"publish","type":"page","link":"https:\/\/www.adiestradorcanino.com\/webdelperro\/sevilla\/sevilla\/adiestramiento-canino-educacion-canina-en-grupo-en-sevilla-sevilla\/","title":{"rendered":"Adiestramiento canino Educaci\u00f3n Canina En Grupo en Sevilla, Sevilla"},"content":{"rendered":"\n<p>Si acaso buscas buscando un espacio confiable para el adiestramiento de perros dentro de Sevilla, nuestra instituci\u00f3n representa una excelente opci\u00f3n. Este centro se dedica con mascotas sin importar la raza o edad, siempre t\u00e9cnicas respetuosos adem\u00e1s de eficaces.<\/p>\n\n\n\n<h2 class=\"wp-block-heading has-text-align-left nombreclinica\">Educaci\u00f3n Canina En Grupo<\/h2>\n\n\n\n<div class=\"wp-block-group is-layout-constrained wp-block-group-is-layout-constrained\">\n<div class=\"wp-block-columns nc-clase-ficha is-layout-flex wp-container-core-columns-is-layout-9d6595d7 wp-block-columns-is-layout-flex\">\n<div class=\"wp-block-column is-vertically-aligned-center is-layout-flow wp-block-column-is-layout-flow\">\n\n\n<p>Dentro de los tratamientos m\u00e1s demandados est\u00e1n los obediencia b\u00e1sica, la modificaci\u00f3n de comportamientos no deseados, la socializaci\u00f3n con otros animales y las clases espec\u00edficas para cachorros. Asimismo, en el centro nos adaptamos a las particularidades de cada familia y su mascota.<\/p>\n<\/div>\n\n\n\n<div class=\"wp-block-column is-vertically-aligned-center is-layout-flow wp-block-column-is-layout-flow\">\n<div class=\"su-service\"><div class=\"su-service-title\" style=\"padding-left:46px;min-height:32px;line-height:32px\"><i class=\"sui sui-user\" style=\"font-size:32px;color:#2471a3\"><\/i> <strong>Nombre<\/strong><\/div><div class=\"su-service-content su-u-clearfix su-u-trim\" style=\"padding-left:46px\">Educaci\u00f3n Canina En Grupo<\/div><\/div>\n\n\n\n<div class=\"su-service\"><div class=\"su-service-title\" style=\"padding-left:46px;min-height:32px;line-height:32px\"><i class=\"sui sui-map-marker\" style=\"font-size:32px;color:#2471a3\"><\/i> <strong>Direcci\u00f3n<\/strong><\/div><div class=\"su-service-content su-u-clearfix su-u-trim\" style=\"padding-left:46px\">Mar\u00eda Ortiz, 41010 Sevilla<\/div><\/div>\n\n\n\n<div class=\"su-service\"><div class=\"su-service-title\" style=\"padding-left:46px;min-height:32px;line-height:32px\"><i class=\"sui sui-volume-control-phone\" style=\"font-size:32px;color:#2471a3\"><\/i> <strong>Tel\u00e9fono<\/strong><\/div><div class=\"su-service-content su-u-clearfix su-u-trim\" style=\"padding-left:46px\">657 22 32 02<\/div><\/div>\n\n\n\n<div class=\"su-service\"><div class=\"su-service-title\" style=\"padding-left:46px;min-height:32px;line-height:32px\"><i class=\"sui sui-globe\" style=\"font-size:32px;color:#2471a3\"><\/i> <strong>Sitio web<\/strong><\/div><div class=\"su-service-content su-u-clearfix su-u-trim\" style=\"padding-left:46px\"><\/div><\/div>\n\n\n\n<div class=\"su-service\"><div class=\"su-service-title\" style=\"padding-left:46px;min-height:32px;line-height:32px\"><i class=\"sui sui-star\" style=\"font-size:32px;color:#2471a3\"><\/i> Valoraci\u00f3n de los clientes<\/div><div class=\"su-service-content su-u-clearfix su-u-trim\" style=\"padding-left:46px\">5 \/ 5 (1)<\/div><\/div>\n<\/div>\n<\/div>\n<\/div>\n\n\n\n<div class=\"wp-block-columns is-layout-flex wp-container-core-columns-is-layout-9d6595d7 wp-block-columns-is-layout-flex\">\n<div class=\"wp-block-column mapa2 is-layout-flow wp-block-column-is-layout-flow\">\n<h2 class=\"wp-block-heading\">Ubicaci\u00f3n de Educaci\u00f3n Canina En Grupo<\/h2>\n\n\n\n<div class=\"su-gmap su-u-responsive-media-yes mapa\"><iframe loading=\"lazy\" width=\"600\" height=\"280\" src=\"\/\/maps.google.com\/maps?q=Educaci%C3%B3n%20Canina%20En%20Grupo%2C%20Mar%C3%ADa%20Ortiz%2C%2041010%20Sevilla&amp;output=embed&amp;z=20\" title=\"\"><\/iframe><\/div>\n\n\n\n<h2 class=\"wp-block-heading\">Horarios de Educaci\u00f3n Canina En Grupo<\/h2>\n\n\n\n<figure class=\"wp-block-table\"><table><tbody><tr><td><strong>Lunes<\/strong><\/td><td>lunes: 9:00\u201321:00<\/td><\/tr><tr><td><strong>Martes<\/strong><\/td><td>martes: 9:00\u201321:00<\/td><\/tr><tr><td><strong>Mi\u00e9rcoles<\/strong><\/td><td>mi\u00e9rcoles: 9:00\u201321:00<\/td><\/tr><tr><td><strong>Jueves<\/strong><\/td><td>jueves: 9:00\u201321:00<\/td><\/tr><tr><td><strong>Viernes<\/strong><\/td><td>viernes: 9:00\u201321:00<\/td><\/tr><tr><td><strong>S\u00e1bado<\/strong><\/td><td>s\u00e1bado: Cerrado<\/td><\/tr><tr><td><strong>Domingo<\/strong><\/td><td>domingo: Cerrado<\/td><\/tr><\/tbody><\/table><\/figure>\n\n\n\n<h2 class=\"wp-block-heading\">Tel\u00e9fono de Educaci\u00f3n Canina En Grupo<\/h2>\n\n\n\n<p>Si quieres comunicarte con <strong>Educaci\u00f3n Canina En Grupo<\/strong>, puedes hacerlo directamente llamando al siguiente n\u00famero:<\/p>\n\n\n\n<div class=\"wp-block-buttons is-content-justification-center is-layout-flex wp-container-core-buttons-is-layout-16018d1d wp-block-buttons-is-layout-flex\">\n<div class=\"wp-block-button is-style-fill\"><a class=\"wp-block-button__link has-background has-medium-font-size has-custom-font-size wp-element-button\" href=\"tel:657 22 32 02\" style=\"border-radius:6px;background-color:#2471a3\">Llamar ahora<\/a><\/div>\n<\/div>\n\n\n\n<h2 class=\"wp-block-heading\">M\u00e1s informaci\u00f3n<\/h2>\n\n\n\n<p>En el centro de adiestramiento canino Educaci\u00f3n Canina En Grupo, ubicado en Mar\u00eda Ortiz, 41010 Sevilla, ofrecemos un enfoque integral para el adiestramiento de perros que combina la obediencia, la socializaci\u00f3n y la modificaci\u00f3n de conducta. Nuestro equipo de adiestradores de perros en Sevilla est\u00e1 altamente cualificado y se dedica a proporcionar un aprendizaje efectivo y personalizado, adaptado a las necesidades individuales de cada mascota y su due\u00f1o. Nos destacamos entre otros centros por nuestra metodolog\u00eda basada en el refuerzo positivo, creando un ambiente amigable y motivador que favorece la conexi\u00f3n entre el perro y su educador. Si buscas un servicio de calidad para adiestrar perros en Sevilla, en Educaci\u00f3n Canina En Grupo te ofrecemos una experiencia \u00fanica, donde tu mascota aprender\u00e1 a comportarse y socializar de manera adecuada, asegurando as\u00ed su bienestar y el de su entorno.<\/p>\n\n\n\n<p>Situado en Mar\u00eda Ortiz, 41010 Sevilla, este centro de adiestramiento canino en Sevilla se considera famoso por su atenci\u00f3n cercano, seriedad y resultados visibles. Mira las rese\u00f1as de otros clientes para entender su experiencia.<\/p>\n<\/div>\n<\/div>\n\n\n\n<p><\/p>\n\n\n\n<p>Si necesitas conocer otros (PONER NEGOCIO, ej: asesor\u00eda legal, decoraci\u00f3n de eventos, instalaciones el\u00e9ctricas) puedes <strong><a href=\"\/\">visitar nuestra p\u00e1gina principal<\/a><\/strong>.<\/p>\n","protected":false},"excerpt":{"rendered":"<p>Si acaso buscas buscando un espacio confiable para el adiestramiento de perros dentro de Sevilla, nuestra instituci\u00f3n representa una excelente opci\u00f3n. Este centro se dedica con mascotas sin importar la raza o edad, siempre t\u00e9cnicas respetuosos adem\u00e1s de eficaces. Educaci\u00f3n Canina En Grupo Dentro de los tratamientos m\u00e1s demandados est\u00e1n los obediencia b\u00e1sica, la modificaci\u00f3n [&hellip;]<\/p>\n","protected":false},"author":2,"featured_media":0,"parent":8431,"menu_order":0,"comment_status":"closed","ping_status":"closed","template":"","meta":{"_et_pb_use_builder":"","_et_pb_old_content":"","_et_gb_content_width":"","footnotes":""},"tags":[880],"class_list":["post-10426","page","type-page","status-publish","hentry","tag-sevilla"],"_links":{"self":[{"href":"https:\/\/www.adiestradorcanino.com\/webdelperro\/wp-json\/wp\/v2\/pages\/10426","targetHints":{"allow":["GET"]}}],"collection":[{"href":"https:\/\/www.adiestradorcanino.com\/webdelperro\/wp-json\/wp\/v2\/pages"}],"about":[{"href":"https:\/\/www.adiestradorcanino.com\/webdelperro\/wp-json\/wp\/v2\/types\/page"}],"author":[{"embeddable":true,"href":"https:\/\/www.adiestradorcanino.com\/webdelperro\/wp-json\/wp\/v2\/users\/2"}],"replies":[{"embeddable":true,"href":"https:\/\/www.adiestradorcanino.com\/webdelperro\/wp-json\/wp\/v2\/comments?post=10426"}],"version-history":[{"count":0,"href":"https:\/\/www.adiestradorcanino.com\/webdelperro\/wp-json\/wp\/v2\/pages\/10426\/revisions"}],"up":[{"embeddable":true,"href":"https:\/\/www.adiestradorcanino.com\/webdelperro\/wp-json\/wp\/v2\/pages\/8431"}],"wp:attachment":[{"href":"https:\/\/www.adiestradorcanino.com\/webdelperro\/wp-json\/wp\/v2\/media?parent=10426"}],"wp:term":[{"taxonomy":"post_tag","embeddable":true,"href":"https:\/\/www.adiestradorcanino.com\/webdelperro\/wp-json\/wp\/v2\/tags?post=10426"}],"curies":[{"name":"wp","href":"https:\/\/api.w.org\/{rel}","templated":true}]}}