{"id":10420,"date":"2025-07-09T08:27:56","date_gmt":"2025-07-09T08:27:56","guid":{"rendered":"https:\/\/www.adiestradorcanino.com\/webdelperro\/sevilla\/sevilla\/adiestramiento-canino-urancan-adiestramiento-y-educacion-canina-en-sevilla-en-sevilla-sevilla\/"},"modified":"2025-07-09T08:27:56","modified_gmt":"2025-07-09T08:27:56","slug":"adiestramiento-canino-urancan-adiestramiento-y-educacion-canina-en-sevilla-en-sevilla-sevilla","status":"publish","type":"page","link":"https:\/\/www.adiestradorcanino.com\/webdelperro\/sevilla\/sevilla\/adiestramiento-canino-urancan-adiestramiento-y-educacion-canina-en-sevilla-en-sevilla-sevilla\/","title":{"rendered":"Adiestramiento canino Uranc\u00e1n &#8211; Adiestramiento Y Educaci\u00f3n Canina En Sevilla en Sevilla, Sevilla"},"content":{"rendered":"\n<p>En caso de que est\u00e1s en la b\u00fasqueda un espacio confiable para el adiestramiento canino en el \u00e1rea de Sevilla, nuestra instituci\u00f3n se presenta como una opci\u00f3n destacada. Nuestra instalaci\u00f3n se especializa en el entrenamiento de perros sin importar la raza o edad, usando con respetuosos y tambi\u00e9n \u00fatiles.<\/p>\n\n\n\n<h2 class=\"wp-block-heading has-text-align-left nombreclinica\">Uranc\u00e1n &#8211; Adiestramiento Y Educaci\u00f3n Canina En Sevilla<\/h2>\n\n\n\n<div class=\"wp-block-group is-layout-constrained wp-block-group-is-layout-constrained\">\n<div class=\"wp-block-columns nc-clase-ficha is-layout-flex wp-container-core-columns-is-layout-9d6595d7 wp-block-columns-is-layout-flex\">\n<div class=\"wp-block-column is-vertically-aligned-center is-layout-flow wp-block-column-is-layout-flow\">\n<figure class=\"wp-block-image size-full\"><img decoding=\"async\" src=\"https:\/\/www.adiestradorcanino.com\/webdelperro\/wp-content\/uploads\/2025\/07\/Urancan-Adiestramiento-Y-Educacion-Canina-En-Sevilla.jpg\" alt=\"Uranc\u00e1n - Adiestramiento Y Educaci\u00f3n Canina En Sevilla\" class=\"wp-image-19766\"\/><\/figure>\n\n\n\n<p>Dentro de nuestros servicios m\u00e1s solicitados est\u00e1n la obediencia b\u00e1sica, la correcci\u00f3n de conductas no deseadas, la socializaci\u00f3n con otros animales y las clases espec\u00edficas para cachorros. Adem\u00e1s, en nombre se adaptan a las necesidades espec\u00edficas de cada familia y animal.<\/p>\n<\/div>\n\n\n\n<div class=\"wp-block-column is-vertically-aligned-center is-layout-flow wp-block-column-is-layout-flow\">\n<div class=\"su-service\"><div class=\"su-service-title\" style=\"padding-left:46px;min-height:32px;line-height:32px\"><i class=\"sui sui-user\" style=\"font-size:32px;color:#2471a3\"><\/i> <strong>Nombre<\/strong><\/div><div class=\"su-service-content su-u-clearfix su-u-trim\" style=\"padding-left:46px\">Uranc\u00e1n &#8211; Adiestramiento Y Educaci\u00f3n Canina En Sevilla<\/div><\/div>\n\n\n\n<div class=\"su-service\"><div class=\"su-service-title\" style=\"padding-left:46px;min-height:32px;line-height:32px\"><i class=\"sui sui-map-marker\" style=\"font-size:32px;color:#2471a3\"><\/i> <strong>Direcci\u00f3n<\/strong><\/div><div class=\"su-service-content su-u-clearfix su-u-trim\" style=\"padding-left:46px\">C. Juan Carvallo, 3, 41006 Sevilla<\/div><\/div>\n\n\n\n<div class=\"su-service\"><div class=\"su-service-title\" style=\"padding-left:46px;min-height:32px;line-height:32px\"><i class=\"sui sui-volume-control-phone\" style=\"font-size:32px;color:#2471a3\"><\/i> <strong>Tel\u00e9fono<\/strong><\/div><div class=\"su-service-content su-u-clearfix su-u-trim\" style=\"padding-left:46px\">607 53 23 67<\/div><\/div>\n\n\n\n<div class=\"su-service\"><div class=\"su-service-title\" style=\"padding-left:46px;min-height:32px;line-height:32px\"><i class=\"sui sui-globe\" style=\"font-size:32px;color:#2471a3\"><\/i> <strong>Sitio web<\/strong><\/div><div class=\"su-service-content su-u-clearfix su-u-trim\" style=\"padding-left:46px\">http:\/\/www.urancan.com\/<\/div><\/div>\n\n\n\n<div class=\"su-service\"><div class=\"su-service-title\" style=\"padding-left:46px;min-height:32px;line-height:32px\"><i class=\"sui sui-star\" style=\"font-size:32px;color:#2471a3\"><\/i> Valoraci\u00f3n de los clientes<\/div><div class=\"su-service-content su-u-clearfix su-u-trim\" style=\"padding-left:46px\">4.6 \/ 5 (15)<\/div><\/div>\n<\/div>\n<\/div>\n<\/div>\n\n\n\n<div class=\"wp-block-columns is-layout-flex wp-container-core-columns-is-layout-9d6595d7 wp-block-columns-is-layout-flex\">\n<div class=\"wp-block-column mapa2 is-layout-flow wp-block-column-is-layout-flow\">\n<h2 class=\"wp-block-heading\">Ubicaci\u00f3n de Uranc\u00e1n &#8211; Adiestramiento Y Educaci\u00f3n Canina En Sevilla<\/h2>\n\n\n\n<div class=\"su-gmap su-u-responsive-media-yes mapa\"><iframe loading=\"lazy\" width=\"600\" height=\"280\" src=\"\/\/maps.google.com\/maps?q=Uranc%C3%A1n%20-%20Adiestramiento%20Y%20Educaci%C3%B3n%20Canina%20En%20Sevilla%2C%20C.%20Juan%20Carvallo%2C%203%2C%2041006%20Sevilla&amp;output=embed&amp;z=20\" title=\"\"><\/iframe><\/div>\n\n\n\n<h2 class=\"wp-block-heading\">Horarios de Uranc\u00e1n &#8211; Adiestramiento Y Educaci\u00f3n Canina En Sevilla<\/h2>\n\n\n\n<figure class=\"wp-block-table\"><table><tbody><tr><td><strong>Lunes<\/strong><\/td><td>lunes: 9:30\u201313:00, 17:30\u201321:30<\/td><\/tr><tr><td><strong>Martes<\/strong><\/td><td>martes: 9:30\u201313:00, 17:30\u201321:30<\/td><\/tr><tr><td><strong>Mi\u00e9rcoles<\/strong><\/td><td>mi\u00e9rcoles: 9:30\u201313:00, 17:30\u201321:30<\/td><\/tr><tr><td><strong>Jueves<\/strong><\/td><td>jueves: 9:30\u201313:00, 17:30\u201321:30<\/td><\/tr><tr><td><strong>Viernes<\/strong><\/td><td>viernes: 9:30\u201313:00, 17:30\u201321:30<\/td><\/tr><tr><td><strong>S\u00e1bado<\/strong><\/td><td>s\u00e1bado: Cerrado<\/td><\/tr><tr><td><strong>Domingo<\/strong><\/td><td>domingo: Cerrado<\/td><\/tr><\/tbody><\/table><\/figure>\n\n\n\n<h2 class=\"wp-block-heading\">Tel\u00e9fono de Uranc\u00e1n &#8211; Adiestramiento Y Educaci\u00f3n Canina En Sevilla<\/h2>\n\n\n\n<p>Si quieres comunicarte con <strong>Uranc\u00e1n &#8211; Adiestramiento Y Educaci\u00f3n Canina En Sevilla<\/strong>, puedes hacerlo directamente llamando al siguiente n\u00famero:<\/p>\n\n\n\n<div class=\"wp-block-buttons is-content-justification-center is-layout-flex wp-container-core-buttons-is-layout-16018d1d wp-block-buttons-is-layout-flex\">\n<div class=\"wp-block-button is-style-fill\"><a class=\"wp-block-button__link has-background has-medium-font-size has-custom-font-size wp-element-button\" href=\"tel:607 53 23 67\" style=\"border-radius:6px;background-color:#2471a3\">Llamar ahora<\/a><\/div>\n<\/div>\n\n\n\n<h2 class=\"wp-block-heading\">M\u00e1s informaci\u00f3n<\/h2>\n\n\n\n<p>En el centro de adiestramiento canino Uranc\u00e1n, ubicado en C. Juan Carvallo, 3, 41006 Sevilla, ofrecemos un enfoque integral para la educaci\u00f3n y adiestramiento de perros en Sevilla. Nuestros servicios incluyen programas personalizados de obediencia, socializaci\u00f3n y modificaci\u00f3n de conducta, dise\u00f1ados para adaptarse a las necesidades espec\u00edficas de cada mascota y su propietario. Nuestros adiestradores de perros en Sevilla son profesionales altamente capacitados que utilizan m\u00e9todos positivos y efectivos, garantizando un aprendizaje ameno y efectivo para tu compa\u00f1ero fiel. Lo que nos diferencia de otros centros es nuestro compromiso con el bienestar animal y la formaci\u00f3n continua de nuestro equipo, lo que nos permite asegurar resultados \u00f3ptimos y una relaci\u00f3n armoniosa entre t\u00fa y tu perro. Si buscas adiestrar perros de manera eficaz y respetuosa, Uranc\u00e1n es tu mejor opci\u00f3n en Sevilla.<\/p>\n\n\n\n<p>Localizado en C. Juan Carvallo, 3, 41006 Sevilla, este centro de adiestramiento canino en Sevilla es destacado por su trato afectuoso, seriedad y resultados visibles. Consulta las opiniones de otros clientes para descubrir su opini\u00f3n.<\/p>\n<\/div>\n<\/div>\n\n\n\n<p><\/p>\n\n\n\n<p>Si necesitas conocer otros (PONER NEGOCIO, ej: asesor\u00eda legal, decoraci\u00f3n de eventos, instalaciones el\u00e9ctricas) puedes <strong><a href=\"\/\">visitar nuestra p\u00e1gina principal<\/a><\/strong>.<\/p>\n","protected":false},"excerpt":{"rendered":"<p>En caso de que est\u00e1s en la b\u00fasqueda un espacio confiable para el adiestramiento canino en el \u00e1rea de Sevilla, nuestra instituci\u00f3n se presenta como una opci\u00f3n destacada. Nuestra instalaci\u00f3n se especializa en el entrenamiento de perros sin importar la raza o edad, usando con respetuosos y tambi\u00e9n \u00fatiles. Uranc\u00e1n &#8211; Adiestramiento Y Educaci\u00f3n Canina [&hellip;]<\/p>\n","protected":false},"author":2,"featured_media":0,"parent":8431,"menu_order":0,"comment_status":"closed","ping_status":"closed","template":"","meta":{"_et_pb_use_builder":"","_et_pb_old_content":"","_et_gb_content_width":"","footnotes":""},"tags":[880],"class_list":["post-10420","page","type-page","status-publish","hentry","tag-sevilla"],"_links":{"self":[{"href":"https:\/\/www.adiestradorcanino.com\/webdelperro\/wp-json\/wp\/v2\/pages\/10420","targetHints":{"allow":["GET"]}}],"collection":[{"href":"https:\/\/www.adiestradorcanino.com\/webdelperro\/wp-json\/wp\/v2\/pages"}],"about":[{"href":"https:\/\/www.adiestradorcanino.com\/webdelperro\/wp-json\/wp\/v2\/types\/page"}],"author":[{"embeddable":true,"href":"https:\/\/www.adiestradorcanino.com\/webdelperro\/wp-json\/wp\/v2\/users\/2"}],"replies":[{"embeddable":true,"href":"https:\/\/www.adiestradorcanino.com\/webdelperro\/wp-json\/wp\/v2\/comments?post=10420"}],"version-history":[{"count":0,"href":"https:\/\/www.adiestradorcanino.com\/webdelperro\/wp-json\/wp\/v2\/pages\/10420\/revisions"}],"up":[{"embeddable":true,"href":"https:\/\/www.adiestradorcanino.com\/webdelperro\/wp-json\/wp\/v2\/pages\/8431"}],"wp:attachment":[{"href":"https:\/\/www.adiestradorcanino.com\/webdelperro\/wp-json\/wp\/v2\/media?parent=10420"}],"wp:term":[{"taxonomy":"post_tag","embeddable":true,"href":"https:\/\/www.adiestradorcanino.com\/webdelperro\/wp-json\/wp\/v2\/tags?post=10420"}],"curies":[{"name":"wp","href":"https:\/\/api.w.org\/{rel}","templated":true}]}}