{"id":10404,"date":"2025-07-09T08:26:34","date_gmt":"2025-07-09T08:26:34","guid":{"rendered":"https:\/\/www.adiestradorcanino.com\/webdelperro\/santa-cruz-de-tenerife\/la-laguna\/adiestramiento-canino-cancanarias-en-la-laguna-santa-cruz-de-tenerife\/"},"modified":"2025-07-09T08:26:34","modified_gmt":"2025-07-09T08:26:34","slug":"adiestramiento-canino-cancanarias-en-la-laguna-santa-cruz-de-tenerife","status":"publish","type":"page","link":"https:\/\/www.adiestradorcanino.com\/webdelperro\/santa-cruz-de-tenerife\/la-laguna\/adiestramiento-canino-cancanarias-en-la-laguna-santa-cruz-de-tenerife\/","title":{"rendered":"Adiestramiento canino Cancanarias en La Laguna, Santa Cruz De Tenerife"},"content":{"rendered":"\n<p>En caso de que est\u00e1s en la b\u00fasqueda de un lugar seguro para el el adiestramiento canino dentro de La Laguna, este centro se presenta como una excelente opci\u00f3n. Nuestra instalaci\u00f3n se dedica en el manejo de perros sin importar la raza o edad, siempre t\u00e9cnicas \u00e9ticos adem\u00e1s de eficaces.<\/p>\n\n\n\n<h2 class=\"wp-block-heading has-text-align-left nombreclinica\">Cancanarias<\/h2>\n\n\n\n<div class=\"wp-block-group is-layout-constrained wp-block-group-is-layout-constrained\">\n<div class=\"wp-block-columns nc-clase-ficha is-layout-flex wp-container-core-columns-is-layout-9d6595d7 wp-block-columns-is-layout-flex\">\n<div class=\"wp-block-column is-vertically-aligned-center is-layout-flow wp-block-column-is-layout-flow\">\n<figure class=\"wp-block-image size-full\"><img decoding=\"async\" src=\"https:\/\/www.adiestradorcanino.com\/webdelperro\/wp-content\/uploads\/2025\/07\/Cancanarias.png\" alt=\"Cancanarias\" class=\"wp-image-19766\"\/><\/figure>\n\n\n\n<p>Dentro de los tratamientos m\u00e1s demandados est\u00e1n los entrenamiento de obediencia, la modificaci\u00f3n de comportamientos no deseados, la socializaci\u00f3n con otros perros y las clases espec\u00edficas para cachorros. Adem\u00e1s, en nombre nos adaptamos a las particularidades de cada familia y animal.<\/p>\n<\/div>\n\n\n\n<div class=\"wp-block-column is-vertically-aligned-center is-layout-flow wp-block-column-is-layout-flow\">\n<div class=\"su-service\"><div class=\"su-service-title\" style=\"padding-left:46px;min-height:32px;line-height:32px\"><i class=\"sui sui-user\" style=\"font-size:32px;color:#2471a3\"><\/i> <strong>Nombre<\/strong><\/div><div class=\"su-service-content su-u-clearfix su-u-trim\" style=\"padding-left:46px\">Cancanarias<\/div><\/div>\n\n\n\n<div class=\"su-service\"><div class=\"su-service-title\" style=\"padding-left:46px;min-height:32px;line-height:32px\"><i class=\"sui sui-map-marker\" style=\"font-size:32px;color:#2471a3\"><\/i> <strong>Direcci\u00f3n<\/strong><\/div><div class=\"su-service-content su-u-clearfix su-u-trim\" style=\"padding-left:46px\">38207 La Laguna, Santa Cruz de Tenerife<\/div><\/div>\n\n\n\n<div class=\"su-service\"><div class=\"su-service-title\" style=\"padding-left:46px;min-height:32px;line-height:32px\"><i class=\"sui sui-volume-control-phone\" style=\"font-size:32px;color:#2471a3\"><\/i> <strong>Tel\u00e9fono<\/strong><\/div><div class=\"su-service-content su-u-clearfix su-u-trim\" style=\"padding-left:46px\">643 13 82 20<\/div><\/div>\n\n\n\n<div class=\"su-service\"><div class=\"su-service-title\" style=\"padding-left:46px;min-height:32px;line-height:32px\"><i class=\"sui sui-globe\" style=\"font-size:32px;color:#2471a3\"><\/i> <strong>Sitio web<\/strong><\/div><div class=\"su-service-content su-u-clearfix su-u-trim\" style=\"padding-left:46px\"><\/div><\/div>\n\n\n\n<div class=\"su-service\"><div class=\"su-service-title\" style=\"padding-left:46px;min-height:32px;line-height:32px\"><i class=\"sui sui-star\" style=\"font-size:32px;color:#2471a3\"><\/i> Valoraci\u00f3n de los clientes<\/div><div class=\"su-service-content su-u-clearfix su-u-trim\" style=\"padding-left:46px\">4 \/ 5 (1)<\/div><\/div>\n<\/div>\n<\/div>\n<\/div>\n\n\n\n<div class=\"wp-block-columns is-layout-flex wp-container-core-columns-is-layout-9d6595d7 wp-block-columns-is-layout-flex\">\n<div class=\"wp-block-column mapa2 is-layout-flow wp-block-column-is-layout-flow\">\n<h2 class=\"wp-block-heading\">Ubicaci\u00f3n de Cancanarias<\/h2>\n\n\n\n<div class=\"su-gmap su-u-responsive-media-yes mapa\"><iframe loading=\"lazy\" width=\"600\" height=\"280\" src=\"\/\/maps.google.com\/maps?q=Cancanarias%2C%2038207%20La%20Laguna%2C%20Santa%20Cruz%20de%20Tenerife&amp;output=embed&amp;z=20\" title=\"\"><\/iframe><\/div>\n\n\n\n<h2 class=\"wp-block-heading\">Horarios de Cancanarias<\/h2>\n\n\n\n<figure class=\"wp-block-table\"><table><tbody><tr><td><strong>Lunes<\/strong><\/td><td>lunes: 9:00\u201320:30<\/td><\/tr><tr><td><strong>Martes<\/strong><\/td><td>martes: 9:00\u201320:30<\/td><\/tr><tr><td><strong>Mi\u00e9rcoles<\/strong><\/td><td>mi\u00e9rcoles: 9:00\u201320:30<\/td><\/tr><tr><td><strong>Jueves<\/strong><\/td><td>jueves: 9:00\u201320:30<\/td><\/tr><tr><td><strong>Viernes<\/strong><\/td><td>viernes: 9:00\u201320:30<\/td><\/tr><tr><td><strong>S\u00e1bado<\/strong><\/td><td>s\u00e1bado: 9:00\u201320:30<\/td><\/tr><tr><td><strong>Domingo<\/strong><\/td><td>domingo: 9:00\u201320:30<\/td><\/tr><\/tbody><\/table><\/figure>\n\n\n\n<h2 class=\"wp-block-heading\">Tel\u00e9fono de Cancanarias<\/h2>\n\n\n\n<p>Si quieres comunicarte con <strong>Cancanarias<\/strong>, puedes hacerlo directamente llamando al siguiente n\u00famero:<\/p>\n\n\n\n<div class=\"wp-block-buttons is-content-justification-center is-layout-flex wp-container-core-buttons-is-layout-16018d1d wp-block-buttons-is-layout-flex\">\n<div class=\"wp-block-button is-style-fill\"><a class=\"wp-block-button__link has-background has-medium-font-size has-custom-font-size wp-element-button\" href=\"tel:643 13 82 20\" style=\"border-radius:6px;background-color:#2471a3\">Llamar ahora<\/a><\/div>\n<\/div>\n\n\n\n<h2 class=\"wp-block-heading\">M\u00e1s informaci\u00f3n<\/h2>\n\n\n\n<p>En el centro de adiestramiento canino Cancanarias, ubicado en 38207 La Laguna, Santa Cruz de Tenerife, ofrecemos un enfoque integral y personalizado para adiestrar perros que se adapta a las necesidades espec\u00edficas de cada mascota y su due\u00f1o. Nuestros servicios abarcan desde la obediencia b\u00e1sica y la socializaci\u00f3n hasta la modificaci\u00f3n de conducta, garantizando un aprendizaje efectivo en un ambiente positivo y seguro. Lo que nos distingue como uno de los mejores adiestradores de perros en Santa Cruz de Tenerife es nuestro equipo de profesionales altamente capacitados, que combina t\u00e9cnicas de adiestramiento modernas con un trato cercano y emp\u00e1tico. Si buscas un servicio de calidad para educar a tu perro en La Laguna, en Cancanarias estamos comprometidos a ayudarte a construir una relaci\u00f3n armoniosa y equilibrada con tu fiel compa\u00f1ero.<\/p>\n\n\n\n<p>Ubicado en 38207 La Laguna, Santa Cruz de Tenerife, este centro de adiestramiento canino en La Laguna ha sido destacado por su atenci\u00f3n afectuoso, expertise y logros notables. Consulta las rese\u00f1as de otros usuarios para entender su opini\u00f3n.<\/p>\n<\/div>\n<\/div>\n\n\n\n<p><\/p>\n\n\n\n<p>Si necesitas conocer otros (PONER NEGOCIO, ej: asesor\u00eda legal, decoraci\u00f3n de eventos, instalaciones el\u00e9ctricas) puedes <strong><a href=\"\/\">visitar nuestra p\u00e1gina principal<\/a><\/strong>.<\/p>\n","protected":false},"excerpt":{"rendered":"<p>En caso de que est\u00e1s en la b\u00fasqueda de un lugar seguro para el el adiestramiento canino dentro de La Laguna, este centro se presenta como una excelente opci\u00f3n. Nuestra instalaci\u00f3n se dedica en el manejo de perros sin importar la raza o edad, siempre t\u00e9cnicas \u00e9ticos adem\u00e1s de eficaces. Cancanarias Dentro de los tratamientos [&hellip;]<\/p>\n","protected":false},"author":2,"featured_media":0,"parent":8411,"menu_order":0,"comment_status":"closed","ping_status":"closed","template":"","meta":{"_et_pb_use_builder":"","_et_pb_old_content":"","_et_gb_content_width":"","footnotes":""},"tags":[1205],"class_list":["post-10404","page","type-page","status-publish","hentry","tag-la-laguna"],"_links":{"self":[{"href":"https:\/\/www.adiestradorcanino.com\/webdelperro\/wp-json\/wp\/v2\/pages\/10404","targetHints":{"allow":["GET"]}}],"collection":[{"href":"https:\/\/www.adiestradorcanino.com\/webdelperro\/wp-json\/wp\/v2\/pages"}],"about":[{"href":"https:\/\/www.adiestradorcanino.com\/webdelperro\/wp-json\/wp\/v2\/types\/page"}],"author":[{"embeddable":true,"href":"https:\/\/www.adiestradorcanino.com\/webdelperro\/wp-json\/wp\/v2\/users\/2"}],"replies":[{"embeddable":true,"href":"https:\/\/www.adiestradorcanino.com\/webdelperro\/wp-json\/wp\/v2\/comments?post=10404"}],"version-history":[{"count":0,"href":"https:\/\/www.adiestradorcanino.com\/webdelperro\/wp-json\/wp\/v2\/pages\/10404\/revisions"}],"up":[{"embeddable":true,"href":"https:\/\/www.adiestradorcanino.com\/webdelperro\/wp-json\/wp\/v2\/pages\/8411"}],"wp:attachment":[{"href":"https:\/\/www.adiestradorcanino.com\/webdelperro\/wp-json\/wp\/v2\/media?parent=10404"}],"wp:term":[{"taxonomy":"post_tag","embeddable":true,"href":"https:\/\/www.adiestradorcanino.com\/webdelperro\/wp-json\/wp\/v2\/tags?post=10404"}],"curies":[{"name":"wp","href":"https:\/\/api.w.org\/{rel}","templated":true}]}}